{"id":7300,"date":"2023-08-15T06:18:49","date_gmt":"2023-08-15T09:18:49","guid":{"rendered":"https:\/\/ebp.org.br\/sp\/?page_id=7300"},"modified":"2023-08-15T06:18:49","modified_gmt":"2023-08-15T09:18:49","slug":"eixo-iii-riso-modo-de-usar-ou-manual-do-riso-na-clinica-referencias-bibliograficas","status":"publish","type":"page","link":"https:\/\/ebp.org.br\/sp\/jornadas\/xii-jornadas-r-i-s-o\/xii-jornadas-r-i-s-o-eixos-tematicos\/eixo-iii-riso-modo-de-usar-ou-manual-do-riso-na-clinica-referencias-bibliograficas\/","title":{"rendered":"\u00a0EIXO III &#8211; RISO: MODO DE USAR ou MANUAL DO RISO NA CL\u00cdNICA &#8211; REFER\u00caNCIAS BIBLIOGRAFICAS"},"content":{"rendered":"<section class=\"wpb-content-wrapper\">[vc_row][vc_column][vc_single_image image=&#8221;6885&#8243; img_size=&#8221;full&#8221; add_caption=&#8221;yes&#8221;][\/vc_column][\/vc_row][vc_row][vc_column][vc_column_text]\n<h3><strong>EIXO III &#8211; RISO: MODO DE USAR <\/strong><strong><em>ou <\/em><\/strong><strong>MANUAL DO RISO NA CL\u00cdNICA &#8211; <\/strong><strong>REFER\u00caNCIAS BIBLIOGR\u00c1FICAS <\/strong><\/h3>\n<p><strong>FREUD <\/strong><\/p>\n<p>FREUD, S. O chiste e sua rela\u00e7\u00e3o com o inconsciente<em>. In: Obras Completas,<\/em> v.7, S\u00e3o Paulo: Companhia das Letras, 2017, p.324.<\/p>\n<hr \/>\n<p><strong>JACQUES LACAN<\/strong><\/p>\n<p>LACAN, J. <em>O <\/em><em>Semin\u00e1rio, livro 5: as forma\u00e7\u00f5es do inconsciente<\/em>. Rio de Janeiro: Zahar, 1999.<\/p>\n<p>LACAN, J. Televis\u00e3o. <em>In: Outros Escritos.<\/em> Rio de Janeiro: Zahar, 2003, p. 519.<\/p>\n<p>LACAN, J. O Aturdito. <em>In. Outros Escritos<\/em>. Rio de Janeiro: Zahar, 2003, p. 480.<\/p>\n<hr \/>\n<p><strong>JACQUES-ALLAIN MILLER<\/strong><\/p>\n<p>MILLER J-A. <em>Variaciones del humor. <\/em>Buenos Aires: Paid\u00f3s, 2015, p.72.<\/p>\n<p>MILLER\u00a0 J-A. Contracapa. <em>In: O semin\u00e1rio, livro 23: o sinthoma.<\/em> Rio de Janeiro: Zahar, 2007.<\/p>\n<hr \/>\n<p><strong>OUTROS AUTORES<\/strong><\/p>\n<p>ARKHIPOV, G. <em>Le rire et le n\u00e9ant dans l\u2019\u0153uvre \u00a0freudienne. <\/em><a href=\"https:\/\/enversdeparis.org\/le-rire-et-le-neant-dans-loeuvre-freudienne\/\">https:\/\/enversdeparis.org\/le-rire-et-le-neant-dans-loeuvre-freudienne\/<\/a><\/p>\n<p>ARPIN, D. La femme qui rit. <em>La cause du d\u00e9sir &#8211; Revue de Psychanalyse, <\/em>n.95, p.138.<\/p>\n<p>GOM\u00c9Z, M. <em>O riso nos processos de segrega\u00e7\u00e3o e os fanatismos \u2013 O humor vs. a zombaria (chacota). Lacan XXI, Revista Fapol Online<\/em>, maio 2019, v.1.<\/p>\n<p>PEREC, G. <em>A vida modo de usar. <\/em>S\u00e3o Paulo: Companhia de Bolso, 2020.<\/p>\n<p>SOLANO-SU\u00c1REZ, E. <em>Tres segundos con Lacan. <\/em>Barcelona: Gredos, 2021, p.20.<\/p>\n<p>STIGLITZ, G. Testemunho de passe<em>. In: Revista Arteira,<\/em> n.1, 2008, v.1.<\/p>\n<p>SUREAU, M.-C. Escrita Gaia ou Esp de um riso. GAIO. <em>Boletim das Jornadas R.I.S.o da EBP-SP<\/em>, n.3, p.5. A autora retoma \u00c9ric Laurent em <em>Rire des normes<\/em>.<\/p>\n<p>VENTURA, O. <em>Cuando el sue\u00f1o despierta un cuerpo. <\/em><em>Papers, <\/em>n.6. <a href=\"https:\/\/congresoamp2020.com\/en\/el-tema\/papers_006.pdf\">https:\/\/congresoamp2020.com\/en\/el-tema\/papers_006.pdf<\/a><\/p>\n<p>WIENER, S. <em>Entre Witz et humour. <\/em><a href=\"https:\/\/www.cairn.info\/revue-champ-psy-2015-1-page-115.html\">https:\/\/www.cairn.info\/revue-champ-psy-2015-1-page-115.html<\/a><\/p>\n<p>WOOLF, V. <em>Um quarto s\u00f3 seu. <\/em>S\u00e3o Paulo: L&amp;PM, 2019, p.14.[\/vc_column_text][\/vc_column][\/vc_row]\n<\/section>","protected":false},"excerpt":{"rendered":"<p>[vc_row][vc_column][vc_single_image image=&#8221;6885&#8243; img_size=&#8221;full&#8221; add_caption=&#8221;yes&#8221;][\/vc_column][\/vc_row][vc_row][vc_column][vc_column_text] EIXO III &#8211; RISO: MODO DE USAR ou MANUAL DO RISO NA CL\u00cdNICA &#8211; REFER\u00caNCIAS BIBLIOGR\u00c1FICAS FREUD FREUD, S. O chiste e sua rela\u00e7\u00e3o com o inconsciente. In: Obras Completas, v.7, S\u00e3o Paulo: Companhia das Letras, 2017, p.324. JACQUES LACAN LACAN, J. O Semin\u00e1rio, livro 5: as forma\u00e7\u00f5es do inconsciente. Rio&hellip;<\/p>\n","protected":false},"author":1,"featured_media":0,"parent":6905,"menu_order":0,"comment_status":"closed","ping_status":"closed","template":"","meta":{"footnotes":""},"class_list":["post-7300","page","type-page","status-publish","hentry","entry","no-media"],"aioseo_notices":[],"_links":{"self":[{"href":"https:\/\/ebp.org.br\/sp\/wp-json\/wp\/v2\/pages\/7300","targetHints":{"allow":["GET"]}}],"collection":[{"href":"https:\/\/ebp.org.br\/sp\/wp-json\/wp\/v2\/pages"}],"about":[{"href":"https:\/\/ebp.org.br\/sp\/wp-json\/wp\/v2\/types\/page"}],"author":[{"embeddable":true,"href":"https:\/\/ebp.org.br\/sp\/wp-json\/wp\/v2\/users\/1"}],"replies":[{"embeddable":true,"href":"https:\/\/ebp.org.br\/sp\/wp-json\/wp\/v2\/comments?post=7300"}],"version-history":[{"count":0,"href":"https:\/\/ebp.org.br\/sp\/wp-json\/wp\/v2\/pages\/7300\/revisions"}],"up":[{"embeddable":true,"href":"https:\/\/ebp.org.br\/sp\/wp-json\/wp\/v2\/pages\/6905"}],"wp:attachment":[{"href":"https:\/\/ebp.org.br\/sp\/wp-json\/wp\/v2\/media?parent=7300"}],"curies":[{"name":"wp","href":"https:\/\/api.w.org\/{rel}","templated":true}]}}