{"id":7191,"date":"2023-06-19T19:03:24","date_gmt":"2023-06-19T22:03:24","guid":{"rendered":"https:\/\/ebp.org.br\/sp\/?page_id=7191"},"modified":"2023-10-13T08:26:30","modified_gmt":"2023-10-13T11:26:30","slug":"xii-jornadas-r-i-s-o-eixos-tematicos1-eixo-i-so-riso-referencias-bibliograficas-2","status":"publish","type":"page","link":"https:\/\/ebp.org.br\/sp\/jornadas\/xii-jornadas-r-i-s-o\/xii-jornadas-r-i-s-o-eixos-tematicos\/xii-jornadas-r-i-s-o-eixos-tematicos1-eixo-i-so-riso-referencias-bibliograficas-2\/","title":{"rendered":"\u00a0Eixo II \u00a0O RISO E A POL\u00cdTICA &#8211; REFER\u00caNCIAS BIBLIOGRAFICAS"},"content":{"rendered":"<section class=\"wpb-content-wrapper\">[vc_row][vc_column][vc_single_image image=&#8221;8970&#8243; add_caption=&#8221;yes&#8221;][\/vc_column][\/vc_row][vc_row][vc_column][vc_column_text]<strong>Eixo I &#8211; <\/strong><strong>O RISO E A POL\u00cdTICA <\/strong><strong>&#8211; <\/strong><strong>REFER\u00caNCIAS BIBLIOGRAFICAS<\/strong><\/p>\n<hr \/>\n<p><strong>JACQUES LACAN<\/strong><\/p>\n<p>LACAN, J. <em>Le s\u00e9minaire 24: L\u2019insu que sait de l\u2019une-b\u00e9vue s\u2019aile \u00e0 mourre<\/em>. Aula 9, de 8 de mar\u00e7o de 1977 (In\u00e9dito).<\/p>\n<p>LACAN, J. \u201cO semin\u00e1rio sobre \u201cA carta roubada\u201d\u201d <em>in: Escritos<\/em>. Rio de Janeiro: 1998, p. 13 e 68.<\/p>\n<p>LACAN, J. <em>O <\/em><em>Semin\u00e1rio livro 5: As forma\u00e7\u00f5es do inconsciente<\/em>. Rio de Janeiro: Zahar, 1999.<\/p>\n<p>LACAN, J. \u201cTelevis\u00e3o\u201d. <em>In: Outros Escritos.<\/em> Rio de Janeiro: Zahar, 2003, p. 519.<\/p>\n<p>LACAN, J. \u201cO Aturdito\u201d. <em>In: Outros Escritos<\/em>. Rio de Janeiro: Zahar, 2003, p. 489.<\/p>\n<p>LACAN J. <em>Meu ensino<\/em>. Rio de Janeiro: Jorge Zahar Editor; 2006.<\/p>\n<p>LACAN, J. O <em>Semin\u00e1rio, livro 19: &#8230; ou pior<\/em>. Rio de Janeiro: Zahar, 2012, p. 227.<\/p>\n<p>LACAN, J.; MILLER, J-A. <em>A Terceira; Teoria de lal\u00edngua<\/em>. Rio de Janeiro: Zahar, 2022.<\/p>\n<hr \/>\n<p><strong>JACQUES-ALLAIN MILLER<\/strong><\/p>\n<p>MILLER, J-A. \u201cConversation d\u2019actualit\u00e9 avec l\u2019\u00c9cole espagnole du Champ Freudien\u201d. <em>In\u00a0: La Cause du d\u00e9sir<\/em>. Paris: Navarin \u00c9diteur, 2021.<\/p>\n<p>MILLER,\u00a0 J-A.; e ALBERTI, C. \u201cCarta de Lacan a seu pai, 1918\u201d. <em>In:<\/em> <em>Lacan<\/em> <em>redivivus<\/em>. Rio de Janeiro: Zahar, \u00a0p\u00e1g. 220.<\/p>\n<hr \/>\n<p><strong>OUTROS AUTORES<\/strong><\/p>\n<p>BECKETT, S. <em>Dias Felizes<\/em>. S\u00e3o Paulo: Cosac &amp; Naif, 2010.<\/p>\n<p>FUKUYAMA, F. <em>O fim da hist\u00f3ria e o \u00faltimo homem<\/em>. Rio de Janeiro: Rocco, 2015<\/p>\n<p>SANTOS, N. O. \u201cO falasser pol\u00edtico na contram\u00e3o da biopol\u00edtica\u201d. <em>Lacan XXI, Revista Fapol<\/em> online, 2022.[\/vc_column_text][\/vc_column][\/vc_row]\n<\/section>","protected":false},"excerpt":{"rendered":"<p>[vc_row][vc_column][vc_single_image image=&#8221;8970&#8243; add_caption=&#8221;yes&#8221;][\/vc_column][\/vc_row][vc_row][vc_column][vc_column_text]Eixo I &#8211; O RISO E A POL\u00cdTICA &#8211; REFER\u00caNCIAS BIBLIOGRAFICAS JACQUES LACAN LACAN, J. Le s\u00e9minaire 24: L\u2019insu que sait de l\u2019une-b\u00e9vue s\u2019aile \u00e0 mourre. Aula 9, de 8 de mar\u00e7o de 1977 (In\u00e9dito). LACAN, J. \u201cO semin\u00e1rio sobre \u201cA carta roubada\u201d\u201d in: Escritos. Rio de Janeiro: 1998, p. 13 e 68.&hellip;<\/p>\n","protected":false},"author":1,"featured_media":0,"parent":6905,"menu_order":0,"comment_status":"closed","ping_status":"closed","template":"","meta":{"footnotes":""},"class_list":["post-7191","page","type-page","status-publish","hentry","entry","no-media"],"aioseo_notices":[],"_links":{"self":[{"href":"https:\/\/ebp.org.br\/sp\/wp-json\/wp\/v2\/pages\/7191","targetHints":{"allow":["GET"]}}],"collection":[{"href":"https:\/\/ebp.org.br\/sp\/wp-json\/wp\/v2\/pages"}],"about":[{"href":"https:\/\/ebp.org.br\/sp\/wp-json\/wp\/v2\/types\/page"}],"author":[{"embeddable":true,"href":"https:\/\/ebp.org.br\/sp\/wp-json\/wp\/v2\/users\/1"}],"replies":[{"embeddable":true,"href":"https:\/\/ebp.org.br\/sp\/wp-json\/wp\/v2\/comments?post=7191"}],"version-history":[{"count":1,"href":"https:\/\/ebp.org.br\/sp\/wp-json\/wp\/v2\/pages\/7191\/revisions"}],"predecessor-version":[{"id":9279,"href":"https:\/\/ebp.org.br\/sp\/wp-json\/wp\/v2\/pages\/7191\/revisions\/9279"}],"up":[{"embeddable":true,"href":"https:\/\/ebp.org.br\/sp\/wp-json\/wp\/v2\/pages\/6905"}],"wp:attachment":[{"href":"https:\/\/ebp.org.br\/sp\/wp-json\/wp\/v2\/media?parent=7191"}],"curies":[{"name":"wp","href":"https:\/\/api.w.org\/{rel}","templated":true}]}}