{"id":7110,"date":"2023-05-16T10:26:19","date_gmt":"2023-05-16T13:26:19","guid":{"rendered":"https:\/\/ebp.org.br\/sp\/?page_id=7110"},"modified":"2023-10-13T08:24:57","modified_gmt":"2023-10-13T11:24:57","slug":"xii-jornadas-r-i-s-o-eixos-tematicos1-eixo-i-so-riso-referencias-bibliograficas","status":"publish","type":"page","link":"https:\/\/ebp.org.br\/sp\/jornadas\/xii-jornadas-r-i-s-o\/xii-jornadas-r-i-s-o-eixos-tematicos\/xii-jornadas-r-i-s-o-eixos-tematicos1-eixo-i-so-riso-referencias-bibliograficas\/","title":{"rendered":"\u00a0Eixo I \u00a0S\u00d3 RISO?! &#8211; REFER\u00caNCIAS BIBLIOGRAFICAS"},"content":{"rendered":"<section class=\"wpb-content-wrapper\">[vc_row][vc_column][vc_single_image image=&#8221;8970&#8243; add_caption=&#8221;yes&#8221;][\/vc_column][\/vc_row][vc_row][vc_column][vc_column_text]<strong>Eixo I &#8211; <\/strong><strong>\u00a0S\u00d3 RISO?! &#8211; <\/strong><strong>REFER\u00caNCIAS BIBLIOGRAFICAS<\/strong><\/p>\n<hr \/>\n<p><strong>Sigmund Freud<\/strong><\/p>\n<p>FREUD, S. <em>O chiste e sua rela\u00e7\u00e3o com o inconsciente<\/em>. S\u00e3o Paulo: Companhia das Letras, 2017, p\u00e1g.257.<\/p>\n<hr \/>\n<p><strong>Jacques Lacan<\/strong><\/p>\n<p>LACAN, J. \u201cFun\u00e7\u00e3o e campo da fala e da linguagem em psican\u00e1lise<em>\u201d<\/em>. <em>In: Escritos<\/em>. Rio de Janeiro: Jorge Zahar, 1998, p\u00e1g. 271.<\/p>\n<p>LACAN, J. <em>O Semin\u00e1rio livro 4. A rela\u00e7\u00e3o de objeto<\/em>. Rio de Janeiro: Jorge Zahar, 1995, p\u00e1g. 48.<\/p>\n<p>LACAN, J. <em>\u201c<\/em>A significa\u00e7\u00e3o do falo<em>\u201d<\/em>. <em>In: Escritos.<\/em> Rio de Janeiro: Jorge Zahar, 1998.<\/p>\n<p>LACAN, J. <em>O semin\u00e1rio livro 5. As forma\u00e7\u00f5es do inconsciente<\/em>. Rio de Janeiro: Jorge Zahar Editor, 1999, p\u00e1g.125.<\/p>\n<p>LACAN, J. <em>O Semin\u00e1rio. Livro 11. Os quatro conceitos fundamentais da psican\u00e1lise.<\/em>\u00a0Rio de Janeiro: Zahar Editores, 1979, p. 12.<\/p>\n<p>LACAN, J. <em>\u201c<\/em>O engano do sujeito suposto saber<em>\u201d<\/em>. <em>In: <\/em><em>Outros escritos<\/em>. Rio de Janeiro: Jorge Zahar, 2003, p\u00e1g. 329.<\/p>\n<p>LACAN, J. <em>\u201c<\/em>Da psican\u00e1lise em suas rela\u00e7\u00f5es com a realidade<em>\u201d.<\/em> <em>In: Outros escritos<\/em>. Rio de Janeiro: Zahar Editores, 2003, p\u00e1g. 355 e 356.<\/p>\n<p>LACAN, J. <em>O semin\u00e1rio livro 20. Mais, Ainda<\/em>. Rio de Janeiro: Jorge Zahar, 1985, p\u00e1g. 109.<\/p>\n<p>LACAN, J. <em>\u201c<\/em>Televis\u00e3o<em>\u201d.<\/em> In. <em>Outros escritos<\/em>. Rio de Janeiro: Jorge Zahar, p\u00e1g. 513.<\/p>\n<p>LACAN, J. <em>\u201c<\/em>Rumo a um significante novo<em>\u201d<\/em>. <em>In: Op\u00e7\u00e3o Lacaniana n<\/em><em>\u00ba<\/em><em> 22<\/em>. S\u00e3o Paulo: Edi\u00e7\u00f5es E\u00f3lia, 1998, p\u00e1g. 11 e 13.<\/p>\n<hr \/>\n<p><strong>Jaques-Alain Miller<\/strong><\/p>\n<p>MILLER, J-A. \u201cClinica ir\u00f4nica\u201d. <em>In: <\/em><em>Matemas I.<\/em> Rio de Janeiro: Jorge Zahar, 1996.<\/p>\n<p>MILLER, J-A. <em>Perspectivas do Semin\u00e1rio 5 de Lacan<\/em>. Rio de Janeiro: Jorge Zahar, 1999.<\/p>\n<p>MILLER, J-A<em>. \u201c<\/em>O feminino que acontece no corpo<em>\u201d<\/em>. <em>In: <\/em><em>Mulheres e semblantes<\/em>. Belo Horizonte: Editora Scriptum, 2012.<\/p>\n<hr \/>\n<p><strong>Outros autores<\/strong><\/p>\n<p>ARIST\u00d3TELES.\u00a0<em>Po\u00e9tica<\/em>. Edi\u00e7\u00e3o tril\u00edngue por Valent\u00edn Garcia Yebra. Madri: Editorial Gredos, 1974.<\/p>\n<p>BERGSON, Henri.\u00a0<em>O riso: ensaio sobre a significa\u00e7\u00e3o do c\u00f4mico<\/em>. Rio de Janeiro: Editora Guanabara S.A., 1987.<\/p>\n<p>BRODSKY, G. <em>\u201c<\/em>Um homem, uma mulher e a psican\u00e1lise<em>\u201d.<\/em> <em>In: <\/em><em>Latusa Revista da Escola Brasileira de Psican\u00e1lise<\/em> \u2013 Rio de Janeiro, n\u00ba 13. Rio de Janeiro, 2008, p\u00e1g. 153-171.<\/p>\n<p>CHAUI, M.H. <em>Desejo, paix\u00e3o e a\u00e7\u00e3o na \u00e9tica de Espinosa<\/em>. S\u00e3o Paulo: Companhia das Letras, 201, p\u00e1g. 67.<\/p>\n<p>DEM\u00d3CRITO de Abdera. <em>In: Os Pr\u00e9-socr\u00e1ticos<\/em>. Trad. Paulo F. Flor et al. S\u00e3o Paulo: Abril Cultural, 1978. (Cole\u00e7\u00e3o :Os Pensadores).<\/p>\n<p>HIP\u00d3CRATES. <em>Sobre o riso e a loucura<\/em>. Org. e trad. Rog\u00e9rio de Campos. S\u00e3o Paulo: Hedra, 2011.<\/p>\n<p>LA FONTAINE, Jean de.\u00a0<em>F\u00e1bulas<\/em>. S\u00e3o Paulo: Ed. Martin Claret, 2012 2 volumes.<\/p>\n<p>MENDON\u00c7A, Jr, J.P. <em>O riso e a ordem social: Ensaio sobre a teoria de Henri Bergson sobre o riso e o c\u00f4mico<\/em>. Tese de mestrado apresentada \u00e0 PUC, Rio grande do sul.<\/p>\n<p>MONTAIGNE, Michel de.\u00a0Sobre Dem\u00f3crito e Her\u00e1clito, Cap. L. <em>In: Ensaios.<\/em> Trad. Sergio Milliet. S\u00e3o Paulo: Abril Cultural, 1984. (Cole\u00e7\u00e3o :Os Pensadores)<\/p>\n<p>NIETZSCH, F. <em>\u201cLe savoir\u201d<\/em>. Paris: Galimard, 1950, p\u00e1g. 211.<\/p>\n<p>S\u00caNECA, L. A. <em>Da tranquilidade da alma<\/em>. Trad. Giulio Davide Leoni. S\u00e3o Paulo: Abril Cultural, 1973. (Os Pensadores).<\/p>\n<p>VIEIRA, Padre Ant\u00f4nio.\u00a0<em>As l\u00e1grimas de Her\u00e1clito<\/em>. S\u00e3o Paulo: Editora 34, 2001.[\/vc_column_text][\/vc_column][\/vc_row]\n<\/section>","protected":false},"excerpt":{"rendered":"<p>[vc_row][vc_column][vc_single_image image=&#8221;8970&#8243; add_caption=&#8221;yes&#8221;][\/vc_column][\/vc_row][vc_row][vc_column][vc_column_text]Eixo I &#8211; \u00a0S\u00d3 RISO?! &#8211; REFER\u00caNCIAS BIBLIOGRAFICAS Sigmund Freud FREUD, S. O chiste e sua rela\u00e7\u00e3o com o inconsciente. S\u00e3o Paulo: Companhia das Letras, 2017, p\u00e1g.257. Jacques Lacan LACAN, J. \u201cFun\u00e7\u00e3o e campo da fala e da linguagem em psican\u00e1lise\u201d. In: Escritos. Rio de Janeiro: Jorge Zahar, 1998, p\u00e1g. 271. LACAN, J.&hellip;<\/p>\n","protected":false},"author":1,"featured_media":0,"parent":6905,"menu_order":0,"comment_status":"closed","ping_status":"closed","template":"","meta":{"footnotes":""},"class_list":["post-7110","page","type-page","status-publish","hentry","entry","no-media"],"aioseo_notices":[],"_links":{"self":[{"href":"https:\/\/ebp.org.br\/sp\/wp-json\/wp\/v2\/pages\/7110","targetHints":{"allow":["GET"]}}],"collection":[{"href":"https:\/\/ebp.org.br\/sp\/wp-json\/wp\/v2\/pages"}],"about":[{"href":"https:\/\/ebp.org.br\/sp\/wp-json\/wp\/v2\/types\/page"}],"author":[{"embeddable":true,"href":"https:\/\/ebp.org.br\/sp\/wp-json\/wp\/v2\/users\/1"}],"replies":[{"embeddable":true,"href":"https:\/\/ebp.org.br\/sp\/wp-json\/wp\/v2\/comments?post=7110"}],"version-history":[{"count":1,"href":"https:\/\/ebp.org.br\/sp\/wp-json\/wp\/v2\/pages\/7110\/revisions"}],"predecessor-version":[{"id":9277,"href":"https:\/\/ebp.org.br\/sp\/wp-json\/wp\/v2\/pages\/7110\/revisions\/9277"}],"up":[{"embeddable":true,"href":"https:\/\/ebp.org.br\/sp\/wp-json\/wp\/v2\/pages\/6905"}],"wp:attachment":[{"href":"https:\/\/ebp.org.br\/sp\/wp-json\/wp\/v2\/media?parent=7110"}],"curies":[{"name":"wp","href":"https:\/\/api.w.org\/{rel}","templated":true}]}}