{"id":7048,"date":"2023-05-16T08:56:27","date_gmt":"2023-05-16T11:56:27","guid":{"rendered":"https:\/\/ebp.org.br\/sp\/?page_id=7048"},"modified":"2023-10-13T08:29:01","modified_gmt":"2023-10-13T11:29:01","slug":"xii-jornadas-r-i-s-o-envio-de-trabalhos","status":"publish","type":"page","link":"https:\/\/ebp.org.br\/sp\/jornadas\/xii-jornadas-r-i-s-o\/xii-jornadas-r-i-s-o-envio-de-trabalhos\/","title":{"rendered":"Envio de Trabalhos"},"content":{"rendered":"<section class=\"wpb-content-wrapper\">[vc_row][vc_column][vc_single_image image=&#8221;8970&#8243;][\/vc_column][\/vc_row][vc_row][vc_column width=&#8221;1\/2&#8243;][vc_column_text]\n<h3><span style=\"color: #333333;\"><strong>ENVIO DE TRABALHOS<\/strong><\/span><\/h3>\n<p>Data limite para envio dos trabalhos: <strong>10 de setembro de 2023<\/strong><\/p>\n<p>Orienta\u00e7\u00f5es:<\/p>\n<ul>\n<li>Os textos devem ter, no m\u00e1ximo, 5.000 caracteres (com espa\u00e7os), escritos em Times New Roman 12, justificado, espa\u00e7amento simples, com notas (refer\u00eancias) no fim de p\u00e1gina.<\/li>\n<li>Colocar no Cabe\u00e7alho o t\u00edtulo do trabalho, o nome do(a) autor(a) e o Eixo Tem\u00e1tico no qual o trabalho se insere.<\/li>\n<li>Os textos devem ser enviados em formato Word, anexado ao e-mail, colocando como assunto: \u201cJornadas R.I.S.o \u2013 envio de trabalhos\u201d.<\/li>\n<\/ul>\n<p>Enviar para <a href=\"mailto:menezesgu@gmail.com\">menezesgu@gmail.com<\/a> e <a href=\"mailto:romulofs18@gmail.com\">romulofs18@gmail.com<\/a><\/p>\n<p>Para que o trabalho seja avaliado, <em><strong>\u00e9 necess\u00e1rio estar inscrito(a) nas Jornadas<\/strong><\/em>.[\/vc_column_text][\/vc_column][vc_column width=&#8221;1\/2&#8243;][vc_single_image image=&#8221;9283&#8243; add_caption=&#8221;yes&#8221; alignment=&#8221;right&#8221;][\/vc_column][\/vc_row]\n<\/section>","protected":false},"excerpt":{"rendered":"<p>[vc_row][vc_column][vc_single_image image=&#8221;8970&#8243;][\/vc_column][\/vc_row][vc_row][vc_column width=&#8221;1\/2&#8243;][vc_column_text] ENVIO DE TRABALHOS Data limite para envio dos trabalhos: 10 de setembro de 2023 Orienta\u00e7\u00f5es: Os textos devem ter, no m\u00e1ximo, 5.000 caracteres (com espa\u00e7os), escritos em Times New Roman 12, justificado, espa\u00e7amento simples, com notas (refer\u00eancias) no fim de p\u00e1gina. Colocar no Cabe\u00e7alho o t\u00edtulo do trabalho, o nome do(a) autor(a)&hellip;<\/p>\n","protected":false},"author":1,"featured_media":0,"parent":6887,"menu_order":0,"comment_status":"closed","ping_status":"closed","template":"","meta":{"footnotes":""},"class_list":["post-7048","page","type-page","status-publish","hentry","entry","no-media"],"aioseo_notices":[],"_links":{"self":[{"href":"https:\/\/ebp.org.br\/sp\/wp-json\/wp\/v2\/pages\/7048","targetHints":{"allow":["GET"]}}],"collection":[{"href":"https:\/\/ebp.org.br\/sp\/wp-json\/wp\/v2\/pages"}],"about":[{"href":"https:\/\/ebp.org.br\/sp\/wp-json\/wp\/v2\/types\/page"}],"author":[{"embeddable":true,"href":"https:\/\/ebp.org.br\/sp\/wp-json\/wp\/v2\/users\/1"}],"replies":[{"embeddable":true,"href":"https:\/\/ebp.org.br\/sp\/wp-json\/wp\/v2\/comments?post=7048"}],"version-history":[{"count":1,"href":"https:\/\/ebp.org.br\/sp\/wp-json\/wp\/v2\/pages\/7048\/revisions"}],"predecessor-version":[{"id":9284,"href":"https:\/\/ebp.org.br\/sp\/wp-json\/wp\/v2\/pages\/7048\/revisions\/9284"}],"up":[{"embeddable":true,"href":"https:\/\/ebp.org.br\/sp\/wp-json\/wp\/v2\/pages\/6887"}],"wp:attachment":[{"href":"https:\/\/ebp.org.br\/sp\/wp-json\/wp\/v2\/media?parent=7048"}],"curies":[{"name":"wp","href":"https:\/\/api.w.org\/{rel}","templated":true}]}}