{"id":6966,"date":"2023-04-17T17:58:21","date_gmt":"2023-04-17T20:58:21","guid":{"rendered":"https:\/\/ebp.org.br\/sp\/?page_id=6966"},"modified":"2023-10-13T08:27:58","modified_gmt":"2023-10-13T11:27:58","slug":"xii-jornadas-r-i-s-o-carteis","status":"publish","type":"page","link":"https:\/\/ebp.org.br\/sp\/jornadas\/xii-jornadas-r-i-s-o\/xii-jornadas-r-i-s-o-carteis\/","title":{"rendered":"Cart\u00e9is"},"content":{"rendered":"<section class=\"wpb-content-wrapper\">[vc_row][vc_column][vc_single_image image=&#8221;8970&#8243;][\/vc_column][\/vc_row][vc_row][vc_column width=&#8221;2\/3&#8243;][vc_column_text]\n<h3>CART\u00c9IS<\/h3>\n<h6><em>Eduardo Cesar Benedicto<\/em><br \/>\n<em>Membro EBP\/AMP<br \/>\nDiretor de cart\u00e9is e interc\u00e2mbios da EBP-SP 2023\/2025<\/em><\/h6>\n<p>O cartel \u00e9 uma c\u00e9lula fundamental da Escola que demonstra, em ato, o trabalho que desenvolvemos com outros colegas, preservando e destacando o produto pr\u00f3prio de cada um. Neste sentido, o dispositivo de cartel \u00e9 onde investigamos, discutimos e produzimos textos e reflex\u00f5es, dentro de um pequeno grupo, privilegiando a transfer\u00eancia de trabalho na EBP, para extrairmos a produ\u00e7\u00e3o mais singular dos que orbitam ao redor da comunidade de orienta\u00e7\u00e3o lacaniana. Assim, \u00e9 um lugar de suma import\u00e2ncia para as produ\u00e7\u00f5es que podem ser endere\u00e7adas \u00e0s pr\u00f3ximas Jornadas da EBP-SP.<\/p>\n<p>Para estas XII Jornadas da EBP-SP, sobre o R.I.S.o, esta diretoria incentiva a forma\u00e7\u00e3o destes pequenos grupos em torno do tema proposto, bem como ao redor dos eixos tem\u00e1ticos, para uma discuss\u00e3o e um trabalho pontual, visando \u00e0 Jornada, que pode se manter depois, a depender do interesse dos cartelizantes.<\/p>\n<p>Assim, os interessados em formar cart\u00e9is fulgurantes podem entrar em contato enviando nome, e-mail e tema (ou eixo de interesse) para:\u00a0<a href=\"mailto:cartelebpsp@gmail.com\">cartelebpsp@gmail.com<\/a>\u00a0e a Comiss\u00e3o de Cart\u00e9is constitu\u00edda facilitar\u00e1 a forma\u00e7\u00e3o destes grupos de trabalho, dentro da dire\u00e7\u00e3o, l\u00f3gica e funcionamento do dispositivo do cartel.[\/vc_column_text][\/vc_column][vc_column width=&#8221;1\/3&#8243;][vc_single_image image=&#8221;9280&#8243; add_caption=&#8221;yes&#8221; alignment=&#8221;right&#8221;][\/vc_column][\/vc_row]\n<\/section>","protected":false},"excerpt":{"rendered":"<p>[vc_row][vc_column][vc_single_image image=&#8221;8970&#8243;][\/vc_column][\/vc_row][vc_row][vc_column width=&#8221;2\/3&#8243;][vc_column_text] CART\u00c9IS Eduardo Cesar Benedicto Membro EBP\/AMP Diretor de cart\u00e9is e interc\u00e2mbios da EBP-SP 2023\/2025 O cartel \u00e9 uma c\u00e9lula fundamental da Escola que demonstra, em ato, o trabalho que desenvolvemos com outros colegas, preservando e destacando o produto pr\u00f3prio de cada um. Neste sentido, o dispositivo de cartel \u00e9 onde investigamos, discutimos&hellip;<\/p>\n","protected":false},"author":1,"featured_media":0,"parent":6887,"menu_order":0,"comment_status":"closed","ping_status":"closed","template":"","meta":{"footnotes":""},"class_list":["post-6966","page","type-page","status-publish","hentry","entry","no-media"],"aioseo_notices":[],"_links":{"self":[{"href":"https:\/\/ebp.org.br\/sp\/wp-json\/wp\/v2\/pages\/6966","targetHints":{"allow":["GET"]}}],"collection":[{"href":"https:\/\/ebp.org.br\/sp\/wp-json\/wp\/v2\/pages"}],"about":[{"href":"https:\/\/ebp.org.br\/sp\/wp-json\/wp\/v2\/types\/page"}],"author":[{"embeddable":true,"href":"https:\/\/ebp.org.br\/sp\/wp-json\/wp\/v2\/users\/1"}],"replies":[{"embeddable":true,"href":"https:\/\/ebp.org.br\/sp\/wp-json\/wp\/v2\/comments?post=6966"}],"version-history":[{"count":2,"href":"https:\/\/ebp.org.br\/sp\/wp-json\/wp\/v2\/pages\/6966\/revisions"}],"predecessor-version":[{"id":9282,"href":"https:\/\/ebp.org.br\/sp\/wp-json\/wp\/v2\/pages\/6966\/revisions\/9282"}],"up":[{"embeddable":true,"href":"https:\/\/ebp.org.br\/sp\/wp-json\/wp\/v2\/pages\/6887"}],"wp:attachment":[{"href":"https:\/\/ebp.org.br\/sp\/wp-json\/wp\/v2\/media?parent=6966"}],"curies":[{"name":"wp","href":"https:\/\/api.w.org\/{rel}","templated":true}]}}