{"id":6890,"date":"2023-04-15T10:57:33","date_gmt":"2023-04-15T13:57:33","guid":{"rendered":"https:\/\/ebp.org.br\/sp\/?page_id=6890"},"modified":"2023-10-13T08:30:04","modified_gmt":"2023-10-13T11:30:04","slug":"xii-jornadas-r-i-s-o-comissoes-organizadoras-2","status":"publish","type":"page","link":"https:\/\/ebp.org.br\/sp\/jornadas\/xii-jornadas-r-i-s-o\/xii-jornadas-r-i-s-o-comissoes-organizadoras-2\/","title":{"rendered":"Comiss\u00f5es Organizadoras"},"content":{"rendered":"<section class=\"wpb-content-wrapper\">[vc_row][vc_column][vc_single_image image=&#8221;8970&#8243;][\/vc_column][\/vc_row][vc_row][vc_column width=&#8221;1\/2&#8243;][vc_column_text]\n<h3><span style=\"color: #333333;\"><strong>COMISS\u00d5ES ORGANIZADORAS<\/strong><\/span><\/h3>\n<p><strong>Diretoria da EBP \u2013 Se\u00e7\u00e3o S\u00e3o Paulo<\/strong><\/p>\n<ul>\n<li>Niraldo de Oliveira Santos<\/li>\n<li>Cristiana Chacon Gallo<\/li>\n<li>Camila Popadiuk<\/li>\n<li>Eduardo C\u00e9sar Benedicto<\/li>\n<\/ul>\n<p><strong>Coordena\u00e7\u00e3o Geral das XII Jornadas<\/strong><\/p>\n<ul>\n<li>Gustavo Oliveira Menezes<\/li>\n<\/ul>\n<p><strong>Orienta\u00e7\u00e3o<\/strong><\/p>\n<ul>\n<li>R\u00f4mulo Ferreira da Silva (coordenador)<\/li>\n<li>Daniela de Camargo Barros Affonso<\/li>\n<li>Fernando Del Guerra Prota<\/li>\n<li>Maria Cec\u00edlia Galletti Ferretti<\/li>\n<li>Maria do Carmo Dias Batista<\/li>\n<li>Sandra Arruda Grostein<\/li>\n<li>Veridiana Marucio\n<ul>\n<li><strong><em>\u00a0<\/em><\/strong><strong><em>Cartel do eixo 1<\/em><\/strong>\n<ul>\n<li>Maria Cec\u00edlia Galletti Ferretti (+1)<\/li>\n<li>Camila Col\u00e1s<\/li>\n<li>Carmen Silvia Cervelatti<\/li>\n<li>Daniela de Camargo Barros Affonso<\/li>\n<li>Jovita Carneiro de Lima<\/li>\n<\/ul>\n<\/li>\n<li><strong><em>\u00a0<\/em><\/strong><strong><em>Cartel do eixo 2<\/em><\/strong>\n<ul>\n<li>Sandra Arruda Grostein (+1)<\/li>\n<li>Eliane Costa Dias<\/li>\n<li>Emanuelle Garmes Pires<\/li>\n<li>Fernando Del Guerra Prota<\/li>\n<li>Magno Azevedo<\/li>\n<\/ul>\n<\/li>\n<li><strong><em>\u00a0<\/em><\/strong><strong><em>Cartel do eixo 3<\/em><\/strong>\n<ul>\n<li>Maria do Carmo Dias Batista (+1)<\/li>\n<li>Mirmila Alves Musse<\/li>\n<li>Tatiana Vidotti<\/li>\n<li>Teresinha Natal Meirelles do Prado<\/li>\n<li>Veridiana Marucio<\/li>\n<\/ul>\n<\/li>\n<\/ul>\n<\/li>\n<\/ul>\n<p><strong>\u00a0<\/strong><strong>Refer\u00eancias Bibliogr\u00e1ficas<\/strong><\/p>\n<ul>\n<li>Jovita Carneiro de Lima (coordena\u00e7\u00e3o)<\/li>\n<li>Ros\u00e2ngela Carboni Castro Turim (coordena\u00e7\u00e3o)<\/li>\n<li>Carlos Ferraz Batista<\/li>\n<li>C\u00e1ssia M. R. Guardado<\/li>\n<li>Jos\u00e9 Wilson Ramos Braga Junior<\/li>\n<li>Marco Aur\u00e9lio Monteiro Peluso<\/li>\n<li>Bernadette S. de S. Pitteri<\/li>\n<li>Marisa Nubile<strong>\u00a0<\/strong><\/li>\n<\/ul>\n<p><strong>Boletim<\/strong><\/p>\n<ul>\n<li>Maria C\u00e9lia Reinaldo Kato (coordena\u00e7\u00e3o)<\/li>\n<li>\u00c9lida Biasoli (coordena\u00e7\u00e3o)<\/li>\n<li>Cl\u00e1udia Reis<\/li>\n<li>Diva Rubim Parentoni<\/li>\n<li>Fl\u00e1via M. Seidinger Leibovitz<\/li>\n<li>Luciana Ernanny Legey<\/li>\n<li>Mariana Galletti Ferretti<\/li>\n<li>M\u00f4nica Bueno\u00a0de Camargo<\/li>\n<\/ul>\n<p><strong>Secretaria e Tesouraria<\/strong><\/p>\n<ul>\n<li>Francisco Durante (coordena\u00e7\u00e3o)<\/li>\n<li>Maria de Lourdes Mattos (coordena\u00e7\u00e3o)<\/li>\n<li>Aparecida Santa Clara Berlitz<\/li>\n<li>Fernanda Maia Arruda Gomes<\/li>\n<li>Francisco J\u00fanior Lemes<\/li>\n<li>Gabriela Ponte<\/li>\n<li>Lu\u00edsa Fromer<\/li>\n<li>Paula Maia<\/li>\n<\/ul>\n<p><strong>Infraestrutura<\/strong><\/p>\n<ul>\n<li>Camila Col\u00e1s (coordena\u00e7\u00e3o)<\/li>\n<li>Paula C. V. Caio de Carvalho (coordena\u00e7\u00e3o)<\/li>\n<li>Andressa Cont\u00f3 Luz<\/li>\n<li>Felipe Bier<\/li>\n<li>Fabr\u00edcio Donizete da Costa<\/li>\n<li>Helena Testi<\/li>\n<li>Jo\u00e3o Paulo Desconci<\/li>\n<li>M\u00e1rcia Barbeito<\/li>\n<li>Nat\u00e1lia Martinelli Cassim<\/li>\n<li>Rubens Berlitz<\/li>\n<\/ul>\n<p><strong>Divulga\u00e7\u00e3o<\/strong><\/p>\n<ul>\n<li>D\u00e9bora Garcia (coordena\u00e7\u00e3o)<\/li>\n<li>Fernanda Carvalho (coordena\u00e7\u00e3o)<\/li>\n<li>Fernanda Pougy<\/li>\n<li>Ludmila Mour\u00e3o<\/li>\n<li>Mariana Junqueira<\/li>\n<li>Tatiana Vidotti<\/li>\n<li>Vagner Arakawa<\/li>\n<\/ul>\n<p><strong>Livraria<\/strong><\/p>\n<ul>\n<li>Eduardo Vallejos (coordena\u00e7\u00e3o)<\/li>\n<li>Eliana Machado Figueiredo (coordena\u00e7\u00e3o)<\/li>\n<li>Cl\u00e1udio Ivan Bezerra<\/li>\n<li>Emelice Prado Bagnola<\/li>\n<li>Paula Catunda<\/li>\n<li>Perp\u00e9tua Medrado Gon\u00e7alves<\/li>\n<li>Priscila Tavares Viviani<\/li>\n<li>Rosangela A. dos Santos<\/li>\n<li>Siglia Cruz de S\u00e1 Le\u00e3o<\/li>\n<li>Silvana de Oliveira<\/li>\n<\/ul>\n<p><strong>Acolhimento<\/strong><\/p>\n<ul>\n<li>Maria Veridiana S. Paes de Barros (coordena\u00e7\u00e3o)<\/li>\n<li>Mirmila Musse (coordena\u00e7\u00e3o)<\/li>\n<li>Ana Maria de Almeida Guerra<\/li>\n<li>Cl\u00e1udio Ivan Bezerra<\/li>\n<li>Cynthia Gon\u00e7alves Gindro<\/li>\n<li>Lilian Beiguelman<\/li>\n<li>Priscila Tavares Viviani<\/li>\n<\/ul>\n<p><strong>Arte e Cultura<\/strong><\/p>\n<ul>\n<li>Fl\u00e1via dos Santos Corpas (coordena\u00e7\u00e3o)<\/li>\n<li>Patr\u00edcia Ferranti Bichara (coordena\u00e7\u00e3o)<\/li>\n<li>Elis\u00e2ngela Miras<\/li>\n<li>Fabiola Ramon<\/li>\n<li>Jana\u00edna Costa Ver\u00edssimo<\/li>\n<li>James Alberto de Moura<\/li>\n<li>Marcella Pereira de Oliveira<\/li>\n<li>M\u00e1rcia Eliane Rosa<\/li>\n<li>Magno Azevedo<\/li>\n<\/ul>\n<p><strong><em>Consultora de arte e cultura:<\/em><\/strong> Thereza Salazar[\/vc_column_text][\/vc_column][vc_column width=&#8221;1\/2&#8243;][vc_single_image image=&#8221;9285&#8243; add_caption=&#8221;yes&#8221; alignment=&#8221;right&#8221;][\/vc_column][\/vc_row]\n<\/section>","protected":false},"excerpt":{"rendered":"<p>[vc_row][vc_column][vc_single_image image=&#8221;8970&#8243;][\/vc_column][\/vc_row][vc_row][vc_column width=&#8221;1\/2&#8243;][vc_column_text] COMISS\u00d5ES ORGANIZADORAS Diretoria da EBP \u2013 Se\u00e7\u00e3o S\u00e3o Paulo Niraldo de Oliveira Santos Cristiana Chacon Gallo Camila Popadiuk Eduardo C\u00e9sar Benedicto Coordena\u00e7\u00e3o Geral das XII Jornadas Gustavo Oliveira Menezes Orienta\u00e7\u00e3o R\u00f4mulo Ferreira da Silva (coordenador) Daniela de Camargo Barros Affonso Fernando Del Guerra Prota Maria Cec\u00edlia Galletti Ferretti Maria do Carmo Dias&hellip;<\/p>\n","protected":false},"author":1,"featured_media":0,"parent":6887,"menu_order":0,"comment_status":"closed","ping_status":"closed","template":"","meta":{"footnotes":""},"class_list":["post-6890","page","type-page","status-publish","hentry","entry","no-media"],"aioseo_notices":[],"_links":{"self":[{"href":"https:\/\/ebp.org.br\/sp\/wp-json\/wp\/v2\/pages\/6890","targetHints":{"allow":["GET"]}}],"collection":[{"href":"https:\/\/ebp.org.br\/sp\/wp-json\/wp\/v2\/pages"}],"about":[{"href":"https:\/\/ebp.org.br\/sp\/wp-json\/wp\/v2\/types\/page"}],"author":[{"embeddable":true,"href":"https:\/\/ebp.org.br\/sp\/wp-json\/wp\/v2\/users\/1"}],"replies":[{"embeddable":true,"href":"https:\/\/ebp.org.br\/sp\/wp-json\/wp\/v2\/comments?post=6890"}],"version-history":[{"count":1,"href":"https:\/\/ebp.org.br\/sp\/wp-json\/wp\/v2\/pages\/6890\/revisions"}],"predecessor-version":[{"id":9286,"href":"https:\/\/ebp.org.br\/sp\/wp-json\/wp\/v2\/pages\/6890\/revisions\/9286"}],"up":[{"embeddable":true,"href":"https:\/\/ebp.org.br\/sp\/wp-json\/wp\/v2\/pages\/6887"}],"wp:attachment":[{"href":"https:\/\/ebp.org.br\/sp\/wp-json\/wp\/v2\/media?parent=6890"}],"curies":[{"name":"wp","href":"https:\/\/api.w.org\/{rel}","templated":true}]}}