{"id":6827,"date":"2022-10-27T09:12:58","date_gmt":"2022-10-27T12:12:58","guid":{"rendered":"https:\/\/ebp.org.br\/sp\/?page_id=6827"},"modified":"2022-10-27T09:12:58","modified_gmt":"2022-10-27T12:12:58","slug":"programa-xi-jornadas","status":"publish","type":"page","link":"https:\/\/ebp.org.br\/sp\/jornadas\/xi-jornadas-%e2%b1%a5-verdade-e-o-gozo-que-nao-mente\/programa-xi-jornadas\/","title":{"rendered":"PROGRAMA &#8211; XI JORNADAS"},"content":{"rendered":"<section class=\"wpb-content-wrapper\">[vc_row][vc_column][vc_single_image image=&#8221;6423&#8243; img_size=&#8221;full&#8221; alignment=&#8221;center&#8221;][\/vc_column][\/vc_row][vc_row][vc_column width=&#8221;5\/6&#8243;][vc_column_text]\n<h2><span style=\"color: #333333;\">PROGRAMA<\/span><\/h2>\n<h3><span style=\"color: #333333;\">SEXTA-FEIRA (04\/11)<\/span><\/h3>\n<p><strong>12h \u00e0s 13h Credenciamento<\/strong><\/p>\n<p><strong>13h \u00e0s 13h15 Abertura:<\/strong><\/p>\n<ul>\n<li>Alessandra Sartorello Pecego (EBP\/AMP)<\/li>\n<li>Milena Vicari Crastelo (EBP\/AMP)<\/li>\n<li>Angelina Harari (AME da EBP\/AMP)<\/li>\n<\/ul>\n<p><strong>13h15 \u00e0s 15h Confer\u00eancia: A terra dos n\u00e3o-tolos<\/strong><\/p>\n<ul>\n<li>Laurent Dupont (AME da ECF\/AMP)<\/li>\n<li>Coordena: Sandra Arruda Grostein (AME da EBP\/AMP)<\/li>\n<\/ul>\n<p><strong>15h \u00e0s 16h30 Plen\u00e1ria 1: \u201cN\u00e3o se casa com a verdade, nada de contrato e menos ainda de uni\u00e3o livre\u201d<\/strong><\/p>\n<ul>\n<li>Fabiola Ramon (EBP\/AMP)<\/li>\n<li>Niraldo de Oliveira Santos (EBP\/AMP)<\/li>\n<li>Coordena: Val\u00e9ria Ferranti (EBP\/AMP)<\/li>\n<\/ul>\n<p><strong>16h30 \u00e0s 17h INTERVALO<\/strong><\/p>\n<p><strong>17h \u00e0s 18h30 Plen\u00e1ria 2: \u201cFarpa na carne\u201d<\/strong><\/p>\n<ul>\n<li>Veridiana Marucio (EBP\/AMP)<\/li>\n<li>Paola Salinas (EBP\/AMP)<\/li>\n<li>Coordena: Fernando Prota (EBP\/AMP)<\/li>\n<\/ul>\n<p><strong>S\u00c1BADO (05\/11)<\/strong><\/p>\n<p><strong>8h \u00e0s 09h30 Simult\u00e2neas<\/strong><\/p>\n<ul>\n<li><strong>SALA 1 &#8211; Suscitar um novo desejo<\/strong>\n<ul>\n<li>Coordena\u00e7\u00e3o: Maria do Carmo Dias Batista (AME da EBP\/AMP)<\/li>\n<li>Da paix\u00e3o da ignor\u00e2ncia a um fio de saber \u2013 Aparecida Santa Clara Berlitz<\/li>\n<li>Amor \u00e0 verdade, desconfiadamente: considera\u00e7\u00f5es sobre as entrevistas preliminares \u2013 Fabricio Donizete da Costa<\/li>\n<li>\u201cN\u00e3o sei&#8230;\u201d \u2013 Nat\u00e1lia Martinelli Cassim<\/li>\n<li>\u201cAinda n\u00e3o acabou o hor\u00e1rio\u201d \u2013 Sonia Perazzolo<\/li>\n<\/ul>\n<\/li>\n<\/ul>\n<p>&nbsp;<\/p>\n<ul>\n<li><strong>SALA 2 &#8211; Manejos e impasses cl\u00ednicos: sob transfer\u00eancia?<\/strong>\n<ul>\n<li>Coordena\u00e7\u00e3o: Teresinha Natal Meirelles do Prado (EBP\/AMP)<\/li>\n<li>Transfer\u00eancia: paradoxos entre amor, gozo e saber \u2013 Camila Col\u00e1s<\/li>\n<li>O que isso quer dizer? \u2013 Jovita Carneiro de Lima (EBP\/AMP)<\/li>\n<li>O sujeito dividido entre o Saber e a Verdade e a pr\u00e1tica anal\u00edtica \u2013 Renan Chamorro<\/li>\n<li>Sintoma, n\u00e3o sem a ang\u00fastia, que n\u00e3o engana \u2013 Rosangela C. Castro Turim<\/li>\n<\/ul>\n<\/li>\n<\/ul>\n<p>&nbsp;<\/p>\n<ul>\n<li><strong>SALA 3 &#8211; Uma interpreta\u00e7\u00e3o que faz ressoar<\/strong>\n<ul>\n<li>Coordena\u00e7\u00e3o: Silvia Sato (EBP\/AMP)<\/li>\n<li>Interpretar \u00e9 tocar o real !?! \u2013 Ana Paula Cipresso Borges<\/li>\n<li>Reflexos \u2013 Magno Azevedo<\/li>\n<li>As tramas e o furo na cl\u00ednica psicanal\u00edtica \u2013 Mariana Galletti Ferretti<\/li>\n<li>O analista, o chiste e a interpreta\u00e7\u00e3o \u2013 Rubens Ant\u00f4nio Fogassi Berlitz<\/li>\n<\/ul>\n<\/li>\n<\/ul>\n<p><strong>09h30 \u00e0s 11h Simult\u00e2neas<\/strong><\/p>\n<ul>\n<li><strong>SALA 1 &#8211; Do sujeito ao corpo suposto gozar<\/strong><br \/>\nCoordena\u00e7\u00e3o: Maria C\u00e9lia Kato (EBP\/AMP)<br \/>\nA Verwerfung de Descartes \u2013 Luiza Gerace<br \/>\nO \u201cn\u00e3o\u201d que inaugura o \u201csim\u201d \u2013 Maria Bernadette Soares de Sant\u2019Ana Pitteri (EBP\/AMP)<br \/>\nA quest\u00e3o do sujeito entre verdade e saber \u2013 Rodrigo Camargo<\/li>\n<\/ul>\n<p>&nbsp;<\/p>\n<ul>\n<li><strong>SALA2 &#8211; A verdade e o que transborda no corpo<\/strong>\n<ul>\n<li>Coordena\u00e7\u00e3o: Maria Helena Barbosa (EBP\/AMP)<\/li>\n<li>Uma falta intraduz\u00edvel \u2013 Cl\u00e1udio Ivan Bezerra<\/li>\n<li>A verdade e o gozo na psicose \u2013 Fabio Saad<\/li>\n<li>Os impasses da nomea\u00e7\u00e3o \u2013 Francine Negr\u00e3o<\/li>\n<li>A Certeza de ter a Verdade \u2013 Vera Lucia Furst<\/li>\n<\/ul>\n<\/li>\n<\/ul>\n<p>&nbsp;<\/p>\n<ul>\n<li><strong>SALA 3 &#8211; Do gozo que n\u00e3o mente ao la\u00e7o<\/strong>\n<ul>\n<li>Coordena\u00e7\u00e3o: Maria de Lourdes Mattos (EBP\/AMP)<\/li>\n<li>\u201cEu s\u00f3 queria sumir, mas deixei marcas no meu corpo para sempre\u201d \u2013 Bruna Monteiro Hallak e Denise Rocha Nacif<\/li>\n<li>As paix\u00f5es do autista e o amor de transfer\u00eancia \u2013 Izabel Abreu<\/li>\n<li>Sou um barco furado \u2013 Luciana Ernanny Legey<\/li>\n<li>O querer-gozar e a inven\u00e7\u00e3o para uma interpreta\u00e7\u00e3o poss\u00edvel \u2013 Maria Veridiana Sampaio Paes de Barros<\/li>\n<\/ul>\n<\/li>\n<\/ul>\n<p><strong>11h \u00e0s 12h30 Simult\u00e2neas<\/strong><\/p>\n<ul>\n<li><strong>SALA 1 &#8211; Nascer do mal-entendido<\/strong>\n<ul>\n<li>Coordena\u00e7\u00e3o: Heloisa Prado R. da Silva Telles (EBP\/AMP)<\/li>\n<li>\u201cUm menino de verdade\u201d \u2013 Blanca Musachi (EBP\/AMP)<\/li>\n<li>Cad\u00ea eu? \u2013 Lilian Beiguelmen<\/li>\n<li>A sa\u00edda pelo mal-entendido \u2013 Tatiana C. Vidotti<\/li>\n<\/ul>\n<\/li>\n<\/ul>\n<p>&nbsp;<\/p>\n<ul>\n<li><strong>Sala 2 &#8211; Mais-al\u00e9m da verdade freudiana<\/strong>\n<ul>\n<li>Coordena\u00e7\u00e3o: Carmen Silvia Cervelatti (EBP\/AMP)<\/li>\n<li>Do truque \u00e0 cicatriz do sonho \u2013 Cynthia Gon\u00e7alves Gindro<\/li>\n<li>Do corpo hist\u00e9rico ao falasser \u2013 Fernanda Maia de Arruda Gomes<\/li>\n<li>Transformar-se o amador na cousa amada \u2013 Jos\u00e9 Azevedo<\/li>\n<\/ul>\n<\/li>\n<\/ul>\n<p>&nbsp;<\/p>\n<ul>\n<li><strong>SALA 3 &#8211; A verdade que toca o real<\/strong>\n<ul>\n<li>Coordena\u00e7\u00e3o: Camila Popadiuk (EBP\/AMP)<\/li>\n<li>Interpreta\u00e7\u00e3o que visou capturar o real \u2013 Carlos Ferraz Batista<\/li>\n<li>O gozo que n\u00e3o mente \u00e9 aquele que se confessa? \u2013 Eduardo Vallejos<\/li>\n<li>O espa\u00e7o de um pacto e as m\u00e1scaras do real \u2013 Felipe Bier<\/li>\n<\/ul>\n<\/li>\n<\/ul>\n<p><strong>12h30 \u00e0s 14h INTERVALO<\/strong><\/p>\n<p><strong>14h \u00e0s 15h30 Plen\u00e1ria 3: Verdade e Fake News<\/strong><\/p>\n<ul>\n<li>Marcelo Fabri (Direito)<\/li>\n<li>Lara Pimentel (Filosofia)<\/li>\n<li>Luara Calvi Anic (Jornalismo)<\/li>\n<li>Coordena: Luiz Fernando Carrijo da Cunha (AME da EBP\/AMP)<\/li>\n<\/ul>\n<p><strong>15h30 \u00e0s 17h Plen\u00e1ria 4: \u201cO verdadeiro est\u00e1 a deriva quando se trata do real\u201d.<\/strong><\/p>\n<ul>\n<li>Patr\u00edcia Badari (EBP\/AMP)<\/li>\n<li>Daniela Affonso (EBP\/AMP)<\/li>\n<li>Coordena: Gustavo Menezes (EBP\/AMP)<\/li>\n<\/ul>\n<p><strong>17h \u00e0s 18h30 Ensino do passe:<\/strong><\/p>\n<ul>\n<li>Ram Mandil (AME da EBP\/AMP)<\/li>\n<li>S\u00e9rgio de Mattos (AE da EBP\/AMP)<\/li>\n<li>Coment\u00e1rios: Laurent Dupont (AME da ECF\/AMP)<\/li>\n<li>Coordena: Maria Josefina Fuentes (EBP\/AMP)<\/li>\n<\/ul>\n<p><strong>18h30 Encerramento<\/strong><\/p>\n<ul>\n<li>Alessandra Sartorello Pecego (EBP\/AMP)<\/li>\n<li>Milena Vicari Crastelo (EBP\/AMP)<\/li>\n<\/ul>\n[\/vc_column_text][\/vc_column][vc_column width=&#8221;1\/6&#8243;][vc_single_image image=&#8221;6829&#8243; img_size=&#8221;full&#8221; alignment=&#8221;center&#8221;][vc_btn title=&#8221;DOWNLOAD&#8221; style=&#8221;outline&#8221; color=&#8221;chino&#8221; align=&#8221;center&#8221; i_icon_fontawesome=&#8221;far fa-file-pdf&#8221; add_icon=&#8221;true&#8221; link=&#8221;url:https%3A%2F%2Febp.org.br%2Fsp%2Fwp-content%2Fuploads%2F2022%2F10%2Fprograma_jornada.pdf&#8221;][\/vc_column][\/vc_row]\n<\/section>","protected":false},"excerpt":{"rendered":"<p>[vc_row][vc_column][vc_single_image image=&#8221;6423&#8243; img_size=&#8221;full&#8221; alignment=&#8221;center&#8221;][\/vc_column][\/vc_row][vc_row][vc_column width=&#8221;5\/6&#8243;][vc_column_text] PROGRAMA SEXTA-FEIRA (04\/11) 12h \u00e0s 13h Credenciamento 13h \u00e0s 13h15 Abertura: Alessandra Sartorello Pecego (EBP\/AMP) Milena Vicari Crastelo (EBP\/AMP) Angelina Harari (AME da EBP\/AMP) 13h15 \u00e0s 15h Confer\u00eancia: A terra dos n\u00e3o-tolos Laurent Dupont (AME da ECF\/AMP) Coordena: Sandra Arruda Grostein (AME da EBP\/AMP) 15h \u00e0s 16h30 Plen\u00e1ria 1: \u201cN\u00e3o&hellip;<\/p>\n","protected":false},"author":1,"featured_media":0,"parent":6416,"menu_order":0,"comment_status":"closed","ping_status":"closed","template":"","meta":{"footnotes":""},"class_list":["post-6827","page","type-page","status-publish","hentry","entry","no-media"],"aioseo_notices":[],"_links":{"self":[{"href":"https:\/\/ebp.org.br\/sp\/wp-json\/wp\/v2\/pages\/6827","targetHints":{"allow":["GET"]}}],"collection":[{"href":"https:\/\/ebp.org.br\/sp\/wp-json\/wp\/v2\/pages"}],"about":[{"href":"https:\/\/ebp.org.br\/sp\/wp-json\/wp\/v2\/types\/page"}],"author":[{"embeddable":true,"href":"https:\/\/ebp.org.br\/sp\/wp-json\/wp\/v2\/users\/1"}],"replies":[{"embeddable":true,"href":"https:\/\/ebp.org.br\/sp\/wp-json\/wp\/v2\/comments?post=6827"}],"version-history":[{"count":0,"href":"https:\/\/ebp.org.br\/sp\/wp-json\/wp\/v2\/pages\/6827\/revisions"}],"up":[{"embeddable":true,"href":"https:\/\/ebp.org.br\/sp\/wp-json\/wp\/v2\/pages\/6416"}],"wp:attachment":[{"href":"https:\/\/ebp.org.br\/sp\/wp-json\/wp\/v2\/media?parent=6827"}],"curies":[{"name":"wp","href":"https:\/\/api.w.org\/{rel}","templated":true}]}}