{"id":6568,"date":"2022-08-08T08:54:06","date_gmt":"2022-08-08T11:54:06","guid":{"rendered":"https:\/\/ebp.org.br\/sp\/?page_id=6568"},"modified":"2022-08-08T08:54:06","modified_gmt":"2022-08-08T11:54:06","slug":"orientacoes-para-envio-de-trabalhos-xi-jornadas-2","status":"publish","type":"page","link":"https:\/\/ebp.org.br\/sp\/jornadas\/xi-jornadas-%e2%b1%a5-verdade-e-o-gozo-que-nao-mente\/orientacoes-para-envio-de-trabalhos-xi-jornadas-2\/","title":{"rendered":"ORIENTA\u00c7\u00d5ES PARA ENVIO DE TRABALHOS &#8211; XI JORNADAS"},"content":{"rendered":"<section class=\"wpb-content-wrapper\">[vc_row][vc_column][vc_single_image image=&#8221;6423&#8243; img_size=&#8221;full&#8221; alignment=&#8221;center&#8221;][\/vc_column][\/vc_row][vc_row][vc_column width=&#8221;5\/6&#8243;][vc_column_text]\n<h3><span style=\"color: #808080;\"><strong>ORIENTA\u00c7\u00d5ES PARA ENVIO DE TRABALHOS<\/strong><\/span><\/h3>\n<p><strong><em>Data limite para envio dos trabalhos: 25 de setembro<\/em><\/strong><\/p>\n<ul>\n<li>Os textos devem ter, no m\u00e1ximo, 6000 caracteres (com espa\u00e7os), escritos em Times New Roman 12, justificado, espa\u00e7amento simples, com notas (refer\u00eancias) no fim de p\u00e1gina.<\/li>\n<li>Colocar no Cabe\u00e7alho o t\u00edtulo do trabalho, o nome do(a) autor(a) e o Eixo Tem\u00e1tico no qual o trabalho se insere.<\/li>\n<li>Os textos devem ser enviados em formato Word, anexado ao e-mail, colocando como assunto:\u00a0<em>Jornadas <\/em>\u201c<em>\u023a verdade e o gozo que n\u00e3o mente<\/em>\u201d<em> \u2013 envio de trabalhos<\/em>.<\/li>\n<li>Enviar para:\u00a0<a href=\"mailto:lufcarrijo@gmail.com\">mvcrastelo@yahoo.com.br<\/a> com c\u00f3pia para <a href=\"mailto:lepecego@hotmail.com\" target=\"_blank\" rel=\"noopener\">lepecego@hotmail.com<\/a><\/li>\n<\/ul>\n[\/vc_column_text][\/vc_column][vc_column width=&#8221;1\/6&#8243;][vc_single_image image=&#8221;6569&#8243; add_caption=&#8221;yes&#8221; onclick=&#8221;link_image&#8221;][\/vc_column][\/vc_row]\n<\/section>","protected":false},"excerpt":{"rendered":"<p>[vc_row][vc_column][vc_single_image image=&#8221;6423&#8243; img_size=&#8221;full&#8221; alignment=&#8221;center&#8221;][\/vc_column][\/vc_row][vc_row][vc_column width=&#8221;5\/6&#8243;][vc_column_text] ORIENTA\u00c7\u00d5ES PARA ENVIO DE TRABALHOS Data limite para envio dos trabalhos: 25 de setembro Os textos devem ter, no m\u00e1ximo, 6000 caracteres (com espa\u00e7os), escritos em Times New Roman 12, justificado, espa\u00e7amento simples, com notas (refer\u00eancias) no fim de p\u00e1gina. Colocar no Cabe\u00e7alho o t\u00edtulo do trabalho, o nome do(a)&hellip;<\/p>\n","protected":false},"author":1,"featured_media":0,"parent":6416,"menu_order":0,"comment_status":"closed","ping_status":"closed","template":"","meta":{"footnotes":""},"class_list":["post-6568","page","type-page","status-publish","hentry","entry","no-media"],"aioseo_notices":[],"_links":{"self":[{"href":"https:\/\/ebp.org.br\/sp\/wp-json\/wp\/v2\/pages\/6568","targetHints":{"allow":["GET"]}}],"collection":[{"href":"https:\/\/ebp.org.br\/sp\/wp-json\/wp\/v2\/pages"}],"about":[{"href":"https:\/\/ebp.org.br\/sp\/wp-json\/wp\/v2\/types\/page"}],"author":[{"embeddable":true,"href":"https:\/\/ebp.org.br\/sp\/wp-json\/wp\/v2\/users\/1"}],"replies":[{"embeddable":true,"href":"https:\/\/ebp.org.br\/sp\/wp-json\/wp\/v2\/comments?post=6568"}],"version-history":[{"count":0,"href":"https:\/\/ebp.org.br\/sp\/wp-json\/wp\/v2\/pages\/6568\/revisions"}],"up":[{"embeddable":true,"href":"https:\/\/ebp.org.br\/sp\/wp-json\/wp\/v2\/pages\/6416"}],"wp:attachment":[{"href":"https:\/\/ebp.org.br\/sp\/wp-json\/wp\/v2\/media?parent=6568"}],"curies":[{"name":"wp","href":"https:\/\/api.w.org\/{rel}","templated":true}]}}