{"id":6562,"date":"2022-07-26T18:12:45","date_gmt":"2022-07-26T21:12:45","guid":{"rendered":"https:\/\/ebp.org.br\/sp\/?page_id=6562"},"modified":"2022-07-26T18:12:45","modified_gmt":"2022-07-26T21:12:45","slug":"carta-de-sao-paulo-ano-29-no-1-abril-2022","status":"publish","type":"page","link":"https:\/\/ebp.org.br\/sp\/biblioteca\/publicacoes\/carta-sp-impressa\/carta-de-sao-paulo-ano-29-no-1-abril-2022\/","title":{"rendered":"Carta de S\u00e3o Paulo Ano 29 \u2013 No. 1 &#8211; ABRIL 2022"},"content":{"rendered":"<section class=\"wpb-content-wrapper\">[vc_row][vc_column][eikra-vc-text-title style=&#8221;style2&#8243; title=&#8221;Carta de S\u00e3o Paulo Impressa&#8221;]\n<h3>Ano 29 \u2013 No. 1 &#8211; ABRIL 2022<\/h3>\n[\/eikra-vc-text-title][vc_separator][\/vc_column][\/vc_row][vc_row][vc_column width=&#8221;1\/2&#8243;][vc_single_image image=&#8221;6563&#8243; img_size=&#8221;full&#8221; onclick=&#8221;custom_link&#8221; link=&#8221;http:\/\/ebp.org.br\/sp\/wp-content\/uploads\/2018\/04\/carta-16-no-1-2009.pdf&#8221;][\/vc_column][vc_column width=&#8221;1\/2&#8243;][vc_column_text]9 &#8211; Editorial &#8211; Paola Salinas<\/p>\n<p><strong>ORIENTA\u00c7\u00c3O LACANIANA\/ ELABORA\u00c7\u00d5ES EM TORNO DO PASSE<\/strong><\/p>\n<p>12- A ruptura que marca o la\u00e7o. Abertura da atividade do Conselho da Se\u00e7\u00e3o S\u00e3o Paulo \u2013 Orienta\u00e7\u00e3o Lacaniana: O lugar e o la\u00e7o &#8211; Teresinha N. M. Prado<\/p>\n<p>17- O passe \u00e9 uma constru\u00e7\u00e3o &#8211; Eliane Costa Dias<\/p>\n<p>23- Tr\u00eas vers\u00f5es do passe &#8211; Maria Helena Barbosa<\/p>\n<p>&nbsp;<\/p>\n<p><strong>ORIENTA\u00c7\u00c3O LACANIANA\/ La\u00e7o na Pandemia <\/strong><\/p>\n<p>30- A ruptura e o la\u00e7o: reflex\u00f5es em tempos de pandemia &#8211; Lucila Maiorino Darrigo<\/p>\n<p>37- O parceiro-mundo &#8211; Fernando Prota<\/p>\n<p>45- A tenta\u00e7\u00e3o do cl\u00ednico &#8211; Teresinha N. M. do Prado<\/p>\n<p>&nbsp;<\/p>\n<p><strong>O ENSINO DO PASSE <\/strong><\/p>\n<p>52- Caso S: impasses entre Sufici\u00eancia e Satisfa\u00e7\u00e3o &#8211; Sandra Arruda Grostein<\/p>\n<p>63- Coment\u00e1rio do testemunho de Sandra Grostein \u2013 Maria Josefina Sota Fuentes<\/p>\n<p>68- Coment\u00e1rio sobre \u201co passe do falasser\u201d: o passe \u00e9 uma constru\u00e7\u00e3o \u2013 Ana Lydia Santiago<\/p>\n<p>78- Passe e Escola \u2013 Angelina Harari<\/p>\n<p>92- Consentir ao Nome \u2013 Carlos Rossi<\/p>\n<p>99- Resson\u00e2ncias do Ato Anal\u00edtico \u2013 Tania Abreu<\/p>\n<p>&nbsp;<\/p>\n<p><strong>CONFER\u00caNCIA DE ABERTURA DAS X JORNADAS DA EBP-SP <em>PSICAN\u00c1LISE EM ATO<\/em>\u00a0 <\/strong><\/p>\n<p>109 \u2013 O ato anal\u00edtico, entre consentimento e consequ\u00eancia: com o que o tratamento lacaniano contribui para a civiliza\u00e7\u00e3o \u2013 Anna Arom\u00ed<\/p>\n<p>&nbsp;<\/p>\n<p><strong>PSICAN\u00c1LISE E ATO <\/strong><\/p>\n<p>127- Cl\u00ednica em ato &#8211; Gustavo Oliveira Menezes<\/p>\n<p>136 &#8211; Ato e tempo \u2013 uma perspectiva moebiana do mestre ao analista \u2013 Maria Bernadette Soares de Sant\u00b4Ana Pitteri<\/p>\n<p>145- Pol\u00edtica lacaniana do sintoma: em dire\u00e7\u00e3o a uma mudan\u00e7a de raz\u00e3o ou o pior \u2013 Cristiana Chacon Gallo<\/p>\n<p>153- Qual lugar para a psican\u00e1lise no mal-estar da civiliza\u00e7\u00e3o no s\u00e9culo XXI? \u2013 Milena Vicari Crastelo<\/p>\n<p>162- Incid\u00eancias do passe cl\u00ednico na pr\u00e1tica anal\u00edtica \u2013 Fernando Prota<\/p>\n<p>171- O passe na cl\u00ednica \u2013 Veridiana Marucio<\/p>\n<p>&nbsp;<\/p>\n<p><strong>CART\u00c9IS E SEUS PRODUTOS <\/strong><\/p>\n<p>181- O Cartel, teoria dos discursos da Escola \u2013 Nayara Reis<\/p>\n<p>186- Pela tela: tr\u00eas vezes em Roma \u2013 Jovita Carneiro de Lima<\/p>\n<p>191- Escrita: um risco \u2013 Marcela Magalh\u00e3es<\/p>\n<p>197- O sinthoma no final de an\u00e1lise: solid\u00e3o ou entusiasmo \u2013 Camila Col\u00e1s Sabino de Freitas<\/p>\n<p>202- Presen\u00e7a do analista na cl\u00ednica <em>on-line<\/em> com a crian\u00e7a autista \u2013 qual o lugar do objeto voz?- Tatiana C. Vidotti<\/p>\n<p>207- O saber elaborado na experi\u00eancia de cartel \u2013 Ana Paula Cipresso Borges<\/p>\n<p>212- A dupla face do cartel: produ\u00e7\u00e3o de saber e porta de entrada da Escola \u2013 Camila Popadiuk<\/p>\n<p>220- No trabalho da forma\u00e7\u00e3o anal\u00edtica, com Lacan, somos cartelizantes sempre? &#8211; Eduardo Benedicto<\/p>\n<p>225- Um cartel e seu(s) destino(s) \u2013 Janaina de Paula Costa Ver\u00edssimo<\/p>\n<p>231- Cartel, um la\u00e7o singular\u00a0 -Maria de Lourdes Mattos<\/p>\n<p>&nbsp;<\/p>\n<p><strong>CONVERSA\u00c7\u00c3O NA BIBLIOTECA <\/strong><\/p>\n<p>237- 100\u00a0 anos de \u201cPsicologia das massas e an\u00e1lise do Eu\u201d: a atualidade do texto \u2013 Romildo do R\u00eago Barros, Graciela Bessa e Fabiola Ramon<\/p>\n<p>&nbsp;<\/p>\n<p><strong>ATUALIDADES: PSICAN\u00c1LISE E POL\u00cdTICA <\/strong><\/p>\n<p>269- Intransit\u00e1vel \u2013 S\u00e9rgio Laia<\/p>\n<p>292- Psican\u00e1lise na Pol\u00edtica \u2013 Sandra Grostein<\/p>\n<p>300- \u201cS\u00f3 conhe\u00e7o uma \u00fanica origem da fraternidade [&#8230;], a segrega\u00e7\u00e3o\u201d \u2013 Maria do Carmo Dias Batista<\/p>\n<p>307- O psicanalista na pol\u00edtica \u2013 R\u00f4mulo Ferreira da Silva<\/p>\n<p>314 \u2013 Normas de Publica\u00e7\u00e3o <em>Carta de S\u00e3o Paulo<\/em>[\/vc_column_text][\/vc_column][\/vc_row]\n<\/section>","protected":false},"excerpt":{"rendered":"<p>[vc_row][vc_column][eikra-vc-text-title style=&#8221;style2&#8243; title=&#8221;Carta de S\u00e3o Paulo Impressa&#8221;] Ano 29 \u2013 No. 1 &#8211; ABRIL 2022 [\/eikra-vc-text-title][vc_separator][\/vc_column][\/vc_row][vc_row][vc_column width=&#8221;1\/2&#8243;][vc_single_image image=&#8221;6563&#8243; img_size=&#8221;full&#8221; onclick=&#8221;custom_link&#8221; link=&#8221;http:\/\/ebp.org.br\/sp\/wp-content\/uploads\/2018\/04\/carta-16-no-1-2009.pdf&#8221;][\/vc_column][vc_column width=&#8221;1\/2&#8243;][vc_column_text]9 &#8211; Editorial &#8211; Paola Salinas ORIENTA\u00c7\u00c3O LACANIANA\/ ELABORA\u00c7\u00d5ES EM TORNO DO PASSE 12- A ruptura que marca o la\u00e7o. Abertura da atividade do Conselho da Se\u00e7\u00e3o S\u00e3o Paulo \u2013 Orienta\u00e7\u00e3o Lacaniana: O lugar&hellip;<\/p>\n","protected":false},"author":1,"featured_media":0,"parent":2743,"menu_order":0,"comment_status":"closed","ping_status":"closed","template":"","meta":{"footnotes":""},"class_list":["post-6562","page","type-page","status-publish","hentry","entry","no-media"],"aioseo_notices":[],"_links":{"self":[{"href":"https:\/\/ebp.org.br\/sp\/wp-json\/wp\/v2\/pages\/6562","targetHints":{"allow":["GET"]}}],"collection":[{"href":"https:\/\/ebp.org.br\/sp\/wp-json\/wp\/v2\/pages"}],"about":[{"href":"https:\/\/ebp.org.br\/sp\/wp-json\/wp\/v2\/types\/page"}],"author":[{"embeddable":true,"href":"https:\/\/ebp.org.br\/sp\/wp-json\/wp\/v2\/users\/1"}],"replies":[{"embeddable":true,"href":"https:\/\/ebp.org.br\/sp\/wp-json\/wp\/v2\/comments?post=6562"}],"version-history":[{"count":0,"href":"https:\/\/ebp.org.br\/sp\/wp-json\/wp\/v2\/pages\/6562\/revisions"}],"up":[{"embeddable":true,"href":"https:\/\/ebp.org.br\/sp\/wp-json\/wp\/v2\/pages\/2743"}],"wp:attachment":[{"href":"https:\/\/ebp.org.br\/sp\/wp-json\/wp\/v2\/media?parent=6562"}],"curies":[{"name":"wp","href":"https:\/\/api.w.org\/{rel}","templated":true}]}}