{"id":6479,"date":"2022-06-28T16:36:03","date_gmt":"2022-06-28T19:36:03","guid":{"rendered":"https:\/\/ebp.org.br\/sp\/?page_id=6479"},"modified":"2022-06-28T16:36:03","modified_gmt":"2022-06-28T19:36:03","slug":"abertura-xi-jornadas","status":"publish","type":"page","link":"https:\/\/ebp.org.br\/sp\/jornadas\/xi-jornadas-%e2%b1%a5-verdade-e-o-gozo-que-nao-mente\/abertura-xi-jornadas\/","title":{"rendered":"ABERTURA &#8211; XI JORNADAS"},"content":{"rendered":"<section class=\"wpb-content-wrapper\">[vc_row][vc_column][vc_single_image image=&#8221;6423&#8243; img_size=&#8221;full&#8221; alignment=&#8221;center&#8221;][\/vc_column][\/vc_row][vc_row][vc_column][vc_column_text]\n<h3><span style=\"color: #5e4f42;\">ABERTURA DAS XI JORNADAS DA SE\u00c7\u00c3O S\u00c3O PAULO<\/span><\/h3>\n<h6><strong>Milena Vicari Crastelo<br \/>\n<\/strong>Membro da EBP e da AMP &#8211; Coordenadora Geral das XI Jornadas<\/h6>\n<figure id=\"attachment_6420\" aria-describedby=\"caption-attachment-6420\" style=\"width: 300px\" class=\"wp-caption alignnone\"><img loading=\"lazy\" decoding=\"async\" class=\"wp-image-6420 size-medium\" src=\"https:\/\/ebp.org.br\/sp\/wp-content\/uploads\/2022\/06\/boletim01_001-300x226.jpg\" alt=\"\" width=\"300\" height=\"226\" \/><figcaption id=\"caption-attachment-6420\" class=\"wp-caption-text\">Imagem: Instagram @contemporaryartcurator<\/figcaption><\/figure>\n<p>&nbsp;<\/p>\n<p>Agrade\u00e7o a Alessandra Pecego e toda a sua Diretoria por esse convite \u00e0 Coordena\u00e7\u00e3o da XI Jornadas da Se\u00e7\u00e3o S\u00e3o Paulo, \u201c\u023a verdade e o gozo que n\u00e3o mente\u201d, tema de trabalho desafiador e instigante, que nos convoca a trabalhar Lacan de ponta a ponta. Enla\u00e7a a dimens\u00e3o cl\u00ednica e pol\u00edtica e nos convoca a responder \u00e0 altura da subjetividade de nossa \u00e9poca, s\u00e9culo XXI, onde assistimos crescer o que Freud nomeou como \u201cO mal-estar da civiliza\u00e7\u00e3o\u201d decifrado por Lacan como os \u201cimpasses da civiliza\u00e7\u00e3o\u201d<a href=\"#_edn1\" name=\"_ednref1\">[1]<\/a>.<\/p>\n<p>O gozo est\u00e1 na ordem do dia alimentando o mal-estar. Sabemos com Freud que a civiliza\u00e7\u00e3o se funda por uma ren\u00fancia \u00e0 satisfa\u00e7\u00e3o e com a lupa de Lacan chegamos ao imperativo supereg\u00f3ico: Goze! Da interdi\u00e7\u00e3o fomos para o empuxo \u00e0 satisfa\u00e7\u00e3o, mas o mal-estar permanece, apontando para o real do gozo.<\/p>\n<p>Em uma aula de 9 de maio de 1990 do curso \u201cO banquete dos analistas\u201d, publicada em Op\u00e7\u00e3o lacaniana 06\u00a0 e intitulada \u201cSobre o Transfinito\u201d, Miller faz um recorrido na obra lacaniana: \u201c Poder\u00edamos dizer que a primeira fase do ensino de Lacan come\u00e7a e termina pela exalta\u00e7\u00e3o da verdade\u201d<a href=\"#_edn2\" name=\"_ednref2\">[2]<\/a>; mas ele n\u00e3o para por a\u00ed, faz uma virada e em seu escrito \u201cA ci\u00eancia e a verdade\u201d coloca a verdade do lado da n\u00e3o exist\u00eancia: \u201cA verdade n\u00e3o existe conclui-se por n\u00e3o haver v\u00e1rias formas que se imp\u00f5em ao verdadeiro\u201d<a href=\"#_edn3\" name=\"_ednref3\">[3]<\/a>.<\/p>\n<p>Essas Jornadas nos convocam a seguir os passos de Lacan e a n\u00e3o separar a cl\u00ednica do que se apresenta na civiliza\u00e7\u00e3o. A psican\u00e1lise \u00e9 guardi\u00e3 da singularidade, da diferen\u00e7a, em \u00faltima inst\u00e2ncia do Real, que segue insistindo e retornando sempre. Enquanto psicanalistas temos a responsabilidade de \u201cfazer escutar a voz do singular, a fim de que ela\u201d, a psican\u00e1lise, \u201ccontinue sendo uma alternativa viva no s\u00e9culo XXI\u201d<a href=\"#_edn4\" name=\"_ednref4\">[4]<\/a>.<\/p>\n<p>Est\u00e3o todos convidados ao trabalho, a pegarem suas lupas e colocar de si neste percurso. Teremos 4 meses intensos de trabalho, para nos dia 04 e 05 de novembro recebermos em nossa casa Laurent Dupont AME, membro da ECF\/AMP, que nos dar\u00e1 a alegria de sua presen\u00e7a fazendo coro aos corpos que estiverem conosco no Hotel Meli\u00e1. Depois de longos dois anos de isolamento e tempos sombrios, um respiro um tanto aliviado para um encontro t\u00e3o esperado!<\/p>\n<p>Com grande alegria conto com Angelina Harari, AME, membro da EBP\/AMP na coordena\u00e7\u00e3o da Comiss\u00e3o de Orienta\u00e7\u00e3o, que com sua subvers\u00e3o, sempre muito bem-vinda, aposta no novo e com certeza nos surpreender\u00e1 ao longo desse trabalho, produzindo \u201condas\u201d para a EBP-SP.<\/p>\n<p>E conto tamb\u00e9m com o trabalho de cada um dos coordenadores das demais comiss\u00f5es, trabalhadores decididos que vem dar corpo a nossa Jornadas. Os agrade\u00e7o nominalmente: Comiss\u00e3o de Infraestrutura Eliana Figueiredo e Rosangela Turim, Comiss\u00e3o de Refer\u00eancias Bibliogr\u00e1ficas e Livraria Camila Popadiuk e Silvia Sato, Comiss\u00e3o de Secretaria e Tesouraria Maria Celia Kato e Eduardo Vallejos, Comiss\u00e3o de Acolhimento Paula Caio e Mirmila Musse, Comiss\u00e3o de Boletim Jovita Carneiro de Lima e Niraldo de Oliveira Santos, Comiss\u00e3o de Divulga\u00e7\u00e3o Camila Col\u00e1s e Janaina Verissimo. Estendo o agradecimento a cada colega integrante das comiss\u00f5es.<\/p>\n<p>E \u00e0 comiss\u00e3o de orienta\u00e7\u00e3o, que para estas Jornadas funcionar\u00e1 de maneira singular, composta por uma Comiss\u00e3o de Argumento, que conta com Camila Col\u00e1s, Eduardo Vallejos, Fabr\u00edcio Donizete, Francisco Durante, Francisco Junior Lemes e Luisa Fromer; e uma Comiss\u00e3o de Preparat\u00f3rias e Simult\u00e2neas composta por Carmen Cervelatti, Cristiana Gallo, Heloisa Telles, Lucila Darrigo, Marilsa Basso e Paola Salinas.<\/p>\n<p>Convidamos todos voc\u00eas a se inscreverem nestas Jornadas e para colocarem seu gr\u00e3o de sal enviando seu trabalho at\u00e9 o dia 25 de setembro.<\/p>\n<p>Bom trabalho para n\u00f3s!<\/p>\n<p>&nbsp;<\/p>\n<hr \/>\n<h6><a href=\"#_ednref1\" name=\"_edn1\">[1]<\/a> MILLER, J-A. O real no s\u00e9culo XXI. Confer\u00eancia pronunciada por <em>Jacques-Alain Miller<\/em> ao final do VIII Congresso da AMP. In: A Ordem Simb\u00f3lica no S\u00e9culo XXI n\u00e3o \u00e9 mais o que era. Quais as consequ\u00eancias para o tratamento? Colet\u00e2nea de textos do VIII Congresso da AMP. AMP| Subversos, Rio de Janeiro, 2013 p. 394-403.<\/h6>\n<h6><a href=\"#_ednref2\" name=\"_edn2\">[2]<\/a> MILLER, J-A. Sobre o transfinito. In: Op\u00e7\u00e3o Lacaniana, ano1 &#8211; n. 06, outubro de 1993 p 1.<\/h6>\n<h6><a href=\"#_ednref3\" name=\"_edn3\">[3]<\/a> Ibidem. P. 1-2<\/h6>\n<h6><a href=\"#_ednref4\" name=\"_edn4\">[4]<\/a> MATET, J-D. Apresenta\u00e7\u00e3o do tema do IX Congresso da AMP. In: A Ordem Simb\u00f3lica no S\u00e9culo XXI n\u00e3o \u00e9 mais o que era. Quais as consequ\u00eancias para o tratamento? Colet\u00e2nea de textos do VIII Congresso da AMP. AMP| Subversos, Rio de Janeiro, 2013 p. 393.<\/h6>\n[\/vc_column_text][\/vc_column][\/vc_row]\n<\/section>","protected":false},"excerpt":{"rendered":"<p>[vc_row][vc_column][vc_single_image image=&#8221;6423&#8243; img_size=&#8221;full&#8221; alignment=&#8221;center&#8221;][\/vc_column][\/vc_row][vc_row][vc_column][vc_column_text] ABERTURA DAS XI JORNADAS DA SE\u00c7\u00c3O S\u00c3O PAULO Milena Vicari Crastelo Membro da EBP e da AMP &#8211; Coordenadora Geral das XI Jornadas &nbsp; Agrade\u00e7o a Alessandra Pecego e toda a sua Diretoria por esse convite \u00e0 Coordena\u00e7\u00e3o da XI Jornadas da Se\u00e7\u00e3o S\u00e3o Paulo, \u201c\u023a verdade e o gozo que&hellip;<\/p>\n","protected":false},"author":1,"featured_media":0,"parent":6416,"menu_order":0,"comment_status":"closed","ping_status":"closed","template":"","meta":{"footnotes":""},"class_list":["post-6479","page","type-page","status-publish","hentry","entry","no-media"],"aioseo_notices":[],"_links":{"self":[{"href":"https:\/\/ebp.org.br\/sp\/wp-json\/wp\/v2\/pages\/6479","targetHints":{"allow":["GET"]}}],"collection":[{"href":"https:\/\/ebp.org.br\/sp\/wp-json\/wp\/v2\/pages"}],"about":[{"href":"https:\/\/ebp.org.br\/sp\/wp-json\/wp\/v2\/types\/page"}],"author":[{"embeddable":true,"href":"https:\/\/ebp.org.br\/sp\/wp-json\/wp\/v2\/users\/1"}],"replies":[{"embeddable":true,"href":"https:\/\/ebp.org.br\/sp\/wp-json\/wp\/v2\/comments?post=6479"}],"version-history":[{"count":0,"href":"https:\/\/ebp.org.br\/sp\/wp-json\/wp\/v2\/pages\/6479\/revisions"}],"up":[{"embeddable":true,"href":"https:\/\/ebp.org.br\/sp\/wp-json\/wp\/v2\/pages\/6416"}],"wp:attachment":[{"href":"https:\/\/ebp.org.br\/sp\/wp-json\/wp\/v2\/media?parent=6479"}],"curies":[{"name":"wp","href":"https:\/\/api.w.org\/{rel}","templated":true}]}}