{"id":6443,"date":"2022-06-26T08:42:06","date_gmt":"2022-06-26T11:42:06","guid":{"rendered":"https:\/\/ebp.org.br\/sp\/?page_id=6443"},"modified":"2022-06-26T08:42:06","modified_gmt":"2022-06-26T11:42:06","slug":"inscricoes-xi-jornadas","status":"publish","type":"page","link":"https:\/\/ebp.org.br\/sp\/jornadas\/xi-jornadas-%e2%b1%a5-verdade-e-o-gozo-que-nao-mente\/inscricoes-xi-jornadas\/","title":{"rendered":"INSCRI\u00c7\u00d5ES &#8211; XI JORNADAS"},"content":{"rendered":"<section class=\"wpb-content-wrapper\">[vc_row][vc_column][vc_single_image image=&#8221;6423&#8243; img_size=&#8221;full&#8221; alignment=&#8221;center&#8221;][\/vc_column][\/vc_row][vc_row][vc_column][vc_column_text]\n<h3><span style=\"color: #5e4f42;\">INSCRI\u00c7\u00d5ES &#8211; XI JORNADAS<\/span><\/h3>\n<figure id=\"attachment_6444\" aria-describedby=\"caption-attachment-6444\" style=\"width: 300px\" class=\"wp-caption alignright\"><img loading=\"lazy\" decoding=\"async\" class=\"wp-image-6444 size-medium\" src=\"https:\/\/ebp.org.br\/sp\/wp-content\/uploads\/2022\/06\/boletim01_008-300x196.jpg\" alt=\"\" width=\"300\" height=\"196\" \/><figcaption id=\"caption-attachment-6444\" class=\"wp-caption-text\">Imagem: Instagram @contemporary_art<\/figcaption><\/figure>\n<p><strong>Per\u00edodo para inscri\u00e7\u00f5es<\/strong>:<\/p>\n<ul>\n<li>In\u00edcio: 30 de junho<\/li>\n<li>Os valores s\u00e3o os mesmos tanto para a modalidade presencial quanto virtual<\/li>\n<\/ul>\n<p><strong>\u00a0<\/strong><strong>Valores at\u00e9 30\/09<\/strong><\/p>\n<ul>\n<li>Membros da EBP\/AMP e profissionais: R$ 300,00<\/li>\n<li>Alunos dos Institutos do Campo Freudiano: R$ 240,00<\/li>\n<li>Alunos de gradua\u00e7\u00e3o e servidores p\u00fablicos: R$ 150,00<\/li>\n<\/ul>\n<p><strong>\u00a0<\/strong><strong>Valores a partir de 01\/10<\/strong><\/p>\n<ul>\n<li>Membros da EBP\/AMP e profissionais: R$ 330,00<\/li>\n<li>Alunos dos Institutos do Campo Freudiano: R$ 260,00<\/li>\n<li>Alunos de gradua\u00e7\u00e3o e servidores p\u00fablicos: R$ 170,00<\/li>\n<\/ul>\n[\/vc_column_text][\/vc_column][\/vc_row][vc_row][vc_column][vc_btn title=&#8221;Fa\u00e7a sua inscri\u00e7\u00e3o!&#8221; color=&#8221;chino&#8221; link=&#8221;url:https%3A%2F%2Fforms.gle%2FMYK7jng4xPDYo3ea7|target:_blank&#8221;][\/vc_column][\/vc_row][vc_row][vc_column][vc_column_text]<strong>Dados para Pagamento:<\/strong><\/p>\n<ul>\n<li>Banco Ita\u00fa<\/li>\n<li>Ag\u00eancia: 0188<\/li>\n<li>Conta corrente: 65666-4<\/li>\n<li>CNPJ: 02.252.068\/0001-93<\/li>\n<li>Escola Brasileira de Psican\u00e1lise do Campo Freudiano Se\u00e7\u00e3o S\u00e3o Paulo<\/li>\n<\/ul>\n<p><strong>\u00a0OU<\/strong><\/p>\n<ul>\n<li>PIX: CNPJ: 02.252.068\/0001-93<\/li>\n<\/ul>\n<p>Para a efetiva\u00e7\u00e3o da inscri\u00e7\u00e3o, \u00e9 necess\u00e1rio preencher o formul\u00e1rio e enviar o comprovante de pagamento para o e-mail: <a href=\"mailto:jornadas.ebpsp@gmail.com\">jornadas.ebpsp@gmail.com<\/a>, juntamente com o comprovante de matr\u00edcula nas inscri\u00e7\u00f5es realizadas por alunos em uma das modalidades.<\/p>\n<p>A inscri\u00e7\u00e3o ser\u00e1 confirmada ap\u00f3s a efetiva\u00e7\u00e3o do dep\u00f3sito.<\/p>\n<p>Caso voc\u00ea tenha se inscrito na modalidade virtual, as atividades acontecer\u00e3o pela plataforma zoom. Nos dias das Jornadas voc\u00ea receber\u00e1 por e-mail o link para participa\u00e7\u00e3o nas atividades.<\/p>\n<p>O link \u00e9 individual e intransfer\u00edvel.<\/p>\n<p><strong>N\u00e3o deixe sua inscri\u00e7\u00e3o para a \u00faltima hora! As vagas s\u00e3o limitadas!<\/strong>[\/vc_column_text][\/vc_column][\/vc_row]\n<\/section>","protected":false},"excerpt":{"rendered":"<p>[vc_row][vc_column][vc_single_image image=&#8221;6423&#8243; img_size=&#8221;full&#8221; alignment=&#8221;center&#8221;][\/vc_column][\/vc_row][vc_row][vc_column][vc_column_text] INSCRI\u00c7\u00d5ES &#8211; XI JORNADAS Per\u00edodo para inscri\u00e7\u00f5es: In\u00edcio: 30 de junho Os valores s\u00e3o os mesmos tanto para a modalidade presencial quanto virtual \u00a0Valores at\u00e9 30\/09 Membros da EBP\/AMP e profissionais: R$ 300,00 Alunos dos Institutos do Campo Freudiano: R$ 240,00 Alunos de gradua\u00e7\u00e3o e servidores p\u00fablicos: R$ 150,00 \u00a0Valores a&hellip;<\/p>\n","protected":false},"author":1,"featured_media":0,"parent":6416,"menu_order":0,"comment_status":"closed","ping_status":"closed","template":"","meta":{"footnotes":""},"class_list":["post-6443","page","type-page","status-publish","hentry","entry","no-media"],"aioseo_notices":[],"_links":{"self":[{"href":"https:\/\/ebp.org.br\/sp\/wp-json\/wp\/v2\/pages\/6443","targetHints":{"allow":["GET"]}}],"collection":[{"href":"https:\/\/ebp.org.br\/sp\/wp-json\/wp\/v2\/pages"}],"about":[{"href":"https:\/\/ebp.org.br\/sp\/wp-json\/wp\/v2\/types\/page"}],"author":[{"embeddable":true,"href":"https:\/\/ebp.org.br\/sp\/wp-json\/wp\/v2\/users\/1"}],"replies":[{"embeddable":true,"href":"https:\/\/ebp.org.br\/sp\/wp-json\/wp\/v2\/comments?post=6443"}],"version-history":[{"count":0,"href":"https:\/\/ebp.org.br\/sp\/wp-json\/wp\/v2\/pages\/6443\/revisions"}],"up":[{"embeddable":true,"href":"https:\/\/ebp.org.br\/sp\/wp-json\/wp\/v2\/pages\/6416"}],"wp:attachment":[{"href":"https:\/\/ebp.org.br\/sp\/wp-json\/wp\/v2\/media?parent=6443"}],"curies":[{"name":"wp","href":"https:\/\/api.w.org\/{rel}","templated":true}]}}