{"id":6440,"date":"2022-06-26T08:33:17","date_gmt":"2022-06-26T11:33:17","guid":{"rendered":"https:\/\/ebp.org.br\/sp\/?page_id=6440"},"modified":"2022-06-26T08:33:17","modified_gmt":"2022-06-26T11:33:17","slug":"comissoes-organizadoras-xi-jornadas","status":"publish","type":"page","link":"https:\/\/ebp.org.br\/sp\/jornadas\/xi-jornadas-%e2%b1%a5-verdade-e-o-gozo-que-nao-mente\/comissoes-organizadoras-xi-jornadas\/","title":{"rendered":"COMISS\u00d5ES ORGANIZADORAS &#8211; XI JORNADAS"},"content":{"rendered":"<section class=\"wpb-content-wrapper\">[vc_row][vc_column][vc_single_image image=&#8221;6423&#8243; img_size=&#8221;full&#8221; alignment=&#8221;center&#8221;][\/vc_column][\/vc_row][vc_row][vc_column][vc_column_text]\n<h3><span style=\"color: #5e4f42;\"><strong>COMISS\u00d5ES ORGANIZADORAS<\/strong><\/span><\/h3>\n<figure id=\"attachment_6441\" aria-describedby=\"caption-attachment-6441\" style=\"width: 300px\" class=\"wp-caption alignright\"><img loading=\"lazy\" decoding=\"async\" class=\"size-medium wp-image-6441\" src=\"https:\/\/ebp.org.br\/sp\/wp-content\/uploads\/2022\/06\/boletim01_006-300x300.jpg\" alt=\"\" width=\"300\" height=\"300\" \/><figcaption id=\"caption-attachment-6441\" class=\"wp-caption-text\">Imagem: Instagram @masp<\/figcaption><\/figure>\n<p><strong>Diretoria da EBP-SP<\/strong><\/p>\n<ul>\n<li>Diretora Geral: Alessandra Pecego<\/li>\n<li>Diretora de Secretaria e Tesouraria: Daniela C. B. Affonso<\/li>\n<li>Diretor de Cart\u00e9is e Interc\u00e2mbios: Gustavo Oliveira Menezes<\/li>\n<li>Diretora de Biblioteca: Fabiola Ramon<\/li>\n<\/ul>\n<p><strong>Coordena\u00e7\u00e3o Geral das XI Jornadas<\/strong><\/p>\n<ul>\n<li>Milena Vicari Crastelo<\/li>\n<\/ul>\n<hr \/>\n<h3><span style=\"color: #5e4f42;\"><strong>Comiss\u00f5es Organizadoras<\/strong><\/span><\/h3>\n<p><strong>Comiss\u00e3o de Argumento e Comiss\u00e3o de Preparat\u00f3rias e Simult\u00e2neas<\/strong><\/p>\n<ul>\n<li>Angelina Harari (coordenadora)<\/li>\n<\/ul>\n<p><strong>Comiss\u00e3o de Argumento<\/strong><\/p>\n<ul>\n<li>Camila Col\u00e1s<\/li>\n<li>Eduardo Vallejos<\/li>\n<li>Fabricio Donizete da Costa<\/li>\n<li>Francisco Durante<\/li>\n<li>Francisco Lemes<\/li>\n<li>Luisa Fromer<\/li>\n<\/ul>\n<p><strong>Comiss\u00e3o de Preparat\u00f3rias e Simult\u00e2neas <\/strong><\/p>\n<ul>\n<li>Carmen Cervelatti<\/li>\n<li>Cristiana Gallo<\/li>\n<li>Heloisa Telles<\/li>\n<li>Lucila Darigo<\/li>\n<li>Marilsa Basso<\/li>\n<li>Paola Salinas<\/li>\n<\/ul>\n<p><strong>Comiss\u00e3o de Infraestrutura <\/strong><\/p>\n<ul>\n<li><strong>Eliana Figueiredo <\/strong>(coordenadora)<\/li>\n<li><strong>Ros\u00e2ngela Turim <\/strong>(coordenadora)<\/li>\n<li>Ana Paula Cipresso Borges<\/li>\n<li>Aparecida Santa Clara Berlitz<\/li>\n<li>Cl\u00e1udio Ivan Bezerra<\/li>\n<li>M\u00e1rcia Aparecida Barbeito<\/li>\n<li>Rosangela Aparecida dos Santos<\/li>\n<li>Tatiana Cristina Vidotti<\/li>\n<li>Tissiane Gushiken da Silva<\/li>\n<\/ul>\n<p><strong>Comiss\u00e3o de Refer\u00eancias Bibliogr\u00e1ficas e Livraria<\/strong><\/p>\n<ul>\n<li><strong>Camila Popadiuk <\/strong>(coordenadora)<\/li>\n<li><strong>Silvia Sato <\/strong>(coordenadora)<\/li>\n<li>Armando Andures<\/li>\n<li>Camila Morelli<\/li>\n<li>Cassia Gindro<\/li>\n<li>C\u00e1ssia Rumenos Guardado<\/li>\n<li>Eduardo Bueno<\/li>\n<li>Emelice Prado<\/li>\n<li>Jos\u00e9 Wilson Ramos Braga Jr<\/li>\n<li>Marcella Oliveira<\/li>\n<li>Magno Azevedo<\/li>\n<li>Maria do Carmo Dias Batista<\/li>\n<li>Mariana Ferretti<\/li>\n<li>Perpetua Medrado<\/li>\n<li>Rubens Berlitz<\/li>\n<li>Siglia Le\u00e3o<\/li>\n<\/ul>\n<hr \/>\n<p><strong>Comiss\u00e3o de Secretaria e Tesouraria<\/strong><\/p>\n<ul>\n<li><strong>Eduardo Vallejos <\/strong>(coordenador)<\/li>\n<li><strong>Maria Celia Kato <\/strong>(coordenadora)<\/li>\n<li>Felipe Ortolani<\/li>\n<li>Fernanda Gomes de Carvalho<\/li>\n<li>Francisco Durante<\/li>\n<li>Gabriela Ponte Rodrigues<\/li>\n<li>Jos\u00e9 Danilo Canesin<\/li>\n<li>Maria de Lourdes Mattos<\/li>\n<\/ul>\n<p><strong>Comiss\u00e3o de Acolhimento<\/strong><\/p>\n<ul>\n<li><strong>Mirmila Musse <\/strong>(coordenadora)<\/li>\n<li><strong>Paula Caio Carvalho <\/strong>(coordenadora)<\/li>\n<li>Diva Rubim Parentoni<\/li>\n<li>Felipe Bier<\/li>\n<li>Maria Veridiana Paes de Barros<\/li>\n<li>Marilice Santos Guerra<\/li>\n<\/ul>\n<p><strong>Comiss\u00e3o de Boletim<\/strong><\/p>\n<ul>\n<li><strong>Jovita Carneiro de Lima <\/strong>(coordenadora)<\/li>\n<li><strong>Niraldo de Oliveira Santos <\/strong>(coordenador)<\/li>\n<li>Andressa Luz<\/li>\n<li>Cynthia Gindro<\/li>\n<li>\u00c9lida Biasoli<\/li>\n<li>Elis\u00e2ngela Miras<\/li>\n<li>Gabriela Malvezzi<\/li>\n<li>Noemi Ara\u00fajo<\/li>\n<li>Paula Maia<\/li>\n<li>Veridiana Marucio<\/li>\n<\/ul>\n<p><strong>Comiss\u00e3o de Divulga\u00e7\u00e3o<\/strong><\/p>\n<ul>\n<li><strong>Camila Col\u00e1s <\/strong>(coordenadora)<\/li>\n<li><strong>Janaina Ver\u00edssimo <\/strong>(coordenadora)<\/li>\n<li>D\u00e9bora Garcia<\/li>\n<li>Jo\u00e3o Lucas Borges Zanchi<\/li>\n<li>Luciana\u00a0 Ernanny Legey<\/li>\n<li>Priscila Tavares<\/li>\n<li>Vagner Arakawa<\/li>\n<\/ul>\n[\/vc_column_text][\/vc_column][\/vc_row]\n<\/section>","protected":false},"excerpt":{"rendered":"<p>[vc_row][vc_column][vc_single_image image=&#8221;6423&#8243; img_size=&#8221;full&#8221; alignment=&#8221;center&#8221;][\/vc_column][\/vc_row][vc_row][vc_column][vc_column_text] COMISS\u00d5ES ORGANIZADORAS Diretoria da EBP-SP Diretora Geral: Alessandra Pecego Diretora de Secretaria e Tesouraria: Daniela C. B. Affonso Diretor de Cart\u00e9is e Interc\u00e2mbios: Gustavo Oliveira Menezes Diretora de Biblioteca: Fabiola Ramon Coordena\u00e7\u00e3o Geral das XI Jornadas Milena Vicari Crastelo Comiss\u00f5es Organizadoras Comiss\u00e3o de Argumento e Comiss\u00e3o de Preparat\u00f3rias e Simult\u00e2neas Angelina&hellip;<\/p>\n","protected":false},"author":1,"featured_media":0,"parent":6416,"menu_order":0,"comment_status":"closed","ping_status":"closed","template":"","meta":{"footnotes":""},"class_list":["post-6440","page","type-page","status-publish","hentry","entry","no-media"],"aioseo_notices":[],"_links":{"self":[{"href":"https:\/\/ebp.org.br\/sp\/wp-json\/wp\/v2\/pages\/6440","targetHints":{"allow":["GET"]}}],"collection":[{"href":"https:\/\/ebp.org.br\/sp\/wp-json\/wp\/v2\/pages"}],"about":[{"href":"https:\/\/ebp.org.br\/sp\/wp-json\/wp\/v2\/types\/page"}],"author":[{"embeddable":true,"href":"https:\/\/ebp.org.br\/sp\/wp-json\/wp\/v2\/users\/1"}],"replies":[{"embeddable":true,"href":"https:\/\/ebp.org.br\/sp\/wp-json\/wp\/v2\/comments?post=6440"}],"version-history":[{"count":0,"href":"https:\/\/ebp.org.br\/sp\/wp-json\/wp\/v2\/pages\/6440\/revisions"}],"up":[{"embeddable":true,"href":"https:\/\/ebp.org.br\/sp\/wp-json\/wp\/v2\/pages\/6416"}],"wp:attachment":[{"href":"https:\/\/ebp.org.br\/sp\/wp-json\/wp\/v2\/media?parent=6440"}],"curies":[{"name":"wp","href":"https:\/\/api.w.org\/{rel}","templated":true}]}}