{"id":6433,"date":"2022-06-26T08:25:16","date_gmt":"2022-06-26T11:25:16","guid":{"rendered":"https:\/\/ebp.org.br\/sp\/?page_id=6433"},"modified":"2022-06-26T08:25:16","modified_gmt":"2022-06-26T11:25:16","slug":"carteis-xi-jornadas","status":"publish","type":"page","link":"https:\/\/ebp.org.br\/sp\/jornadas\/xi-jornadas-%e2%b1%a5-verdade-e-o-gozo-que-nao-mente\/carteis-xi-jornadas\/","title":{"rendered":"CART\u00c9IS &#8211; XI JORNADAS"},"content":{"rendered":"<section class=\"wpb-content-wrapper\">[vc_row][vc_column][vc_single_image image=&#8221;6423&#8243; img_size=&#8221;full&#8221; alignment=&#8221;center&#8221;][\/vc_column][\/vc_row][vc_row][vc_column][vc_column_text]\n<h3><span style=\"color: #5e4f42;\">CART\u00c9IS EM TORNO DAS XI JORNADAS DA EBP-SP<\/span><\/h3>\n<figure id=\"attachment_6435\" aria-describedby=\"caption-attachment-6435\" style=\"width: 300px\" class=\"wp-caption alignright\"><img loading=\"lazy\" decoding=\"async\" class=\"size-medium wp-image-6435\" src=\"https:\/\/ebp.org.br\/sp\/wp-content\/uploads\/2022\/06\/boletim01_004-300x259.jpg\" alt=\"\" width=\"300\" height=\"259\" \/><figcaption id=\"caption-attachment-6435\" class=\"wp-caption-text\">Imagem: Instagram @masp<\/figcaption><\/figure>\n<h6><strong>Gustavo Oliveira Menezes<br \/>\n<\/strong>Membro da EBP e da AMP<br \/>\nDiretor de cart\u00e9is e interc\u00e2mbio da EBP-SP<\/h6>\n<p>\u00d3rg\u00e3o de base da Escola, o dispositivo de cartel \u00e9 fundamental para manter sua l\u00f3gica de funcionamento, assim como fazer circular a transfer\u00eancia de trabalho. \u00c9 tamb\u00e9m o espa\u00e7o privilegiado para as produ\u00e7\u00f5es epist\u00eamicas e que ir\u00e3o contribuir para animar nosso evento.<\/p>\n<p>Para estas XI Jornadas da EBP-SP, a diretoria incentiva a forma\u00e7\u00e3o destes pequenos grupos em torno do tema proposto \u2013 \u023a Verdade e o gozo que n\u00e3o mente \u2013, assim como dos eixos tem\u00e1ticos.<\/p>\n<p>Os interessados em formar cart\u00e9is fulgurantes podem entrar em contato enviando nome, e-mail e tema (ou eixo de interesse) para:\u00a0<a href=\"mailto:cartelebpsp@gmail.com\">cartelebpsp@gmail.com<\/a>.<\/p>\n<p>A comiss\u00e3o de cart\u00e9is da EBP-SP ir\u00e1 facilitar a forma\u00e7\u00e3o destes grupos. D\u00favidas quanto ao funcionamento podem ser endere\u00e7adas ao e-mail acima ou consultando as informa\u00e7\u00f5es no site:\u00a0<a href=\"https:\/\/ebp.org.br\/sp\/carteis\/\">ebp.org.br\/sp\/carteis\/<\/a>[\/vc_column_text][\/vc_column][\/vc_row]\n<\/section>","protected":false},"excerpt":{"rendered":"<p>[vc_row][vc_column][vc_single_image image=&#8221;6423&#8243; img_size=&#8221;full&#8221; alignment=&#8221;center&#8221;][\/vc_column][\/vc_row][vc_row][vc_column][vc_column_text] CART\u00c9IS EM TORNO DAS XI JORNADAS DA EBP-SP Gustavo Oliveira Menezes Membro da EBP e da AMP Diretor de cart\u00e9is e interc\u00e2mbio da EBP-SP \u00d3rg\u00e3o de base da Escola, o dispositivo de cartel \u00e9 fundamental para manter sua l\u00f3gica de funcionamento, assim como fazer circular a transfer\u00eancia de trabalho. \u00c9 tamb\u00e9m&hellip;<\/p>\n","protected":false},"author":1,"featured_media":0,"parent":6416,"menu_order":0,"comment_status":"closed","ping_status":"closed","template":"","meta":{"footnotes":""},"class_list":["post-6433","page","type-page","status-publish","hentry","entry","no-media"],"aioseo_notices":[],"_links":{"self":[{"href":"https:\/\/ebp.org.br\/sp\/wp-json\/wp\/v2\/pages\/6433","targetHints":{"allow":["GET"]}}],"collection":[{"href":"https:\/\/ebp.org.br\/sp\/wp-json\/wp\/v2\/pages"}],"about":[{"href":"https:\/\/ebp.org.br\/sp\/wp-json\/wp\/v2\/types\/page"}],"author":[{"embeddable":true,"href":"https:\/\/ebp.org.br\/sp\/wp-json\/wp\/v2\/users\/1"}],"replies":[{"embeddable":true,"href":"https:\/\/ebp.org.br\/sp\/wp-json\/wp\/v2\/comments?post=6433"}],"version-history":[{"count":0,"href":"https:\/\/ebp.org.br\/sp\/wp-json\/wp\/v2\/pages\/6433\/revisions"}],"up":[{"embeddable":true,"href":"https:\/\/ebp.org.br\/sp\/wp-json\/wp\/v2\/pages\/6416"}],"wp:attachment":[{"href":"https:\/\/ebp.org.br\/sp\/wp-json\/wp\/v2\/media?parent=6433"}],"curies":[{"name":"wp","href":"https:\/\/api.w.org\/{rel}","templated":true}]}}