{"id":6276,"date":"2022-03-07T07:07:43","date_gmt":"2022-03-07T10:07:43","guid":{"rendered":"https:\/\/ebp.org.br\/sp\/?page_id=6276"},"modified":"2023-10-13T08:42:26","modified_gmt":"2023-10-13T11:42:26","slug":"acervo-vivo","status":"publish","type":"page","link":"https:\/\/ebp.org.br\/sp\/biblioteca\/acervo-vivo\/","title":{"rendered":"Acervo Vivo"},"content":{"rendered":"<section class=\"wpb-content-wrapper\">[vc_row][vc_column][vc_column_text]\n<h3><span style=\"color: #993300;\">ACERVO VIVO<\/span><\/h3>\n<p>Acervo \u00e9 o nome mais geral pelo qual se entende uma jun\u00e7\u00e3o de m\u00eddias, dentre elas, os livros. A biblioteca da EBPSP \u00e9 composta por um conjunto de livros prioritariamente do campo da psican\u00e1lise de orienta\u00e7\u00e3o lacaniana, textos cl\u00e1ssicos e fundamentais da psican\u00e1lise e de sua hist\u00f3ria e obras de \u00e1reas afins, com recortes e caracter\u00edsticas pr\u00f3prias ao campo freudiano. Essas caracter\u00edsticas d\u00e3o identidade e corpo \u00e0 nossa biblioteca.<\/p>\n<p>Em 2020 a EBPSP recebeu a doa\u00e7\u00e3o do acervo pessoal de livros do psicanalista membro da EBP\/AMP Carlos Augusto Nic\u00e9as, que nos deixou em 2018. Com cerca de 1520 t\u00edtulos, em sua maioria publica\u00e7\u00f5es psicanal\u00edticas e de campos do saber que dialogam com a psican\u00e1lise, s\u00e3o in\u00fameras preciosidades que v\u00e3o de primeiras edi\u00e7\u00f5es de cl\u00e1ssicos da psican\u00e1lise, primeiras publica\u00e7\u00f5es de interlocutores contempor\u00e2neos de Lacan a diversos n\u00fameros de revistas que contam a hist\u00f3ria do campo freudiano na Fran\u00e7a e no Brasil. Enfim, uma verdadeira arca de tesouros, que conforme vasculhamos e nos debru\u00e7amos, nos remetem a estudos, pesquisas e investiga\u00e7\u00f5es, abrindo pontos importantes sobre a fun\u00e7\u00e3o da biblioteca na transmiss\u00e3o da psican\u00e1lise e na forma\u00e7\u00e3o de um analista.<\/p>\n<p>Por ser um acervo pessoal, ele transmite marcas do percurso de um analista, que n\u00e3o \u00e9 um percurso qualquer. Na medida que mergulhamos nesse acervo, percebemos que ele vai se ampliando, abrindo, e nos conduzindo a caminhos poss\u00edveis para os mais diversos percursos de forma\u00e7\u00e3o.[\/vc_column_text][vc_btn title=&#8221;Leia+&#8221; color=&#8221;danger&#8221; link=&#8221;url:https%3A%2F%2Febp.org.br%2Fsp%2Facervo-vivo%2F&#8221;][\/vc_column][\/vc_row][vc_row][vc_column][vc_separator color=&#8221;juicy_pink&#8221; border_width=&#8221;3&#8243;][\/vc_column][\/vc_row][vc_row][vc_column][vc_column_text]\n<h3><span style=\"color: #993300;\"><strong>ACERVO VIVO CONVIDA<\/strong><\/span><\/h3>\n<h6>Fabiola Ramon (Diretora de Biblioteca EBP-SP, 2021-2023)<\/h6>\n<p>Um convite foi lan\u00e7ado para alguns colegas que frequentam a Biblioteca da EBP-SP: produzir um texto que traga o testemunho do uso e\/ou do encontro com algum livro ou revista do acervo da EBP-SP.<\/p>\n<p>Camila Col\u00e1s foi a primeira a responder a esse convite. Ela apresenta um percurso que parte da express\u00e3o de Lacan, \u201c<em>sujeito de gozo\u201d <\/em>sobre o sujeito psic\u00f3tico, encontrada em um texto de Jean-Claude Maleval, termo que a intrigou. Ent\u00e3o, na busca por elucid\u00e1-lo, \u00a0encontra uma resposta na revista francesa \u201c<em>Les<\/em> <em>Cahiers pour l\u2019analyse\u201d, <\/em>volume 5, um dos t\u00edtulos raros de nosso acervo, que foi inclu\u00eddo na nossa Biblioteca com a chegada da doa\u00e7\u00e3o do acervo Carlos Augusto Nic\u00e9as.<\/p>\n<p>Podemos acompanhar esse percurso e as precis\u00f5es sobre o termo no texto que segue. Boa leitura![\/vc_column_text][\/vc_column][\/vc_row][vc_row][vc_column][vc_column_text]\n<h3><span style=\"color: #993300;\"><strong>Lacan, a Escola e o acervo de Nic\u00e9as \u201cvivo\u201d<\/strong><\/span><\/h3>\n<h6><em>Camila Col\u00e1s \/Associada ao CLIN-a <\/em><\/h6>\n<p><em>\u00a0<\/em>Como transmitir para a comunidade anal\u00edtica sobre a fun\u00e7\u00e3o da biblioteca na forma\u00e7\u00e3o de um analista e qual \u00e9 a import\u00e2ncia dessa transmiss\u00e3o? Se o acervo da EBP-SP n\u00e3o sai da sede f\u00edsica, ou seja, os livros n\u00e3o s\u00e3o emprestados, como podemos fazer circular o vivo pulsante presente em suas obras e seus t\u00edtulos? Fabiola Ramon, Diretora de Biblioteca da EBP-SP (2021-2023) nos coloca quest\u00f5es valorosas sobre qual a import\u00e2ncia de uma biblioteca e sua rela\u00e7\u00e3o com a transmiss\u00e3o dentro de uma Escola de Psican\u00e1lise. Trarei uma pequena contribui\u00e7\u00e3o sobre esses dois pontos: biblioteca e transmiss\u00e3o.<\/p>\n<h6><\/h6>\n[\/vc_column_text][vc_btn title=&#8221;Leia+&#8221; color=&#8221;juicy-pink&#8221; link=&#8221;url:https%3A%2F%2Febp.org.br%2Fsp%2Flacan-a-escola-e-o-acervo-de-niceas-vivo%2F|title:Lacan%2C%20a%20Escola%20e%20o%20acervo%20de%20Nic%C3%A9as%20%E2%80%9Cvivo%E2%80%9D&#8221;][\/vc_column][\/vc_row][vc_row][vc_column][vc_separator color=&#8221;juicy_pink&#8221; border_width=&#8221;3&#8243;][\/vc_column][\/vc_row][vc_row][vc_column][vc_column_text]\n<h3><span style=\"color: #993300;\"><strong>\u00a0Acervo vivo: in\u00edcio do nosso percurso<\/strong><\/span><\/h3>\n<h6><em>Marisa Nubile (integrante da comiss\u00e3o de Biblioteca da EBPSP) \u00a0<\/em><\/h6>\n<p>A biblioteca da Se\u00e7\u00e3o SP recebeu uma parte significativa do acervo particular do saudoso psicanalista, membro da EBP\/AMP, Carlos Augusto Nic\u00e9as. Uma doa\u00e7\u00e3o que \u00e9 expressiva pelo volume e cat\u00e1logo de livros e revistas nacionais e internacionais, mas \u00e9 expressiva tamb\u00e9m pelo fato do acervo vir com a marca da trajet\u00f3ria de forma\u00e7\u00e3o desse analista que tanto contribuiu para nosso campo.<\/p>\n<p>A comiss\u00e3o de biblioteca formou, ent\u00e3o, um subgrupo<a href=\"#_ftn1\" name=\"_ftnref1\">[1]<\/a>para pensar e propor a\u00e7\u00f5es que vivificassem as letras ofertadas. Nascia o <em>Acervo vivo.<\/em> Entusiasmados com a proposta, nosso grupo teve que criar alternativas diante da dist\u00e2ncia que a pandemia nos imp\u00f4s, uma vez que se tratava de trabalhar com livros e revistas que convidam a entrar em contato direto com eles.[\/vc_column_text][vc_btn title=&#8221;Leia+&#8221; color=&#8221;juicy-pink&#8221; link=&#8221;url:https%3A%2F%2Febp.org.br%2Fsp%2Facervo-vivo-inicio-do-nosso-percurso%2F&#8221;][\/vc_column][\/vc_row][vc_row][vc_column][vc_separator color=&#8221;juicy_pink&#8221;][\/vc_column][\/vc_row][vc_row][vc_column][vc_column_text]\n<h3><span style=\"color: #993300;\">Caligrafia &#8211; desejo do analista<\/span><\/h3>\n<h6><em>Emelice Prado Bagnola (integrante da comiss\u00e3o de Biblioteca da EBP-SP) <\/em><\/h6>\n<blockquote><p><em>\u201cA vida \u00e9 uma s\u00f3. <\/em><\/p>\n<p><em>A sua vida continua na vida que voc\u00ea viveu.\u201d<\/em><\/p>\n<h6><em>Manuel Bandeira<a href=\"#_edn1\" name=\"_ednref1\"><strong>[1]<\/strong><\/a><\/em><strong><em>\u00a0<\/em><\/strong><\/h6>\n<\/blockquote>\n<p>Sinto-me feliz pela oportunidade de compartilhar com voc\u00eas os efeitos iniciais da constru\u00e7\u00e3o que abre a cada volta, diferentes maneiras de pensar e conhecer o trabalho realizado por uma comiss\u00e3o de biblioteca no fazer cotidiano da Se\u00e7\u00e3o S\u00e3o Paulo.<\/p>\n<p>Recebi o convite para estar envolvida com o trabalho da biblioteca atrav\u00e9s de sua atual diretora, Fab\u00edola Ramon (EBP\/AMP) (gest\u00e3o 2021-2023). A princ\u00edpio, me pareceu uma oportunidade singular, no contexto nacional, o convite para estar com os livros, o que confirma mais uma vez, os caminhos para onde a psican\u00e1lise pode nos levar.<\/p>\n<p>Na subdivis\u00e3o da tarefa desta comiss\u00e3o, parte estaria dedicada a sustentar a atividade \u201cLeituras de biblioteca\u201d e a outra parte com a recep\u00e7\u00e3o de mil quinhentos e vinte t\u00edtulos doados pela fam\u00edlia de Carlos Augusto Nic\u00e9as* para a Escola Brasileira de Psican\u00e1lise.<\/p>\n<p>Logo o trabalho da comiss\u00e3o de biblioteca na gest\u00e3o anterior se fez notar. Os livros agora distribu\u00eddos como uma moldura no audit\u00f3rio marcado pelos encontros das quartas-feiras.[\/vc_column_text][vc_btn title=&#8221;Leia+&#8221; color=&#8221;danger&#8221; link=&#8221;url:https%3A%2F%2Febp.org.br%2Fsp%2Fcaligrafia-desejo-do-analista%2F&#8221;][\/vc_column][\/vc_row]\n<\/section>","protected":false},"excerpt":{"rendered":"<p>[vc_row][vc_column][vc_column_text] ACERVO VIVO Acervo \u00e9 o nome mais geral pelo qual se entende uma jun\u00e7\u00e3o de m\u00eddias, dentre elas, os livros. A biblioteca da EBPSP \u00e9 composta por um conjunto de livros prioritariamente do campo da psican\u00e1lise de orienta\u00e7\u00e3o lacaniana, textos cl\u00e1ssicos e fundamentais da psican\u00e1lise e de sua hist\u00f3ria e obras de \u00e1reas afins,&hellip;<\/p>\n","protected":false},"author":1,"featured_media":0,"parent":1481,"menu_order":0,"comment_status":"closed","ping_status":"closed","template":"","meta":{"footnotes":""},"class_list":["post-6276","page","type-page","status-publish","hentry","entry","no-media"],"aioseo_notices":[],"_links":{"self":[{"href":"https:\/\/ebp.org.br\/sp\/wp-json\/wp\/v2\/pages\/6276","targetHints":{"allow":["GET"]}}],"collection":[{"href":"https:\/\/ebp.org.br\/sp\/wp-json\/wp\/v2\/pages"}],"about":[{"href":"https:\/\/ebp.org.br\/sp\/wp-json\/wp\/v2\/types\/page"}],"author":[{"embeddable":true,"href":"https:\/\/ebp.org.br\/sp\/wp-json\/wp\/v2\/users\/1"}],"replies":[{"embeddable":true,"href":"https:\/\/ebp.org.br\/sp\/wp-json\/wp\/v2\/comments?post=6276"}],"version-history":[{"count":1,"href":"https:\/\/ebp.org.br\/sp\/wp-json\/wp\/v2\/pages\/6276\/revisions"}],"predecessor-version":[{"id":9302,"href":"https:\/\/ebp.org.br\/sp\/wp-json\/wp\/v2\/pages\/6276\/revisions\/9302"}],"up":[{"embeddable":true,"href":"https:\/\/ebp.org.br\/sp\/wp-json\/wp\/v2\/pages\/1481"}],"wp:attachment":[{"href":"https:\/\/ebp.org.br\/sp\/wp-json\/wp\/v2\/media?parent=6276"}],"curies":[{"name":"wp","href":"https:\/\/api.w.org\/{rel}","templated":true}]}}