{"id":6269,"date":"2022-02-09T10:05:05","date_gmt":"2022-02-09T13:05:05","guid":{"rendered":"https:\/\/ebp.org.br\/sp\/?page_id=6269"},"modified":"2022-02-09T10:05:05","modified_gmt":"2022-02-09T13:05:05","slug":"carta-de-sao-paulo-ano-27-no1-2020","status":"publish","type":"page","link":"https:\/\/ebp.org.br\/sp\/biblioteca\/publicacoes\/carta-sp-impressa\/carta-de-sao-paulo-ano-27-no1-2020\/","title":{"rendered":"Carta de S\u00e3o Paulo &#8211; Ano 27 \u2013 n\u00ba1 \u2013 2020"},"content":{"rendered":"<section class=\"wpb-content-wrapper\">[vc_row][vc_column][eikra-vc-text-title style=&#8221;style2&#8243; title=&#8221;Carta de S\u00e3o Paulo Impressa&#8221;]\n<h3><strong><span style=\"color: #993300;\">Ano 27 \u2013 n\u00ba1 \u2013 2020<\/span><\/strong><\/h3>\n[\/eikra-vc-text-title][vc_separator][\/vc_column][\/vc_row][vc_row][vc_column width=&#8221;1\/2&#8243;][vc_single_image image=&#8221;5604&#8243; img_size=&#8221;full&#8221; onclick=&#8221;custom_link&#8221; link=&#8221;http:\/\/ebp.org.br\/sp\/wp-content\/uploads\/2018\/04\/carta-16-no-1-2009.pdf&#8221;][\/vc_column][vc_column width=&#8221;1\/2&#8243;][vc_column_text]<strong>9 Editorial<br \/>\n<\/strong><span style=\"font-weight: 400;\"><br \/>\n<\/span><strong>Solid\u00e3o<\/strong><\/p>\n<p><span style=\"font-weight: 400;\">13 &#8211; Argumento das IX Jornadas da EBP-SP &#8211; Solid\u00e3o : Daniela de Camargo Barros Affonso.<\/span><span style=\"font-weight: 400;\"><br \/>\n<\/span><span style=\"font-weight: 400;\">19 &#8211; Abertura das IX Jornadas da EBP-SP &#8211; Solid\u00e3o : Val\u00e9ria Ferranti<\/span><span style=\"font-weight: 400;\"><br \/>\n<\/span><span style=\"font-weight: 400;\"><br \/>\n<\/span><strong>Segrega\u00e7\u00e3o e Solid\u00e3o<\/strong><\/p>\n<p><span style=\"font-weight: 400;\">23 &#8211; Segrega\u00e7\u00e3o sem outros? &#8211; Luc\u00edola Freitas de Mac\u00eado.<\/span><span style=\"font-weight: 400;\"><br \/>\n<\/span><span style=\"font-weight: 400;\">40 &#8211; Sobre a solid\u00e3o hiperconectada &#8211; Rodrigo Lyra Carvalho.<\/span><span style=\"font-weight: 400;\"><br \/>\n<\/span><span style=\"font-weight: 400;\"><br \/>\n<\/span><strong>Solid\u00e3o e Feminino<\/strong><\/p>\n<p><span style=\"font-weight: 400;\">48 &#8211; Mulheres desejantes &#8211; Marie-H\u00e9l\u00e8ne Brousse<\/span><span style=\"font-weight: 400;\"><br \/>\n<\/span><span style=\"font-weight: 400;\">59 &#8211; Heterotismo &#8211; Vazio, um modo de gozar no feminino :\u00a0 Marie H\u00e9l\u00e8ne Brousse.<\/span><span style=\"font-weight: 400;\"><br \/>\n<\/span><span style=\"font-weight: 400;\"><br \/>\n<\/span><strong>Solid\u00f5es Lacanianas<\/strong><\/p>\n<p><span style=\"font-weight: 400;\">82 &#8211; Do isolamento \u00e0 solid\u00e3o &#8211; Philippe La Sagna.<\/span><span style=\"font-weight: 400;\"><br \/>\n<\/span><span style=\"font-weight: 400;\">94 &#8211; Construir a Solid\u00e3o? &#8211; M\u00f4nica Bueno de Camargo.<\/span><span style=\"font-weight: 400;\"><br \/>\n<\/span><span style=\"font-weight: 400;\">101 &#8211; A Solid\u00e3o do um &#8211; Alberto Murta.<\/span><span style=\"font-weight: 400;\"><br \/>\n<\/span><span style=\"font-weight: 400;\">106 &#8211; Tempo de Solid\u00e3o &#8211; Gustavo Oliveira Menezes.<\/span><span style=\"font-weight: 400;\"><br \/>\n<\/span><span style=\"font-weight: 400;\">112 &#8211; Um La\u00e7o \u00eaxtimo: solid\u00e3o com la\u00e7o. Sobre o ato analitico e a garantia &#8211; Maria Clara Holguin.<\/span><span style=\"font-weight: 400;\"><br \/>\n<\/span><span style=\"font-weight: 400;\"><br \/>\n<\/span><strong>Tra\u00e7os da Solid\u00e3o da Cl\u00ednica e na P\u00f3lis<\/strong><\/p>\n<p><span style=\"font-weight: 400;\">130 &#8211; A solid\u00e3o e as solu\u00e7\u00f5es do <\/span><i><span style=\"font-weight: 400;\">falasse<\/span><\/i><span style=\"font-weight: 400;\">r &#8211; Eliane Costa Dias.<\/span><span style=\"font-weight: 400;\"><br \/>\n<\/span><span style=\"font-weight: 400;\">136 &#8211; O muro do isolamento nos casos contempor\u00e2neos &#8211; Fabiola Ramon.<\/span><span style=\"font-weight: 400;\"><br \/>\n<\/span><span style=\"font-weight: 400;\">143 &#8211; Do DSM aos Diagn\u00f3sticos Solit\u00e1rios (p\u00f3s)Modernos: o isolamento da compreens\u00e3o diagn\u00f3stica psiqui\u00e1trica e as\u00a0 zonas fronteiri\u00e7as da solid\u00e3o &#8211; Fabricio Donizete da Costa.<\/span><span style=\"font-weight: 400;\"><br \/>\n<\/span><span style=\"font-weight: 400;\">149 &#8211; Plat\u00e3o e Lacan: encontro de verdade na solid\u00e3o &#8211; Maria Bernardette Soares de Santa\u2019Anna Pitteri.<\/span><span style=\"font-weight: 400;\"><br \/>\n<\/span><span style=\"font-weight: 400;\"><br \/>\n<\/span><strong>Aluvi\u00f5es da Solid\u00e3o\u00a0 na Literatura<\/strong><\/p>\n<p><span style=\"font-weight: 400;\">155 &#8211; \u201cHomens sem mulheres&#8221; &#8211; Elisa Alvarenga.<\/span><span style=\"font-weight: 400;\"><br \/>\n<\/span><span style=\"font-weight: 400;\">160 &#8211; Tr\u00eas mulheres e suas solu\u00e7\u00f5es para a solid\u00e3o &#8211; Blanca Musachi.<\/span><span style=\"font-weight: 400;\"><br \/>\n<\/span><span style=\"font-weight: 400;\">166 &#8211; O barco embriagado de Rimbaud &#8211; solid\u00e3o e err\u00e2ncia do poeta : Rosangela C.Castro Turim.<\/span><span style=\"font-weight: 400;\"><br \/>\n<\/span><span style=\"font-weight: 400;\">171 &#8211; A solid\u00e3o do escrito(r): sobre Am\u00f3s Oz e as palavras &#8211; Antonio Alberto Peixoto de Almeida.<\/span><span style=\"font-weight: 400;\"><br \/>\n<\/span><span style=\"font-weight: 400;\">177 &#8211; Pascal Quignard: entre o que escapa e o que n\u00e3o se realiza &#8211; a solid\u00e3o na ponta da l\u00edngua &#8211; Teresinha N. Meirelles do Prado.<\/span><span style=\"font-weight: 400;\"><br \/>\n<\/span><span style=\"font-weight: 400;\">183 &#8211; O Koan e a solid\u00e3o do Sinthoma &#8211; F\u00e1tima Pinheiro.<\/span><span style=\"font-weight: 400;\"><br \/>\n<\/span><span style=\"font-weight: 400;\"><br \/>\n<\/span><strong> Solid\u00e3o e Ato na Pr\u00e1tica Lacaniana<\/strong><\/p>\n<p><span style=\"font-weight: 400;\">189 &#8211; \u201cPrecisava desse resto de solid\u00e3o\u201d &#8211; Solid\u00e3o e passagem ao ato &#8211; Maria do Carmo Dias Batista.<\/span><span style=\"font-weight: 400;\"><br \/>\n<\/span><span style=\"font-weight: 400;\">197 &#8211; Ato Psicanal\u00edtico &#8211; Tempo de \u201cUm dizer\u201d ou a dimens\u00e3o pol\u00edtica do ato. &#8211; Luiz Fernando Carrijo da Cunha.<\/span><span style=\"font-weight: 400;\"><br \/>\n<\/span><span style=\"font-weight: 400;\">204 &#8211; Solid\u00e3o e ato na pr\u00e1tica lacaniana &#8211; coment\u00e1rios &#8211; J\u00e9sus Santiago.<\/span><span style=\"font-weight: 400;\"><br \/>\n<\/span><span style=\"font-weight: 400;\">215 &#8211; Solid\u00e3o e ato na pr\u00e1tica anal\u00edtica &#8211; Maria Cec\u00edlia Galletti Ferretti.<\/span><span style=\"font-weight: 400;\"><br \/>\n<\/span><span style=\"font-weight: 400;\">222 &#8211; Solid\u00e3o na pr\u00e1tica anal\u00edtica &#8211; Jorge Forbes.<\/span><span style=\"font-weight: 400;\"><br \/>\n<\/span><span style=\"font-weight: 400;\">227 &#8211; A solid\u00e3o conquistada antes &#8211;\u00a0 R\u00f4mulo Ferreira da Silva.<\/span><span style=\"font-weight: 400;\"><br \/>\n<\/span><span style=\"font-weight: 400;\">236 &#8211; A solid\u00e3o do ato anal\u00edtico\u2026 na pr\u00e1tica &#8211; Coment\u00e1rios &#8211; Clara Mar\u00eda Holguin.<\/span><span style=\"font-weight: 400;\"><br \/>\n<\/span><span style=\"font-weight: 400;\"><br \/>\n<\/span><strong>Ensino do Passe: solid\u00e3o e final de an\u00e1lise<\/strong><\/p>\n<p><span style=\"font-weight: 400;\">245 &#8211; Caso S1 &#8211; Sujeito, saber, satisfa\u00e7\u00e3o&#8230;solid\u00e3o &#8211; Sandra Arruda Grostein.<\/span><span style=\"font-weight: 400;\"><br \/>\n<\/span><span style=\"font-weight: 400;\">253 &#8211; Coment\u00e1rios e interlocu\u00e7\u00f5es do passe de Sandra Arruda Grostein &#8211; Marie-H\u00e9l\u00e8ne Brousse.<\/span><span style=\"font-weight: 400;\"><br \/>\n<\/span><span style=\"font-weight: 400;\">259 &#8211; No compasso da solid\u00e3o &#8211; Maria Josefina Sota Fuentes.<\/span><span style=\"font-weight: 400;\"><br \/>\n<\/span><span style=\"font-weight: 400;\">266 &#8211; Coment\u00e1rios e interlocu\u00e7\u00e3o do passe de Maria Josefina Sota Fuentes &#8211; Marie-H\u00e9l\u00e8ne Brousse.<\/span>[\/vc_column_text][\/vc_column][\/vc_row]\n<\/section>","protected":false},"excerpt":{"rendered":"<p>[vc_row][vc_column][eikra-vc-text-title style=&#8221;style2&#8243; title=&#8221;Carta de S\u00e3o Paulo Impressa&#8221;] Ano 27 \u2013 n\u00ba1 \u2013 2020 [\/eikra-vc-text-title][vc_separator][\/vc_column][\/vc_row][vc_row][vc_column width=&#8221;1\/2&#8243;][vc_single_image image=&#8221;5604&#8243; img_size=&#8221;full&#8221; onclick=&#8221;custom_link&#8221; link=&#8221;http:\/\/ebp.org.br\/sp\/wp-content\/uploads\/2018\/04\/carta-16-no-1-2009.pdf&#8221;][\/vc_column][vc_column width=&#8221;1\/2&#8243;][vc_column_text]9 Editorial Solid\u00e3o 13 &#8211; Argumento das IX Jornadas da EBP-SP &#8211; Solid\u00e3o : Daniela de Camargo Barros Affonso. 19 &#8211; Abertura das IX Jornadas da EBP-SP &#8211; Solid\u00e3o : Val\u00e9ria Ferranti Segrega\u00e7\u00e3o e Solid\u00e3o 23&hellip;<\/p>\n","protected":false},"author":1,"featured_media":0,"parent":2743,"menu_order":0,"comment_status":"closed","ping_status":"closed","template":"","meta":{"footnotes":""},"class_list":["post-6269","page","type-page","status-publish","hentry","entry","no-media"],"aioseo_notices":[],"_links":{"self":[{"href":"https:\/\/ebp.org.br\/sp\/wp-json\/wp\/v2\/pages\/6269","targetHints":{"allow":["GET"]}}],"collection":[{"href":"https:\/\/ebp.org.br\/sp\/wp-json\/wp\/v2\/pages"}],"about":[{"href":"https:\/\/ebp.org.br\/sp\/wp-json\/wp\/v2\/types\/page"}],"author":[{"embeddable":true,"href":"https:\/\/ebp.org.br\/sp\/wp-json\/wp\/v2\/users\/1"}],"replies":[{"embeddable":true,"href":"https:\/\/ebp.org.br\/sp\/wp-json\/wp\/v2\/comments?post=6269"}],"version-history":[{"count":0,"href":"https:\/\/ebp.org.br\/sp\/wp-json\/wp\/v2\/pages\/6269\/revisions"}],"up":[{"embeddable":true,"href":"https:\/\/ebp.org.br\/sp\/wp-json\/wp\/v2\/pages\/2743"}],"wp:attachment":[{"href":"https:\/\/ebp.org.br\/sp\/wp-json\/wp\/v2\/media?parent=6269"}],"curies":[{"name":"wp","href":"https:\/\/api.w.org\/{rel}","templated":true}]}}