{"id":6264,"date":"2022-01-27T14:56:21","date_gmt":"2022-01-27T17:56:21","guid":{"rendered":"https:\/\/ebp.org.br\/sp\/?page_id=6264"},"modified":"2022-01-27T14:56:21","modified_gmt":"2022-01-27T17:56:21","slug":"carta-de-sao-paulo-ano-28-no2-agosto-2021-2","status":"publish","type":"page","link":"https:\/\/ebp.org.br\/sp\/biblioteca\/publicacoes\/carta-sp-impressa\/carta-de-sao-paulo-ano-28-no2-agosto-2021-2\/","title":{"rendered":"Carta de S\u00e3o Paulo Ano 28 \u2013 n\u00ba2 \u2013 AGOSTO 2021"},"content":{"rendered":"<section class=\"wpb-content-wrapper\">[vc_row][vc_column][eikra-vc-text-title style=&#8221;style2&#8243; title=&#8221;Carta de S\u00e3o Paulo Impressa&#8221;]\n<h3><span style=\"color: #993300;\">Ano 28 \u2013 n\u00ba2 \u2013 AGOSTO 2021<\/span><\/h3>\n[\/eikra-vc-text-title][vc_separator][\/vc_column][\/vc_row][vc_row][vc_column width=&#8221;1\/2&#8243;][vc_single_image image=&#8221;6263&#8243; img_size=&#8221;full&#8221; onclick=&#8221;custom_link&#8221; link=&#8221;http:\/\/ebp.org.br\/sp\/wp-content\/uploads\/2018\/04\/carta-16-no-1-2009.pdf&#8221;][\/vc_column][vc_column width=&#8221;1\/2&#8243;][vc_column_text]8 <strong>Editorial<\/strong><\/p>\n<p><strong>A cada um seu modo de confinamento<\/strong><br \/>\n15 &#8211; Podemos confinar as diferentes formas de gozar? &#8211; Miquel Bassols.<br \/>\n31 &#8211; O Discurso anal\u00edtico e o confinamento &#8211; Silvia Salman.<\/p>\n<p><strong>Autismo, psicose e institui\u00e7\u00e3o em tempos de pandemia.<\/strong><br \/>\n38 &#8211; Corpo, autismo e tratamento : dificuldades e inven\u00e7\u00f5es em tempo de pandemia &#8211; Neus Carbonell.<br \/>\n45 &#8211; Inventar, sempre &#8211; Cristina Borgianini.<br \/>\n51 &#8211; Confinamento psic\u00f3tico &#8211; Marianne Canolle.<br \/>\n56 &#8211; O trabalho da sa\u00fade mental em tempos de pandemia : a supervis\u00e3o e seus poss\u00edveis efeitos de rearranjos sintom\u00e1ticos &#8211; Cl\u00e1udia Regina Santa Silva.<\/p>\n<p><strong>Servir-se do virtual<\/strong><br \/>\n62 &#8211; Da t\u00e9cnica \u00e0 \u00e9tica &#8211; Camila Popadiuk.<br \/>\n68 &#8211; Fazer um corpo on-line? &#8211; R\u00f4mulo Ferreira da Silva.<br \/>\n78 &#8211; Uma tela no caminho da an\u00e1lise &#8211; Mirmila Musse.<\/p>\n<p><strong>Tempo<\/strong><br \/>\n86 &#8211; Uma nova normalidade : qual vida a partir da pandemia de covid-19 &#8211; Eliane Costa Dias.<br \/>\n96 &#8211; Que tempos s\u00e3o estes? &#8211; Maria de Lourdes Mattos.<br \/>\n102 &#8211; Os corpos encaixotados dos falassesres na pandemia &#8211; Leny Magalh\u00e3es Mrech.<br \/>\n112 &#8211; Pode um analista falar sem moral? &#8211; Maria Bernadette Soares de Sant\u2019Ana Pitteri.<\/p>\n<p><strong>Ensino do Passe<\/strong><br \/>\n122 &#8211; Ensino do passe &#8211; EBP-SP &#8211; 2020\/2021 &#8211; Luiz Fernando C. Cunha<br \/>\n128 &#8211; Passe e final de an\u00e1lise &#8211; Sandra Arruda Grostein.<br \/>\n135 &#8211; Passe, travessia da fantasia : dois elementos heterog\u00eaneos, o sujeito e o objeto &#8211; Do que se trata? &#8211; R\u00f4mulo Ferreira da Silva.<br \/>\n142 &#8211; O passe e o ato anal\u00edtico &#8211; Maria Josefina Sota Fuentes.[\/vc_column_text][\/vc_column][\/vc_row]\n<\/section>","protected":false},"excerpt":{"rendered":"<p>[vc_row][vc_column][eikra-vc-text-title style=&#8221;style2&#8243; title=&#8221;Carta de S\u00e3o Paulo Impressa&#8221;] Ano 28 \u2013 n\u00ba2 \u2013 AGOSTO 2021 [\/eikra-vc-text-title][vc_separator][\/vc_column][\/vc_row][vc_row][vc_column width=&#8221;1\/2&#8243;][vc_single_image image=&#8221;6263&#8243; img_size=&#8221;full&#8221; onclick=&#8221;custom_link&#8221; link=&#8221;http:\/\/ebp.org.br\/sp\/wp-content\/uploads\/2018\/04\/carta-16-no-1-2009.pdf&#8221;][\/vc_column][vc_column width=&#8221;1\/2&#8243;][vc_column_text]8 Editorial A cada um seu modo de confinamento 15 &#8211; Podemos confinar as diferentes formas de gozar? &#8211; Miquel Bassols. 31 &#8211; O Discurso anal\u00edtico e o confinamento &#8211; Silvia Salman. Autismo, psicose e&hellip;<\/p>\n","protected":false},"author":1,"featured_media":0,"parent":2743,"menu_order":0,"comment_status":"closed","ping_status":"closed","template":"","meta":{"footnotes":""},"class_list":["post-6264","page","type-page","status-publish","hentry","entry","no-media"],"aioseo_notices":[],"_links":{"self":[{"href":"https:\/\/ebp.org.br\/sp\/wp-json\/wp\/v2\/pages\/6264","targetHints":{"allow":["GET"]}}],"collection":[{"href":"https:\/\/ebp.org.br\/sp\/wp-json\/wp\/v2\/pages"}],"about":[{"href":"https:\/\/ebp.org.br\/sp\/wp-json\/wp\/v2\/types\/page"}],"author":[{"embeddable":true,"href":"https:\/\/ebp.org.br\/sp\/wp-json\/wp\/v2\/users\/1"}],"replies":[{"embeddable":true,"href":"https:\/\/ebp.org.br\/sp\/wp-json\/wp\/v2\/comments?post=6264"}],"version-history":[{"count":0,"href":"https:\/\/ebp.org.br\/sp\/wp-json\/wp\/v2\/pages\/6264\/revisions"}],"up":[{"embeddable":true,"href":"https:\/\/ebp.org.br\/sp\/wp-json\/wp\/v2\/pages\/2743"}],"wp:attachment":[{"href":"https:\/\/ebp.org.br\/sp\/wp-json\/wp\/v2\/media?parent=6264"}],"curies":[{"name":"wp","href":"https:\/\/api.w.org\/{rel}","templated":true}]}}