{"id":6219,"date":"2021-10-27T17:21:40","date_gmt":"2021-10-27T20:21:40","guid":{"rendered":"https:\/\/ebp.org.br\/sp\/?page_id=6219"},"modified":"2021-10-27T17:21:40","modified_gmt":"2021-10-27T20:21:40","slug":"boletim-travessias-05","status":"publish","type":"page","link":"https:\/\/ebp.org.br\/sp\/jornadas\/x-jornadas-psicanalise-em-ato\/boletim-travessias-01-2\/boletim-travessias-05\/","title":{"rendered":"Boletim Travessias #05"},"content":{"rendered":"<section class=\"wpb-content-wrapper\">[vc_row][vc_column][vc_single_image image=&#8221;5745&#8243; img_size=&#8221;full&#8221; alignment=&#8221;center&#8221;][vc_column_text]\n<h6 style=\"text-align: center;\">Escola Brasileira de Psican\u00e1lise &#8211; Boletim das X Jornadas da Se\u00e7\u00e3o SP &#8211; N\u00famero 05 &#8211; novembro de 2021<\/h6>\n[\/vc_column_text][\/vc_column][\/vc_row][vc_row][vc_column width=&#8221;1\/6&#8243;][vc_single_image image=&#8221;5635&#8243; img_size=&#8221;full&#8221; alignment=&#8221;right&#8221;][\/vc_column][vc_column width=&#8221;5\/6&#8243;][vc_column_text]\n<h1><span style=\"color: #993300;\">e-dito<\/span><\/h1>\n[\/vc_column_text][\/vc_column][\/vc_row][vc_row][vc_column width=&#8221;1\/6&#8243;][vc_single_image image=&#8221;6185&#8243; img_size=&#8221;full&#8221; add_caption=&#8221;yes&#8221;][\/vc_column][vc_column width=&#8221;5\/6&#8243;][vc_column_text]<strong>O esp de um ato<\/strong><\/p>\n<h6>Niraldo de Oliveira Santos (EBP\/AMP)<\/h6>\n<p>Chegamos ao \u00faltimo Boletim Travessias. A programa\u00e7\u00e3o das X Jornadas da EBP-SP j\u00e1 est\u00e1 pronta e j\u00e1 avistamos no horizonte as nossas Jornadas. Antes dela, temos ainda esta colet\u00e2nea que aqui apresento a voc\u00eas. Nossos argonautas da Comiss\u00e3o de Boletim conseguiram provocar e convocar colegas de 4 Escolas da\u00a0<em>Associa\u00e7\u00e3o Mundial de Psican\u00e1lise<\/em>\u00a0(AMP) para a escrita em torno do tema \u201cPsican\u00e1lise em ato\u201d:\u00a0<em>New Lacanian School\u00a0<\/em>(NLS),\u00a0<em>Escola Brasileira de Psican\u00e1lise\u00a0<\/em>(EBP),\u00a0<em>Nueva Escuela Lacaniana<\/em>\u00a0(NEL) e\u00a0<em>Escuela de la Orientaci\u00f3n Lacaniana<\/em>\u00a0(EOL).[\/vc_column_text][vc_btn title=&#8221;Leia+&#8221; style=&#8221;classic&#8221; color=&#8221;juicy-pink&#8221; size=&#8221;xs&#8221; link=&#8221;url:https%3A%2F%2Febp.org.br%2Fsp%2Fe-dito-07%2F|title:e-dito%20Boletim%20Travessias%20%23002&#8243;][\/vc_column][\/vc_row][vc_row][vc_column][vc_separator color=&#8221;juicy_pink&#8221; border_width=&#8221;3&#8243; el_width=&#8221;60&#8243;][\/vc_column][\/vc_row][vc_row][vc_column width=&#8221;1\/6&#8243;][vc_single_image image=&#8221;5914&#8243; img_size=&#8221;full&#8221; alignment=&#8221;right&#8221;][\/vc_column][vc_column width=&#8221;5\/6&#8243;][vc_column_text]\n<h1><span style=\"color: #993300;\">Textos Preparat\u00f3rios<\/span><\/h1>\n[\/vc_column_text][\/vc_column][\/vc_row][vc_row][vc_column width=&#8221;1\/6&#8243;][vc_single_image image=&#8221;6186&#8243; img_size=&#8221;full&#8221; add_caption=&#8221;yes&#8221;][\/vc_column][vc_column width=&#8221;5\/6&#8243;][vc_column_text]<strong>Hist\u00f3ria e a conex\u00e3o do ato anal\u00edtico com a civiliza\u00e7\u00e3o<\/strong><\/p>\n<h6>Thomas Svolos (NLS\/AMP)<\/h6>\n<p>O eixo de trabalho das X Jornadas da Escola Brasileira de Psican\u00e1lise &#8211; Se\u00e7\u00e3o S\u00e3o Paulo sobre \u201cO Ato Anal\u00edtico e a Civiliza\u00e7\u00e3o\u201d, levanta, de imediato, a quest\u00e3o sobre a rela\u00e7\u00e3o entre nosso trabalho enquanto analistas e a civiliza\u00e7\u00e3o em que trabalhamos. Lacan recorreu \u00e0 topologia como \u00fanica maneira de abordar a rela\u00e7\u00e3o da civiliza\u00e7\u00e3o com o inconsciente. Ao contr\u00e1rio do modelo de bolsa proposto por Freud com um interior e um exterior, &#8211; um modelo para o ser falante no mundo &#8211; para Lacan, h\u00e1 uma rela\u00e7\u00e3o especial do sujeito com sua civiliza\u00e7\u00e3o, demonstrada por ele&#8230;[\/vc_column_text][vc_btn title=&#8221;Leia+&#8221; style=&#8221;classic&#8221; color=&#8221;juicy-pink&#8221; size=&#8221;xs&#8221; link=&#8221;url:https%3A%2F%2Febp.org.br%2Fsp%2Fhistoria-e-a-conexao-do-ato-analitico-com-a-civilizacao%2F|title:Eixo%20tem%C3%A1tico%201%3A%20Declina%C3%A7%C3%B5es%20cl%C3%ADnicas%20do%20ato&#8221;][\/vc_column][\/vc_row][vc_row][vc_column width=&#8221;1\/6&#8243;][vc_single_image image=&#8221;6187&#8243; img_size=&#8221;full&#8221; add_caption=&#8221;yes&#8221;][\/vc_column][vc_column width=&#8221;5\/6&#8243;][vc_column_text]<strong>O Ato em Freud<\/strong><\/p>\n<h6>Entrevista com Luis Francisco Esp\u00edndola Camargo (EBP\/AMP)<br \/>\nPor Mirmila Musse (EBP\/AMP)<\/h6>\n<p><strong>Mirmila Musse:<\/strong>\u00a0Retiro do Argumento das\u00a0<strong>X Jornadas da EBP-SP, Psican\u00e1lise em Ato,<\/strong>\u00a0uma frase para apoiar nossa conversa: \u201ca \u2018falha no saber\u2019 e, mais especificamente, no saber da ci\u00eancia \u00e9 a for\u00e7a motriz que sustenta o \u2018ato\u2019 de cria\u00e7\u00e3o da psican\u00e1lise\u201d. Destaco duas dimens\u00f5es do ato quando tratamos da descoberta do inconsciente: uma cl\u00ednica e uma pol\u00edtica. Da perspectiva cl\u00ednica, sublinho \u201co ato falho\u201d e, no contexto pol\u00edtico, a \u201csubvers\u00e3o da raz\u00e3o\u201d &#8211; termo que tamb\u00e9m pode ser encontrado no Argumento. Nos dois casos, me parece que a consequ\u00eancia do ato de Freud vem como uma resposta para aquilo que o saber da ci\u00eancia n\u00e3o conseguia produzir.[\/vc_column_text][vc_btn title=&#8221;Leia+&#8221; style=&#8221;classic&#8221; color=&#8221;juicy-pink&#8221; size=&#8221;xs&#8221; link=&#8221;url:https%3A%2F%2Febp.org.br%2Fsp%2Fo-ato-em-freud%2F|title:Eixo%20tem%C3%A1tico%201%3A%20Declina%C3%A7%C3%B5es%20cl%C3%ADnicas%20do%20ato&#8221;][\/vc_column][\/vc_row][vc_row][vc_column width=&#8221;1\/6&#8243;][vc_single_image image=&#8221;6188&#8243; img_size=&#8221;full&#8221; add_caption=&#8221;yes&#8221;][\/vc_column][vc_column width=&#8221;5\/6&#8243;][vc_column_text]<strong>Ato anal\u00edtico e supervis\u00e3o<\/strong><strong><br clear=\"all\" \/><\/strong><\/p>\n<h6>Sofia Guaraguara (NEL, NLS e AMP)<\/h6>\n<p>Partirei de uma pergunta: o que \u00e9 um psicanalista? Talvez seja uma pergunta aberta\u2026<br \/>\nA este respeito, Miller, em\u00a0<em>Donc,<\/em>\u00a0pontua: \u201cpor isso Lacan chama de inocente o\u00a0<em>analisante<\/em>\u00a0que come\u00e7a, esse que n\u00e3o sabe o que j\u00e1 est\u00e1 escrito no ticket de entrada para a an\u00e1lise\u201d. Isto \u00e9, para que haja um analista \u00e9 necess\u00e1rio um percurso anal\u00edtico que reduza sua inoc\u00eancia.[\/vc_column_text][vc_btn title=&#8221;Leia+&#8221; style=&#8221;classic&#8221; color=&#8221;juicy-pink&#8221; size=&#8221;xs&#8221; link=&#8221;url:https%3A%2F%2Febp.org.br%2Fsp%2Fato-analitico-e-supervisao%2F|title:Eixo%20tem%C3%A1tico%201%3A%20Declina%C3%A7%C3%B5es%20cl%C3%ADnicas%20do%20ato&#8221;][\/vc_column][\/vc_row][vc_row][vc_column width=&#8221;1\/6&#8243;][vc_single_image image=&#8221;6189&#8243; img_size=&#8221;full&#8221; add_caption=&#8221;yes&#8221;][\/vc_column][vc_column width=&#8221;5\/6&#8243;][vc_column_text]<strong>Tempo, ato e passagem<\/strong><strong><br clear=\"all\" \/><\/strong><\/p>\n<h6>R\u00f4mulo Ferreira da Silva (AME da EBP e da AMP)<\/h6>\n<p>Os fundamentos do ato anal\u00edtico est\u00e3o expostos por Lacan no texto \u201cO tempo l\u00f3gico e a asser\u00e7\u00e3o da certeza antecipada\u201d, como citado no argumento do Eixo 02 das Jornadas da EBP-SP. O sofisma dos tr\u00eas prisioneiros na busca de descobrir a cor do disco que cada um porta em suas costas, tendo como par\u00e2metro apenas as cores dos outros dois parceiros, muito nos esclarece sobre o tempo e o ato na psican\u00e1lise.[\/vc_column_text][vc_btn title=&#8221;Leia+&#8221; style=&#8221;classic&#8221; color=&#8221;juicy-pink&#8221; size=&#8221;xs&#8221; link=&#8221;url:https%3A%2F%2Febp.org.br%2Fsp%2Ftempo-ato-e-passagem%2F|title:Eixo%20tem%C3%A1tico%201%3A%20Declina%C3%A7%C3%B5es%20cl%C3%ADnicas%20do%20ato&#8221;][\/vc_column][\/vc_row][vc_row][vc_column width=&#8221;1\/6&#8243;][vc_single_image image=&#8221;6190&#8243; img_size=&#8221;full&#8221; add_caption=&#8221;yes&#8221;][\/vc_column][vc_column width=&#8221;5\/6&#8243;][vc_column_text]<strong>Zen, koan e satori: o anti-sofisma de um despertar<\/strong><strong><br clear=\"all\" \/><\/strong><\/p>\n<h6>Cleyton Andrade (EBP\/AMP)<\/h6>\n<p>Aquilo que Lacan optou por chamar de t\u00e9cnica zen \u2013 apesar de n\u00e3o ser uma t\u00e9cnica \u2013 envolve a rela\u00e7\u00e3o de tr\u00eas fatores: o ensinamento, a pr\u00e1tica e a ilumina\u00e7\u00e3o. Esses tr\u00eas eixos podem ser traduzidos de maneira econ\u00f4mica, e relativamente imprecisa, como: o\u00a0<em>koan<\/em>, o\u00a0<em>zazen<\/em>\u00a0e o\u00a0<em>satori<\/em>, respectivamente. Uma aplica\u00e7\u00e3o discreta destes princ\u00edpios numa experi\u00eancia anal\u00edtica (Lacan, 1953) visa um despertar; uma ruptura que possa promover um novo ponto de vista, uma nova significa\u00e7\u00e3o&#8230;[\/vc_column_text][vc_btn title=&#8221;Leia+&#8221; style=&#8221;classic&#8221; color=&#8221;juicy-pink&#8221; size=&#8221;xs&#8221; link=&#8221;url:https%3A%2F%2Febp.org.br%2Fsp%2Fzen-koan-e-satori-o-anti-sofisma-de-um-despertar%2F|title:Eixo%20tem%C3%A1tico%201%3A%20Declina%C3%A7%C3%B5es%20cl%C3%ADnicas%20do%20ato&#8221;][\/vc_column][\/vc_row][vc_row][vc_column width=&#8221;1\/6&#8243;][vc_single_image image=&#8221;6191&#8243; img_size=&#8221;full&#8221; add_caption=&#8221;yes&#8221;][\/vc_column][vc_column width=&#8221;5\/6&#8243;][vc_column_text]<strong>O ato anal\u00edtico, ler e escrever<\/strong><strong><br clear=\"all\" \/><\/strong><\/p>\n<h6>Mauricio Tarrab (EOL\/AMP)<\/h6>\n<p>Se descartamos por d\u00e9beis as formas mais imagin\u00e1rias que fazem deslizar o ato anal\u00edtico em dire\u00e7\u00e3o \u00e0 a\u00e7\u00e3o, ent\u00e3o a pergunta se o ato anal\u00edtico (que \u00e9 um corte) poderia ser uma sutura adquire profundidade.<\/p>\n<p>Ainda que o ato anal\u00edtico tamb\u00e9m tenha sido caracterizado por Lacan como algo da ordem da cirurgia, onde \u201ccorte e sutura\u201d t\u00eam o seu lugar, poder\u00edamos propor que o ato anal\u00edtico \u00e9, tamb\u00e9m, uma quest\u00e3o de ler e escrever.[\/vc_column_text][vc_btn title=&#8221;Leia+&#8221; style=&#8221;classic&#8221; color=&#8221;juicy-pink&#8221; size=&#8221;xs&#8221; link=&#8221;url:https%3A%2F%2Febp.org.br%2Fsp%2Fo-ato-analitico-ler-e-escrever%2F|title:Eixo%20tem%C3%A1tico%201%3A%20Declina%C3%A7%C3%B5es%20cl%C3%ADnicas%20do%20ato&#8221;][\/vc_column][\/vc_row][vc_row][vc_column][vc_separator color=&#8221;juicy_pink&#8221; border_width=&#8221;3&#8243; el_width=&#8221;60&#8243;][\/vc_column][\/vc_row][vc_row][vc_column width=&#8221;1\/6&#8243;][vc_single_image image=&#8221;5636&#8243; img_size=&#8221;full&#8221; alignment=&#8221;right&#8221;][\/vc_column][vc_column width=&#8221;5\/6&#8243;][vc_column_text]\n<h1><span style=\"color: #993300;\">Eixos Tem\u00e1ticos<\/span><\/h1>\n[\/vc_column_text][\/vc_column][\/vc_row][vc_row][vc_column width=&#8221;1\/6&#8243;][vc_single_image image=&#8221;5646&#8243; img_size=&#8221;full&#8221; add_caption=&#8221;yes&#8221;][\/vc_column][vc_column width=&#8221;5\/6&#8243;][vc_column_text]A partir do ato, o que o analista institui como experi\u00eancia anal\u00edtica? Freud aborda o ato falho enquanto forma\u00e7\u00e3o do inconsciente. \u00c9 o que emerge e que ultrapassa o sujeito. Lacan, no Semin\u00e1rio 11, dir\u00e1 que a\u00ed se instaura a dimens\u00e3o da perda e introduz a concep\u00e7\u00e3o de que o inconsciente se manifesta como o que vacila num corte do sujeito. Assim, o importante no ato nesta perspectiva \u00e9 o que escapa. Como o advento do\u00a0ato falho\u00a0d\u00e1 abertura para o ato do analista?[\/vc_column_text][vc_btn title=&#8221;Leia+&#8221; style=&#8221;classic&#8221; color=&#8221;juicy-pink&#8221; size=&#8221;xs&#8221; link=&#8221;url:https%3A%2F%2Febp.org.br%2Fsp%2Fjornadas%2Fx-jornadas-psicanalise-em-ato%2Feixos-tematicos-x-jornadas%2F&#8221;][\/vc_column][\/vc_row][vc_row][vc_column][vc_separator color=&#8221;juicy_pink&#8221; border_width=&#8221;3&#8243; el_width=&#8221;60&#8243;][\/vc_column][\/vc_row][vc_row][vc_column width=&#8221;1\/6&#8243;][vc_single_image image=&#8221;5909&#8243; img_size=&#8221;full&#8221; alignment=&#8221;right&#8221;][\/vc_column][vc_column width=&#8221;5\/6&#8243;][vc_column_text]\n<h1><span style=\"color: #993300;\">Caixa de Entrada<\/span><\/h1>\n[\/vc_column_text][\/vc_column][\/vc_row][vc_row][vc_column width=&#8221;1\/6&#8243;][vc_single_image image=&#8221;5906&#8243; img_size=&#8221;200&#215;200&#8243; add_caption=&#8221;yes&#8221;][\/vc_column][vc_column width=&#8221;5\/6&#8243;][vc_column_text]Como alojar de uma boa maneira, por meio de nosso Boletim TRAVESSIAS, uma transfer\u00eancia de trabalho, recortando os ditos espalhados pelas redes? A ideia consiste em abrir um espa\u00e7o disposto \u00e0 inven\u00e7\u00e3o, de modo a tecer uma express\u00e3o de la\u00e7o entre o Boletim e a comunidade anal\u00edtica.<\/p>\n<p><strong>Caixa de entrada<\/strong>\u00a0ter\u00e1 como finalidade garimpar do chat do Zoom, os conte\u00fados produzidos durante as atividades preparat\u00f3rias para as X Jornadas da EBP-SP \u2013 \u201cPsican\u00e1lise em ato\u201d, ali onde a palavra encontrou novas vias de circula\u00e7\u00e3o atrav\u00e9s de um coment\u00e1rio, uma quest\u00e3o sustentada, uma inquieta\u00e7\u00e3o. Afinal, as palavras seguem sendo o alicerce primordial da inven\u00e7\u00e3o de Freud: o inconsciente participa![\/vc_column_text][vc_btn title=&#8221;Leia+&#8221; style=&#8221;classic&#8221; color=&#8221;juicy-pink&#8221; size=&#8221;xs&#8221; link=&#8221;url:https%3A%2F%2Febp.org.br%2Fsp%2Fjornadas%2Fx-jornadas-psicanalise-em-ato%2Fcaixa-de-entrada%2F|title:Caixa%20de%20Entrada&#8221;][\/vc_column][\/vc_row][vc_row][vc_column][vc_separator color=&#8221;juicy_pink&#8221; border_width=&#8221;3&#8243; el_width=&#8221;60&#8243;][\/vc_column][\/vc_row][vc_row][vc_column width=&#8221;1\/6&#8243;][vc_single_image image=&#8221;5910&#8243; img_size=&#8221;full&#8221; alignment=&#8221;right&#8221;][\/vc_column][vc_column width=&#8221;5\/6&#8243;][vc_column_text]\n<h1><span style=\"color: #993300;\">Conex\u00f5es com a cidade<\/span><\/h1>\n[\/vc_column_text][\/vc_column][\/vc_row][vc_row][vc_column width=&#8221;1\/6&#8243;][vc_single_image image=&#8221;6192&#8243; img_size=&#8221;200&#215;200&#8243; add_caption=&#8221;yes&#8221;][\/vc_column][vc_column width=&#8221;5\/6&#8243;][vc_column_text]A<strong>\u00a0<\/strong>tradicional\u00a0<strong>Mostra Internacional de Cinema em S\u00e3o Paulo<\/strong>\u00a0est\u00e1 em sua 45\u00aa edi\u00e7\u00e3o e acontece dos dias 21\/10\/2021 ao 03\/11\/2021. A Mostra este ano vem com uma programa\u00e7\u00e3o repleta de\u00a0<a href=\"https:\/\/45.mostra.org\/filmes?tags=filmes%20premiados\">filmes premiados<\/a>\u00a0nos festivais internacionais do mundo, apresentando tend\u00eancias, tem\u00e1ticas, narrativas e est\u00e9ticas do cinema contempor\u00e2neo.<\/p>\n<p>A\u00a0programa\u00e7\u00e3o da\u00a0<strong>Mostra<\/strong>\u00a0conta com 264 filmes de mais de cinquenta pa\u00edses, divididos em se\u00e7\u00f5es:\u00a0<em>Perspectiva Internacional, Competi\u00e7\u00e3o Novos Diretores, Mostra Brasil, Apresenta\u00e7\u00e3o Especial e Retrospectiva Paulo Rocha<\/em>. Tamb\u00e9m exibir\u00e1 o vencedor da Palma de Ouro no Festival de Cannes,\u00a0<a href=\"https:\/\/45.mostra.org\/filmes\/titane\"><strong>Titane<\/strong><\/a>, dirigido por Julia Ducournau, diretora francesa.[\/vc_column_text][vc_btn title=&#8221;Leia+&#8221; style=&#8221;classic&#8221; color=&#8221;juicy-pink&#8221; size=&#8221;xs&#8221; link=&#8221;url:https%3A%2F%2Febp.org.br%2Fsp%2Fconexoes-com-a-cidade-2%2F|title:Caixa%20de%20Entrada&#8221;][\/vc_column][\/vc_row][vc_row][vc_column][vc_separator color=&#8221;juicy_pink&#8221; border_width=&#8221;3&#8243; el_width=&#8221;60&#8243;][\/vc_column][\/vc_row][vc_row][vc_column width=&#8221;1\/3&#8243;][vc_single_image image=&#8221;5649&#8243; img_size=&#8221;full&#8221; alignment=&#8221;center&#8221;][vc_column_text]\n<h1 style=\"text-align: center;\"><span style=\"color: #993300;\">Bibliografia<\/span><\/h1>\n[\/vc_column_text][vc_single_image image=&#8221;5642&#8243; img_size=&#8221;full&#8221; add_caption=&#8221;yes&#8221; alignment=&#8221;center&#8221;][vc_btn title=&#8221;Leia+&#8221; style=&#8221;classic&#8221; color=&#8221;juicy-pink&#8221; size=&#8221;xs&#8221; align=&#8221;center&#8221; link=&#8221;url:https%3A%2F%2Febp.org.br%2Fsp%2Fjornadas%2Fx-jornadas-psicanalise-em-ato%2Fbibliografia-x-jornadas%2F|title:Refer%C3%AAncias%20Bibliogr%C3%A1ficas%20%E2%80%93%20X%20Jornadas&#8221;][\/vc_column][vc_column width=&#8221;1\/3&#8243;][vc_single_image image=&#8221;5639&#8243; img_size=&#8221;full&#8221; alignment=&#8221;center&#8221;][vc_column_text]\n<h1 style=\"text-align: center;\"><span style=\"color: #993300;\">Podcast<\/span><\/h1>\n[\/vc_column_text][vc_single_image image=&#8221;5650&#8243; img_size=&#8221;full&#8221; add_caption=&#8221;yes&#8221; alignment=&#8221;center&#8221;][vc_btn title=&#8221;Leia+&#8221; style=&#8221;classic&#8221; color=&#8221;juicy-pink&#8221; size=&#8221;xs&#8221; align=&#8221;center&#8221; link=&#8221;url:https%3A%2F%2Febp.org.br%2Fsp%2Fjornadas%2Fx-jornadas-psicanalise-em-ato%2Fpodcast-atoalidades-analiticas-x-jornadas%2F|title:Refer%C3%AAncias%20Bibliogr%C3%A1ficas%20%E2%80%93%20X%20Jornadas&#8221;][\/vc_column][vc_column width=&#8221;1\/3&#8243;][vc_single_image image=&#8221;5634&#8243; img_size=&#8221;full&#8221; alignment=&#8221;center&#8221;][vc_column_text]\n<h1 style=\"text-align: center;\"><span style=\"color: #993300;\">Comiss\u00f5es<\/span><\/h1>\n[\/vc_column_text][vc_single_image image=&#8221;5644&#8243; img_size=&#8221;full&#8221; add_caption=&#8221;yes&#8221; alignment=&#8221;center&#8221;][vc_btn title=&#8221;Leia+&#8221; style=&#8221;classic&#8221; color=&#8221;juicy-pink&#8221; size=&#8221;xs&#8221; align=&#8221;center&#8221; link=&#8221;url:https%3A%2F%2Febp.org.br%2Fsp%2Fjornadas%2Fx-jornadas-psicanalise-em-ato%2Fcomissoes-organizadoras-x-jornadas%2F|title:Refer%C3%AAncias%20Bibliogr%C3%A1ficas%20%E2%80%93%20X%20Jornadas&#8221;][\/vc_column][\/vc_row][vc_row][vc_column][vc_separator color=&#8221;juicy_pink&#8221; border_width=&#8221;3&#8243; el_width=&#8221;60&#8243;][\/vc_column][\/vc_row][vc_row][vc_column width=&#8221;1\/3&#8243;][\/vc_column][vc_column width=&#8221;1\/3&#8243;][vc_column_text]\n<h1 style=\"text-align: center;\"><span style=\"color: #993300;\">Programa<\/span><\/h1>\n[\/vc_column_text][vc_single_image image=&#8221;6232&#8243; img_size=&#8221;200&#215;200&#8243; add_caption=&#8221;yes&#8221; alignment=&#8221;center&#8221;][vc_column_text]\n<p style=\"text-align: center;\">Clique no bot\u00e3o abaixo para fazer o download do programa.<\/p>\n[\/vc_column_text][vc_btn title=&#8221;Download PDF&#8221; color=&#8221;juicy-pink&#8221; align=&#8221;center&#8221; link=&#8221;url:https%3A%2F%2Febp.org.br%2Fsp%2Fwp-content%2Fuploads%2F2021%2F10%2FPrograma-5.pdf&#8221;][\/vc_column][vc_column width=&#8221;1\/3&#8243;][\/vc_column][\/vc_row][vc_row][vc_column][vc_separator color=&#8221;juicy_pink&#8221; border_width=&#8221;3&#8243; el_width=&#8221;60&#8243;][\/vc_column][\/vc_row][vc_row][vc_column][vc_single_image image=&#8221;5651&#8243; img_size=&#8221;full&#8221; alignment=&#8221;center&#8221; onclick=&#8221;custom_link&#8221; link=&#8221;https:\/\/ebp.org.br\/sp\/jornadas\/x-jornadas-psicanalise-em-ato\/inscricoes-x-jornadas\/&#8221;][\/vc_column][\/vc_row][vc_row][vc_column][vc_separator color=&#8221;juicy_pink&#8221; border_width=&#8221;3&#8243; el_width=&#8221;60&#8243;][\/vc_column][\/vc_row][vc_row css=&#8221;.vc_custom_1625140380638{background-color: #969083 !important;}&#8221;][vc_column][vc_single_image image=&#8221;5640&#8243; img_size=&#8221;full&#8221; alignment=&#8221;center&#8221;][vc_column_text]\n<h6 style=\"text-align: center;\"><span style=\"color: #ffffff;\">Comiss\u00e3o de Boletim<\/span><\/h6>\n<h6 style=\"text-align: center;\"><span style=\"color: #ffffff;\">Camila Popadiuk e Paula Caio Carvalho (Coordenadoras), Emelice Prado Bagnola, Maria Marta Ferreira, Mariana Ferretti, Marilsa Basso, Mirmila Musse, Perp\u00e9tua Medrado<\/span><\/h6>\n[\/vc_column_text][vc_single_image image=&#8221;4394&#8243; img_size=&#8221;full&#8221; alignment=&#8221;center&#8221;][\/vc_column][\/vc_row]\n<\/section>","protected":false},"excerpt":{"rendered":"<p>[vc_row][vc_column][vc_single_image image=&#8221;5745&#8243; img_size=&#8221;full&#8221; alignment=&#8221;center&#8221;][vc_column_text] Escola Brasileira de Psican\u00e1lise &#8211; Boletim das X Jornadas da Se\u00e7\u00e3o SP &#8211; N\u00famero 05 &#8211; novembro de 2021 [\/vc_column_text][\/vc_column][\/vc_row][vc_row][vc_column width=&#8221;1\/6&#8243;][vc_single_image image=&#8221;5635&#8243; img_size=&#8221;full&#8221; alignment=&#8221;right&#8221;][\/vc_column][vc_column width=&#8221;5\/6&#8243;][vc_column_text] e-dito [\/vc_column_text][\/vc_column][\/vc_row][vc_row][vc_column width=&#8221;1\/6&#8243;][vc_single_image image=&#8221;6185&#8243; img_size=&#8221;full&#8221; add_caption=&#8221;yes&#8221;][\/vc_column][vc_column width=&#8221;5\/6&#8243;][vc_column_text]O esp de um ato Niraldo de Oliveira Santos (EBP\/AMP) Chegamos ao \u00faltimo Boletim Travessias. A programa\u00e7\u00e3o das X Jornadas&hellip;<\/p>\n","protected":false},"author":1,"featured_media":0,"parent":5773,"menu_order":0,"comment_status":"closed","ping_status":"closed","template":"","meta":{"footnotes":""},"class_list":["post-6219","page","type-page","status-publish","hentry","entry","no-media"],"aioseo_notices":[],"_links":{"self":[{"href":"https:\/\/ebp.org.br\/sp\/wp-json\/wp\/v2\/pages\/6219","targetHints":{"allow":["GET"]}}],"collection":[{"href":"https:\/\/ebp.org.br\/sp\/wp-json\/wp\/v2\/pages"}],"about":[{"href":"https:\/\/ebp.org.br\/sp\/wp-json\/wp\/v2\/types\/page"}],"author":[{"embeddable":true,"href":"https:\/\/ebp.org.br\/sp\/wp-json\/wp\/v2\/users\/1"}],"replies":[{"embeddable":true,"href":"https:\/\/ebp.org.br\/sp\/wp-json\/wp\/v2\/comments?post=6219"}],"version-history":[{"count":0,"href":"https:\/\/ebp.org.br\/sp\/wp-json\/wp\/v2\/pages\/6219\/revisions"}],"up":[{"embeddable":true,"href":"https:\/\/ebp.org.br\/sp\/wp-json\/wp\/v2\/pages\/5773"}],"wp:attachment":[{"href":"https:\/\/ebp.org.br\/sp\/wp-json\/wp\/v2\/media?parent=6219"}],"curies":[{"name":"wp","href":"https:\/\/api.w.org\/{rel}","templated":true}]}}