{"id":6152,"date":"2021-10-26T18:26:23","date_gmt":"2021-10-26T21:26:23","guid":{"rendered":"https:\/\/ebp.org.br\/sp\/?page_id=6150"},"modified":"2021-10-26T18:26:23","modified_gmt":"2021-10-26T21:26:23","slug":"programa-x-jornadas-2","status":"publish","type":"page","link":"https:\/\/ebp.org.br\/sp\/jornadas\/x-jornadas-psicanalise-em-ato\/programa-x-jornadas-2\/","title":{"rendered":"Programa &#8211; X Jornadas"},"content":{"rendered":"<section class=\"wpb-content-wrapper\">[vc_row][vc_column][vc_single_image image=&#8221;5670&#8243; img_size=&#8221;full&#8221; alignment=&#8221;center&#8221; onclick=&#8221;custom_link&#8221; link=&#8221;https:\/\/ebp.org.br\/sp\/jornadas\/x-jornadas-psicanalise-em-ato\/argumento-x-jornadas\/&#8221;][\/vc_column][\/vc_row][vc_row][vc_column][eikra-vc-text-title style=&#8221;style2&#8243; title=&#8221;Programa&#8221;][\/eikra-vc-text-title][\/vc_column][\/vc_row][vc_row][vc_column width=&#8221;2\/3&#8243;][vc_column_text]\n<h3><span style=\"color: #993300;\"><strong>05\/11\/21 \u2013 SEXTA-FEIRA<\/strong><\/span><\/h3>\n<p><span style=\"color: #993300;\">9:00 &#8211; 09:30 \u2013 <strong>ABERTURA<\/strong><\/span><\/p>\n<p>Alessandra Sartorello Pecego \u2013 EBP\/AMP &#8211; Diretora Geral da EBP-SP<br \/>\nNiraldo de Oliveira Santos \u2013 EBP\/AMP &#8211; Coordenador das X Jornadas<br \/>\nLuiz Fernando Carrijo da Cunha \u2013 AME EBP\/AMP &#8211; Coordenador da Comiss\u00e3o de Orienta\u00e7\u00e3o<\/p>\n<p><span style=\"color: #993300;\">09:30 \u2013 11:00 \u2013 <strong>CONFER\u00caNCIA DE ABERTURA &#8211; ATO: ENTRE CONSENTIMENTO E CONSEQU\u00caNCIAS. O QUE A CL\u00cdNICA ANAL\u00cdTICA CONTRIBUI PARA A CIVILIZA\u00c7\u00c3O<\/strong><\/span><\/p>\n<p><strong>Anna Arom\u00ed<\/strong> \u2013 AME ELP\/AMP<br \/>\n<em>Coment\u00e1rios: Luiz Fernando Carrijo da Cunha \u2013 AME EBP\/AMP<\/em><br \/>\n<em>Coord. Alessandra Sartorello Pecego \u2013 EBP\/AMP<\/em><\/p>\n<p><span style=\"color: #993300;\">11:00 \u2013 11:15 Intervalo<\/span><\/p>\n<p><span style=\"color: #993300;\">11:15 \u2013 12:45 <strong>\u2013 PLEN\u00c1RIA 1:<\/strong> <strong>CL\u00cdNICA SOB TRANSFER\u00caNCIA \u2013 QUAL TEMPO?<\/strong><\/span><\/p>\n<p><strong>Ato e tempo: uma perspectiva moebiana &#8211; <\/strong>Maria Bernadette Soares de Sant\u2019Anna Pitteri \u2013 EBP\/AMP<br \/>\n<strong>Dois tempos do ato: de um tratamento e de um analista &#8211; <\/strong>Ros\u00e2ngela Carboni Castro Turim<br \/>\n<strong>Cl\u00ednica em ato &#8211; <\/strong>Gustavo Oliveira Menezes \u2013 EBP\/AMP<br \/>\n<em>Debatedor: Romildo do R\u00eago Barros \u2013 AME EBP\/AMP<\/em><br \/>\n<em>Coord. Lucila Maiorino Darrigo \u2013 EBP\/AMP<\/em><\/p>\n<p><span style=\"color: #993300;\">12:45 \u2013 14:30 \u2013 Intervalo para almo\u00e7o<\/span><\/p>\n<p><span style=\"color: #993300;\">14:30 \u2013 16:00 <strong>\u2013<\/strong> <strong>PLEN\u00c1RIA 2: A POL\u00cdTICA DO SINTOMA E OS SIGNIFICANTES MESTRES DA \u00c9POCA<\/strong><\/span><\/p>\n<p><strong>Pol\u00edtica lacaniana do sintoma: em dire\u00e7\u00e3o a uma mudan\u00e7a de raz\u00e3o ou o pior &#8211; <\/strong>Cristiana Chacon Gallo \u2013 EBP\/AMP<br \/>\n<strong>Qual lugar para a psican\u00e1lise no mal-estar da civiliza\u00e7\u00e3o no s\u00e9culo XXI? &#8211; <\/strong>Milena Vicari Crastelo \u2013 EBP\/AMP<br \/>\n<strong>Revolu\u00e7\u00e3o e ato &#8211; <\/strong>Tissyana Carri\u00e3o Guimar\u00e3es<br \/>\n<em>Debatedora: C\u00e1ssia Maria Rumenos Guardado \u2013 AME EBP\/AMP<\/em><br \/>\n<em>Coord. Daniela de Camargo Barros Affonso \u2013 EBP\/AMP<\/em><\/p>\n<p><span style=\"color: #993300;\">16:00 \u2013 16:15 &#8211; Intervalo<\/span><\/p>\n<p><span style=\"color: #993300;\">16:15 \u2013 17:15 \u2013 <strong>LACAN \u2013 O ATO DA ESCRITA<\/strong><\/span><\/p>\n<p>Teresinha Natal Meirelles do Prado \u2013 EBP\/AMP<br \/>\nCamila Popadiuk \u2013 EBP\/AMP<br \/>\nGustavo Oliveira Menezes \u2013 EBP\/AMP<br \/>\n<em>Debatedora: Angelina Harari \u2013 AME EBP\/AMP<\/em><br \/>\n<em>Coord. Mirmila Alves Musse \u2013 EBP\/AMP<\/em><\/p>\n<p><span style=\"color: #993300;\">17:15 \u2013 18:45 \u2013 <strong>O ATO CRIATIVO NA M\u00daSICA<\/strong><\/span><\/p>\n<p><strong>M\u00f4nica Salmaso<br \/>\n<\/strong>Conversam: Fabiola Ramon (EBP\/AMP), Maria Josefina Sota Fuentes (EBP\/AMP), Patr\u00edcia Badari (EBP\/AMP)<br \/>\n<em>Coord. Niraldo de Oliveira Santos &#8211; EBP\/AMP<\/em><\/p>\n<h3><span style=\"color: #993300;\"><strong>06\/11\/21 \u2013 S\u00c1BADO<\/strong><\/span><\/h3>\n<p><span style=\"color: #993300;\">08:30 \u2013 13:00 \u2013 <strong>MESAS SIMULT\u00c2NEAS<\/strong><\/span><\/p>\n<p><span style=\"color: #993300;\"><strong>\u00a0<\/strong>13:00 \u2013 14:00 \u2013 Intervalo para almo\u00e7o<\/span><\/p>\n<p><span style=\"color: #993300;\">14:00 \u2013 15:30 \u2013 <strong>PLEN\u00c1RIA 3: A PSICAN\u00c1LISE NA POL\u00cdTICA<\/strong><\/span><\/p>\n<p>Jorge Forbes \u2013 AME EBP\/AMP<br \/>\nMaria do Carmo Dias Batista \u2013 AME EBP\/AMP<br \/>\nR\u00f4mulo Ferreira da Silva &#8211; AME EBP\/AMP<br \/>\nSandra Arruda Grostein &#8211; AME EBP\/AMP<br \/>\n<em>Debatedor: Luiz Fernando Carrijo da Cunha &#8211; AME EBP\/AMP<\/em><\/p>\n<p><span style=\"color: #993300;\">15:30 \u2013 15:45 Intervalo<\/span><\/p>\n<p><span style=\"color: #993300;\"><strong>\u00a0<\/strong>15:45 \u2013 17:00 \u2013 <strong>PLEN\u00c1RIA 4: O PASSE NO HORIZONTE DE TODA AN\u00c1LISE: UM PRINC\u00cdPIO \u00c9TICO<\/strong><\/span><\/p>\n<p><strong>Incid\u00eancias do passe cl\u00ednico na pr\u00e1tica anal\u00edtica &#8211; <\/strong>Fernando del Guerra Prota \u2013 EBP\/AMP<br \/>\n<strong>O passe na cl\u00ednica &#8211; <\/strong>Veridiana Marucio \u2013 EBP\/AMP<br \/>\n<em>Debatedor: S\u00e9rgio Laia \u2013 AME EBP\/AMP<\/em><br \/>\n<em>Coord. Val\u00e9ria Ferranti \u2013 EBP\/AMP<\/em><\/p>\n<p><span style=\"color: #993300;\">17:00 \u2013 18:30 \u2013 <strong>MESA DO PASSE: ATO E FINAL DE AN\u00c1LISE<\/strong><\/span><\/p>\n<p><strong>Consentir com um nome &#8211; <\/strong>Carlos Rossi \u2013 AE da Escola Una, EOL\/AMP<br \/>\n<strong>Resson\u00e2ncias do ato anal\u00edtico! &#8211; <\/strong>T\u00e2nia Abreu \u2013 AE da Escola Una, EBP\/AMP<br \/>\n<em>Coment\u00e1rios: Anna Arom\u00ed &#8211; AME ELP\/AMP<\/em><br \/>\n<em>Coord. R\u00f4mulo Ferreira da Silva &#8211; AME EBP\/AMP<\/em><\/p>\n<p><span style=\"color: #993300;\">18:30 \u2013 <strong>ENCERRAMENTO<\/strong><\/span><\/p>\n<hr \/>\n<h3>MESAS SIMULT\u00c2NEAS &#8211; S\u00c1BADO, 06\/11\/2021<\/h3>\n<h3><strong><span style=\"color: #993300;\">8:30 \u00e0s 10:00<\/span><\/strong><\/h3>\n<ul>\n<li><strong><span style=\"color: #993300;\">Sala 1 &#8211; ATO E CONSENTIMENTO<\/span><\/strong><br \/>\nDebatedora: Maria C\u00e9lia R. Kato &#8211; EBP\/AMP<\/p>\n<ul>\n<li>O ato no in\u00edcio de uma an\u00e1lise \u2013 Ana Paula Cipresso Borges<\/li>\n<li>Tecitura do ato anal\u00edtico: a entrada em an\u00e1lise \u2013 D\u00e9bora Garcia<\/li>\n<li>Diante do mesmo: um novo la\u00e7o de amor? \u2013 Nat\u00e1lia Martinelli Cassim<\/li>\n<li>Ato anal\u00edtico, consentimento ao inconsciente e entrada em an\u00e1lise \u2013 Paula C. V. Caio de Carvalho<\/li>\n<\/ul>\n<\/li>\n<\/ul>\n<p>&nbsp;<\/p>\n<ul>\n<li><strong><span style=\"color: #993300;\">Sala 2 &#8211; AMOR E TEMPO<\/span><\/strong><br \/>\nDebatedora: Jovita Carneiro de Lima<\/p>\n<ul>\n<li>O esmaecer do tempo de compreender \u2013 Armando Adurens<\/li>\n<li>Furo, ato e tempo \u2013 Gabriela Ponte Rodrigues<\/li>\n<li>Seria o ato anal\u00edtico um ato de amor? \u2013 Sonia Perazzolo<\/li>\n<li>O ato e a forma\u00e7\u00e3o do analista \u2013 Tatiana C. Vidotti<\/li>\n<\/ul>\n<\/li>\n<\/ul>\n<p>&nbsp;<\/p>\n<ul>\n<li><strong><span style=\"color: #993300;\">Sala 3 &#8211; A QUEST\u00c3O TRANS<\/span><\/strong><br \/>\nDebatedora: Silvia Sato &#8211; EBP\/AMP<\/p>\n<ul>\n<li>\u201cO meu pa\u00eds e sua corja de assassinos, covardes, estupradores&#8230;\u201d \u2013 Vagner Arakawa<\/li>\n<li>A letra a no alfabeto: um analista, a crian\u00e7a, e o encontro com o sexual \u2013 Suele Conde Soares<\/li>\n<li>A constru\u00e7\u00e3o do pr\u00f3prio sexo \u2013 Cl\u00e1udio Ivan Bezerra<\/li>\n<\/ul>\n<\/li>\n<\/ul>\n<h3><strong><span style=\"color: #993300;\">10:00 \u00e0s 11:30<\/span><\/strong><\/h3>\n<ul>\n<li><strong><span style=\"color: #993300;\">Sala 1 &#8211; ATO E DESEJO DO ANALISTA<\/span><\/strong><br \/>\nDebatedora: Eliane Costa Dias &#8211; EBP\/AMP<\/p>\n<ul>\n<li>A psican\u00e1lise reinventada \u2013 Jo\u00e3o Lucas Borges Zanchi<\/li>\n<li>Entre lobos e nomes \u2013 Magno Azevedo<\/li>\n<li>O ato de fazer falar \u2013 Eduardo Vallejos<\/li>\n<\/ul>\n<\/li>\n<\/ul>\n<p>&nbsp;<\/p>\n<ul>\n<li><strong><span style=\"color: #993300;\">Sala 2 &#8211; ATO E RUPTURA<\/span><\/strong><br \/>\nDebatedora: Marilsa Basso &#8211; EBP\/AMP<\/p>\n<ul>\n<li>Passagem ao ato: do indiz\u00edvel ao diz\u00edvel \u2013 Carlos Ferraz Batista<\/li>\n<li>Ato anal\u00edtico \u2013 uma experi\u00eancia? \u2013 Diva Rubim Parentoni<\/li>\n<li>O ato anal\u00edtico: da moral civilizada ao mais de gozar \u2013 Marcella Pereira de Oliveira<\/li>\n<\/ul>\n<\/li>\n<\/ul>\n<p>&nbsp;<\/p>\n<ul>\n<li><strong><span style=\"color: #993300;\">Sala 3 &#8211; A PSICAN\u00c1LISE E A POL\u00cdTICA NAS INSTITUI\u00c7\u00d5ES<\/span><\/strong><br \/>\nDebatedora: Maria Cec\u00edlia Galletti Ferretti &#8211; AME EBP\/AMP<\/p>\n<ul>\n<li>Considera\u00e7\u00f5es sobre o ato e a inven\u00e7\u00e3o da transfer\u00eancia na cl\u00ednica dos autismos \u2013 Izabel Abreu<\/li>\n<li>\u201cOuvi(dor)i(a)\u201d hospitalar como dispositivo pol\u00edtico: inquieta\u00e7\u00f5es psicanal\u00edticas em tempos pand\u00eamicos \u2013 Ronaldo Sales de Ara\u00fajo (relator); Jacqueline de Oliveira Moreira<\/li>\n<li>O que pode um psicanalista frente ao Politicamente Correto? \u2013 Maria Ludmila Mour\u00e3o<\/li>\n<\/ul>\n<\/li>\n<\/ul>\n<h3><strong><span style=\"color: #993300;\">11:30 \u00e0s 13:00<\/span><\/strong><\/h3>\n<ul>\n<li><strong><span style=\"color: #993300;\">Sala 1 &#8211; ATO E INTERPRETA\u00c7\u00c3O<\/span><\/strong><br \/>\nDebatedora: Carmen Silvia Cervelatti &#8211; EBP\/AMP<\/p>\n<ul>\n<li>A forma\u00e7\u00e3o do analista: reflex\u00f5es sobre interpreta\u00e7\u00e3o e ato anal\u00edtico \u2013 Cl\u00e1udia Regina Santa Silva<\/li>\n<li>Analista trauma \u2013 Cynthia Gon\u00e7alves Gindro<\/li>\n<li>\u201cO duro desejo de durar\u201d: interpreta\u00e7\u00e3o, ato e final de an\u00e1lise \u2013 Janaina de Paula Costa Ver\u00edssimo<\/li>\n<\/ul>\n<\/li>\n<\/ul>\n<p>&nbsp;<\/p>\n<ul>\n<li><span style=\"color: #993300;\"><strong>Sala 2 &#8211; ATO, O QUE SE INSCREVE<\/strong><\/span><br \/>\nDebatedora: Maria Helena Barbosa &#8211; EBP\/AMP<\/p>\n<ul>\n<li>Da \u00e9tica psicanal\u00edtica ao ato: algo se inscreve \u2013 Elaine T. Hara; Fabiana R. Barbosa (relatora); Ivan R. Estev\u00e3o<\/li>\n<li>O broto amargo do desejo do analista \u2013 Heloisa Silva Teixeira<\/li>\n<li>A poesia, o Neutro e o ato diante dos enigmas da sexualidade. Uma leitura a partir de Lacan, Barthes e Paul Celan \u2013 Antonio Alberto P. de Almeida<\/li>\n<\/ul>\n<\/li>\n<\/ul>\n<p>&nbsp;<\/p>\n<ul>\n<li><strong><span style=\"color: #993300;\">Sala 3 &#8211; MAL-ESTAR CONTEMPOR\u00c2NEO<\/span><\/strong><br \/>\nDebatedora: Cristiana C. Gallo &#8211; EBP\/AMP<\/p>\n<ul>\n<li>O ato do analista e suas consequ\u00eancias na sess\u00e3o \u2013 Monica Marchese<\/li>\n<li>Apocalipse now? \u2013 Rodrigo Camargo<\/li>\n<li>A psican\u00e1lise profana: o ato contra-civilizat\u00f3rio \u2013 Felipe Bier<\/li>\n<\/ul>\n<\/li>\n<\/ul>\n[\/vc_column_text][\/vc_column][vc_column width=&#8221;1\/3&#8243;][vc_single_image image=&#8221;6153&#8243; img_size=&#8221;141&#215;200&#8243; alignment=&#8221;center&#8221;][vc_btn title=&#8221;Download PDF&#8221; color=&#8221;danger&#8221; size=&#8221;xs&#8221; align=&#8221;center&#8221; link=&#8221;url:https%3A%2F%2Febp.org.br%2Fsp%2Fwp-content%2Fuploads%2F2021%2F10%2FPrograma-3.pdf&#8221;][\/vc_column][\/vc_row]\n<\/section>","protected":false},"excerpt":{"rendered":"<p>[vc_row][vc_column][vc_single_image image=&#8221;5670&#8243; img_size=&#8221;full&#8221; alignment=&#8221;center&#8221; onclick=&#8221;custom_link&#8221; link=&#8221;https:\/\/ebp.org.br\/sp\/jornadas\/x-jornadas-psicanalise-em-ato\/argumento-x-jornadas\/&#8221;][\/vc_column][\/vc_row][vc_row][vc_column][eikra-vc-text-title style=&#8221;style2&#8243; title=&#8221;Programa&#8221;][\/eikra-vc-text-title][\/vc_column][\/vc_row][vc_row][vc_column width=&#8221;2\/3&#8243;][vc_column_text] 05\/11\/21 \u2013 SEXTA-FEIRA 9:00 &#8211; 09:30 \u2013 ABERTURA Alessandra Sartorello Pecego \u2013 EBP\/AMP &#8211; Diretora Geral da EBP-SP Niraldo de Oliveira Santos \u2013 EBP\/AMP &#8211; Coordenador das X Jornadas Luiz Fernando Carrijo da Cunha \u2013 AME EBP\/AMP &#8211; Coordenador da Comiss\u00e3o de Orienta\u00e7\u00e3o 09:30 \u2013 11:00&hellip;<\/p>\n","protected":false},"author":1,"featured_media":0,"parent":5669,"menu_order":0,"comment_status":"closed","ping_status":"closed","template":"","meta":{"footnotes":""},"class_list":["post-6152","page","type-page","status-publish","hentry","entry","no-media"],"aioseo_notices":[],"_links":{"self":[{"href":"https:\/\/ebp.org.br\/sp\/wp-json\/wp\/v2\/pages\/6152","targetHints":{"allow":["GET"]}}],"collection":[{"href":"https:\/\/ebp.org.br\/sp\/wp-json\/wp\/v2\/pages"}],"about":[{"href":"https:\/\/ebp.org.br\/sp\/wp-json\/wp\/v2\/types\/page"}],"author":[{"embeddable":true,"href":"https:\/\/ebp.org.br\/sp\/wp-json\/wp\/v2\/users\/1"}],"replies":[{"embeddable":true,"href":"https:\/\/ebp.org.br\/sp\/wp-json\/wp\/v2\/comments?post=6152"}],"version-history":[{"count":0,"href":"https:\/\/ebp.org.br\/sp\/wp-json\/wp\/v2\/pages\/6152\/revisions"}],"up":[{"embeddable":true,"href":"https:\/\/ebp.org.br\/sp\/wp-json\/wp\/v2\/pages\/5669"}],"wp:attachment":[{"href":"https:\/\/ebp.org.br\/sp\/wp-json\/wp\/v2\/media?parent=6152"}],"curies":[{"name":"wp","href":"https:\/\/api.w.org\/{rel}","templated":true}]}}