{"id":5915,"date":"2021-08-12T08:10:13","date_gmt":"2021-08-12T11:10:13","guid":{"rendered":"https:\/\/ebp.org.br\/sp\/?page_id=5915"},"modified":"2021-08-12T08:10:13","modified_gmt":"2021-08-12T11:10:13","slug":"boletim-travessias-02","status":"publish","type":"page","link":"https:\/\/ebp.org.br\/sp\/jornadas\/x-jornadas-psicanalise-em-ato\/boletim-travessias-01-2\/boletim-travessias-02\/","title":{"rendered":"Boletim Travessias #02"},"content":{"rendered":"<section class=\"wpb-content-wrapper\">[vc_row][vc_column][vc_single_image image=&#8221;5745&#8243; img_size=&#8221;full&#8221; alignment=&#8221;center&#8221;][vc_column_text]\n<h6 style=\"text-align: center;\">Escola Brasileira de Psican\u00e1lise &#8211; Boletim das X Jornadas da Se\u00e7\u00e3o SP &#8211; N\u00famero 02 &#8211; agosto de 2021<\/h6>\n[\/vc_column_text][\/vc_column][\/vc_row][vc_row][vc_column width=&#8221;1\/6&#8243;][vc_single_image image=&#8221;5635&#8243; img_size=&#8221;full&#8221; alignment=&#8221;right&#8221;][\/vc_column][vc_column width=&#8221;5\/6&#8243;][vc_column_text]\n<h1><span style=\"color: #993300;\">e-dito<\/span><\/h1>\n[\/vc_column_text][\/vc_column][\/vc_row][vc_row][vc_column width=&#8221;1\/6&#8243;][vc_single_image image=&#8221;5891&#8243; img_size=&#8221;full&#8221; add_caption=&#8221;yes&#8221;][\/vc_column][vc_column width=&#8221;5\/6&#8243;][vc_column_text]\n<h6>Por Paula Christina Verlangieri Caio de Carvalho<\/h6>\n<p>\u00c9 com grande entusiasmo que lan\u00e7amos o TRAVESSIAS #2! Esse n\u00famero traz uma viva discuss\u00e3o, resultado de aportes de colegas de nossas comiss\u00f5es, de outras se\u00e7\u00f5es e outras Escolas, tornando nossa travessia muito prof\u00edcua.<\/p>\n<p>A rubrica Flashes da comiss\u00e3o de orienta\u00e7\u00e3o nos brinda com quest\u00f5es de nossas colegas da Se\u00e7\u00e3o SP \u2013 Patr\u00edcia Badari traz a diferen\u00e7a do corpo como organismo e o falasser. Veridiana Marucio questiona a dimens\u00e3o do passe como ato pol\u00edtico e Cristiana Gallo nos leva a questionar a Escola como \u201claborat\u00f3rio\u201d e os la\u00e7os.[\/vc_column_text][vc_btn title=&#8221;Leia+&#8221; style=&#8221;classic&#8221; color=&#8221;juicy-pink&#8221; size=&#8221;xs&#8221; link=&#8221;url:https%3A%2F%2Febp.org.br%2Fsp%2Fe-dito-boletim-travessias-002%2F|title:e-dito%20Boletim%20Travessias%20%23002&#8243;][\/vc_column][\/vc_row][vc_row][vc_column][vc_separator color=&#8221;juicy_pink&#8221; border_width=&#8221;3&#8243; el_width=&#8221;60&#8243;][\/vc_column][\/vc_row][vc_row][vc_column width=&#8221;1\/6&#8243;][vc_single_image image=&#8221;5911&#8243; img_size=&#8221;full&#8221; alignment=&#8221;right&#8221;][\/vc_column][vc_column width=&#8221;5\/6&#8243;][vc_column_text]\n<h1><span style=\"color: #993300;\">Flashes da comiss\u00e3o de orienta\u00e7\u00e3o<\/span><\/h1>\n[\/vc_column_text][\/vc_column][\/vc_row][vc_row][vc_column width=&#8221;1\/6&#8243;][vc_single_image image=&#8221;5892&#8243; img_size=&#8221;full&#8221; add_caption=&#8221;yes&#8221;][\/vc_column][vc_column width=&#8221;5\/6&#8243;][vc_column_text]<strong>Eixo 4 \u2013 Ato anal\u00edtico e pol\u00edtica do sintoma<\/strong><\/p>\n<h6>Por Patricia Badari (EBP\/AMP)<\/h6>\n<p>Corpo-m\u00e1quina, corpo-imagem, corpo biol\u00f3gico sem la\u00e7o com o corpo do falasser, identifica\u00e7\u00e3o do corpo do falasser ao organismo &#8211; \u00e9 o que evidenciamos mais e mais no mundo contempor\u00e2neo.<\/p>\n<p>&#8212;&#8212;&#8212;-<\/p>\n<p><strong>Eixo 3 &#8211; Ato anal\u00edtico e civiliza\u00e7\u00e3o<\/strong><\/p>\n<h6>Por Cristiana Chacon Gallo (EBP\/AMP)<\/h6>\n<p>Dirijo minha quest\u00e3o a este eixo, partindo do ponto levantado acerca da converg\u00eancia entre o discurso da civiliza\u00e7\u00e3o e o da psican\u00e1lise na atualidade, numa refer\u00eancia a Miller em \u201cUma fantasia\u201d.<\/p>\n<p>&#8212;&#8212;&#8212;-<\/p>\n<p><strong>Eixo 5 \u2013 A passagem de psicanalisante a psicanalista<\/strong><\/p>\n<h6>Por Veridiana Marucio (EBP\/AMP)<\/h6>\n<p>O passe como ato pol\u00edtico<br \/>\nA psican\u00e1lise, por garantir um futuro aos nossos sintomas e n\u00e3o a sua erradica\u00e7\u00e3o, \u00e9 o avesso do discurso do mestre contempor\u00e2neo, e \u00e9 essa a rela\u00e7\u00e3o que a sustenta. O que nos d\u00e1 testemunho dessa afirmativa \u00e9 o Passe.[\/vc_column_text][vc_btn title=&#8221;Leia+&#8221; style=&#8221;classic&#8221; color=&#8221;juicy-pink&#8221; size=&#8221;xs&#8221; link=&#8221;url:https%3A%2F%2Febp.org.br%2Fsp%2Fflashes-da-comissao-de-orientacao%2F|title:Flashes%20da%20comiss%C3%A3o%20de%20orienta%C3%A7%C3%A3o&#8221;][\/vc_column][\/vc_row][vc_row][vc_column][vc_separator color=&#8221;juicy_pink&#8221; border_width=&#8221;3&#8243; el_width=&#8221;60&#8243;][\/vc_column][\/vc_row][vc_row][vc_column width=&#8221;1\/6&#8243;][vc_single_image image=&#8221;5914&#8243; img_size=&#8221;full&#8221; alignment=&#8221;right&#8221;][\/vc_column][vc_column width=&#8221;5\/6&#8243;][vc_column_text]\n<h1><span style=\"color: #993300;\">Textos Preparat\u00f3rios<\/span><\/h1>\n[\/vc_column_text][\/vc_column][\/vc_row][vc_row][vc_column width=&#8221;1\/6&#8243;][vc_single_image image=&#8221;5893&#8243; img_size=&#8221;full&#8221; add_caption=&#8221;yes&#8221;][\/vc_column][vc_column width=&#8221;5\/6&#8243;][vc_column_text]<strong>Eixo tem\u00e1tico 1: Declina\u00e7\u00f5es cl\u00ednicas do ato<\/strong><\/p>\n<h6>Gustavo Oliveira Menezes (EBP\/AMP)<br \/>\nMaria C\u00e9lia Reinaldo Kato (EBP\/AMP)<br \/>\nR\u00f4mulo Ferreira da Silva (EBP\/AMP)<\/h6>\n<p>A partir do ato, o que o psicanalista institui como experi\u00eancia anal\u00edtica? Ao abordar o tema do ato e suas declina\u00e7\u00f5es na perspectiva da cl\u00ednica, nos deparamos, primeiramente, com o ato falho, forma\u00e7\u00e3o do inconsciente que pode escapar \u00e0 escuta e que chamou a aten\u00e7\u00e3o de Freud. O ato falho \u00e9 interpret\u00e1vel, est\u00e1 na ordem do simb\u00f3lico e transmite algo do desejo. \u00c9 o que emerge e que ultrapassa o sujeito, o surpreende. Segundo Jacques-Alain Miller, \u201co que \u00e9 o ato falho, sen\u00e3o o&#8230;[\/vc_column_text][vc_btn title=&#8221;Leia+&#8221; style=&#8221;classic&#8221; color=&#8221;juicy-pink&#8221; size=&#8221;xs&#8221; link=&#8221;url:https%3A%2F%2Febp.org.br%2Fsp%2Feixo-tematico-1-declinacoes-clinicas-do-ato%2F|title:Eixo%20tem%C3%A1tico%201%3A%20Declina%C3%A7%C3%B5es%20cl%C3%ADnicas%20do%20ato&#8221;][\/vc_column][\/vc_row][vc_row][vc_column width=&#8221;1\/6&#8243;][vc_single_image image=&#8221;5894&#8243; img_size=&#8221;full&#8221; add_caption=&#8221;yes&#8221;][\/vc_column][vc_column width=&#8221;5\/6&#8243;][vc_column_text]<strong>Eixo tem\u00e1tico 2 &#8211; Ato anal\u00edtico e tempo<\/strong><\/p>\n<h6>Daniela de Camargo Barros Affonso (EBP\/AMP)<br \/>\nMaria Bernadette Soares de Sant\u2019Ana Pitteri (EBP\/AMP)<br \/>\nVal\u00e9ria Ferranti (EBP\/AMP)<\/h6>\n<p>\u201cO tempo n\u00e3o para e no entanto ele nunca envelhece\u201d. Ao apontar o paradoxo, o poeta nos leva a mergulhar no enigma que faz do tempo um mist\u00e9rio sempre investigado pela humanidade. Bergson, lembra Jorge Luis Borges, disse que o tempo era o problema capital da metaf\u00edsica e que, depois dele resolvido, ter-se-ia resolvido tudo. \u201cQue \u00e9 o tempo?\u201d, perguntava Santo Agostinho, para responder: \u201cSe n\u00e3o me perguntam, eu sei. Se me perguntam, eu ignoro\u201d. Este mesmo fil\u00f3sofo se debatia diante da d\u00favida&#8230;[\/vc_column_text][vc_btn title=&#8221;Leia+&#8221; style=&#8221;classic&#8221; color=&#8221;juicy-pink&#8221; size=&#8221;xs&#8221; link=&#8221;url:https%3A%2F%2Febp.org.br%2Fsp%2Feixo-tematico-2-ato-analitico-e-tempo%2F|title:Eixo%20tem%C3%A1tico%201%3A%20Declina%C3%A7%C3%B5es%20cl%C3%ADnicas%20do%20ato&#8221;][\/vc_column][\/vc_row][vc_row][vc_column width=&#8221;1\/6&#8243;][vc_single_image image=&#8221;5895&#8243; img_size=&#8221;full&#8221; add_caption=&#8221;yes&#8221;][\/vc_column][vc_column width=&#8221;5\/6&#8243;][vc_column_text]<strong>Uma disputa do ato: contribui\u00e7\u00f5es para uma cl\u00ednica psicanal\u00edtica do suic\u00eddio<\/strong><\/p>\n<h6>Nieves Soria (EOL\/AMP)<\/h6>\n<p><strong>A recusa do inconsciente <\/strong><br \/>\nO suic\u00eddio nos deixa sem palavras, n\u00e3o sabemos nada sobre ele. Nos confronta com a ignor\u00e2ncia mais absoluta. Nos deslumbramos at\u00e9 que o esquecemos. Ele se produz em um abismo que s\u00f3 por vezes nos aproximamos em nossa pr\u00e1tica. O abismo no qual o suicida se lan\u00e7a consiste em uma recusa de saber, uma recusa que se eleva como um n\u00e3o radical e absoluto diante dos emaranhados do verdadeiro, com suas voltas e reviravoltas&#8230;[\/vc_column_text][vc_btn title=&#8221;Leia+&#8221; style=&#8221;classic&#8221; color=&#8221;juicy-pink&#8221; size=&#8221;xs&#8221; link=&#8221;url:https%3A%2F%2Febp.org.br%2Fsp%2Fuma-disputa-do-ato-contribuicoes-para-uma-clinica-psicanalitica-do-suicidio%2F|title:Eixo%20tem%C3%A1tico%201%3A%20Declina%C3%A7%C3%B5es%20cl%C3%ADnicas%20do%20ato&#8221;][\/vc_column][\/vc_row][vc_row][vc_column width=&#8221;1\/6&#8243;][vc_single_image image=&#8221;5896&#8243; img_size=&#8221;full&#8221; add_caption=&#8221;yes&#8221;][\/vc_column][vc_column width=&#8221;5\/6&#8243;][vc_column_text]<strong>A entrada em an\u00e1lise: ato e moterialismo<\/strong><\/p>\n<h6>Cristina Drummond (EBP\/AMP)<\/h6>\n<p>Nas jornadas da ECF sobre o feminino, Fran\u00e7ois Ansermet nos disse que a fala de Paul Preciado nos trouxe a responsabilidade que temos de reinventar a psican\u00e1lise em um mundo do qual participamos. O pensamento de Preciado foi tomado por nossa comunidade como signo da subjetividade de nossa \u00e9poca e a quest\u00e3o trans como uma consequ\u00eancia da interven\u00e7\u00e3o da ci\u00eancia no mundo dos seres falantes. J\u00e1 em 83, Catherine Millot dizia: \u201cnada de transexual sem cirurgi\u00e3o e sem endocrinologista\u201d&#8230;[\/vc_column_text][vc_btn title=&#8221;Leia+&#8221; style=&#8221;classic&#8221; color=&#8221;juicy-pink&#8221; size=&#8221;xs&#8221; link=&#8221;url:https%3A%2F%2Febp.org.br%2Fsp%2Fa-entrada-em-analise-ato-e-moterialismo%2F|title:Eixo%20tem%C3%A1tico%201%3A%20Declina%C3%A7%C3%B5es%20cl%C3%ADnicas%20do%20ato&#8221;][\/vc_column][\/vc_row][vc_row][vc_column width=&#8221;1\/6&#8243;][vc_single_image image=&#8221;5897&#8243; img_size=&#8221;full&#8221; add_caption=&#8221;yes&#8221;][\/vc_column][vc_column width=&#8221;5\/6&#8243;][vc_column_text]<strong>A po\u00e9tica de Mar Becker: escrita, arrebenta\u00e7\u00e3o e naufr\u00e1gio<\/strong><\/p>\n<h6>Janaina de Paula Costa Ver\u00edssimo (Associada ao CLIN-a)<\/h6>\n<p>Em 2020, o primeiro livro de Mar Becker \u2013 A mulher submersa, foi lan\u00e7ado pela editora Urutau, promovendo, para muitos de seus leitores, um encontro inaugural e arrebatador com a sua escrita. No entanto, Mar, a ga\u00facha de nome de batismo Marceli Andressa Becker, j\u00e1 conduzia com m\u00e3os de artes\u00e3 seu \u201cprojeto est\u00e9tico\u201d, como ela assim o nomeia, desde os quatorze, quinze anos de idade. Em seu percurso, o livro anuncia-se mais como consequ\u00eancia e menos como fim&#8230;[\/vc_column_text][vc_btn title=&#8221;Leia+&#8221; style=&#8221;classic&#8221; color=&#8221;juicy-pink&#8221; size=&#8221;xs&#8221; link=&#8221;url:https%3A%2F%2Febp.org.br%2Fsp%2Fa-poetica-de-mar-becker-escrita-arrebentacao-e-naufragio%2F|title:Eixo%20tem%C3%A1tico%201%3A%20Declina%C3%A7%C3%B5es%20cl%C3%ADnicas%20do%20ato&#8221;][\/vc_column][\/vc_row][vc_row][vc_column][vc_separator color=&#8221;juicy_pink&#8221; border_width=&#8221;3&#8243; el_width=&#8221;60&#8243;][\/vc_column][\/vc_row][vc_row][vc_column width=&#8221;1\/6&#8243;][vc_single_image image=&#8221;5636&#8243; img_size=&#8221;full&#8221; alignment=&#8221;right&#8221;][\/vc_column][vc_column width=&#8221;5\/6&#8243;][vc_column_text]\n<h1><span style=\"color: #993300;\">Eixos Tem\u00e1ticos<\/span><\/h1>\n[\/vc_column_text][\/vc_column][\/vc_row][vc_row][vc_column width=&#8221;1\/6&#8243;][vc_single_image image=&#8221;5646&#8243; img_size=&#8221;full&#8221; add_caption=&#8221;yes&#8221;][\/vc_column][vc_column width=&#8221;5\/6&#8243;][vc_column_text]A partir do ato, o que o analista institui como experi\u00eancia anal\u00edtica? Freud aborda o ato falho enquanto forma\u00e7\u00e3o do inconsciente. \u00c9 o que emerge e que ultrapassa o sujeito. Lacan, no Semin\u00e1rio 11, dir\u00e1 que a\u00ed se instaura a dimens\u00e3o da perda e introduz a concep\u00e7\u00e3o de que o inconsciente se manifesta como o que vacila num corte do sujeito. Assim, o importante no ato nesta perspectiva \u00e9 o que escapa. Como o advento do\u00a0ato falho\u00a0d\u00e1 abertura para o ato do analista?[\/vc_column_text][vc_btn title=&#8221;Leia+&#8221; style=&#8221;classic&#8221; color=&#8221;juicy-pink&#8221; size=&#8221;xs&#8221; link=&#8221;url:https%3A%2F%2Febp.org.br%2Fsp%2Fjornadas%2Fx-jornadas-psicanalise-em-ato%2Feixos-tematicos-x-jornadas%2F&#8221;][\/vc_column][\/vc_row][vc_row][vc_column][vc_separator color=&#8221;juicy_pink&#8221; border_width=&#8221;3&#8243; el_width=&#8221;60&#8243;][\/vc_column][\/vc_row][vc_row][vc_column width=&#8221;1\/6&#8243;][vc_single_image image=&#8221;5637&#8243; img_size=&#8221;full&#8221; alignment=&#8221;right&#8221;][\/vc_column][vc_column width=&#8221;5\/6&#8243;][vc_column_text]\n<h1><span style=\"color: #993300;\">Orienta\u00e7\u00f5es para envio de trabalhos<\/span><\/h1>\n[\/vc_column_text][\/vc_column][\/vc_row][vc_row][vc_column width=&#8221;1\/6&#8243;][vc_single_image image=&#8221;5647&#8243; img_size=&#8221;full&#8221; add_caption=&#8221;yes&#8221;][\/vc_column][vc_column width=&#8221;5\/6&#8243;][vc_column_text]Data limite para envio dos trabalhos: 26 de setembro<\/p>\n<p>Os textos devem ter, no m\u00e1ximo, 6000 caracteres (com refer\u00eancias e espa\u00e7os), escritos em Times New Roman 12, justificado, espa\u00e7amento simples, com notas (refer\u00eancias) no fim de p\u00e1gina.<\/p>\n<p>Colocar no Cabe\u00e7alho o t\u00edtulo do trabalho, o nome do(a) autor(a) e o Eixo Tem\u00e1tico no qual o trabalho se insere.[\/vc_column_text][vc_btn title=&#8221;Leia+&#8221; style=&#8221;classic&#8221; color=&#8221;juicy-pink&#8221; size=&#8221;xs&#8221; link=&#8221;url:https%3A%2F%2Febp.org.br%2Fsp%2Fjornadas%2Fx-jornadas-psicanalise-em-ato%2Forientacoes-para-envio-de-trabalhos-x-jornadas%2F&#8221;][\/vc_column][\/vc_row][vc_row][vc_column][vc_separator color=&#8221;juicy_pink&#8221; border_width=&#8221;3&#8243; el_width=&#8221;60&#8243;][\/vc_column][\/vc_row][vc_row][vc_column width=&#8221;1\/6&#8243;][vc_single_image image=&#8221;5633&#8243; img_size=&#8221;full&#8221; alignment=&#8221;right&#8221;][\/vc_column][vc_column width=&#8221;5\/6&#8243;][vc_column_text]\n<h1><span style=\"color: #993300;\">Cart\u00e9is<\/span><\/h1>\n[\/vc_column_text][\/vc_column][\/vc_row][vc_row][vc_column width=&#8221;1\/6&#8243;][vc_single_image image=&#8221;5643&#8243; img_size=&#8221;full&#8221; add_caption=&#8221;yes&#8221;][\/vc_column][vc_column width=&#8221;5\/6&#8243;][vc_column_text]<strong>Cart\u00e9is em torno das X Jornadas da EBP-SP<\/strong><\/p>\n<p>\u00d3rg\u00e3o de base da Escola, o dispositivo de cartel \u00e9 fundamental para manter sua l\u00f3gica de funcionamento, assim como fazer circular a transfer\u00eancia de trabalho. \u00c9 tamb\u00e9m o espa\u00e7o privilegiado para as produ\u00e7\u00f5es epist\u00eamicas e que ir\u00e3o contribuir para animar nosso evento.<\/p>\n<p>Para estas X Jornadas da EBP-SP, a diretoria incentiva a forma\u00e7\u00e3o destes pequenos grupos em torno do tema proposto \u2013 Psican\u00e1lise em ato \u2013, assim como dos cinco eixos tem\u00e1ticos.[\/vc_column_text][vc_btn title=&#8221;Leia+&#8221; style=&#8221;classic&#8221; color=&#8221;juicy-pink&#8221; size=&#8221;xs&#8221; link=&#8221;url:https%3A%2F%2Febp.org.br%2Fsp%2Fjornadas%2Fx-jornadas-psicanalise-em-ato%2F4-1-carteis-x-jornadas%2F&#8221;][\/vc_column][\/vc_row][vc_row][vc_column][vc_separator color=&#8221;juicy_pink&#8221; border_width=&#8221;3&#8243; el_width=&#8221;60&#8243;][\/vc_column][\/vc_row][vc_row][vc_column width=&#8221;1\/6&#8243;][vc_single_image image=&#8221;5909&#8243; img_size=&#8221;full&#8221; alignment=&#8221;right&#8221;][\/vc_column][vc_column width=&#8221;5\/6&#8243;][vc_column_text]\n<h1><span style=\"color: #993300;\">Caixa de entrada<\/span><\/h1>\n[\/vc_column_text][\/vc_column][\/vc_row][vc_row][vc_column width=&#8221;1\/6&#8243;][vc_single_image image=&#8221;5906&#8243; img_size=&#8221;full&#8221; add_caption=&#8221;yes&#8221;][\/vc_column][vc_column width=&#8221;5\/6&#8243;][vc_column_text]Como alojar de uma boa maneira, por meio de nosso Boletim TRAVESSIAS, uma transfer\u00eancia de trabalho, recortando os ditos espalhados pelas redes? A ideia consiste em abrir um espa\u00e7o disposto \u00e0 inven\u00e7\u00e3o, de modo a tecer uma express\u00e3o de la\u00e7o entre o Boletim e a comunidade anal\u00edtica.<\/p>\n<p>Caixa de entrada ter\u00e1 como finalidade garimpar do chat do Zoom, os conte\u00fados produzidos durante as atividades preparat\u00f3rias para as X Jornadas da EBP-SP \u2013 \u201cPsican\u00e1lise em ato\u201d, ali onde a palavra encontrou novas vias de circula\u00e7\u00e3o atrav\u00e9s de um coment\u00e1rio, uma quest\u00e3o sustentada, uma inquieta\u00e7\u00e3o. Afinal, as palavras seguem sendo o alicerce primordial da inven\u00e7\u00e3o de Freud: o inconsciente participa![\/vc_column_text][vc_btn title=&#8221;Leia+&#8221; style=&#8221;classic&#8221; color=&#8221;juicy-pink&#8221; size=&#8221;xs&#8221; link=&#8221;url:https%3A%2F%2Febp.org.br%2Fsp%2Fjornadas%2Fx-jornadas-psicanalise-em-ato%2Fcaixa-de-entrada%2F|title:Caixa%20de%20Entrada&#8221;][\/vc_column][\/vc_row][vc_row][vc_column][vc_separator color=&#8221;juicy_pink&#8221; border_width=&#8221;3&#8243; el_width=&#8221;60&#8243;][\/vc_column][\/vc_row][vc_row][vc_column width=&#8221;1\/6&#8243;][vc_single_image image=&#8221;5910&#8243; img_size=&#8221;full&#8221; alignment=&#8221;right&#8221;][\/vc_column][vc_column width=&#8221;5\/6&#8243;][vc_column_text]\n<h1><span style=\"color: #993300;\">Conex\u00f5es com a cidade<\/span><\/h1>\n[\/vc_column_text][\/vc_column][\/vc_row][vc_row][vc_column width=&#8221;1\/6&#8243;][vc_single_image image=&#8221;5898&#8243; img_size=&#8221;full&#8221; add_caption=&#8221;yes&#8221;][\/vc_column][vc_column width=&#8221;5\/6&#8243;][vc_column_text]Com o t\u00edtulo Conex\u00f5es com a cidade, esta rubrica \u00e9 dedicada a trazer para nossos leitores uma amostra da agenda cultural da cidade, curiosidades e a possibilidade de explorar museus, obras tem\u00e1ticas que se destacam por seu car\u00e1ter \u00fanico.[\/vc_column_text][vc_btn title=&#8221;Leia+&#8221; style=&#8221;classic&#8221; color=&#8221;juicy-pink&#8221; size=&#8221;xs&#8221; link=&#8221;url:https%3A%2F%2Febp.org.br%2Fsp%2Fjornadas%2Fx-jornadas-psicanalise-em-ato%2Fconexoes-com-a-cidade%2F|title:Caixa%20de%20Entrada&#8221;][\/vc_column][\/vc_row][vc_row][vc_column][vc_separator color=&#8221;juicy_pink&#8221; border_width=&#8221;3&#8243; el_width=&#8221;60&#8243;][\/vc_column][\/vc_row][vc_row][vc_column width=&#8221;1\/3&#8243;][vc_single_image image=&#8221;5649&#8243; img_size=&#8221;full&#8221; alignment=&#8221;center&#8221;][vc_column_text]\n<h1 style=\"text-align: center;\"><span style=\"color: #993300;\">Bibliografia<\/span><\/h1>\n[\/vc_column_text][vc_single_image image=&#8221;5642&#8243; img_size=&#8221;full&#8221; add_caption=&#8221;yes&#8221; alignment=&#8221;center&#8221;][vc_btn title=&#8221;Leia+&#8221; style=&#8221;classic&#8221; color=&#8221;juicy-pink&#8221; size=&#8221;xs&#8221; align=&#8221;center&#8221; link=&#8221;url:https%3A%2F%2Febp.org.br%2Fsp%2Fjornadas%2Fx-jornadas-psicanalise-em-ato%2Fbibliografia-x-jornadas%2F|title:Refer%C3%AAncias%20Bibliogr%C3%A1ficas%20%E2%80%93%20X%20Jornadas&#8221;][\/vc_column][vc_column width=&#8221;1\/3&#8243;][vc_single_image image=&#8221;5639&#8243; img_size=&#8221;full&#8221; alignment=&#8221;center&#8221;][vc_column_text]\n<h1 style=\"text-align: center;\"><span style=\"color: #993300;\">Podcast<\/span><\/h1>\n[\/vc_column_text][vc_single_image image=&#8221;5650&#8243; img_size=&#8221;full&#8221; add_caption=&#8221;yes&#8221; alignment=&#8221;center&#8221;][vc_btn title=&#8221;Leia+&#8221; style=&#8221;classic&#8221; color=&#8221;juicy-pink&#8221; size=&#8221;xs&#8221; align=&#8221;center&#8221; link=&#8221;url:https%3A%2F%2Febp.org.br%2Fsp%2Fjornadas%2Fx-jornadas-psicanalise-em-ato%2Fpodcast-atoalidades-analiticas-x-jornadas%2F|title:Refer%C3%AAncias%20Bibliogr%C3%A1ficas%20%E2%80%93%20X%20Jornadas&#8221;][\/vc_column][vc_column width=&#8221;1\/3&#8243;][vc_single_image image=&#8221;5634&#8243; img_size=&#8221;full&#8221; alignment=&#8221;center&#8221;][vc_column_text]\n<h1 style=\"text-align: center;\"><span style=\"color: #993300;\">Comiss\u00f5es<\/span><\/h1>\n[\/vc_column_text][vc_single_image image=&#8221;5644&#8243; img_size=&#8221;full&#8221; add_caption=&#8221;yes&#8221; alignment=&#8221;center&#8221;][vc_btn title=&#8221;Leia+&#8221; style=&#8221;classic&#8221; color=&#8221;juicy-pink&#8221; size=&#8221;xs&#8221; align=&#8221;center&#8221; link=&#8221;url:https%3A%2F%2Febp.org.br%2Fsp%2Fjornadas%2Fx-jornadas-psicanalise-em-ato%2Fcomissoes-organizadoras-x-jornadas%2F|title:Refer%C3%AAncias%20Bibliogr%C3%A1ficas%20%E2%80%93%20X%20Jornadas&#8221;][\/vc_column][\/vc_row][vc_row][vc_column][vc_separator color=&#8221;juicy_pink&#8221; border_width=&#8221;3&#8243; el_width=&#8221;60&#8243;][\/vc_column][\/vc_row][vc_row][vc_column][vc_single_image image=&#8221;5651&#8243; img_size=&#8221;full&#8221; alignment=&#8221;center&#8221; onclick=&#8221;custom_link&#8221; link=&#8221;https:\/\/ebp.org.br\/sp\/jornadas\/x-jornadas-psicanalise-em-ato\/inscricoes-x-jornadas\/&#8221;][\/vc_column][\/vc_row][vc_row][vc_column][vc_separator color=&#8221;juicy_pink&#8221; border_width=&#8221;3&#8243; el_width=&#8221;60&#8243;][\/vc_column][\/vc_row][vc_row css=&#8221;.vc_custom_1625140380638{background-color: #969083 !important;}&#8221;][vc_column][vc_single_image image=&#8221;5640&#8243; img_size=&#8221;full&#8221; alignment=&#8221;center&#8221;][vc_column_text]\n<h6 style=\"text-align: center;\"><span style=\"color: #ffffff;\">Comiss\u00e3o de Boletim<\/span><\/h6>\n<h6 style=\"text-align: center;\"><span style=\"color: #ffffff;\">Camila Popadiuk e Paula Caio Carvalho (Coordenadoras), Emelice Prado Bagnola, Maria Marta Ferreira, Mariana Ferretti, Marilsa Basso, Mirmila Musse, Perp\u00e9tua Medrado<\/span><\/h6>\n[\/vc_column_text][vc_single_image image=&#8221;4394&#8243; img_size=&#8221;full&#8221; alignment=&#8221;center&#8221;][\/vc_column][\/vc_row]\n<\/section>","protected":false},"excerpt":{"rendered":"<p>[vc_row][vc_column][vc_single_image image=&#8221;5745&#8243; img_size=&#8221;full&#8221; alignment=&#8221;center&#8221;][vc_column_text] Escola Brasileira de Psican\u00e1lise &#8211; Boletim das X Jornadas da Se\u00e7\u00e3o SP &#8211; N\u00famero 02 &#8211; agosto de 2021 [\/vc_column_text][\/vc_column][\/vc_row][vc_row][vc_column width=&#8221;1\/6&#8243;][vc_single_image image=&#8221;5635&#8243; img_size=&#8221;full&#8221; alignment=&#8221;right&#8221;][\/vc_column][vc_column width=&#8221;5\/6&#8243;][vc_column_text] e-dito [\/vc_column_text][\/vc_column][\/vc_row][vc_row][vc_column width=&#8221;1\/6&#8243;][vc_single_image image=&#8221;5891&#8243; img_size=&#8221;full&#8221; add_caption=&#8221;yes&#8221;][\/vc_column][vc_column width=&#8221;5\/6&#8243;][vc_column_text] Por Paula Christina Verlangieri Caio de Carvalho \u00c9 com grande entusiasmo que lan\u00e7amos o TRAVESSIAS #2! Esse n\u00famero traz&hellip;<\/p>\n","protected":false},"author":1,"featured_media":0,"parent":5773,"menu_order":0,"comment_status":"closed","ping_status":"closed","template":"","meta":{"footnotes":""},"class_list":["post-5915","page","type-page","status-publish","hentry","entry","no-media"],"aioseo_notices":[],"_links":{"self":[{"href":"https:\/\/ebp.org.br\/sp\/wp-json\/wp\/v2\/pages\/5915","targetHints":{"allow":["GET"]}}],"collection":[{"href":"https:\/\/ebp.org.br\/sp\/wp-json\/wp\/v2\/pages"}],"about":[{"href":"https:\/\/ebp.org.br\/sp\/wp-json\/wp\/v2\/types\/page"}],"author":[{"embeddable":true,"href":"https:\/\/ebp.org.br\/sp\/wp-json\/wp\/v2\/users\/1"}],"replies":[{"embeddable":true,"href":"https:\/\/ebp.org.br\/sp\/wp-json\/wp\/v2\/comments?post=5915"}],"version-history":[{"count":0,"href":"https:\/\/ebp.org.br\/sp\/wp-json\/wp\/v2\/pages\/5915\/revisions"}],"up":[{"embeddable":true,"href":"https:\/\/ebp.org.br\/sp\/wp-json\/wp\/v2\/pages\/5773"}],"wp:attachment":[{"href":"https:\/\/ebp.org.br\/sp\/wp-json\/wp\/v2\/media?parent=5915"}],"curies":[{"name":"wp","href":"https:\/\/api.w.org\/{rel}","templated":true}]}}