{"id":5842,"date":"2021-08-11T10:26:00","date_gmt":"2021-08-11T13:26:00","guid":{"rendered":"https:\/\/ebp.org.br\/sp\/?page_id=5842"},"modified":"2021-08-11T10:26:00","modified_gmt":"2021-08-11T13:26:00","slug":"conexoes-com-a-cidade","status":"publish","type":"page","link":"https:\/\/ebp.org.br\/sp\/jornadas\/x-jornadas-psicanalise-em-ato\/conexoes-com-a-cidade\/","title":{"rendered":"Conex\u00f5es com a cidade"},"content":{"rendered":"<section class=\"wpb-content-wrapper\">[vc_row][vc_column][vc_column_text]\n<figure id=\"attachment_5843\" aria-describedby=\"caption-attachment-5843\" style=\"width: 909px\" class=\"wp-caption aligncenter\"><img loading=\"lazy\" decoding=\"async\" class=\"size-full wp-image-5843\" src=\"https:\/\/ebp.org.br\/sp\/wp-content\/uploads\/2021\/08\/boletim002_conexoes_001.png\" alt=\"Imagem: Pixabay\" width=\"909\" height=\"508\" \/><figcaption id=\"caption-attachment-5843\" class=\"wp-caption-text\">Imagem: Pixabay<\/figcaption><\/figure>\n[\/vc_column_text][vc_column_text]Com o t\u00edtulo <strong>Conex\u00f5es com a cidade<\/strong>, esta rubrica \u00e9 dedicada a trazer para nossos leitores uma amostra da agenda cultural da cidade, curiosidades e a possibilidade de explorar museus, obras tem\u00e1ticas que se destacam por seu car\u00e1ter \u00fanico.[\/vc_column_text][\/vc_column][\/vc_row][vc_row][vc_column][vc_column_text]\n<h3><span style=\"color: #993300;\"><strong>Museu da l\u00edngua portuguesa reabre com a exposi\u00e7\u00e3o \u201cL\u00edngua solta\u201d<\/strong><\/span><\/h3>\n<figure id=\"attachment_5886\" aria-describedby=\"caption-attachment-5886\" style=\"width: 593px\" class=\"wp-caption aligncenter\"><img loading=\"lazy\" decoding=\"async\" class=\"wp-image-5886 size-full\" src=\"https:\/\/ebp.org.br\/sp\/wp-content\/uploads\/2021\/08\/conexoes_001.png\" alt=\"Imagem: Instagram @museudalinguaportuguesa\" width=\"593\" height=\"396\" \/><figcaption id=\"caption-attachment-5886\" class=\"wp-caption-text\">Imagem: Instagram @museudalinguaportuguesa<\/figcaption><\/figure>\n<p>\u201cL\u00edngua Solta\u201d \u00e9 a exposi\u00e7\u00e3o de reinaugura\u00e7\u00e3o do Museu da L\u00edngua Portuguesa em S\u00e3o Paulo. O Museu ficou fechado quase seis anos em raz\u00e3o de um grande inc\u00eandio que atingiu seu pr\u00e9dio. Fabiana Moraes e Moacir dos Anjos s\u00e3o os curadores da mostra, composta por objetos de arte popular e obras de arte contempor\u00e2nea que fixam seus significados no uso da palavra, em seus amplos e diversos desdobramentos na arte e no cotidiano, totalizando 180 pe\u00e7as em exposi\u00e7\u00e3o.<\/p>\n<p>O museu traz ainda duas exposi\u00e7\u00f5es de longa dura\u00e7\u00e3o: \u201cFalares\u201d, que apresenta os diferentes sotaques e express\u00f5es do Brasil, e \u201cN\u00f3s da l\u00edngua portuguesa\u201d, sobre a diversidade cultural da Comunidade de Pa\u00edses da L\u00edngua Portuguesa (CPLP), al\u00e9m da experi\u00eancia \u201cPra\u00e7a da l\u00edngua\u201d, um espet\u00e1culo de som e luz que que celebra a l\u00edngua portuguesa escrita, falada e cantada.<\/p>\n<p>Se voc\u00ea j\u00e1 conhecia o Museu da L\u00edngua Portuguesa, vai perceber que boa parte do conte\u00fado foi renovado e passou a refletir criticamente sobre a sociedade, seus conflitos e suas novas perspectivas, traduzidas em experi\u00eancias novas e inquietantes.<\/p>\n<p>Saiba mais: <a href=\"https:\/\/www.museudalinguaportuguesa.org.br\/\">https:\/\/www.museudalinguaportuguesa.org.br\/<\/a><\/p>\n<hr \/>\n<p>&nbsp;<\/p>\n<h3><strong><span style=\"color: #993300;\">MUTHA &#8211; Museu Transg\u00eanero de Hist\u00f3ria e Arte<\/span> <\/strong><\/h3>\n<figure id=\"attachment_5887\" aria-describedby=\"caption-attachment-5887\" style=\"width: 559px\" class=\"wp-caption aligncenter\"><img loading=\"lazy\" decoding=\"async\" class=\"wp-image-5887 size-full\" src=\"https:\/\/ebp.org.br\/sp\/wp-content\/uploads\/2021\/08\/conexoes_002.png\" alt=\"Imagem: Instagram @muthabrasil\" width=\"559\" height=\"332\" \/><figcaption id=\"caption-attachment-5887\" class=\"wp-caption-text\">Imagem: Instagram @muthabrasil<\/figcaption><\/figure>\n<p>Muito se fala sobre a visibilidade trans, mas o Brasil ainda caminha lentamente para dar o espa\u00e7o de direito \u00e0 popula\u00e7\u00e3o trans, travesti e n\u00e3o bin\u00e1ria. Mas, no mundo das artes, chegou o momento desta comunidade se sentir representada e divulgada. Esta \u00e9 a ideia do\u00a0MUTHA \u2013 Museu Transg\u00eanero de Hist\u00f3ria da Arte!<\/p>\n<p>Saiba mais: <a href=\"https:\/\/mutha.com.br\/\">In\u00edcio &#8211; Museu Transg\u00eanero de Hist\u00f3ria e Arte (MUTHA)<\/a><\/p>\n<hr \/>\n<h3><span style=\"color: #993300;\"><strong>Clarice Lispector e Carolina Maria de Jesus ganham mostras em SP<\/strong><\/span><\/h3>\n<figure id=\"attachment_5849\" aria-describedby=\"caption-attachment-5849\" style=\"width: 910px\" class=\"wp-caption aligncenter\"><img loading=\"lazy\" decoding=\"async\" class=\"size-full wp-image-5849\" src=\"https:\/\/ebp.org.br\/sp\/wp-content\/uploads\/2021\/08\/boletim002_conexoes_007.png\" alt=\"Cr\u00e9dito: Acervo IMSCarolina Maria de Jesus e Clarice Lispector s\u00e3o duas das maiores escritoras brasileiras https:\/\/catracalivre.com.br\/agenda\/clarice-lispector-carolina-maria-de-jesus-exposicoes-ims-sp-2021\/\" width=\"910\" height=\"512\" \/><figcaption id=\"caption-attachment-5849\" class=\"wp-caption-text\">Cr\u00e9dito: Acervo IMS Carolina Maria de Jesus e Clarice Lispector s\u00e3o duas das maiores escritoras brasileiras<br \/>https:\/\/catracalivre.com.br\/agenda\/clarice-lispector-carolina-maria-de-jesus-exposicoes-ims-sp-2021\/<\/figcaption><\/figure>\n<p>Duas das mais importantes escritoras brasileiras s\u00e3o homenageadas pelo\u00a0<a href=\"https:\/\/ims.com.br\/\">IMS Paulista<\/a>\u00a0em 2021: a institui\u00e7\u00e3o recebe exposi\u00e7\u00f5es da ucraniano-brasileira\u00a0<strong>Clarice Lispector<\/strong>\u00a0(1920-1977) e da mineira\u00a0<strong>Carolina Maria de Jesus<\/strong>\u00a0(1914-1977). E voc\u00ea n\u00e3o vai querer perd\u00ea-las, n\u00e9?<\/p>\n<p><strong>\u201cUm Brasil para os Brasileiros\u201d<\/strong><\/p>\n<p>Uma das primeiras escritoras negras brasileiras, Carolina Maria de Jesus \u00e9 autora de: <strong>Di\u00e1rio de \u201cQuarto de Despejo uma Favelada<\/strong>\u201d. O livro reproduz o di\u00e1rio da autora, no qual ela relata o dia a dia de luta nas comunidades em SP, como da Favela do Canind\u00e9, onde ela viveu boa parte de sua vida.<\/p>\n<p>Para marcar os 60 anos de lan\u00e7amento dessa importante obra, o IMS Paulista recebe a mostra\u00a0<strong>\u201cUm Brasil para os Brasileiros\u201d<\/strong>, com curadoria de Raquel Barreto e de H\u00e9lio Menezes. A exposi\u00e7\u00e3o, prevista para estrear no dia 12 de junho, exibe parte do acervo da autora \u2013 que pertence ao IMS.<\/p>\n<p><strong>\u201cConstela\u00e7\u00e3o Clarice\u201d<\/strong><\/p>\n<p>Depois de lan\u00e7ar um\u00a0<a href=\"https:\/\/catracalivre.com.br\/agenda\/site-clarice-lispector-ims-instituto-moreira-salles\/\">site incr\u00edvel sobre Clarice<\/a>, o IMS Paulista continua as celebra\u00e7\u00f5es ao centen\u00e1rio da autora com a exposi\u00e7\u00e3o\u00a0<strong>\u201cConstela\u00e7\u00e3o Clarice\u201d<\/strong>, que teve in\u00edcio no dia 6 de julho e deve ocupar a Galeria 2 do espa\u00e7o at\u00e9 7 de novembro de 2021.<\/p>\n<p>A mostra explora uma faceta pouco conhecida de Lispector ao apresentar algumas pinturas feitas por ela. Voc\u00ea ainda confere obras de arte que estavam presentes na casa dela, incluindo o famoso retrato da autora feito pelo pintor surrealista italiano Giorgio de Chirico.<\/p>\n<p>Saiba mais: <a href=\"https:\/\/ims.com.br\/unidade\/sao-paulo\/\">visitapaulista.ims.com.br<\/a><\/p>\n<hr \/>\n<h3><span style=\"color: #993300;\"><strong>Amilcar de Castro: na dobra do mundo<\/strong><\/span><\/h3>\n<figure id=\"attachment_5850\" aria-describedby=\"caption-attachment-5850\" style=\"width: 1024px\" class=\"wp-caption aligncenter\"><img loading=\"lazy\" decoding=\"async\" class=\"wp-image-5850 size-full\" src=\"https:\/\/ebp.org.br\/sp\/wp-content\/uploads\/2021\/08\/boletim002_conexoes_008.png\" alt=\"Foto: Marcus Vinicius de Arruda Camargo\" width=\"1024\" height=\"683\" \/><figcaption id=\"caption-attachment-5850\" class=\"wp-caption-text\">Foto: Marcus Vinicius de Arruda Camargo<\/figcaption><\/figure>\n<p>O p\u00fablico que transita na avenida Europa, um importante corredor vi\u00e1rio da cidade de S\u00e3o Paulo, onde est\u00e1 localizada a sede do MuBE, pode usufruir as obras expostas na \u00e1rea externa do Museu, que fazem parte da exposi\u00e7\u00e3o <strong>&#8220;Amilcar de Castro: na dobra do mundo&#8221;.<\/strong> Aproveite!<\/p>\n<p>Intitulada <strong>\u201cA<\/strong><strong>milcar de Castro: na dobra do mundo\u201d<\/strong>, a exposi\u00e7\u00e3o \u00e9 uma homenagem ao centen\u00e1rio do artista, que integra o rol dos maiores expoentes brasileiros na arte e cultura, e \u00e9 realizada em parceria com o Instituto Amilcar de Castro pela curadoria de Guilherme Wisnik, arquiteto professor da FAU-USP, cr\u00edtico de arte e curador, al\u00e9m de Rodrigo de Castro, filho do artista e diretor do Instituto, e Galciani Neves, curadora-chefe do MuBE.<\/p>\n<p>Saiba mais: <a href=\"https:\/\/www.mube.space\/\">www.mube.space<\/a><\/p>\n[\/vc_column_text][\/vc_column][\/vc_row]\n<\/section>","protected":false},"excerpt":{"rendered":"<p>[vc_row][vc_column][vc_column_text] [\/vc_column_text][vc_column_text]Com o t\u00edtulo Conex\u00f5es com a cidade, esta rubrica \u00e9 dedicada a trazer para nossos leitores uma amostra da agenda cultural da cidade, curiosidades e a possibilidade de explorar museus, obras tem\u00e1ticas que se destacam por seu car\u00e1ter \u00fanico.[\/vc_column_text][\/vc_column][\/vc_row][vc_row][vc_column][vc_column_text] Museu da l\u00edngua portuguesa reabre com a exposi\u00e7\u00e3o \u201cL\u00edngua solta\u201d \u201cL\u00edngua Solta\u201d \u00e9 a exposi\u00e7\u00e3o&hellip;<\/p>\n","protected":false},"author":1,"featured_media":0,"parent":5669,"menu_order":0,"comment_status":"closed","ping_status":"closed","template":"","meta":{"footnotes":""},"class_list":["post-5842","page","type-page","status-publish","hentry","entry","no-media"],"aioseo_notices":[],"_links":{"self":[{"href":"https:\/\/ebp.org.br\/sp\/wp-json\/wp\/v2\/pages\/5842","targetHints":{"allow":["GET"]}}],"collection":[{"href":"https:\/\/ebp.org.br\/sp\/wp-json\/wp\/v2\/pages"}],"about":[{"href":"https:\/\/ebp.org.br\/sp\/wp-json\/wp\/v2\/types\/page"}],"author":[{"embeddable":true,"href":"https:\/\/ebp.org.br\/sp\/wp-json\/wp\/v2\/users\/1"}],"replies":[{"embeddable":true,"href":"https:\/\/ebp.org.br\/sp\/wp-json\/wp\/v2\/comments?post=5842"}],"version-history":[{"count":0,"href":"https:\/\/ebp.org.br\/sp\/wp-json\/wp\/v2\/pages\/5842\/revisions"}],"up":[{"embeddable":true,"href":"https:\/\/ebp.org.br\/sp\/wp-json\/wp\/v2\/pages\/5669"}],"wp:attachment":[{"href":"https:\/\/ebp.org.br\/sp\/wp-json\/wp\/v2\/media?parent=5842"}],"curies":[{"name":"wp","href":"https:\/\/api.w.org\/{rel}","templated":true}]}}