{"id":5744,"date":"2021-07-01T08:10:36","date_gmt":"2021-07-01T11:10:36","guid":{"rendered":"https:\/\/ebp.org.br\/sp\/?page_id=5744"},"modified":"2021-07-01T08:10:36","modified_gmt":"2021-07-01T11:10:36","slug":"boletim-travessias-01","status":"publish","type":"page","link":"https:\/\/ebp.org.br\/sp\/jornadas\/x-jornadas-psicanalise-em-ato\/boletim-travessias-01-2\/boletim-travessias-01\/","title":{"rendered":"Boletim Travessias #01"},"content":{"rendered":"<section class=\"wpb-content-wrapper\">[vc_row][vc_column][vc_single_image image=&#8221;5745&#8243; img_size=&#8221;full&#8221; alignment=&#8221;center&#8221;][vc_column_text]\n<h6 style=\"text-align: center;\">Escola Brasileira de Psican\u00e1lise &#8211; Boletim das X Jornadas da Se\u00e7\u00e3o SP &#8211; N\u00famero 01 &#8211; Julho de 2021<\/h6>\n[\/vc_column_text][\/vc_column][\/vc_row][vc_row][vc_column width=&#8221;1\/6&#8243;][vc_single_image image=&#8221;5635&#8243; img_size=&#8221;full&#8221; alignment=&#8221;right&#8221;][\/vc_column][vc_column width=&#8221;5\/6&#8243;][vc_column_text]\n<h1><span style=\"color: #993300;\">e-dito<\/span><\/h1>\n[\/vc_column_text][\/vc_column][\/vc_row][vc_row][vc_column width=&#8221;1\/6&#8243;][vc_single_image image=&#8221;5645&#8243; img_size=&#8221;full&#8221; add_caption=&#8221;yes&#8221;][\/vc_column][vc_column width=&#8221;5\/6&#8243;][vc_column_text]\n<h6><span style=\"color: #999999;\">Por Alessandra Sartorello Pecego<\/span><br \/>\n<span style=\"color: #999999;\">Diretora Geral EBP SP<\/span><\/h6>\n<p>Eis aqui nosso primeiro Boletim, inspirado na arte de nosso cartaz e no am\u00e1lgama do que \u00e9 o ato para a psican\u00e1lise lacaniana. Ele se chama TRAVESSIAS. Uma travessia que s\u00f3 pode se dar pela l\u00f3gica de uma asser\u00e7\u00e3o antecipada, pela l\u00f3gica inscrita por um tempo, ou melhor, tr\u00eas tempos: ver, elaborar e concluir.<\/p>\n<p>\u00c9 dentro dessa l\u00f3gica que convidamos toda a comunidade anal\u00edtica \u00e0 sua leitura, ao seu uso e ao atravessamento singular.[\/vc_column_text][vc_btn title=&#8221;Leia+&#8221; style=&#8221;classic&#8221; color=&#8221;juicy-pink&#8221; size=&#8221;xs&#8221; link=&#8221;url:https%3A%2F%2Febp.org.br%2Fsp%2Fe-dito-boletim-travessias-001%2F&#8221;][\/vc_column][\/vc_row][vc_row][vc_column][vc_separator color=&#8221;juicy_pink&#8221; border_width=&#8221;3&#8243; el_width=&#8221;60&#8243;][\/vc_column][\/vc_row][vc_row][vc_column width=&#8221;1\/6&#8243;][vc_single_image image=&#8221;5706&#8243; img_size=&#8221;full&#8221; alignment=&#8221;right&#8221;][\/vc_column][vc_column width=&#8221;5\/6&#8243;][vc_column_text]\n<h1><span style=\"color: #993300;\">Abertura<\/span><\/h1>\n[\/vc_column_text][\/vc_column][\/vc_row][vc_row][vc_column width=&#8221;1\/6&#8243;][vc_single_image image=&#8221;5708&#8243; img_size=&#8221;full&#8221; add_caption=&#8221;yes&#8221;][\/vc_column][vc_column width=&#8221;5\/6&#8243;][vc_column_text]\n<h6><span style=\"color: #999999;\">Por Alessandra Sartorello Pecego<\/span><br \/>\n<span style=\"color: #999999;\">Diretora Geral EBP SP<\/span><\/h6>\n<p>Como propor e fazer ecoar um trabalho de Escola? Pergunta que \u201cmarca passo\u201d em minha condu\u00e7\u00e3o nas diferentes atividades da Se\u00e7\u00e3o S\u00e3o Paulo, por vezes alcan\u00e7ada, e sempre relan\u00e7ada como aposta.<\/p>\n<p>Penso que a Jornada de uma Se\u00e7\u00e3o \u00e9 um momento \u00edmpar dessa constru\u00e7\u00e3o. Ela deve ser o corol\u00e1rio do tema de trabalho do bi\u00eanio da Diretoria, desejo que se possa elucidar&#8230;[\/vc_column_text][vc_btn title=&#8221;Leia+&#8221; style=&#8221;classic&#8221; color=&#8221;juicy-pink&#8221; size=&#8221;xs&#8221; link=&#8221;url:https%3A%2F%2Febp.org.br%2Fsp%2Faos-interessados-psicanalise-em-ato%2F&#8221;][\/vc_column][\/vc_row][vc_row][vc_column][vc_separator color=&#8221;custom&#8221; accent_color=&#8221;#b2b2b2&#8243;][\/vc_column][\/vc_row][vc_row][vc_column][vc_column_text]\n<h6><span style=\"color: #999999;\">Niraldo de Oliveira Santos<\/span><br \/>\n<span style=\"color: #999999;\">Membro da EBP e da AMP<br \/>\nCoordenador Geral das X Jornadas<\/span><\/h6>\n<p>Foi com muita satisfa\u00e7\u00e3o que recebi o convite de Alessandra Pecego, diretora da EBP-SP, para o trabalho de Coordena\u00e7\u00e3o das X Jornadas, que neste ano tem como tema \u201cPsican\u00e1lise em ato\u201d.<\/p>\n<p>As Jornadas, que acontecer\u00e3o nos dias 05 e 06 de novembro deste ano, contar\u00e3o com a participa\u00e7\u00e3o de nossa colega Anna Aromi, que \u00e9 de Barcelona&#8230;[\/vc_column_text][vc_btn title=&#8221;Leia+&#8221; style=&#8221;classic&#8221; color=&#8221;juicy-pink&#8221; size=&#8221;xs&#8221; link=&#8221;url:https%3A%2F%2Febp.org.br%2Fsp%2Fapresentacao-das-x-jornadas-da-ebp-sp-psicanalise-em-ato%2F&#8221;][\/vc_column][\/vc_row][vc_row][vc_column][vc_separator color=&#8221;juicy_pink&#8221; border_width=&#8221;3&#8243; el_width=&#8221;60&#8243;][\/vc_column][\/vc_row][vc_row][vc_column width=&#8221;1\/6&#8243;][vc_single_image image=&#8221;5632&#8243; img_size=&#8221;full&#8221; alignment=&#8221;right&#8221;][\/vc_column][vc_column width=&#8221;5\/6&#8243;][vc_column_text]\n<h1><span style=\"color: #993300;\">Argumento<\/span><\/h1>\n[\/vc_column_text][\/vc_column][\/vc_row][vc_row][vc_column width=&#8221;1\/6&#8243;][vc_single_image image=&#8221;5714&#8243; img_size=&#8221;full&#8221; add_caption=&#8221;yes&#8221;][\/vc_column][vc_column width=&#8221;5\/6&#8243;][vc_column_text]\n<h6><span style=\"color: #999999;\">Luiz Fernando Carrijo da Cunha<\/span><br \/>\n<span style=\"color: #999999;\">AME da EBP e da AMP<\/span><br \/>\n<span style=\"color: #999999;\">Coordenador da Comiss\u00e3o de Orienta\u00e7\u00e3o<\/span><\/h6>\n<p>O t\u00edtulo proposto para as X Jornadas da EBP-SP, \u201cPsican\u00e1lise em ato\u201d, suscita de imediato a exist\u00eancia da psican\u00e1lise no mundo desde sua inven\u00e7\u00e3o por S. Freud no final do s\u00e9culo XIX. O contexto em que foi criada, assim como a posi\u00e7\u00e3o de seu criador, n\u00e3o s\u00e3o indiferentes quanto ao que podemos, hoje, recolher de sua presen\u00e7a no mundo. Se a psican\u00e1lise passa a existir a partir de um m\u00e9dico pesquisador e neurologista, ela deve, sobretudo, contar na sua origem o momento em que o saber da ci\u00eancia, em seu pleno florescimento, deixa entrever uma hi\u00e2ncia onde se alojar\u00e1 como pr\u00e1xis&#8230;[\/vc_column_text][vc_btn title=&#8221;Leia+&#8221; style=&#8221;classic&#8221; color=&#8221;juicy-pink&#8221; size=&#8221;xs&#8221; link=&#8221;url:https%3A%2F%2Febp.org.br%2Fsp%2Fjornadas%2Fx-jornadas-psicanalise-em-ato%2Fargumento-x-jornadas%2F&#8221;][\/vc_column][\/vc_row][vc_row][vc_column][vc_separator color=&#8221;juicy_pink&#8221; border_width=&#8221;3&#8243; el_width=&#8221;60&#8243;][\/vc_column][\/vc_row][vc_row][vc_column width=&#8221;1\/6&#8243;][vc_single_image image=&#8221;5636&#8243; img_size=&#8221;full&#8221; alignment=&#8221;right&#8221;][\/vc_column][vc_column width=&#8221;5\/6&#8243;][vc_column_text]\n<h1><span style=\"color: #993300;\">Eixos Tem\u00e1ticos<\/span><\/h1>\n[\/vc_column_text][\/vc_column][\/vc_row][vc_row][vc_column width=&#8221;1\/6&#8243;][vc_single_image image=&#8221;5646&#8243; img_size=&#8221;full&#8221; add_caption=&#8221;yes&#8221;][\/vc_column][vc_column width=&#8221;5\/6&#8243;][vc_column_text]A partir do ato, o que o analista institui como experi\u00eancia anal\u00edtica? Freud aborda o ato falho enquanto forma\u00e7\u00e3o do inconsciente. \u00c9 o que emerge e que ultrapassa o sujeito. Lacan, no Semin\u00e1rio 11, dir\u00e1 que a\u00ed se instaura a dimens\u00e3o da perda e introduz a concep\u00e7\u00e3o de que o inconsciente se manifesta como o que vacila num corte do sujeito. Assim, o importante no ato nesta perspectiva \u00e9 o que escapa. Como o advento do\u00a0ato falho\u00a0d\u00e1 abertura para o ato do analista?[\/vc_column_text][vc_btn title=&#8221;Leia+&#8221; style=&#8221;classic&#8221; color=&#8221;juicy-pink&#8221; size=&#8221;xs&#8221; link=&#8221;url:https%3A%2F%2Febp.org.br%2Fsp%2Fjornadas%2Fx-jornadas-psicanalise-em-ato%2Feixos-tematicos-x-jornadas%2F&#8221;][\/vc_column][\/vc_row][vc_row][vc_column][vc_separator color=&#8221;juicy_pink&#8221; border_width=&#8221;3&#8243; el_width=&#8221;60&#8243;][\/vc_column][\/vc_row][vc_row][vc_column width=&#8221;1\/6&#8243;][vc_single_image image=&#8221;5637&#8243; img_size=&#8221;full&#8221; alignment=&#8221;right&#8221;][\/vc_column][vc_column width=&#8221;5\/6&#8243;][vc_column_text]\n<h1><span style=\"color: #993300;\">Orienta\u00e7\u00f5es para envio de trabalhos<\/span><\/h1>\n[\/vc_column_text][\/vc_column][\/vc_row][vc_row][vc_column width=&#8221;1\/6&#8243;][vc_single_image image=&#8221;5647&#8243; img_size=&#8221;full&#8221; add_caption=&#8221;yes&#8221;][\/vc_column][vc_column width=&#8221;5\/6&#8243;][vc_column_text]Data limite para envio dos trabalhos: 26 de setembro<\/p>\n<p>Os textos devem ter, no m\u00e1ximo, 6000 caracteres (com refer\u00eancias e espa\u00e7os), escritos em Times New Roman 12, justificado, espa\u00e7amento simples, com notas (refer\u00eancias) no fim de p\u00e1gina.<\/p>\n<p>Colocar no Cabe\u00e7alho o t\u00edtulo do trabalho, o nome do(a) autor(a) e o Eixo Tem\u00e1tico no qual o trabalho se insere.[\/vc_column_text][vc_btn title=&#8221;Leia+&#8221; style=&#8221;classic&#8221; color=&#8221;juicy-pink&#8221; size=&#8221;xs&#8221; link=&#8221;url:https%3A%2F%2Febp.org.br%2Fsp%2Fjornadas%2Fx-jornadas-psicanalise-em-ato%2Forientacoes-para-envio-de-trabalhos-x-jornadas%2F&#8221;][\/vc_column][\/vc_row][vc_row][vc_column][vc_separator color=&#8221;juicy_pink&#8221; border_width=&#8221;3&#8243; el_width=&#8221;60&#8243;][\/vc_column][\/vc_row][vc_row][vc_column width=&#8221;1\/6&#8243;][vc_single_image image=&#8221;5633&#8243; img_size=&#8221;full&#8221; alignment=&#8221;right&#8221;][\/vc_column][vc_column width=&#8221;5\/6&#8243;][vc_column_text]\n<h1><span style=\"color: #993300;\">Cart\u00e9is<\/span><\/h1>\n[\/vc_column_text][\/vc_column][\/vc_row][vc_row][vc_column width=&#8221;1\/6&#8243;][vc_single_image image=&#8221;5643&#8243; img_size=&#8221;full&#8221; add_caption=&#8221;yes&#8221;][\/vc_column][vc_column width=&#8221;5\/6&#8243;][vc_column_text]<strong>Cart\u00e9is em torno das X Jornadas da EBP-SP<\/strong><\/p>\n<p>\u00d3rg\u00e3o de base da Escola, o dispositivo de cartel \u00e9 fundamental para manter sua l\u00f3gica de funcionamento, assim como fazer circular a transfer\u00eancia de trabalho. \u00c9 tamb\u00e9m o espa\u00e7o privilegiado para as produ\u00e7\u00f5es epist\u00eamicas e que ir\u00e3o contribuir para animar nosso evento.<\/p>\n<p>Para estas X Jornadas da EBP-SP, a diretoria incentiva a forma\u00e7\u00e3o destes pequenos grupos em torno do tema proposto \u2013 Psican\u00e1lise em ato \u2013, assim como dos cinco eixos tem\u00e1ticos.[\/vc_column_text][vc_btn title=&#8221;Leia+&#8221; style=&#8221;classic&#8221; color=&#8221;juicy-pink&#8221; size=&#8221;xs&#8221; link=&#8221;url:https%3A%2F%2Febp.org.br%2Fsp%2Fjornadas%2Fx-jornadas-psicanalise-em-ato%2F4-1-carteis-x-jornadas%2F&#8221;][\/vc_column][\/vc_row][vc_row][vc_column][vc_separator color=&#8221;juicy_pink&#8221; border_width=&#8221;3&#8243; el_width=&#8221;60&#8243;][\/vc_column][\/vc_row][vc_row][vc_column width=&#8221;1\/3&#8243;][vc_single_image image=&#8221;5649&#8243; img_size=&#8221;full&#8221; alignment=&#8221;center&#8221;][vc_column_text]\n<h1 style=\"text-align: center;\"><span style=\"color: #993300;\">Bibliografia<\/span><\/h1>\n[\/vc_column_text][vc_single_image image=&#8221;5642&#8243; img_size=&#8221;full&#8221; add_caption=&#8221;yes&#8221; alignment=&#8221;center&#8221;][vc_btn title=&#8221;Leia+&#8221; style=&#8221;classic&#8221; color=&#8221;juicy-pink&#8221; size=&#8221;xs&#8221; align=&#8221;center&#8221; link=&#8221;url:https%3A%2F%2Febp.org.br%2Fsp%2Fjornadas%2Fx-jornadas-psicanalise-em-ato%2Fbibliografia-x-jornadas%2F|title:Refer%C3%AAncias%20Bibliogr%C3%A1ficas%20%E2%80%93%20X%20Jornadas&#8221;][\/vc_column][vc_column width=&#8221;1\/3&#8243;][vc_single_image image=&#8221;5639&#8243; img_size=&#8221;full&#8221; alignment=&#8221;center&#8221;][vc_column_text]\n<h1 style=\"text-align: center;\"><span style=\"color: #993300;\">Podcast<\/span><\/h1>\n[\/vc_column_text][vc_single_image image=&#8221;5650&#8243; img_size=&#8221;full&#8221; add_caption=&#8221;yes&#8221; alignment=&#8221;center&#8221;][vc_btn title=&#8221;Leia+&#8221; style=&#8221;classic&#8221; color=&#8221;juicy-pink&#8221; size=&#8221;xs&#8221; align=&#8221;center&#8221; link=&#8221;url:https%3A%2F%2Febp.org.br%2Fsp%2Fjornadas%2Fx-jornadas-psicanalise-em-ato%2Fpodcast-atoalidades-analiticas-x-jornadas%2F|title:Refer%C3%AAncias%20Bibliogr%C3%A1ficas%20%E2%80%93%20X%20Jornadas&#8221;][\/vc_column][vc_column width=&#8221;1\/3&#8243;][vc_single_image image=&#8221;5634&#8243; img_size=&#8221;full&#8221; alignment=&#8221;center&#8221;][vc_column_text]\n<h1 style=\"text-align: center;\"><span style=\"color: #993300;\">Comiss\u00f5es<\/span><\/h1>\n[\/vc_column_text][vc_single_image image=&#8221;5644&#8243; img_size=&#8221;full&#8221; add_caption=&#8221;yes&#8221; alignment=&#8221;center&#8221;][vc_btn title=&#8221;Leia+&#8221; style=&#8221;classic&#8221; color=&#8221;juicy-pink&#8221; size=&#8221;xs&#8221; align=&#8221;center&#8221; link=&#8221;url:https%3A%2F%2Febp.org.br%2Fsp%2Fjornadas%2Fx-jornadas-psicanalise-em-ato%2Fcomissoes-organizadoras-x-jornadas%2F|title:Refer%C3%AAncias%20Bibliogr%C3%A1ficas%20%E2%80%93%20X%20Jornadas&#8221;][\/vc_column][\/vc_row][vc_row][vc_column][vc_separator color=&#8221;juicy_pink&#8221; border_width=&#8221;3&#8243; el_width=&#8221;60&#8243;][\/vc_column][\/vc_row][vc_row][vc_column][vc_single_image image=&#8221;5651&#8243; img_size=&#8221;full&#8221; alignment=&#8221;center&#8221; onclick=&#8221;custom_link&#8221; link=&#8221;https:\/\/ebp.org.br\/sp\/jornadas\/x-jornadas-psicanalise-em-ato\/inscricoes-x-jornadas\/&#8221;][\/vc_column][\/vc_row][vc_row][vc_column][vc_separator color=&#8221;juicy_pink&#8221; border_width=&#8221;3&#8243; el_width=&#8221;60&#8243;][\/vc_column][\/vc_row][vc_row css=&#8221;.vc_custom_1625140380638{background-color: #969083 !important;}&#8221;][vc_column][vc_single_image image=&#8221;5640&#8243; img_size=&#8221;full&#8221; alignment=&#8221;center&#8221;][vc_column_text]\n<h6 style=\"text-align: center;\"><span style=\"color: #ffffff;\">Comiss\u00e3o de Boletim<\/span><\/h6>\n<h6 style=\"text-align: center;\"><span style=\"color: #ffffff;\">Camila Popadiuk e Paula Caio Carvalho (Coordenadoras), Emelice Prado Bagnola, Maria Marta Ferreira, Mariana Ferretti, Marilsa Basso, Mirmila Musse, Perp\u00e9tua Medrado<\/span><\/h6>\n[\/vc_column_text][vc_single_image image=&#8221;4394&#8243; img_size=&#8221;full&#8221; alignment=&#8221;center&#8221;][\/vc_column][\/vc_row]\n<\/section>","protected":false},"excerpt":{"rendered":"<p>[vc_row][vc_column][vc_single_image image=&#8221;5745&#8243; img_size=&#8221;full&#8221; alignment=&#8221;center&#8221;][vc_column_text] Escola Brasileira de Psican\u00e1lise &#8211; Boletim das X Jornadas da Se\u00e7\u00e3o SP &#8211; N\u00famero 01 &#8211; Julho de 2021 [\/vc_column_text][\/vc_column][\/vc_row][vc_row][vc_column width=&#8221;1\/6&#8243;][vc_single_image image=&#8221;5635&#8243; img_size=&#8221;full&#8221; alignment=&#8221;right&#8221;][\/vc_column][vc_column width=&#8221;5\/6&#8243;][vc_column_text] e-dito [\/vc_column_text][\/vc_column][\/vc_row][vc_row][vc_column width=&#8221;1\/6&#8243;][vc_single_image image=&#8221;5645&#8243; img_size=&#8221;full&#8221; add_caption=&#8221;yes&#8221;][\/vc_column][vc_column width=&#8221;5\/6&#8243;][vc_column_text] Por Alessandra Sartorello Pecego Diretora Geral EBP SP Eis aqui nosso primeiro Boletim, inspirado na arte de nosso cartaz&hellip;<\/p>\n","protected":false},"author":1,"featured_media":0,"parent":5773,"menu_order":0,"comment_status":"closed","ping_status":"closed","template":"","meta":{"footnotes":""},"class_list":["post-5744","page","type-page","status-publish","hentry","entry","no-media"],"aioseo_notices":[],"_links":{"self":[{"href":"https:\/\/ebp.org.br\/sp\/wp-json\/wp\/v2\/pages\/5744","targetHints":{"allow":["GET"]}}],"collection":[{"href":"https:\/\/ebp.org.br\/sp\/wp-json\/wp\/v2\/pages"}],"about":[{"href":"https:\/\/ebp.org.br\/sp\/wp-json\/wp\/v2\/types\/page"}],"author":[{"embeddable":true,"href":"https:\/\/ebp.org.br\/sp\/wp-json\/wp\/v2\/users\/1"}],"replies":[{"embeddable":true,"href":"https:\/\/ebp.org.br\/sp\/wp-json\/wp\/v2\/comments?post=5744"}],"version-history":[{"count":0,"href":"https:\/\/ebp.org.br\/sp\/wp-json\/wp\/v2\/pages\/5744\/revisions"}],"up":[{"embeddable":true,"href":"https:\/\/ebp.org.br\/sp\/wp-json\/wp\/v2\/pages\/5773"}],"wp:attachment":[{"href":"https:\/\/ebp.org.br\/sp\/wp-json\/wp\/v2\/media?parent=5744"}],"curies":[{"name":"wp","href":"https:\/\/api.w.org\/{rel}","templated":true}]}}