{"id":5680,"date":"2021-06-28T19:02:54","date_gmt":"2021-06-28T22:02:54","guid":{"rendered":"https:\/\/ebp.org.br\/sp\/?page_id=5680"},"modified":"2021-06-28T19:02:54","modified_gmt":"2021-06-28T22:02:54","slug":"orientacoes-para-envio-de-trabalhos-x-jornadas","status":"publish","type":"page","link":"https:\/\/ebp.org.br\/sp\/jornadas\/x-jornadas-psicanalise-em-ato\/orientacoes-para-envio-de-trabalhos-x-jornadas\/","title":{"rendered":"Orienta\u00e7\u00f5es para envio de trabalhos &#8211; X Jornadas"},"content":{"rendered":"<section class=\"wpb-content-wrapper\">[vc_row][vc_column][vc_single_image image=&#8221;5670&#8243; img_size=&#8221;full&#8221; alignment=&#8221;center&#8221; onclick=&#8221;custom_link&#8221; link=&#8221;https:\/\/ebp.org.br\/sp\/jornadas\/x-jornadas-psicanalise-em-ato\/argumento-x-jornadas\/&#8221;][\/vc_column][\/vc_row][vc_row][vc_column][eikra-vc-text-title style=&#8221;style2&#8243; title=&#8221;Orienta\u00e7\u00f5es para envio de trabalhos&#8221;][\/eikra-vc-text-title][vc_column_text]\n<figure id=\"attachment_5693\" aria-describedby=\"caption-attachment-5693\" style=\"width: 300px\" class=\"wp-caption alignnone\"><img loading=\"lazy\" decoding=\"async\" class=\"size-medium wp-image-5693\" src=\"https:\/\/ebp.org.br\/sp\/wp-content\/uploads\/2021\/06\/imagem_x_jornada_envio_de_trabalhos-300x184.png\" alt=\"Imagem: Pixabay\" width=\"300\" height=\"184\" \/><figcaption id=\"caption-attachment-5693\" class=\"wp-caption-text\">Imagem: Pixabay<\/figcaption><\/figure>\n<p><em><strong>Data limite para envio dos trabalhos: 26 de setembro<\/strong><\/em><\/p>\n<ul>\n<li>Os textos devem ter, no m\u00e1ximo, 6000 caracteres (com espa\u00e7os), escritos em Times New Roman 12, justificado, espa\u00e7amento simples, com notas (refer\u00eancias) no fim de p\u00e1gina.<\/li>\n<li>Colocar no Cabe\u00e7alho o t\u00edtulo do trabalho, o nome do(a) autor(a) e o Eixo Tem\u00e1tico no qual o trabalho se insere.<\/li>\n<li>Os textos devem ser enviados em formato Word, anexado ao e-mail, colocando como assunto: <em>Jornadas \u201cPsican\u00e1lise em ato\u201d \u2013 envio de trabalhos<\/em>.<\/li>\n<li>Enviar para:\u00a0<a href=\"mailto:lufcarrijo@gmail.com\">lufcarrijo@gmail.com<\/a> \u00a0e <a href=\"mailto:niraldosp@uol.com.br\">niraldosp@uol.com.br<\/a><\/li>\n<\/ul>\n<p><strong>Para que o trabalho seja avaliado, \u00e9 necess\u00e1rio estar inscrito(a) nas Jornadas.<\/strong><\/p>\n<p>Em raz\u00e3o do formato virtual das X Jornadas, solicitamos que os trabalhos n\u00e3o sejam pautados em relatos de casos cl\u00ednicos, salvo a inclus\u00e3o de pequenas vinhetas sem qualquer informa\u00e7\u00e3o que possa identificar o paciente.[\/vc_column_text][\/vc_column][\/vc_row]\n<\/section>","protected":false},"excerpt":{"rendered":"<p>[vc_row][vc_column][vc_single_image image=&#8221;5670&#8243; img_size=&#8221;full&#8221; alignment=&#8221;center&#8221; onclick=&#8221;custom_link&#8221; link=&#8221;https:\/\/ebp.org.br\/sp\/jornadas\/x-jornadas-psicanalise-em-ato\/argumento-x-jornadas\/&#8221;][\/vc_column][\/vc_row][vc_row][vc_column][eikra-vc-text-title style=&#8221;style2&#8243; title=&#8221;Orienta\u00e7\u00f5es para envio de trabalhos&#8221;][\/eikra-vc-text-title][vc_column_text] Data limite para envio dos trabalhos: 26 de setembro Os textos devem ter, no m\u00e1ximo, 6000 caracteres (com espa\u00e7os), escritos em Times New Roman 12, justificado, espa\u00e7amento simples, com notas (refer\u00eancias) no fim de p\u00e1gina. Colocar no Cabe\u00e7alho o t\u00edtulo do trabalho, o&hellip;<\/p>\n","protected":false},"author":1,"featured_media":0,"parent":5669,"menu_order":0,"comment_status":"closed","ping_status":"closed","template":"","meta":{"footnotes":""},"class_list":["post-5680","page","type-page","status-publish","hentry","entry","no-media"],"aioseo_notices":[],"_links":{"self":[{"href":"https:\/\/ebp.org.br\/sp\/wp-json\/wp\/v2\/pages\/5680","targetHints":{"allow":["GET"]}}],"collection":[{"href":"https:\/\/ebp.org.br\/sp\/wp-json\/wp\/v2\/pages"}],"about":[{"href":"https:\/\/ebp.org.br\/sp\/wp-json\/wp\/v2\/types\/page"}],"author":[{"embeddable":true,"href":"https:\/\/ebp.org.br\/sp\/wp-json\/wp\/v2\/users\/1"}],"replies":[{"embeddable":true,"href":"https:\/\/ebp.org.br\/sp\/wp-json\/wp\/v2\/comments?post=5680"}],"version-history":[{"count":0,"href":"https:\/\/ebp.org.br\/sp\/wp-json\/wp\/v2\/pages\/5680\/revisions"}],"up":[{"embeddable":true,"href":"https:\/\/ebp.org.br\/sp\/wp-json\/wp\/v2\/pages\/5669"}],"wp:attachment":[{"href":"https:\/\/ebp.org.br\/sp\/wp-json\/wp\/v2\/media?parent=5680"}],"curies":[{"name":"wp","href":"https:\/\/api.w.org\/{rel}","templated":true}]}}