{"id":5676,"date":"2021-06-28T18:54:47","date_gmt":"2021-06-28T21:54:47","guid":{"rendered":"https:\/\/ebp.org.br\/sp\/?page_id=5676"},"modified":"2021-06-28T18:54:47","modified_gmt":"2021-06-28T21:54:47","slug":"4-1-carteis-x-jornadas","status":"publish","type":"page","link":"https:\/\/ebp.org.br\/sp\/jornadas\/x-jornadas-psicanalise-em-ato\/4-1-carteis-x-jornadas\/","title":{"rendered":"4+1 Cart\u00e9is &#8211; X Jornadas"},"content":{"rendered":"<section class=\"wpb-content-wrapper\">[vc_row][vc_column][vc_single_image image=&#8221;5670&#8243; img_size=&#8221;full&#8221; alignment=&#8221;center&#8221; onclick=&#8221;custom_link&#8221; link=&#8221;https:\/\/ebp.org.br\/sp\/jornadas\/x-jornadas-psicanalise-em-ato\/argumento-x-jornadas\/&#8221;][\/vc_column][\/vc_row][vc_row][vc_column][eikra-vc-text-title style=&#8221;style2&#8243; title=&#8221;4+1 Cart\u00e9is&#8221;][\/eikra-vc-text-title][vc_column_text]\n<h3><span style=\"color: #993300;\">Cart\u00e9is em torno das X Jornadas da EBP-SP<\/span><\/h3>\n<figure id=\"attachment_5689\" aria-describedby=\"caption-attachment-5689\" style=\"width: 300px\" class=\"wp-caption alignnone\"><img loading=\"lazy\" decoding=\"async\" class=\"size-medium wp-image-5689\" src=\"https:\/\/ebp.org.br\/sp\/wp-content\/uploads\/2021\/06\/imagem_x_jornada_carteis-300x154.png\" alt=\"Imagem: Pixabay\" width=\"300\" height=\"154\" \/><figcaption id=\"caption-attachment-5689\" class=\"wp-caption-text\">Imagem: Pixabay<\/figcaption><\/figure>\n<p>\u00d3rg\u00e3o de base da Escola, o dispositivo de cartel \u00e9 fundamental para manter sua l\u00f3gica de funcionamento, assim como fazer circular a transfer\u00eancia de trabalho. \u00c9 tamb\u00e9m o espa\u00e7o privilegiado para as produ\u00e7\u00f5es epist\u00eamicas e que ir\u00e3o contribuir para animar nosso evento.<\/p>\n<p>Para estas X Jornadas da EBP-SP, a diretoria incentiva a forma\u00e7\u00e3o destes pequenos grupos em torno do tema proposto \u2013 Psican\u00e1lise em ato \u2013, assim como dos cinco eixos tem\u00e1ticos.<\/p>\n<p>Os interessados em formar cart\u00e9is fulgurantes podem entrar em contato enviando nome, e-mail, WhatsApp e tema (ou eixo de interesse) para:\u00a0<a href=\"mailto:cartelebpsp@gmail.com\">cartelebpsp@gmail.com<\/a>.<\/p>\n<p>A comiss\u00e3o de cart\u00e9is da EBP-SP ir\u00e1 facilitar a forma\u00e7\u00e3o destes grupos. D\u00favidas quanto ao funcionamento podem ser endere\u00e7adas ao e-mail acima ou consultando as informa\u00e7\u00f5es no site:\u00a0<a href=\"http:\/\/ebp.org.br\/sp\/carteis\/\">ebp.org.br\/sp\/carteis\/<\/a><\/p>\n<h6>Gustavo Oliveira Menezes<br \/>\nDiretor de cart\u00e9is e interc\u00e2mbio da EBP-SP<\/h6>\n[\/vc_column_text][\/vc_column][\/vc_row]\n<\/section>","protected":false},"excerpt":{"rendered":"<p>[vc_row][vc_column][vc_single_image image=&#8221;5670&#8243; img_size=&#8221;full&#8221; alignment=&#8221;center&#8221; onclick=&#8221;custom_link&#8221; link=&#8221;https:\/\/ebp.org.br\/sp\/jornadas\/x-jornadas-psicanalise-em-ato\/argumento-x-jornadas\/&#8221;][\/vc_column][\/vc_row][vc_row][vc_column][eikra-vc-text-title style=&#8221;style2&#8243; title=&#8221;4+1 Cart\u00e9is&#8221;][\/eikra-vc-text-title][vc_column_text] Cart\u00e9is em torno das X Jornadas da EBP-SP \u00d3rg\u00e3o de base da Escola, o dispositivo de cartel \u00e9 fundamental para manter sua l\u00f3gica de funcionamento, assim como fazer circular a transfer\u00eancia de trabalho. \u00c9 tamb\u00e9m o espa\u00e7o privilegiado para as produ\u00e7\u00f5es epist\u00eamicas e que ir\u00e3o contribuir&hellip;<\/p>\n","protected":false},"author":1,"featured_media":0,"parent":5669,"menu_order":0,"comment_status":"closed","ping_status":"closed","template":"","meta":{"footnotes":""},"class_list":["post-5676","page","type-page","status-publish","hentry","entry","no-media"],"aioseo_notices":[],"_links":{"self":[{"href":"https:\/\/ebp.org.br\/sp\/wp-json\/wp\/v2\/pages\/5676","targetHints":{"allow":["GET"]}}],"collection":[{"href":"https:\/\/ebp.org.br\/sp\/wp-json\/wp\/v2\/pages"}],"about":[{"href":"https:\/\/ebp.org.br\/sp\/wp-json\/wp\/v2\/types\/page"}],"author":[{"embeddable":true,"href":"https:\/\/ebp.org.br\/sp\/wp-json\/wp\/v2\/users\/1"}],"replies":[{"embeddable":true,"href":"https:\/\/ebp.org.br\/sp\/wp-json\/wp\/v2\/comments?post=5676"}],"version-history":[{"count":0,"href":"https:\/\/ebp.org.br\/sp\/wp-json\/wp\/v2\/pages\/5676\/revisions"}],"up":[{"embeddable":true,"href":"https:\/\/ebp.org.br\/sp\/wp-json\/wp\/v2\/pages\/5669"}],"wp:attachment":[{"href":"https:\/\/ebp.org.br\/sp\/wp-json\/wp\/v2\/media?parent=5676"}],"curies":[{"name":"wp","href":"https:\/\/api.w.org\/{rel}","templated":true}]}}