{"id":5674,"date":"2021-06-28T18:52:22","date_gmt":"2021-06-28T21:52:22","guid":{"rendered":"https:\/\/ebp.org.br\/sp\/?page_id=5674"},"modified":"2021-06-28T18:52:22","modified_gmt":"2021-06-28T21:52:22","slug":"inscricoes-x-jornadas","status":"publish","type":"page","link":"https:\/\/ebp.org.br\/sp\/jornadas\/x-jornadas-psicanalise-em-ato\/inscricoes-x-jornadas\/","title":{"rendered":"Inscri\u00e7\u00f5es &#8211; X Jornadas"},"content":{"rendered":"<section class=\"wpb-content-wrapper\">[vc_row][vc_column][vc_single_image image=&#8221;5670&#8243; img_size=&#8221;full&#8221; alignment=&#8221;center&#8221; onclick=&#8221;custom_link&#8221; link=&#8221;https:\/\/ebp.org.br\/sp\/jornadas\/x-jornadas-psicanalise-em-ato\/argumento-x-jornadas\/&#8221;][\/vc_column][\/vc_row][vc_row][vc_column][eikra-vc-text-title style=&#8221;style2&#8243; title=&#8221;Inscri\u00e7\u00f5es&#8221;][\/eikra-vc-text-title][vc_column_text]<span style=\"color: #993300;\"><strong>Per\u00edodo para inscri\u00e7\u00f5es<\/strong>:<\/span><\/p>\n<ul>\n<li>01 de julho a 29 de outubro<\/li>\n<\/ul>\n<p><span style=\"color: #993300;\"><strong>\u00a0<\/strong><strong>Valores:<\/strong><\/span><\/p>\n<ul>\n<li>Membros da EBP\/AMP: R$ 250,00<\/li>\n<li>N\u00e3o membros: R$ 200,00<\/li>\n<\/ul>\n<p><span style=\"color: #993300;\"><strong>\u00a0<\/strong><strong>Dados para Pagamento:<\/strong><\/span><\/p>\n<ul>\n<li>Banco Ita\u00fa<\/li>\n<li>Ag\u00eancia: 0188<\/li>\n<li>Conta corrente: 65666-4<\/li>\n<li>CNPJ: 02.252.068\/0001-93<\/li>\n<li>Escola Brasileira de Psican\u00e1lise do Campo Freudiano Se\u00e7\u00e3o S\u00e3o Paulo<\/li>\n<\/ul>\n<p><strong>\u00a0<\/strong><strong>OU<\/strong><\/p>\n<ul>\n<li>PIX: CNPJ: 02.252.068\/0001-93<\/li>\n<\/ul>\n<p>Comprovantes de pagamento dever\u00e3o ser encaminhados para o e-mail: <a href=\"mailto:jornadas.ebpsp@gmail.com\">jornadas.ebpsp@gmail.com<\/a>, incluindo as informa\u00e7\u00f5es abaixo:<\/p>\n<p><span style=\"color: #993300;\"><strong>Dados para a inscri\u00e7\u00e3o<\/strong>:<\/span><\/p>\n<ul>\n<li>Nome completo<\/li>\n<li>Endere\u00e7o \/ Complemento<\/li>\n<li>Cidade \/ Estado \/ CEP<\/li>\n<li>E-mail<\/li>\n<\/ul>\n<p>A inscri\u00e7\u00e3o ser\u00e1 confirmada ap\u00f3s a efetiva\u00e7\u00e3o do dep\u00f3sito.<\/p>\n<p>Todas as atividades acontecer\u00e3o pela plataforma zoom. Nos dias das Jornadas voc\u00ea receber\u00e1 por e-mail o link para participa\u00e7\u00e3o nas atividades.<\/p>\n<p>O link \u00e9 individual e intransfer\u00edvel.<\/p>\n<p><strong>N\u00e3o deixe sua inscri\u00e7\u00e3o para a \u00faltima hora! Vagas limitadas!<\/strong>[\/vc_column_text][\/vc_column][\/vc_row]\n<\/section>","protected":false},"excerpt":{"rendered":"<p>[vc_row][vc_column][vc_single_image image=&#8221;5670&#8243; img_size=&#8221;full&#8221; alignment=&#8221;center&#8221; onclick=&#8221;custom_link&#8221; link=&#8221;https:\/\/ebp.org.br\/sp\/jornadas\/x-jornadas-psicanalise-em-ato\/argumento-x-jornadas\/&#8221;][\/vc_column][\/vc_row][vc_row][vc_column][eikra-vc-text-title style=&#8221;style2&#8243; title=&#8221;Inscri\u00e7\u00f5es&#8221;][\/eikra-vc-text-title][vc_column_text]Per\u00edodo para inscri\u00e7\u00f5es: 01 de julho a 29 de outubro \u00a0Valores: Membros da EBP\/AMP: R$ 250,00 N\u00e3o membros: R$ 200,00 \u00a0Dados para Pagamento: Banco Ita\u00fa Ag\u00eancia: 0188 Conta corrente: 65666-4 CNPJ: 02.252.068\/0001-93 Escola Brasileira de Psican\u00e1lise do Campo Freudiano Se\u00e7\u00e3o S\u00e3o Paulo \u00a0OU PIX: CNPJ: 02.252.068\/0001-93 Comprovantes de&hellip;<\/p>\n","protected":false},"author":1,"featured_media":0,"parent":5669,"menu_order":0,"comment_status":"closed","ping_status":"closed","template":"","meta":{"footnotes":""},"class_list":["post-5674","page","type-page","status-publish","hentry","entry","no-media"],"aioseo_notices":[],"_links":{"self":[{"href":"https:\/\/ebp.org.br\/sp\/wp-json\/wp\/v2\/pages\/5674","targetHints":{"allow":["GET"]}}],"collection":[{"href":"https:\/\/ebp.org.br\/sp\/wp-json\/wp\/v2\/pages"}],"about":[{"href":"https:\/\/ebp.org.br\/sp\/wp-json\/wp\/v2\/types\/page"}],"author":[{"embeddable":true,"href":"https:\/\/ebp.org.br\/sp\/wp-json\/wp\/v2\/users\/1"}],"replies":[{"embeddable":true,"href":"https:\/\/ebp.org.br\/sp\/wp-json\/wp\/v2\/comments?post=5674"}],"version-history":[{"count":0,"href":"https:\/\/ebp.org.br\/sp\/wp-json\/wp\/v2\/pages\/5674\/revisions"}],"up":[{"embeddable":true,"href":"https:\/\/ebp.org.br\/sp\/wp-json\/wp\/v2\/pages\/5669"}],"wp:attachment":[{"href":"https:\/\/ebp.org.br\/sp\/wp-json\/wp\/v2\/media?parent=5674"}],"curies":[{"name":"wp","href":"https:\/\/api.w.org\/{rel}","templated":true}]}}