{"id":5672,"date":"2021-06-28T18:44:54","date_gmt":"2021-06-28T21:44:54","guid":{"rendered":"https:\/\/ebp.org.br\/sp\/?page_id=5672"},"modified":"2021-06-28T18:44:54","modified_gmt":"2021-06-28T21:44:54","slug":"comissoes-organizadoras-x-jornadas","status":"publish","type":"page","link":"https:\/\/ebp.org.br\/sp\/jornadas\/x-jornadas-psicanalise-em-ato\/comissoes-organizadoras-x-jornadas\/","title":{"rendered":"Comiss\u00f5es Organizadoras &#8211; X Jornadas"},"content":{"rendered":"<section class=\"wpb-content-wrapper\">[vc_row][vc_column][vc_single_image image=&#8221;5670&#8243; img_size=&#8221;full&#8221; alignment=&#8221;center&#8221; onclick=&#8221;custom_link&#8221; link=&#8221;https:\/\/ebp.org.br\/sp\/jornadas\/x-jornadas-psicanalise-em-ato\/argumento-x-jornadas\/&#8221;][\/vc_column][\/vc_row][vc_row][vc_column][eikra-vc-text-title style=&#8221;style2&#8243; title=&#8221;Comiss\u00f5es Organizadoras&#8221;][\/eikra-vc-text-title][vc_column_text]\n<figure id=\"attachment_5690\" aria-describedby=\"caption-attachment-5690\" style=\"width: 300px\" class=\"wp-caption alignnone\"><img loading=\"lazy\" decoding=\"async\" class=\"size-medium wp-image-5690\" src=\"https:\/\/ebp.org.br\/sp\/wp-content\/uploads\/2021\/06\/imagem_x_jornada_comissoes-300x248.png\" alt=\"Imagem: Instagram @overist_curation\" width=\"300\" height=\"248\" \/><figcaption id=\"caption-attachment-5690\" class=\"wp-caption-text\">Imagem: Instagram @overist_curation<\/figcaption><\/figure>\n<p><span style=\"color: #993300;\"><strong>Diretora da EBP-SP<\/strong><\/span><\/p>\n<ul>\n<li>Alessandra Sartorello Pecego<\/li>\n<\/ul>\n<hr \/>\n<p><span style=\"color: #993300;\"><strong>Coordena\u00e7\u00e3o Geral das Jornadas<\/strong><\/span><\/p>\n<ul>\n<li>Niraldo de Oliveira Santos<\/li>\n<\/ul>\n<hr \/>\n<p><span style=\"color: #993300;\"><strong>Comiss\u00e3o de Orienta\u00e7\u00e3o<\/strong><\/span><\/p>\n<ul>\n<li>Luiz Fernando Carrijo da Cunha (Coordenador)<\/li>\n<li>Alessandra Sartorello Pecego<\/li>\n<li>C\u00e1ssia Maria Rumenos Guardado<\/li>\n<li>Cristiana Chacon Gallo<\/li>\n<li>Daniela de Camargo Barros Affonso<\/li>\n<li>Fernando Del Guerra Prota<\/li>\n<li>Fabiola Ramon<\/li>\n<li>Gustavo Oliveira Menezes<\/li>\n<li>Maria Bernadette Soares de Sant\u2019Anna Pitteri<\/li>\n<li>Maria C\u00e9lia Reinaldo Kato<\/li>\n<li>Milena Vicari Crastelo<\/li>\n<li>Niraldo de Oliveira Santos<\/li>\n<li>Patr\u00edcia Badari<\/li>\n<li>R\u00f4mulo Ferreira da Silva<\/li>\n<li>Val\u00e9ria Ferranti<\/li>\n<li>Veridiana Marucio<\/li>\n<\/ul>\n<hr \/>\n<p><span style=\"color: #993300;\"><strong>Comiss\u00e3o de Secretaria e Tesouraria<\/strong><\/span><\/p>\n<ul>\n<li>Jovita Carneiro de Lima e Maria de Lourdes Mattos (Coordenadoras)<\/li>\n<li>Francisco Fialho Durante<\/li>\n<li>Jos\u00e9 Danilo Chiaratti Canesin<\/li>\n<li>Maria Carolina S. Ten\u00f3rio de Brito<\/li>\n<li>Ros\u00e2ngela A. dos Santos<\/li>\n<li>Rubens Berlitz<\/li>\n<li>Veridiana Paes de Barros<\/li>\n<\/ul>\n<hr \/>\n<p><span style=\"color: #993300;\"><strong>Comiss\u00e3o de Boletim<\/strong><\/span><\/p>\n<ul>\n<li>Camila Popadiuk e Paula Caio Carvalho (Coordenadoras)<\/li>\n<li>Emelice Prado Bagnola<\/li>\n<li>Maria Marta Ferreira<\/li>\n<li>Mariana Ferretti<\/li>\n<li>Marilsa Basso<\/li>\n<li>Mirmila Musse<\/li>\n<li>Perp\u00e9tua Medrado<\/li>\n<\/ul>\n<hr \/>\n<p><span style=\"color: #993300;\"><strong>Comiss\u00e3o de Infraestrutura<\/strong><\/span><\/p>\n<ul>\n<li>Camila Col\u00e1s Sabino de Freitas e Ros\u00e2ngela Carboni Castro Turim (Coordenadoras)<\/li>\n<li>Aparecida Santa Clara Berlitz<\/li>\n<li>Cl\u00e1udio Ivan Bezerra<\/li>\n<li>Jo\u00e3o Paulo Desconci<\/li>\n<li>Eduardo Vallejos da Rocha<\/li>\n<li>Tatiana Cristina Vidotti<\/li>\n<li>Felipe Bier Nogueira<\/li>\n<\/ul>\n<hr \/>\n<p><span style=\"color: #993300;\"><strong>Comiss\u00e3o de Divulga\u00e7\u00e3o<\/strong><\/span><\/p>\n<ul>\n<li>Janaina de Paula Costa Ver\u00edssimo e Jos\u00e9 Wilson Ramos Braga J\u00fanior (Coordenadores)<\/li>\n<li>Andressa Luz<\/li>\n<li>Cynthia Gon\u00e7alves Gindro<\/li>\n<li>D\u00e9bora Garcia<\/li>\n<li>Fabr\u00edcio Donizete da Costa<\/li>\n<li>Fernanda Cristina Gomes de Carvalho<\/li>\n<li>Helena Maria Daquanno Martins Testi<\/li>\n<\/ul>\n[\/vc_column_text][\/vc_column][\/vc_row]\n<\/section>","protected":false},"excerpt":{"rendered":"<p>[vc_row][vc_column][vc_single_image image=&#8221;5670&#8243; img_size=&#8221;full&#8221; alignment=&#8221;center&#8221; onclick=&#8221;custom_link&#8221; link=&#8221;https:\/\/ebp.org.br\/sp\/jornadas\/x-jornadas-psicanalise-em-ato\/argumento-x-jornadas\/&#8221;][\/vc_column][\/vc_row][vc_row][vc_column][eikra-vc-text-title style=&#8221;style2&#8243; title=&#8221;Comiss\u00f5es Organizadoras&#8221;][\/eikra-vc-text-title][vc_column_text] Diretora da EBP-SP Alessandra Sartorello Pecego Coordena\u00e7\u00e3o Geral das Jornadas Niraldo de Oliveira Santos Comiss\u00e3o de Orienta\u00e7\u00e3o Luiz Fernando Carrijo da Cunha (Coordenador) Alessandra Sartorello Pecego C\u00e1ssia Maria Rumenos Guardado Cristiana Chacon Gallo Daniela de Camargo Barros Affonso Fernando Del Guerra Prota Fabiola Ramon Gustavo Oliveira&hellip;<\/p>\n","protected":false},"author":1,"featured_media":0,"parent":5669,"menu_order":0,"comment_status":"closed","ping_status":"closed","template":"","meta":{"footnotes":""},"class_list":["post-5672","page","type-page","status-publish","hentry","entry","no-media"],"aioseo_notices":[],"_links":{"self":[{"href":"https:\/\/ebp.org.br\/sp\/wp-json\/wp\/v2\/pages\/5672","targetHints":{"allow":["GET"]}}],"collection":[{"href":"https:\/\/ebp.org.br\/sp\/wp-json\/wp\/v2\/pages"}],"about":[{"href":"https:\/\/ebp.org.br\/sp\/wp-json\/wp\/v2\/types\/page"}],"author":[{"embeddable":true,"href":"https:\/\/ebp.org.br\/sp\/wp-json\/wp\/v2\/users\/1"}],"replies":[{"embeddable":true,"href":"https:\/\/ebp.org.br\/sp\/wp-json\/wp\/v2\/comments?post=5672"}],"version-history":[{"count":0,"href":"https:\/\/ebp.org.br\/sp\/wp-json\/wp\/v2\/pages\/5672\/revisions"}],"up":[{"embeddable":true,"href":"https:\/\/ebp.org.br\/sp\/wp-json\/wp\/v2\/pages\/5669"}],"wp:attachment":[{"href":"https:\/\/ebp.org.br\/sp\/wp-json\/wp\/v2\/media?parent=5672"}],"curies":[{"name":"wp","href":"https:\/\/api.w.org\/{rel}","templated":true}]}}