{"id":5614,"date":"2021-06-04T13:27:16","date_gmt":"2021-06-04T16:27:16","guid":{"rendered":"https:\/\/ebp.org.br\/sp\/?page_id=5614"},"modified":"2021-06-04T13:27:16","modified_gmt":"2021-06-04T16:27:16","slug":"carta-de-sao-paulo-ano-18-no2-2011","status":"publish","type":"page","link":"https:\/\/ebp.org.br\/sp\/biblioteca\/publicacoes\/carta-sp-impressa\/carta-de-sao-paulo-ano-18-no2-2011\/","title":{"rendered":"Carta de S\u00e3o Paulo Ano 18 \u2013 n\u00ba2 \u2013 2011"},"content":{"rendered":"<section class=\"wpb-content-wrapper\">[vc_row][vc_column][eikra-vc-text-title style=&#8221;style2&#8243; title=&#8221;Carta de S\u00e3o Paulo Impressa&#8221;]\n<h3><span style=\"color: #993300;\">Ano 18 \u2013 n\u00ba2 \u2013 2011<\/span><\/h3>\n[\/eikra-vc-text-title][vc_separator][\/vc_column][\/vc_row][vc_row][vc_column width=&#8221;1\/2&#8243;][vc_single_image image=&#8221;2750&#8243; img_size=&#8221;full&#8221; onclick=&#8221;custom_link&#8221; link=&#8221;http:\/\/ebp.org.br\/sp\/wp-content\/uploads\/2018\/04\/carta-16-no-1-2009.pdf&#8221;][\/vc_column][vc_column width=&#8221;1\/2&#8243;][vc_column_text]<strong>7 &#8211; Editorial<\/strong> &#8211; Luiz Fernando Carrijo da Cunha.<\/p>\n<p><strong>9 &#8211; Debate<\/strong> &#8211; Entrevista com Leonardo Gorostiza.<\/p>\n<p><strong>Ensino<\/strong><\/p>\n<p>17 &#8211; J\u00e1 que Lacan Morreu &#8211; Jorge Forbes.<br \/>\n21- Psican\u00e1lise e La\u00e7o Social : interfer\u00eancias do paradigma cl\u00ednico do sonho no tratamento do sintoma &#8211; J\u00e9sus Santiago.<\/p>\n<p>36 &#8211; Homenagem a Jacques Lacan.<\/p>\n<p><strong>Jornadas da EBP-SP 2011<\/strong><\/p>\n<p>48 &#8211; O Gozo feminino no S\u00e9c.XXI.<br \/>\n50 &#8211; Semin\u00e1rios do conselho da EBP-SP.<br \/>\n51 &#8211; Os limites do simb\u00f3lico no Semin\u00e1rio 11 (Coment\u00e1rios sobre o Semin\u00e1rio do Conselho) &#8211; Daniela de Camargo Barros Affonso.<br \/>\n53 &#8211; Leitura de Orienta\u00e7\u00e3o Lacaniana<br \/>\n54 &#8211; Semin\u00e1rios declarados \u00e0 EBP-SP<\/p>\n<p><strong>Jornadas da EBP-SP 2011<\/strong><\/p>\n<p>55 &#8211; \u00c9 tempo de Cart\u00e9is &#8211; Maria Margareth Ferraz de Oliveira<br \/>\n56 &#8211; Os Cart\u00e9is da EBP-SP<\/p>\n<p><strong><em>Pequenos achados dos Cart\u00e9is<\/em><\/strong><\/p>\n<p>58 &#8211; A ang\u00fastia na dire\u00e7\u00e3o do tratamento &#8211; Marilsa Basso.<br \/>\n60 &#8211; FPS: entidade particular ou desdobramento do sinthome? &#8211; Paola Salinas.<br \/>\n64 &#8211; Informe da Biblioteca da EBP-SP &#8211; Maria Bernadette Soares de Sant\u2019Ana Piterri.[\/vc_column_text][\/vc_column][\/vc_row]\n<\/section>","protected":false},"excerpt":{"rendered":"<p>[vc_row][vc_column][eikra-vc-text-title style=&#8221;style2&#8243; title=&#8221;Carta de S\u00e3o Paulo Impressa&#8221;] Ano 18 \u2013 n\u00ba2 \u2013 2011 [\/eikra-vc-text-title][vc_separator][\/vc_column][\/vc_row][vc_row][vc_column width=&#8221;1\/2&#8243;][vc_single_image image=&#8221;2750&#8243; img_size=&#8221;full&#8221; onclick=&#8221;custom_link&#8221; link=&#8221;http:\/\/ebp.org.br\/sp\/wp-content\/uploads\/2018\/04\/carta-16-no-1-2009.pdf&#8221;][\/vc_column][vc_column width=&#8221;1\/2&#8243;][vc_column_text]7 &#8211; Editorial &#8211; Luiz Fernando Carrijo da Cunha. 9 &#8211; Debate &#8211; Entrevista com Leonardo Gorostiza. Ensino 17 &#8211; J\u00e1 que Lacan Morreu &#8211; Jorge Forbes. 21- Psican\u00e1lise e La\u00e7o Social : interfer\u00eancias do paradigma&hellip;<\/p>\n","protected":false},"author":1,"featured_media":0,"parent":2743,"menu_order":0,"comment_status":"closed","ping_status":"closed","template":"","meta":{"footnotes":""},"class_list":["post-5614","page","type-page","status-publish","hentry","entry","no-media"],"aioseo_notices":[],"_links":{"self":[{"href":"https:\/\/ebp.org.br\/sp\/wp-json\/wp\/v2\/pages\/5614","targetHints":{"allow":["GET"]}}],"collection":[{"href":"https:\/\/ebp.org.br\/sp\/wp-json\/wp\/v2\/pages"}],"about":[{"href":"https:\/\/ebp.org.br\/sp\/wp-json\/wp\/v2\/types\/page"}],"author":[{"embeddable":true,"href":"https:\/\/ebp.org.br\/sp\/wp-json\/wp\/v2\/users\/1"}],"replies":[{"embeddable":true,"href":"https:\/\/ebp.org.br\/sp\/wp-json\/wp\/v2\/comments?post=5614"}],"version-history":[{"count":0,"href":"https:\/\/ebp.org.br\/sp\/wp-json\/wp\/v2\/pages\/5614\/revisions"}],"up":[{"embeddable":true,"href":"https:\/\/ebp.org.br\/sp\/wp-json\/wp\/v2\/pages\/2743"}],"wp:attachment":[{"href":"https:\/\/ebp.org.br\/sp\/wp-json\/wp\/v2\/media?parent=5614"}],"curies":[{"name":"wp","href":"https:\/\/api.w.org\/{rel}","templated":true}]}}