{"id":5611,"date":"2021-06-04T13:17:51","date_gmt":"2021-06-04T16:17:51","guid":{"rendered":"https:\/\/ebp.org.br\/sp\/?page_id=5611"},"modified":"2021-06-04T13:17:51","modified_gmt":"2021-06-04T16:17:51","slug":"carta-de-sao-paulo-ano-21-no2-2014-2","status":"publish","type":"page","link":"https:\/\/ebp.org.br\/sp\/biblioteca\/publicacoes\/carta-sp-impressa\/carta-de-sao-paulo-ano-21-no2-2014-2\/","title":{"rendered":"Carta de S\u00e3o Paulo Ano 21 \u2013 n\u00ba1 \u2013 2014"},"content":{"rendered":"<section class=\"wpb-content-wrapper\">[vc_row][vc_column][eikra-vc-text-title style=&#8221;style2&#8243; title=&#8221;Carta de S\u00e3o Paulo Impressa&#8221;]\n<h3><span style=\"color: #993300;\">Ano 21 \u2013 n\u00ba2 \u2013 2014<\/span><\/h3>\n[\/eikra-vc-text-title][vc_separator][\/vc_column][\/vc_row][vc_row][vc_column width=&#8221;1\/2&#8243;][vc_single_image image=&#8221;2754&#8243; img_size=&#8221;full&#8221; onclick=&#8221;custom_link&#8221; link=&#8221;http:\/\/ebp.org.br\/sp\/wp-content\/uploads\/2018\/04\/carta-16-no-1-2009.pdf&#8221;][\/vc_column][vc_column width=&#8221;1\/2&#8243;][vc_column_text]<strong>8 &#8211;\u00a0 EDITORIAL<\/strong><\/p>\n<p><strong>15\u00a0 &#8211; APRESENTA\u00c7\u00c3O DAS JORNADAS &#8211; Marizilda Paulino.<\/strong><\/p>\n<p><strong>25\u00a0 &#8211; PLEN\u00c1RIA &#8211; O TRAUMA E SEUS CONCEITOS <\/strong><br \/>\n26 &#8211; Andr\u00e9 Santos Junior<br \/>\n34 &#8211; Maria Cec\u00edlia Galletti Ferretti<br \/>\n40 &#8211; Sandra Arruda Grostein<br \/>\nDebate com Luiz Fernando Carrijo da Cunha.<\/p>\n<p><strong>71 &#8211; MESA REDONDA &#8211; O CUR\u00c1VEL E O INCUR\u00c1VEL <\/strong><br \/>\nJos\u00e9 Paulo Fiks<br \/>\nMaria Josefina Sota Fuentes<br \/>\nR\u00f4mulo Ferreira da Silva<br \/>\nJorge Forbes -debatedor<\/p>\n<p><strong>123 VARIEDADES DO TRAUMA &#8211; Semin\u00e1rio de Vicente Palomera <\/strong><br \/>\n124 &#8211; Primeira parte<br \/>\n154 &#8211; Segunda Parte<\/p>\n<p><strong>174 ENCERRAMENTO DAS JORNADAS<\/strong><\/p>\n<p><strong>178 PROGRAMA\u00c7\u00c3O<\/strong><\/p>\n<p><strong>180 Mesas Simult\u00e2neas.<\/strong><\/p>\n<p><strong>182 Comiss\u00e3o Organizadora<\/strong>[\/vc_column_text][\/vc_column][\/vc_row]\n<\/section>","protected":false},"excerpt":{"rendered":"<p>[vc_row][vc_column][eikra-vc-text-title style=&#8221;style2&#8243; title=&#8221;Carta de S\u00e3o Paulo Impressa&#8221;] Ano 21 \u2013 n\u00ba2 \u2013 2014 [\/eikra-vc-text-title][vc_separator][\/vc_column][\/vc_row][vc_row][vc_column width=&#8221;1\/2&#8243;][vc_single_image image=&#8221;2754&#8243; img_size=&#8221;full&#8221; onclick=&#8221;custom_link&#8221; link=&#8221;http:\/\/ebp.org.br\/sp\/wp-content\/uploads\/2018\/04\/carta-16-no-1-2009.pdf&#8221;][\/vc_column][vc_column width=&#8221;1\/2&#8243;][vc_column_text]8 &#8211;\u00a0 EDITORIAL 15\u00a0 &#8211; APRESENTA\u00c7\u00c3O DAS JORNADAS &#8211; Marizilda Paulino. 25\u00a0 &#8211; PLEN\u00c1RIA &#8211; O TRAUMA E SEUS CONCEITOS 26 &#8211; Andr\u00e9 Santos Junior 34 &#8211; Maria Cec\u00edlia Galletti Ferretti 40 &#8211; Sandra Arruda Grostein&hellip;<\/p>\n","protected":false},"author":1,"featured_media":0,"parent":2743,"menu_order":0,"comment_status":"closed","ping_status":"closed","template":"","meta":{"footnotes":""},"class_list":["post-5611","page","type-page","status-publish","hentry","entry","no-media"],"aioseo_notices":[],"_links":{"self":[{"href":"https:\/\/ebp.org.br\/sp\/wp-json\/wp\/v2\/pages\/5611","targetHints":{"allow":["GET"]}}],"collection":[{"href":"https:\/\/ebp.org.br\/sp\/wp-json\/wp\/v2\/pages"}],"about":[{"href":"https:\/\/ebp.org.br\/sp\/wp-json\/wp\/v2\/types\/page"}],"author":[{"embeddable":true,"href":"https:\/\/ebp.org.br\/sp\/wp-json\/wp\/v2\/users\/1"}],"replies":[{"embeddable":true,"href":"https:\/\/ebp.org.br\/sp\/wp-json\/wp\/v2\/comments?post=5611"}],"version-history":[{"count":0,"href":"https:\/\/ebp.org.br\/sp\/wp-json\/wp\/v2\/pages\/5611\/revisions"}],"up":[{"embeddable":true,"href":"https:\/\/ebp.org.br\/sp\/wp-json\/wp\/v2\/pages\/2743"}],"wp:attachment":[{"href":"https:\/\/ebp.org.br\/sp\/wp-json\/wp\/v2\/media?parent=5611"}],"curies":[{"name":"wp","href":"https:\/\/api.w.org\/{rel}","templated":true}]}}