{"id":5588,"date":"2021-06-04T11:39:56","date_gmt":"2021-06-04T14:39:56","guid":{"rendered":"https:\/\/ebp.org.br\/sp\/?page_id=5588"},"modified":"2021-06-04T11:39:56","modified_gmt":"2021-06-04T14:39:56","slug":"carta-de-sao-paulo-ano-28-no1-abril-2021","status":"publish","type":"page","link":"https:\/\/ebp.org.br\/sp\/biblioteca\/publicacoes\/carta-sp-impressa\/carta-de-sao-paulo-ano-28-no1-abril-2021\/","title":{"rendered":"Carta de S\u00e3o Paulo Ano 28 \u2013 n\u00ba1 \u2013 ABRIL 2021"},"content":{"rendered":"<section class=\"wpb-content-wrapper\">[vc_row][vc_column][eikra-vc-text-title style=&#8221;style2&#8243; title=&#8221;Carta de S\u00e3o Paulo Impressa&#8221;]\n<h3><span style=\"color: #993300;\">Ano 28 \u2013 n\u00ba1 \u2013 ABRIL 2021<\/span><\/h3>\n[\/eikra-vc-text-title][vc_separator][\/vc_column][\/vc_row][vc_row][vc_column width=&#8221;1\/2&#8243;][vc_single_image image=&#8221;5801&#8243; img_size=&#8221;full&#8221; onclick=&#8221;custom_link&#8221; link=&#8221;http:\/\/ebp.org.br\/sp\/wp-content\/uploads\/2018\/04\/carta-16-no-1-2009.pdf&#8221;][\/vc_column][vc_column width=&#8221;1\/2&#8243;][vc_column_text]<strong>9 &#8211; EDITORIAL<\/strong> &#8211; Daniela de Camargo Barros Affonso.<\/p>\n<p><strong>SUBVERS\u00d5ES, PROVOCA\u00c7\u00d5ES<\/strong><\/p>\n<p>13 &#8211; Apresenta\u00e7\u00e3o das Jornadas (Fora de S\u00e9rie) da EBP-SP &#8211; Subvers\u00f5es &#8211; Val\u00e9ria Ferranti.<br \/>\n17 &#8211; Lan\u00e7ar uma pergunta: sobre as rela\u00e7\u00f5es do sujeito e o Outro &#8211; Paola Salinas.<br \/>\n27 &#8211; Revolu\u00e7\u00e3o e subvers\u00f5es em psican\u00e1lise: do \u201cisso gira\u201d ao \u201cisso cai\u201d &#8211; Niraldo de Oliveira Santos.<br \/>\n35 &#8211; Subvers\u00e3o criativa &#8211; Daniela de Camargo Barros Affonso.<\/p>\n<p><strong>LEITURAS DA SUBVERS\u00c3O<\/strong><\/p>\n<p>42 &#8211; O inconsciente freudiano e o sujeito do inconsciente &#8211; Camila Popadiuk.<br \/>\n48 &#8211; Interpreta\u00e7\u00e3o e Subvers\u00e3o do sujeito &#8211; Jovita Carneiro de Lima.<br \/>\n54 &#8211; O falo, o gozo rebelde e o significante &#8211; Raquel Diaz Dagenszajn.<br \/>\n62 &#8211; Subvers\u00e3o do sujeito\u2026 uma vers\u00e3o da puls\u00e3o &#8211; Ros\u00e2ngela C. Castro Turim.<br \/>\n68 &#8211; A pot\u00eancia subversiva da psican\u00e1lise: pontua\u00e7\u00f5es a partir de \u201cSubvers\u00e3o do sujeito e dial\u00e9tica do desejo no inconsciente freudiano\u201d\u00a0 &#8211; Fabiola Ramon.<br \/>\n80 &#8211; Pontua\u00e7\u00f5es do texto \u201cSubvers\u00e3o do sujeito e a dial\u00e9tica do desejo no inconsciente freudiano\u201d : como nos servir desse texto em tempos atuais &#8211; Alessandra Sartorello Pecego.<br \/>\n85 &#8211; Subvers\u00f5es do pai &#8211; Gustavo Oliveira Menezes.<br \/>\n94 &#8211; Uma leitura de &#8220;Subvers\u00e3o do sujeito e dial\u00e9tica do desejo no inconsciente freudiano\u201d &#8211; Heloisa Prado Telles.<br \/>\n103 &#8211; Significante e gozo &#8211; \u201cOrienta\u00e7\u00e3o de leitura\u201d de alguns par\u00e1grafos de &#8220;subvers\u00e3o do sujeito e dial\u00e9tica do desejo no inconsciente freudiano\u201d &#8211; S\u00e9rgio Laia.<\/p>\n<p><strong>SUBVERS\u00c3O E DESEJO DO ANALISTA<\/strong><\/p>\n<p>143 &#8211; Fora de S\u00e9rie &#8211; Clara Maria Holguin.<br \/>\n152 &#8211; Subversivo ainda &#8211; Oscar Reymundo<br \/>\n158 &#8211; Autismos: subvers\u00e3o da cl\u00ednica psicanal\u00edtica? &#8211; Tatiana Cristina Vidotti.<br \/>\n163 &#8211; Desejo do analista e o analista no lugar de dejeto &#8211; Camila col\u00e1s Sabino de Freitas.<br \/>\n168 &#8211; A subvers\u00e3o do desejo do analista &#8211; fazer existir a psican\u00e1lise na \u00e9poca neoliberal &#8211; An\u00edbal Lessere.<\/p>\n<p><strong>O FEMININO E AS SUBVERS\u00d5ES<\/strong><\/p>\n<p>184 &#8211; A subvers\u00e3o feminina &#8211; Gabriela Camaly.<br \/>\n195 &#8211; Subvers\u00f5es do feminino &#8211; M\u00f4nica Camargo.<br \/>\n202 &#8211; O syngu\u00e9 sabour de uma mulher &#8211; Patr\u00edcia Badari.<br \/>\n208 &#8211; O n\u00e3o-binarismo de g\u00eanero \u00e9 subversivo? &#8211; Eduardo Vallejos.<br \/>\n214 &#8211; A subvers\u00e3o da feminiza\u00e7\u00e3o do gozo &#8211; encontrar-se com Outra leitura e satisfa\u00e7\u00e3o &#8211; Eduardo Benedicto.<\/p>\n<p><strong>DO UM AO N\u00d3S<\/strong><\/p>\n<p>220 &#8211; A subvers\u00e3o do UM &#8211; Bernardino Horne.<br \/>\n224 &#8211; Breve coment\u00e1rio sobre o tema das Jornadas (Fora de S\u00e9rie): Subvers\u00f5es &#8211; Eliane Costa Dias.<br \/>\n230 &#8211; Breves Notas Inspiradas na subvers\u00e3o &#8211; C\u00e1ssia Guardado.<br \/>\n237 &#8211; A subvers\u00e3o dos n\u00f3s &#8211; Mariana Galletti Ferretti.<\/p>\n<p><strong>SEGREGA\u00c7\u00c3O, SUBVERS\u00d5ES, SUBLIMA\u00c7\u00d5ES<\/strong><\/p>\n<p>243 &#8211; Literatura, pol\u00edtica e subvers\u00e3o &#8211; a obra de Lima Barreto &#8211; Ricardo Souza de Carvalho.<br \/>\n276 &#8211; A Subvers\u00e3o c\u00f4mica &#8211; Veridiana Marucio.<br \/>\n283 &#8211; Inven\u00e7\u00f5es &lt;&gt;Subvers\u00f5es &#8211; Eliana Machado Figueiredo.<br \/>\n293 &#8211; Lacan com Agamben: o inconsciente freudiano e o nosso, contempor\u00e2neos &#8211; Fabr\u00edcio Donizete da Costa.<br \/>\n299 &#8211; Arte, Pol\u00edtica e subvers\u00e3o &#8211; Rosana Paulino.<br \/>\n337 &#8211; Pol\u00edtica do sintoma e extravio do gozo &#8211; Miquel Bassols.<\/p>\n<p><strong>O ENSINO DOS AMEs<\/strong><\/p>\n<p>346 &#8211; Subvers\u00f5es e alinhamentos &#8211; Maria Cec\u00edlia Galletti Ferretti.<br \/>\n352 &#8211; A subvers\u00e3o da forma\u00e7\u00e3o do psicanalista &#8211; R\u00f4mulo Ferreira da Silva.<br \/>\n362 &#8211; O novo a.normal &#8211; Jorge Forbes.[\/vc_column_text][\/vc_column][\/vc_row]\n<\/section>","protected":false},"excerpt":{"rendered":"<p>[vc_row][vc_column][eikra-vc-text-title style=&#8221;style2&#8243; title=&#8221;Carta de S\u00e3o Paulo Impressa&#8221;] Ano 28 \u2013 n\u00ba1 \u2013 ABRIL 2021 [\/eikra-vc-text-title][vc_separator][\/vc_column][\/vc_row][vc_row][vc_column width=&#8221;1\/2&#8243;][vc_single_image image=&#8221;5801&#8243; img_size=&#8221;full&#8221; onclick=&#8221;custom_link&#8221; link=&#8221;http:\/\/ebp.org.br\/sp\/wp-content\/uploads\/2018\/04\/carta-16-no-1-2009.pdf&#8221;][\/vc_column][vc_column width=&#8221;1\/2&#8243;][vc_column_text]9 &#8211; EDITORIAL &#8211; Daniela de Camargo Barros Affonso. SUBVERS\u00d5ES, PROVOCA\u00c7\u00d5ES 13 &#8211; Apresenta\u00e7\u00e3o das Jornadas (Fora de S\u00e9rie) da EBP-SP &#8211; Subvers\u00f5es &#8211; Val\u00e9ria Ferranti. 17 &#8211; Lan\u00e7ar uma pergunta: sobre as rela\u00e7\u00f5es do&hellip;<\/p>\n","protected":false},"author":1,"featured_media":0,"parent":2743,"menu_order":0,"comment_status":"closed","ping_status":"closed","template":"","meta":{"footnotes":""},"class_list":["post-5588","page","type-page","status-publish","hentry","entry","no-media"],"aioseo_notices":[],"_links":{"self":[{"href":"https:\/\/ebp.org.br\/sp\/wp-json\/wp\/v2\/pages\/5588","targetHints":{"allow":["GET"]}}],"collection":[{"href":"https:\/\/ebp.org.br\/sp\/wp-json\/wp\/v2\/pages"}],"about":[{"href":"https:\/\/ebp.org.br\/sp\/wp-json\/wp\/v2\/types\/page"}],"author":[{"embeddable":true,"href":"https:\/\/ebp.org.br\/sp\/wp-json\/wp\/v2\/users\/1"}],"replies":[{"embeddable":true,"href":"https:\/\/ebp.org.br\/sp\/wp-json\/wp\/v2\/comments?post=5588"}],"version-history":[{"count":0,"href":"https:\/\/ebp.org.br\/sp\/wp-json\/wp\/v2\/pages\/5588\/revisions"}],"up":[{"embeddable":true,"href":"https:\/\/ebp.org.br\/sp\/wp-json\/wp\/v2\/pages\/2743"}],"wp:attachment":[{"href":"https:\/\/ebp.org.br\/sp\/wp-json\/wp\/v2\/media?parent=5588"}],"curies":[{"name":"wp","href":"https:\/\/api.w.org\/{rel}","templated":true}]}}