{"id":5587,"date":"2021-06-04T11:34:59","date_gmt":"2021-06-04T14:34:59","guid":{"rendered":"https:\/\/ebp.org.br\/sp\/?page_id=5587"},"modified":"2021-06-04T11:34:59","modified_gmt":"2021-06-04T14:34:59","slug":"carta-de-sao-paulo-ano-26-no1-2019","status":"publish","type":"page","link":"https:\/\/ebp.org.br\/sp\/biblioteca\/publicacoes\/carta-sp-impressa\/carta-de-sao-paulo-ano-26-no1-2019\/","title":{"rendered":"Carta de S\u00e3o Paulo Ano 26 \u2013 n\u00ba1 \u2013 2019"},"content":{"rendered":"<section class=\"wpb-content-wrapper\">[vc_row][vc_column][eikra-vc-text-title style=&#8221;style2&#8243; title=&#8221;Carta de S\u00e3o Paulo Impressa&#8221;]\n<h3><span style=\"color: #993300;\">Ano 26 \u2013 n\u00ba1 \u2013 2019<\/span><\/h3>\n[\/eikra-vc-text-title][vc_separator][\/vc_column][\/vc_row][vc_row][vc_column width=&#8221;1\/2&#8243;][vc_single_image image=&#8221;4534&#8243; img_size=&#8221;full&#8221; onclick=&#8221;custom_link&#8221; link=&#8221;http:\/\/ebp.org.br\/sp\/wp-content\/uploads\/2018\/04\/carta-16-no-1-2009.pdf&#8221;][\/vc_column][vc_column width=&#8221;1\/2&#8243;][vc_column_text]<strong>8 &#8211; EDITORIAL<\/strong> &#8211; Daniela de Camargo Barros Affonso.<\/p>\n<p><strong>AMOR E SEXO EM TEMPOS DE (DES)CONEX\u00d5ES<\/strong><\/p>\n<p>12 &#8211; Argumentos das VII Jornadas da EBP-SP Amor e Sexo em tempos de (des)conex\u00f5es &#8211; Veridiana Marucio.<br \/>\n17 &#8211; Apresenta\u00e7\u00e3o e Abertura das VII Jornadas &#8211; Carmen Silvia Cervelatti.<\/p>\n<p><strong>AMOR&lt;&gt;SEXO<\/strong><\/p>\n<p>26 &#8211; Usos e fun\u00e7\u00f5es dos casamentos contempor\u00e2neos &#8211; Cristiane Alberti.<br \/>\n37 &#8211; Mais al\u00e9m do amor &#8211; Christiane Alberti.<br \/>\n46 &#8211; Em ti mais que t\u00fa\u2026 Maria Cec\u00edlia Galletti Ferretti.<br \/>\n52 &#8211; Transfer\u00eancia sem Outro &#8211; Sandra Grostein.<br \/>\n60 &#8211; Que o real esteja ancorado! &#8211; Carmen S\u00edlvia Cervelatti.<br \/>\n67 &#8211; A \u201cvida amorosa\u201d e o caso do Homem dos Lobos &#8211; Andr\u00e9 Antunes da Costa.<br \/>\n73 &#8211; A pol\u00edtica do amor &#8211; Andressa Cont\u00f3 Luz.<\/p>\n<p><strong>(DES)CONEX\u00d5ES<\/strong><\/p>\n<p>80 &#8211; Tinder: primeiro a gente transa, depois a gente v\u00ea. O simb\u00f3lico mudou de ritmo &#8211; Christiane Alberti<br \/>\n86 &#8211; Match: o estatuto do sintoma nos sujeitos conectados &#8211; Niraldo de Oliveira Santos.<br \/>\n95 &#8211; Conex\u00e3o (a)ssexuada &#8211; Giovanna Quaglia.<br \/>\n100 &#8211; Falocentrismo e gozo autoer\u00f3tico &#8211; onde o la\u00e7o social? &#8211; Maria Bernadette Soares de Sant\u2019Ana Pitteri.<br \/>\n105 &#8211; A disjun\u00e7\u00e3o entre o sexo e o saber adolescente &#8211; Paola Salinas.<br \/>\n114 &#8211; Cl\u00ednica e desconex\u00e3o no autismo &#8211; Jo\u00e3o Paulo Desconci.<\/p>\n<p><strong>ENSINO DO PASSE<\/strong><\/p>\n<p>121 &#8211; A(MAR) Maria Josefina Sota Fuentes.<br \/>\n132 &#8211; Coment\u00e1rio do passe de Maria Josefina Sota Fuentes &#8211; Christiane Alberti.<br \/>\n137 &#8211; Caso S &#8211; Mem\u00f3rias Inventadas &#8211; Sandra Grostein.<br \/>\n148 &#8211; Coment\u00e1rio do passe de Sandra Grostein &#8211; Ram Avraham Mandil.<\/p>\n<p><strong>E DEPOIS DO PASSE<\/strong><\/p>\n<p>155 &#8211; Um horizonte para o ultrapasse &#8211; Angelina Harari.<br \/>\n166 &#8211; Desconex\u00e3o e reconex\u00e3o depois do passe &#8211; R\u00f4mulo Ferreira da Silva.<br \/>\n173 &#8211; &#8230;E depois do passe? &#8211; Luiz Fernando Carrijo da Cunha.<br \/>\n179 &#8211; Coment\u00e1rios &#8211; J\u00e9sus Santiago.<\/p>\n<p><strong>AMOR, N\u00c3O SEM \u00d3DIO<\/strong><\/p>\n<p>188 &#8211; Apresenta\u00e7\u00e3o &#8211; Perp\u00e9tua Medrado Gon\u00e7alves<br \/>\n190 &#8211; \u00d3dio, semblante e ser &#8211; Romildo do R\u00eago Barros.<\/p>\n<p><strong>HOMENAGEM A CARLOS AUGUSTO NIC\u00c9AS<\/strong><\/p>\n<p>207 &#8211; Apresenta\u00e7\u00e3o &#8211; R\u00f4mulo Ferreira da Silva.<br \/>\n210 &#8211; Semin\u00e1rio Inexistente sobre os Nomes-do-Pai &#8211; Carlos Augusto Nic\u00e9as.[\/vc_column_text][\/vc_column][\/vc_row]\n<\/section>","protected":false},"excerpt":{"rendered":"<p>[vc_row][vc_column][eikra-vc-text-title style=&#8221;style2&#8243; title=&#8221;Carta de S\u00e3o Paulo Impressa&#8221;] Ano 26 \u2013 n\u00ba1 \u2013 2019 [\/eikra-vc-text-title][vc_separator][\/vc_column][\/vc_row][vc_row][vc_column width=&#8221;1\/2&#8243;][vc_single_image image=&#8221;4534&#8243; img_size=&#8221;full&#8221; onclick=&#8221;custom_link&#8221; link=&#8221;http:\/\/ebp.org.br\/sp\/wp-content\/uploads\/2018\/04\/carta-16-no-1-2009.pdf&#8221;][\/vc_column][vc_column width=&#8221;1\/2&#8243;][vc_column_text]8 &#8211; EDITORIAL &#8211; Daniela de Camargo Barros Affonso. AMOR E SEXO EM TEMPOS DE (DES)CONEX\u00d5ES 12 &#8211; Argumentos das VII Jornadas da EBP-SP Amor e Sexo em tempos de (des)conex\u00f5es &#8211; Veridiana Marucio. 17 &#8211;&hellip;<\/p>\n","protected":false},"author":1,"featured_media":0,"parent":2743,"menu_order":0,"comment_status":"closed","ping_status":"closed","template":"","meta":{"footnotes":""},"class_list":["post-5587","page","type-page","status-publish","hentry","entry","no-media"],"aioseo_notices":[],"_links":{"self":[{"href":"https:\/\/ebp.org.br\/sp\/wp-json\/wp\/v2\/pages\/5587","targetHints":{"allow":["GET"]}}],"collection":[{"href":"https:\/\/ebp.org.br\/sp\/wp-json\/wp\/v2\/pages"}],"about":[{"href":"https:\/\/ebp.org.br\/sp\/wp-json\/wp\/v2\/types\/page"}],"author":[{"embeddable":true,"href":"https:\/\/ebp.org.br\/sp\/wp-json\/wp\/v2\/users\/1"}],"replies":[{"embeddable":true,"href":"https:\/\/ebp.org.br\/sp\/wp-json\/wp\/v2\/comments?post=5587"}],"version-history":[{"count":0,"href":"https:\/\/ebp.org.br\/sp\/wp-json\/wp\/v2\/pages\/5587\/revisions"}],"up":[{"embeddable":true,"href":"https:\/\/ebp.org.br\/sp\/wp-json\/wp\/v2\/pages\/2743"}],"wp:attachment":[{"href":"https:\/\/ebp.org.br\/sp\/wp-json\/wp\/v2\/media?parent=5587"}],"curies":[{"name":"wp","href":"https:\/\/api.w.org\/{rel}","templated":true}]}}