{"id":5586,"date":"2021-06-04T11:33:22","date_gmt":"2021-06-04T14:33:22","guid":{"rendered":"https:\/\/ebp.org.br\/sp\/?page_id=5586"},"modified":"2021-06-04T11:33:22","modified_gmt":"2021-06-04T14:33:22","slug":"carta-de-sao-paulo-ano-25-no2-2020","status":"publish","type":"page","link":"https:\/\/ebp.org.br\/sp\/biblioteca\/publicacoes\/carta-sp-impressa\/carta-de-sao-paulo-ano-25-no2-2020\/","title":{"rendered":"Carta de S\u00e3o Paulo Ano 25 \u2013 n\u00ba2 \u2013 2020"},"content":{"rendered":"<section class=\"wpb-content-wrapper\">[vc_row][vc_column][eikra-vc-text-title style=&#8221;style2&#8243; title=&#8221;Carta de S\u00e3o Paulo Impressa&#8221;]\n<h3><span style=\"color: #993300;\">Ano 25 \u2013 n\u00ba2 \u2013 2020<\/span><\/h3>\n[\/eikra-vc-text-title][vc_separator][\/vc_column][\/vc_row][vc_row][vc_column width=&#8221;1\/2&#8243;][vc_single_image image=&#8221;4533&#8243; img_size=&#8221;full&#8221; onclick=&#8221;custom_link&#8221; link=&#8221;http:\/\/ebp.org.br\/sp\/wp-content\/uploads\/2018\/04\/carta-16-no-1-2009.pdf&#8221;][\/vc_column][vc_column width=&#8221;1\/2&#8243;][vc_column_text]<strong>8 EDITORIAL<\/strong> &#8211; Daniela de Camargo Barros Affonso<\/p>\n<p><strong>LA\u00c7O SOCIAL E SEGREGA\u00c7\u00c3O<\/strong><br \/>\n11 &#8211; Estamos isolados, juntos &#8211; Christiane Alberti.<\/p>\n<p><strong>A ESCOLA-SUJEITO<\/strong><br \/>\n28 &#8211; Apresenta\u00e7\u00e3o &#8211; ref\u00fagio contra o mal estar na civiliza\u00e7\u00e3o &#8211; Cynthia Nunes de Freitas Farias e Luc\u00edlia Maiorino Darrigo.<br \/>\n<u><\/u><\/p>\n<p><u>A Escola-sujeito como efeito da experi\u00eancia anal\u00edtica<br \/>\n<\/u>31 &#8211; A Escola-sujeito: permanente ou contingente? &#8211; Maria do Carmo Dias Batista.<br \/>\n35 &#8211; Quest\u00f5es sobre o sujeito &#8211; Paola Salinas.<br \/>\n42 Interpretar a Escola &#8211; Lucila Maiorino Darrigo.<br \/>\n<u><\/u><\/p>\n<p><u>O La\u00e7o social na Escola: desejo do analista e transfer\u00eancia de trabalho<br \/>\n<\/u>48 &#8211; A pol\u00edtica e a escola-sujeito &#8211; Carmen Silvia Cervelatti<br \/>\n54 &#8211; Qual coletivo para a Escola? &#8211;\u00a0 Cynthia Nunes de Freitas Farias.<br \/>\n61 &#8211; O desafio de sustentar a causa anal\u00edtica como ideal &#8211; Teresinha N.Meirelles do Prado.<br \/>\n70 &#8211; Conversa\u00e7\u00e3o sobre a \u201cTeoria de Turim\u201d em debate &#8211; Luc\u00edola Freitas de Mac\u00eado.<\/p>\n<p><strong>O BANQUETE DOS ANALISTAS<\/strong><br \/>\n80 -Apresenta\u00e7\u00e3o &#8211; Na escola cada um come Lacan &#8211; Carmen Silvia Cervelatti.<br \/>\n<u><\/u><\/p>\n<p><u>Cl\u00ednica e pol\u00edtica e o desejo do analista<\/u><br \/>\n84 &#8211; Cl\u00ednica e pol\u00edtica &#8211; C\u00e1ssia M.R Guardado.<br \/>\n88 &#8211; O significante \u201cbanquete\u201d e a forma\u00e7\u00e3o do analista &#8211; Cl\u00e1udia Regina Reis.<br \/>\n91 &#8211; Pol\u00edtica e desejo do analista &#8211; Sandra Grostein.<br \/>\n<u><\/u><\/p>\n<p><u>O ensino da psican\u00e1lise e a transfer\u00eancia de trabalho<\/u><br \/>\n96 &#8211; Transfer\u00eancia de Trabalho &#8211; Heloisa Prado Rodrigues da Silva Telles.<br \/>\n102 &#8211; O ensino da psican\u00e1lise &#8211; Maria Cec\u00edlia Galletti Ferretti.<br \/>\n105 &#8211; O que sustenta a transfer\u00eancia de trabalho em uma Escola? &#8211; Paola Salinas.<br \/>\nDo Ato \u00e0 Proposi\u00e7\u00e3o, a Escola de Lacan e o paradoxo da garantia<br \/>\n110 &#8211; Coment\u00e1rio sobre o Cartel &#8211; Ariel Bogochovol.<br \/>\n117 &#8211; A Escola e suas garantias -R\u00f4mulo Ferreira da Silva.<br \/>\n125 &#8211; O paradoxo da garantia &#8211; Veridiana Mauricio.<br \/>\n<u><\/u><\/p>\n<p><u>O saber e a verdade<\/u><br \/>\n131 &#8211; Psican\u00e1lise e ci\u00eancia hoje &#8211; Daniela de Camargo Barros Affonso.<br \/>\n136 &#8211; Saber e verdade no final da an\u00e1lise &#8211; Teresinha N. Meirelles do Prado.<br \/>\n142 &#8211; O saber e a verdade &#8211; Milena Vicari Crastelo.<br \/>\n<u><\/u><\/p>\n<p><u>O passe e o fim da an\u00e1lise<\/u><br \/>\n147 &#8211; N\u00famero transfinito e final de an\u00e1lise &#8211; Cynthia Nunes de Freitas Farias.<br \/>\n151 &#8211; O banquete dos analistas e o mundo psicanal\u00edtico &#8211; Maria Bernadette Soares de SantAna Pitteri.<br \/>\n158 &#8211; A supervis\u00e3o e o passe descontextualizados da experi\u00eancia anal\u00edtica &#8211; Maria do Carmo Dias Batista.<br \/>\n<u><\/u><\/p>\n<p><u>O banquete dos analistas na Se\u00e7\u00e3o Rio<\/u><br \/>\n166 &#8211; O grupo anal\u00edtico e a Escola de Lacan &#8211; Ondina Machado.[\/vc_column_text][\/vc_column][\/vc_row]\n<\/section>","protected":false},"excerpt":{"rendered":"<p>[vc_row][vc_column][eikra-vc-text-title style=&#8221;style2&#8243; title=&#8221;Carta de S\u00e3o Paulo Impressa&#8221;] Ano 25 \u2013 n\u00ba2 \u2013 2020 [\/eikra-vc-text-title][vc_separator][\/vc_column][\/vc_row][vc_row][vc_column width=&#8221;1\/2&#8243;][vc_single_image image=&#8221;4533&#8243; img_size=&#8221;full&#8221; onclick=&#8221;custom_link&#8221; link=&#8221;http:\/\/ebp.org.br\/sp\/wp-content\/uploads\/2018\/04\/carta-16-no-1-2009.pdf&#8221;][\/vc_column][vc_column width=&#8221;1\/2&#8243;][vc_column_text]8 EDITORIAL &#8211; Daniela de Camargo Barros Affonso LA\u00c7O SOCIAL E SEGREGA\u00c7\u00c3O 11 &#8211; Estamos isolados, juntos &#8211; Christiane Alberti. A ESCOLA-SUJEITO 28 &#8211; Apresenta\u00e7\u00e3o &#8211; ref\u00fagio contra o mal estar na civiliza\u00e7\u00e3o &#8211; Cynthia Nunes&hellip;<\/p>\n","protected":false},"author":1,"featured_media":0,"parent":2743,"menu_order":0,"comment_status":"closed","ping_status":"closed","template":"","meta":{"footnotes":""},"class_list":["post-5586","page","type-page","status-publish","hentry","entry","no-media"],"aioseo_notices":[],"_links":{"self":[{"href":"https:\/\/ebp.org.br\/sp\/wp-json\/wp\/v2\/pages\/5586","targetHints":{"allow":["GET"]}}],"collection":[{"href":"https:\/\/ebp.org.br\/sp\/wp-json\/wp\/v2\/pages"}],"about":[{"href":"https:\/\/ebp.org.br\/sp\/wp-json\/wp\/v2\/types\/page"}],"author":[{"embeddable":true,"href":"https:\/\/ebp.org.br\/sp\/wp-json\/wp\/v2\/users\/1"}],"replies":[{"embeddable":true,"href":"https:\/\/ebp.org.br\/sp\/wp-json\/wp\/v2\/comments?post=5586"}],"version-history":[{"count":0,"href":"https:\/\/ebp.org.br\/sp\/wp-json\/wp\/v2\/pages\/5586\/revisions"}],"up":[{"embeddable":true,"href":"https:\/\/ebp.org.br\/sp\/wp-json\/wp\/v2\/pages\/2743"}],"wp:attachment":[{"href":"https:\/\/ebp.org.br\/sp\/wp-json\/wp\/v2\/media?parent=5586"}],"curies":[{"name":"wp","href":"https:\/\/api.w.org\/{rel}","templated":true}]}}