{"id":5584,"date":"2021-06-04T11:28:53","date_gmt":"2021-06-04T14:28:53","guid":{"rendered":"https:\/\/ebp.org.br\/sp\/?page_id=5584"},"modified":"2021-06-04T11:28:53","modified_gmt":"2021-06-04T14:28:53","slug":"carta-de-sao-paulo-ano-24-no1-2017","status":"publish","type":"page","link":"https:\/\/ebp.org.br\/sp\/biblioteca\/publicacoes\/carta-sp-impressa\/carta-de-sao-paulo-ano-24-no1-2017\/","title":{"rendered":"Carta de S\u00e3o Paulo Ano 24 \u2013 n\u00ba1 \u2013 2017"},"content":{"rendered":"<section class=\"wpb-content-wrapper\">[vc_row][vc_column][eikra-vc-text-title style=&#8221;style2&#8243; title=&#8221;Carta de S\u00e3o Paulo Impressa&#8221;]\n<h3><span style=\"color: #993300;\">Ano 24 \u2013 n\u00ba1 \u2013 2017<\/span><\/h3>\n[\/eikra-vc-text-title][vc_separator][\/vc_column][\/vc_row][vc_row][vc_column width=&#8221;1\/2&#8243;][vc_single_image image=&#8221;2758&#8243; img_size=&#8221;full&#8221; onclick=&#8221;custom_link&#8221; link=&#8221;http:\/\/ebp.org.br\/sp\/wp-content\/uploads\/2018\/04\/carta-16-no-1-2009.pdf&#8221;][\/vc_column][vc_column width=&#8221;1\/2&#8243;][vc_column_text]<strong>5 &#8211; Editorial<\/strong> &#8211; Teresinha N.M. Prado.<\/p>\n<p><strong>P(AT)ER-VERS\u00c3O<\/strong><br \/>\n9 &#8211; A com\u00e9dia do falo &#8211; Pierre Naveau.<br \/>\n23 &#8211; Os nomes do Pai: a li\u00e7\u00e3o \u00fanica &#8211; Carlos Augusto Nic\u00e9as.<\/p>\n<p><strong>ENSINO DE PASSE<\/strong><br \/>\n35 &#8211; O que resta da transfer\u00eancia no final da an\u00e1lise: coment\u00e1rios &#8211; Maria do Carmo Dias Batista.<br \/>\n45 &#8211; O que resta da transfer\u00eancia ao final da an\u00e1lise &#8211; Luiz Fernando Carrijo da Cunha.<br \/>\n55 &#8211; Roncadera &#8211; Angelica Marchesini.<br \/>\n69 &#8211; Coment\u00e1rios ao testemunho de Ang\u00e9lica Marchesini &#8211; Luiz Fernando Carrijo da Cunha.<\/p>\n<p><strong>CONTAGEM REGRESSIVA PARA O VIII ENAPOL<\/strong><br \/>\n75 &#8211; Assuntos de fam\u00edlia: do Outro ao Um\u2026 e de volta ao outro &#8211; Ernesto Sinatra.<br \/>\n87 &#8211; P\u00e8re-vers\u00f5es familiares &#8211; Ernesto Sinatra.<\/p>\n<p><strong>PSICOSE NA ADOLESC\u00caNCIA<\/strong><br \/>\n109 &#8211; Corpo, psicose e adolesc\u00eancia &#8211; F\u00e1bio Paes Barreto.<br \/>\n123 &#8211; Esfor\u00e7o de nomea\u00e7\u00e3o: Pontua\u00e7\u00f5es sobre a psicose na adolesc\u00eancia &#8211; M\u00f4nica Bueno de Camargo.<\/p>\n<p><strong>A IDADE DO DESEJO<\/strong><br \/>\n133 &#8211; Identidade e Gozo, quest\u00f5es trans &#8211; Paola Salinas.<br \/>\n139 &#8211; O Cutting nos jovens na modernidade: uma forma de falar com o corpo? &#8211; Leny Magalh\u00e3es Mrech.<br \/>\n145 &#8211; Pagar pela pequena diferen\u00e7a &#8211; Blanca Musachi.<br \/>\n149 &#8211; O \u201cDespertar da Primavera\u201d: uma pontua\u00e7\u00e3o \u00e0 f\u00f3rmula da sexua\u00e7\u00e3o masculina? &#8211; Durval Mazzei.<br \/>\n153 &#8211; O Ensino na Escola e no Instituto &#8211; Maria Helena Barbosa.[\/vc_column_text][\/vc_column][\/vc_row]\n<\/section>","protected":false},"excerpt":{"rendered":"<p>[vc_row][vc_column][eikra-vc-text-title style=&#8221;style2&#8243; title=&#8221;Carta de S\u00e3o Paulo Impressa&#8221;] Ano 24 \u2013 n\u00ba1 \u2013 2017 [\/eikra-vc-text-title][vc_separator][\/vc_column][\/vc_row][vc_row][vc_column width=&#8221;1\/2&#8243;][vc_single_image image=&#8221;2758&#8243; img_size=&#8221;full&#8221; onclick=&#8221;custom_link&#8221; link=&#8221;http:\/\/ebp.org.br\/sp\/wp-content\/uploads\/2018\/04\/carta-16-no-1-2009.pdf&#8221;][\/vc_column][vc_column width=&#8221;1\/2&#8243;][vc_column_text]5 &#8211; Editorial &#8211; Teresinha N.M. Prado. P(AT)ER-VERS\u00c3O 9 &#8211; A com\u00e9dia do falo &#8211; Pierre Naveau. 23 &#8211; Os nomes do Pai: a li\u00e7\u00e3o \u00fanica &#8211; Carlos Augusto Nic\u00e9as. ENSINO DE PASSE 35 &#8211; O&hellip;<\/p>\n","protected":false},"author":1,"featured_media":0,"parent":2743,"menu_order":0,"comment_status":"closed","ping_status":"closed","template":"","meta":{"footnotes":""},"class_list":["post-5584","page","type-page","status-publish","hentry","entry","no-media"],"aioseo_notices":[],"_links":{"self":[{"href":"https:\/\/ebp.org.br\/sp\/wp-json\/wp\/v2\/pages\/5584","targetHints":{"allow":["GET"]}}],"collection":[{"href":"https:\/\/ebp.org.br\/sp\/wp-json\/wp\/v2\/pages"}],"about":[{"href":"https:\/\/ebp.org.br\/sp\/wp-json\/wp\/v2\/types\/page"}],"author":[{"embeddable":true,"href":"https:\/\/ebp.org.br\/sp\/wp-json\/wp\/v2\/users\/1"}],"replies":[{"embeddable":true,"href":"https:\/\/ebp.org.br\/sp\/wp-json\/wp\/v2\/comments?post=5584"}],"version-history":[{"count":0,"href":"https:\/\/ebp.org.br\/sp\/wp-json\/wp\/v2\/pages\/5584\/revisions"}],"up":[{"embeddable":true,"href":"https:\/\/ebp.org.br\/sp\/wp-json\/wp\/v2\/pages\/2743"}],"wp:attachment":[{"href":"https:\/\/ebp.org.br\/sp\/wp-json\/wp\/v2\/media?parent=5584"}],"curies":[{"name":"wp","href":"https:\/\/api.w.org\/{rel}","templated":true}]}}