{"id":5583,"date":"2021-06-04T11:26:37","date_gmt":"2021-06-04T14:26:37","guid":{"rendered":"https:\/\/ebp.org.br\/sp\/?page_id=5583"},"modified":"2021-06-04T11:26:37","modified_gmt":"2021-06-04T14:26:37","slug":"carta-de-sao-paulo-ano-23-no2-2016","status":"publish","type":"page","link":"https:\/\/ebp.org.br\/sp\/biblioteca\/publicacoes\/carta-sp-impressa\/carta-de-sao-paulo-ano-23-no2-2016\/","title":{"rendered":"Carta de S\u00e3o Paulo Ano 23 \u2013 n\u00ba2 \u2013 2016"},"content":{"rendered":"<section class=\"wpb-content-wrapper\">[vc_row][vc_column][eikra-vc-text-title style=&#8221;style2&#8243; title=&#8221;Carta de S\u00e3o Paulo Impressa&#8221;]\n<h3><span style=\"color: #993300;\">Ano 23 \u2013 n\u00ba2 \u2013 2016<\/span><\/h3>\n[\/eikra-vc-text-title][vc_separator][\/vc_column][\/vc_row][vc_row][vc_column width=&#8221;1\/2&#8243;][vc_single_image image=&#8221;2757&#8243; img_size=&#8221;full&#8221; onclick=&#8221;custom_link&#8221; link=&#8221;http:\/\/ebp.org.br\/sp\/wp-content\/uploads\/2018\/04\/carta-16-no-1-2009.pdf&#8221;][\/vc_column][vc_column width=&#8221;1\/2&#8243;][vc_column_text]<strong>5 &#8211; Editorial.<\/strong><\/p>\n<p><strong>INF\u00c2NCIA E ADOLESC\u00caNCIA .<\/strong><br \/>\n9 &#8211; Nossas constru\u00e7\u00f5es &#8211; Daniel Roy.<br \/>\n23 &#8211; Sexo e g\u00eanero no tempo da inf\u00e2ncia e da adolescencia<em>ou <\/em>As (des)aventuras do falo &#8211; Daniel Roy.<\/p>\n<p><strong>TESTEMUNHOS DOS ANALISTAS DA ESCOLA .<\/strong><br \/>\n39 &#8211; Simplesmente Jovem &#8211; D\u00e9bora Rabinovich.<br \/>\n49 &#8211; O ex\u00edlio no sinthoma; a solid\u00e3o como parceira -Luiz Fernando Carrijo da Cunha.<\/p>\n<p><strong>IRRUP\u00c7\u00d5ES E INVEN\u00c7\u00d5ES DA ADOLESC\u00caNCIA<\/strong><br \/>\n57 &#8211; Habitar a Solid\u00e3o &#8211; Silvia Roxana Jacobo.<br \/>\n65 &#8211; Pornografia: a fantasia na prateleira &#8211; Niraldo de Oliveira Santos<br \/>\n73 &#8211; \u201cO insuport\u00e1vel do desejo do Outro para al\u00e9m de mim\u201d &#8211; Maria C\u00e9lia Reinaldo Kato.<\/p>\n<p><strong>A CRIAN\u00c7A E OS DISCURSOS<\/strong><br \/>\n83 &#8211; A crian\u00e7a, o saber, as institui\u00e7\u00f5es &#8211; Heloisa Prado Rodrigues da Silva Telles<br \/>\n91 &#8211; A Pr\u00e1tica do CIEN: uma resposta da psican\u00e1lise &#8211; Siglia Cruz de S\u00e1 Le\u00e3o<br \/>\n101 &#8211; O analista na cidade e a crian\u00e7a objeto &#8211; Raquel Diaz Degenszajn<br \/>\n113 &#8211; \u201cPoros Respiradouros\u201d &#8211; Luc\u00edola Freitas de Mac\u00eado<\/p>\n<p><strong>BRICOLAGENS E ANCORAGENS<\/strong><br \/>\n119 &#8211; O tratamento psicanal\u00edtico como suporte \u00e0 travessia da adolesc\u00eancia &#8211; Gabriel Bartolomeu.<br \/>\n127 &#8211; Urg\u00eancia de Letra &#8211; Maria Noemi de Araujo.<br \/>\n133 &#8211; An\u00e1lise da uma psicose afetiva: um saber-fazer no plano da demanda\u201d &#8211; Cesar Skaf.<br \/>\n139 &#8211; O Risco do Encontro &#8211; Ana Maria de Almeida Guerra.<br \/>\n145 &#8211; O ponto de ancoragem na mais delicada das transi\u00e7\u00f5es &#8211; Ana Martha Wilson Maia.<br \/>\n153 &#8211; Jovens n\u00e3o bin\u00e1rios num mundo bin\u00e1rio: a diferen\u00e7a sexual questionada &#8211; Blanca Musachi.[\/vc_column_text][\/vc_column][\/vc_row]\n<\/section>","protected":false},"excerpt":{"rendered":"<p>[vc_row][vc_column][eikra-vc-text-title style=&#8221;style2&#8243; title=&#8221;Carta de S\u00e3o Paulo Impressa&#8221;] Ano 23 \u2013 n\u00ba2 \u2013 2016 [\/eikra-vc-text-title][vc_separator][\/vc_column][\/vc_row][vc_row][vc_column width=&#8221;1\/2&#8243;][vc_single_image image=&#8221;2757&#8243; img_size=&#8221;full&#8221; onclick=&#8221;custom_link&#8221; link=&#8221;http:\/\/ebp.org.br\/sp\/wp-content\/uploads\/2018\/04\/carta-16-no-1-2009.pdf&#8221;][\/vc_column][vc_column width=&#8221;1\/2&#8243;][vc_column_text]5 &#8211; Editorial. INF\u00c2NCIA E ADOLESC\u00caNCIA . 9 &#8211; Nossas constru\u00e7\u00f5es &#8211; Daniel Roy. 23 &#8211; Sexo e g\u00eanero no tempo da inf\u00e2ncia e da adolescenciaou As (des)aventuras do falo &#8211; Daniel Roy. TESTEMUNHOS DOS ANALISTAS&hellip;<\/p>\n","protected":false},"author":1,"featured_media":0,"parent":2743,"menu_order":0,"comment_status":"closed","ping_status":"closed","template":"","meta":{"footnotes":""},"class_list":["post-5583","page","type-page","status-publish","hentry","entry","no-media"],"aioseo_notices":[],"_links":{"self":[{"href":"https:\/\/ebp.org.br\/sp\/wp-json\/wp\/v2\/pages\/5583","targetHints":{"allow":["GET"]}}],"collection":[{"href":"https:\/\/ebp.org.br\/sp\/wp-json\/wp\/v2\/pages"}],"about":[{"href":"https:\/\/ebp.org.br\/sp\/wp-json\/wp\/v2\/types\/page"}],"author":[{"embeddable":true,"href":"https:\/\/ebp.org.br\/sp\/wp-json\/wp\/v2\/users\/1"}],"replies":[{"embeddable":true,"href":"https:\/\/ebp.org.br\/sp\/wp-json\/wp\/v2\/comments?post=5583"}],"version-history":[{"count":0,"href":"https:\/\/ebp.org.br\/sp\/wp-json\/wp\/v2\/pages\/5583\/revisions"}],"up":[{"embeddable":true,"href":"https:\/\/ebp.org.br\/sp\/wp-json\/wp\/v2\/pages\/2743"}],"wp:attachment":[{"href":"https:\/\/ebp.org.br\/sp\/wp-json\/wp\/v2\/media?parent=5583"}],"curies":[{"name":"wp","href":"https:\/\/api.w.org\/{rel}","templated":true}]}}