{"id":5582,"date":"2021-06-04T11:24:39","date_gmt":"2021-06-04T14:24:39","guid":{"rendered":"https:\/\/ebp.org.br\/sp\/?page_id=5582"},"modified":"2021-06-04T11:24:39","modified_gmt":"2021-06-04T14:24:39","slug":"carta-de-sao-paulo-ano-23-no1-2016","status":"publish","type":"page","link":"https:\/\/ebp.org.br\/sp\/biblioteca\/publicacoes\/carta-sp-impressa\/carta-de-sao-paulo-ano-23-no1-2016\/","title":{"rendered":"Carta de S\u00e3o Paulo Ano 23 \u2013 n\u00ba1 \u2013 2016"},"content":{"rendered":"<section class=\"wpb-content-wrapper\">[vc_row][vc_column][eikra-vc-text-title style=&#8221;style2&#8243; title=&#8221;Carta de S\u00e3o Paulo Impressa&#8221;]\n<h3><span style=\"color: #993300;\">Ano 23 \u2013 n\u00ba1 \u2013 2016<\/span><\/h3>\n[\/eikra-vc-text-title][vc_separator][\/vc_column][\/vc_row][vc_row][vc_column width=&#8221;1\/2&#8243;][vc_single_image image=&#8221;2756&#8243; img_size=&#8221;full&#8221; onclick=&#8221;custom_link&#8221; link=&#8221;http:\/\/ebp.org.br\/sp\/wp-content\/uploads\/2018\/04\/carta-16-no-1-2009.pdf&#8221;][\/vc_column][vc_column width=&#8221;1\/2&#8243;][vc_column_text]<strong>5 &#8211; Editorial<\/strong><\/p>\n<p><strong>CRIAN\u00c7A E ADOLESCENTE NA CONTEMPORANEIDADE<\/strong><\/p>\n<p>9 &#8211; Fic\u00e7\u00f5es da inf\u00e2ncia &#8211; Daniel Roy.<br \/>\n25 &#8211; A Adolesc\u00eancia no s\u00e9culo do objeto &#8211; Bernard Seynhaeve.<br \/>\n53 &#8211; O\u00a0 que h\u00e1 de real na adolesc\u00eancia? a anor\u00e9xica no imp\u00e9rio das imagens &#8211; Luiz Fernando Carrijo da Cunha.<\/p>\n<p><strong>\u201c(IN)CONSIST\u00caNCIAS DO CORPO DE MULHER\u201d<\/strong><\/p>\n<p>57 &#8211; O corpo entre a voz e a escuta: uma leitura do causo Maria Mutema &#8211; Roberto Zular.<br \/>\n63 &#8211; Frida Kahlo e as mulheres surrealistas no M\u00e9xico &#8211; Maria do Carmo Dias Batista.<\/p>\n<p><strong>A PARTI\u00c7\u00c3O SEXUAL E O CORPO FALANTE NA EXPERI\u00caNCIA ANAL\u00cdTICA<\/strong><\/p>\n<p>87 &#8211; Fazer-se um corpo &#8211; Val\u00e9ria Ferranti<br \/>\n93 &#8211; Ser Sintoma de Outro Corpo &#8211; Angelina Harari.[\/vc_column_text][\/vc_column][\/vc_row]\n<\/section>","protected":false},"excerpt":{"rendered":"<p>[vc_row][vc_column][eikra-vc-text-title style=&#8221;style2&#8243; title=&#8221;Carta de S\u00e3o Paulo Impressa&#8221;] Ano 23 \u2013 n\u00ba1 \u2013 2016 [\/eikra-vc-text-title][vc_separator][\/vc_column][\/vc_row][vc_row][vc_column width=&#8221;1\/2&#8243;][vc_single_image image=&#8221;2756&#8243; img_size=&#8221;full&#8221; onclick=&#8221;custom_link&#8221; link=&#8221;http:\/\/ebp.org.br\/sp\/wp-content\/uploads\/2018\/04\/carta-16-no-1-2009.pdf&#8221;][\/vc_column][vc_column width=&#8221;1\/2&#8243;][vc_column_text]5 &#8211; Editorial CRIAN\u00c7A E ADOLESCENTE NA CONTEMPORANEIDADE 9 &#8211; Fic\u00e7\u00f5es da inf\u00e2ncia &#8211; Daniel Roy. 25 &#8211; A Adolesc\u00eancia no s\u00e9culo do objeto &#8211; Bernard Seynhaeve. 53 &#8211; O\u00a0 que h\u00e1 de real na adolesc\u00eancia?&hellip;<\/p>\n","protected":false},"author":1,"featured_media":0,"parent":2743,"menu_order":0,"comment_status":"closed","ping_status":"closed","template":"","meta":{"footnotes":""},"class_list":["post-5582","page","type-page","status-publish","hentry","entry","no-media"],"aioseo_notices":[],"_links":{"self":[{"href":"https:\/\/ebp.org.br\/sp\/wp-json\/wp\/v2\/pages\/5582","targetHints":{"allow":["GET"]}}],"collection":[{"href":"https:\/\/ebp.org.br\/sp\/wp-json\/wp\/v2\/pages"}],"about":[{"href":"https:\/\/ebp.org.br\/sp\/wp-json\/wp\/v2\/types\/page"}],"author":[{"embeddable":true,"href":"https:\/\/ebp.org.br\/sp\/wp-json\/wp\/v2\/users\/1"}],"replies":[{"embeddable":true,"href":"https:\/\/ebp.org.br\/sp\/wp-json\/wp\/v2\/comments?post=5582"}],"version-history":[{"count":0,"href":"https:\/\/ebp.org.br\/sp\/wp-json\/wp\/v2\/pages\/5582\/revisions"}],"up":[{"embeddable":true,"href":"https:\/\/ebp.org.br\/sp\/wp-json\/wp\/v2\/pages\/2743"}],"wp:attachment":[{"href":"https:\/\/ebp.org.br\/sp\/wp-json\/wp\/v2\/media?parent=5582"}],"curies":[{"name":"wp","href":"https:\/\/api.w.org\/{rel}","templated":true}]}}