{"id":5581,"date":"2021-06-04T11:19:38","date_gmt":"2021-06-04T14:19:38","guid":{"rendered":"https:\/\/ebp.org.br\/sp\/?page_id=5581"},"modified":"2021-06-04T11:19:38","modified_gmt":"2021-06-04T14:19:38","slug":"carta-de-sao-paulo-ano-22-no1-2015","status":"publish","type":"page","link":"https:\/\/ebp.org.br\/sp\/biblioteca\/publicacoes\/carta-sp-impressa\/carta-de-sao-paulo-ano-22-no1-2015\/","title":{"rendered":"Carta de S\u00e3o Paulo Ano 22 \u2013 n\u00ba1 \u2013 2015"},"content":{"rendered":"<section class=\"wpb-content-wrapper\">[vc_row][vc_column][eikra-vc-text-title style=&#8221;style2&#8243; title=&#8221;Carta de S\u00e3o Paulo Impressa&#8221;]\n<h3><span style=\"color: #993300;\">Ano 22 \u2013 n\u00ba1 \u2013 2015<\/span><\/h3>\n[\/eikra-vc-text-title][vc_separator][\/vc_column][\/vc_row][vc_row][vc_column width=&#8221;1\/2&#8243;][vc_single_image image=&#8221;2755&#8243; img_size=&#8221;full&#8221; onclick=&#8221;custom_link&#8221; link=&#8221;http:\/\/ebp.org.br\/sp\/wp-content\/uploads\/2018\/04\/carta-16-no-1-2009.pdf&#8221;][\/vc_column][vc_column width=&#8221;1\/2&#8243;][vc_column_text]<strong>5 &#8211; Editorial<\/strong><\/p>\n<p><strong>9 &#8211; A L\u00f3gica de um Fluido<\/strong> &#8211; Marie H\u00e9l\u00e8ne-Brousse<\/p>\n<p><strong>19 &#8211; A F\u00e1brica do corpo feminino, de Lacan a Catherine Millet<\/strong> &#8211; Clotilde Leguil.<\/p>\n<p><strong>29 &#8211; A anor\u00e9xica no Imp\u00e9rio das Imagens<\/strong> &#8211; Domenico Cosenza<\/p>\n<p><strong>47 &#8211; Um corpo de Mulher: da imagem ao gozo<\/strong> &#8211; Heloisa Caldas<\/p>\n<p><strong>63 &#8211; A virilidade norme-mal\u00ea na mulher<\/strong> &#8211; Maria Josefina S. Fuentes<\/p>\n<p><strong>77 &#8211;\u00a0 Inven\u00e7\u00e3o de uma Mulher<\/strong> &#8211; Silvia Salman<\/p>\n<p><strong>85 &#8211; A fantasia da Maternidade em um caso de homossexualidade feminina<\/strong> &#8211; C\u00e9sar Skaf.[\/vc_column_text][\/vc_column][\/vc_row]\n<\/section>","protected":false},"excerpt":{"rendered":"<p>[vc_row][vc_column][eikra-vc-text-title style=&#8221;style2&#8243; title=&#8221;Carta de S\u00e3o Paulo Impressa&#8221;] Ano 22 \u2013 n\u00ba1 \u2013 2015 [\/eikra-vc-text-title][vc_separator][\/vc_column][\/vc_row][vc_row][vc_column width=&#8221;1\/2&#8243;][vc_single_image image=&#8221;2755&#8243; img_size=&#8221;full&#8221; onclick=&#8221;custom_link&#8221; link=&#8221;http:\/\/ebp.org.br\/sp\/wp-content\/uploads\/2018\/04\/carta-16-no-1-2009.pdf&#8221;][\/vc_column][vc_column width=&#8221;1\/2&#8243;][vc_column_text]5 &#8211; Editorial 9 &#8211; A L\u00f3gica de um Fluido &#8211; Marie H\u00e9l\u00e8ne-Brousse 19 &#8211; A F\u00e1brica do corpo feminino, de Lacan a Catherine Millet &#8211; Clotilde Leguil. 29 &#8211; A anor\u00e9xica no Imp\u00e9rio das Imagens&hellip;<\/p>\n","protected":false},"author":1,"featured_media":0,"parent":2743,"menu_order":0,"comment_status":"closed","ping_status":"closed","template":"","meta":{"footnotes":""},"class_list":["post-5581","page","type-page","status-publish","hentry","entry","no-media"],"aioseo_notices":[],"_links":{"self":[{"href":"https:\/\/ebp.org.br\/sp\/wp-json\/wp\/v2\/pages\/5581","targetHints":{"allow":["GET"]}}],"collection":[{"href":"https:\/\/ebp.org.br\/sp\/wp-json\/wp\/v2\/pages"}],"about":[{"href":"https:\/\/ebp.org.br\/sp\/wp-json\/wp\/v2\/types\/page"}],"author":[{"embeddable":true,"href":"https:\/\/ebp.org.br\/sp\/wp-json\/wp\/v2\/users\/1"}],"replies":[{"embeddable":true,"href":"https:\/\/ebp.org.br\/sp\/wp-json\/wp\/v2\/comments?post=5581"}],"version-history":[{"count":0,"href":"https:\/\/ebp.org.br\/sp\/wp-json\/wp\/v2\/pages\/5581\/revisions"}],"up":[{"embeddable":true,"href":"https:\/\/ebp.org.br\/sp\/wp-json\/wp\/v2\/pages\/2743"}],"wp:attachment":[{"href":"https:\/\/ebp.org.br\/sp\/wp-json\/wp\/v2\/media?parent=5581"}],"curies":[{"name":"wp","href":"https:\/\/api.w.org\/{rel}","templated":true}]}}