{"id":5580,"date":"2021-06-04T11:16:09","date_gmt":"2021-06-04T14:16:09","guid":{"rendered":"https:\/\/ebp.org.br\/sp\/?page_id=5580"},"modified":"2021-06-04T11:16:09","modified_gmt":"2021-06-04T14:16:09","slug":"carta-de-sao-paulo-ano-21-no1-2014","status":"publish","type":"page","link":"https:\/\/ebp.org.br\/sp\/biblioteca\/publicacoes\/carta-sp-impressa\/carta-de-sao-paulo-ano-21-no1-2014\/","title":{"rendered":"Carta de S\u00e3o Paulo Ano 21 \u2013 n\u00ba1 \u2013 2014"},"content":{"rendered":"<section class=\"wpb-content-wrapper\">[vc_row][vc_column][eikra-vc-text-title style=&#8221;style2&#8243; title=&#8221;Carta de S\u00e3o Paulo Impressa&#8221;]\n<h3><span style=\"color: #993300;\">Ano 21 \u2013 n\u00ba1 \u2013 2014<\/span><\/h3>\n[\/eikra-vc-text-title][vc_separator][\/vc_column][\/vc_row][vc_row][vc_column width=&#8221;1\/2&#8243;][vc_single_image image=&#8221;2753&#8243; img_size=&#8221;full&#8221; onclick=&#8221;custom_link&#8221; link=&#8221;http:\/\/ebp.org.br\/sp\/wp-content\/uploads\/2018\/04\/carta-16-no-1-2009.pdf&#8221;][\/vc_column][vc_column width=&#8221;1\/2&#8243;][vc_column_text]<strong>8 &#8211; EDITORIAL<\/strong><\/p>\n<p><strong>13 &#8211; ENTREVISTAS PUBLICADAS<\/strong><\/p>\n<p><strong>25 &#8211; O MEU LACAN \u00c9\u2026<\/strong><\/p>\n<p><strong>39 &#8211; APRESENTA\u00c7\u00c3O DAS JORNADAS &#8211; Marizilda Paulino.<\/strong><\/p>\n<p><strong>47 &#8211; PLEN\u00c1RIA I &#8211; CI\u00caNCIA, CAPITAL E PSICAN\u00c1LISE.<\/strong><br \/>\n48 &#8211; Mayana Zatz<br \/>\n58 &#8211; Angelina Harari<br \/>\n64 &#8211; Romildo do R\u00eago Barros<br \/>\n70 &#8211; Marcelo Veras<br \/>\n76 &#8211; Debate<\/p>\n<p><strong>95 -PLEN\u00c1RIA II &#8211; CL\u00cdNICA, EDUCA\u00c7\u00c3O, PSICAN\u00c1LISE..<\/strong><br \/>\n96 &#8211; Claudia Riolfi<br \/>\n108 &#8211; Leny Magalh\u00e3es Mrech<br \/>\n114 &#8211; Sandra Arruda Grostein<br \/>\n124 &#8211; R\u00f4mulo Ferreira da Silva<br \/>\n134 &#8211; Debate<\/p>\n<p><strong>149 &#8211;\u00a0 PSICAN\u00c1LISE. HOJE. BRASIL.<\/strong><br \/>\n150 &#8211; Parte I<br \/>\n170 &#8211; Parte II<\/p>\n<p><strong>193 &#8211;\u00a0 ENCERRAMENTO DAS JORNADAS<\/strong><br \/>\n196 &#8211; Programa\u00e7\u00e3o<br \/>\n198 &#8211; Mesas Simult\u00e2neas<br \/>\n200 &#8211; Comiss\u00f5es<\/p>\n<p><strong>203 &#8211; 7 MINUTOS MAIS<\/strong> &#8211; Marizilda Paulino.[\/vc_column_text][\/vc_column][\/vc_row]\n<\/section>","protected":false},"excerpt":{"rendered":"<p>[vc_row][vc_column][eikra-vc-text-title style=&#8221;style2&#8243; title=&#8221;Carta de S\u00e3o Paulo Impressa&#8221;] Ano 21 \u2013 n\u00ba1 \u2013 2014 [\/eikra-vc-text-title][vc_separator][\/vc_column][\/vc_row][vc_row][vc_column width=&#8221;1\/2&#8243;][vc_single_image image=&#8221;2753&#8243; img_size=&#8221;full&#8221; onclick=&#8221;custom_link&#8221; link=&#8221;http:\/\/ebp.org.br\/sp\/wp-content\/uploads\/2018\/04\/carta-16-no-1-2009.pdf&#8221;][\/vc_column][vc_column width=&#8221;1\/2&#8243;][vc_column_text]8 &#8211; EDITORIAL 13 &#8211; ENTREVISTAS PUBLICADAS 25 &#8211; O MEU LACAN \u00c9\u2026 39 &#8211; APRESENTA\u00c7\u00c3O DAS JORNADAS &#8211; Marizilda Paulino. 47 &#8211; PLEN\u00c1RIA I &#8211; CI\u00caNCIA, CAPITAL E PSICAN\u00c1LISE. 48 &#8211; Mayana Zatz 58 &#8211;&hellip;<\/p>\n","protected":false},"author":1,"featured_media":0,"parent":2743,"menu_order":0,"comment_status":"closed","ping_status":"closed","template":"","meta":{"footnotes":""},"class_list":["post-5580","page","type-page","status-publish","hentry","entry","no-media"],"aioseo_notices":[],"_links":{"self":[{"href":"https:\/\/ebp.org.br\/sp\/wp-json\/wp\/v2\/pages\/5580","targetHints":{"allow":["GET"]}}],"collection":[{"href":"https:\/\/ebp.org.br\/sp\/wp-json\/wp\/v2\/pages"}],"about":[{"href":"https:\/\/ebp.org.br\/sp\/wp-json\/wp\/v2\/types\/page"}],"author":[{"embeddable":true,"href":"https:\/\/ebp.org.br\/sp\/wp-json\/wp\/v2\/users\/1"}],"replies":[{"embeddable":true,"href":"https:\/\/ebp.org.br\/sp\/wp-json\/wp\/v2\/comments?post=5580"}],"version-history":[{"count":0,"href":"https:\/\/ebp.org.br\/sp\/wp-json\/wp\/v2\/pages\/5580\/revisions"}],"up":[{"embeddable":true,"href":"https:\/\/ebp.org.br\/sp\/wp-json\/wp\/v2\/pages\/2743"}],"wp:attachment":[{"href":"https:\/\/ebp.org.br\/sp\/wp-json\/wp\/v2\/media?parent=5580"}],"curies":[{"name":"wp","href":"https:\/\/api.w.org\/{rel}","templated":true}]}}