{"id":5578,"date":"2021-06-04T10:59:04","date_gmt":"2021-06-04T13:59:04","guid":{"rendered":"https:\/\/ebp.org.br\/sp\/?page_id=5578"},"modified":"2021-06-04T10:59:04","modified_gmt":"2021-06-04T13:59:04","slug":"carta-de-sao-paulo-ano-ano-19-no1-2012","status":"publish","type":"page","link":"https:\/\/ebp.org.br\/sp\/biblioteca\/publicacoes\/carta-sp-impressa\/carta-de-sao-paulo-ano-ano-19-no1-2012\/","title":{"rendered":"Carta de S\u00e3o Paulo Ano Ano 19 \u2013 n\u00ba1 \u2013 2012"},"content":{"rendered":"<section class=\"wpb-content-wrapper\">[vc_row][vc_column][eikra-vc-text-title style=&#8221;style2&#8243; title=&#8221;Carta de S\u00e3o Paulo Impressa&#8221;]\n<h3><span style=\"color: #993300;\">Ano 19 \u2013 n\u00ba1 \u2013 2012 <\/span><\/h3>\n[\/eikra-vc-text-title][vc_separator][\/vc_column][\/vc_row][vc_row][vc_column width=&#8221;1\/2&#8243;][vc_single_image image=&#8221;2751&#8243; img_size=&#8221;full&#8221; onclick=&#8221;custom_link&#8221; link=&#8221;http:\/\/ebp.org.br\/sp\/wp-content\/uploads\/2018\/04\/carta-16-no-1-2009.pdf&#8221;][\/vc_column][vc_column width=&#8221;1\/2&#8243;][vc_column_text]<strong>7- Editorial<\/strong>: Maria Bernadette Soares de Sant\u2019Ana Pitteri.<\/p>\n<p><strong>11 &#8211; Debate<\/strong> &#8211; Entrevista com Cristina Drummond.<\/p>\n<p><strong>ENSINO<\/strong><br \/>\n15 &#8211; Aliena\u00e7\u00e3o e Separa\u00e7\u00e3o &#8211; Sandra Grostein.<br \/>\n23 &#8211; L\u00f3gica Lacaniana &#8211; Maria Bernadette Soares de Sant\u2019Ana Pitteri.<\/p>\n<p><strong>ACONTECE NA EBP-SP &#8211; JORNADAS DA EBP-SP 2011\u00a0<\/strong><\/p>\n<p>27 &#8211; Feminiliza\u00e7\u00e3o ou Destotaliza\u00e7\u00e3o? &#8211; Carla Cristini Bonadio Audi.<br \/>\n33 &#8211; Eixo: O N\u00e3o-todo e o gozo, sutilezas do feminino no s\u00e9culo XXI &#8211; Blanca Musachi<br \/>\n36 &#8211; Madame Bovary reescrita nos tempos modernos? &#8211; Samyra Assad.<br \/>\n41 &#8211; Semin\u00e1rios declarados \u00e0 EBP-SP<br \/>\n42 &#8211; Jornadas de Cart\u00e9is 2012.<\/p>\n<p><strong>SEMIN\u00c1RIOS DO CONSELHO.<\/strong><\/p>\n<p>51 &#8211; Coment\u00e1rio sobre o semin\u00e1rio do conselho &#8211; Maria Helena Barbosa.<br \/>\n54 &#8211; Uma leitura sobre a transfer\u00eancia no Semin\u00e1rio 11- Carmen Silvia Cervelatti.<\/p>\n<p><strong>NOT\u00cdCIAS DA AMP<\/strong><br \/>\n63 &#8211; Atividades preparat\u00f3rias para o congresso da AMP 2012 &#8211; Patr\u00edcia F. Bichara.<br \/>\n66 &#8211; Livros lan\u00e7ados.[\/vc_column_text][\/vc_column][\/vc_row]\n<\/section>","protected":false},"excerpt":{"rendered":"<p>[vc_row][vc_column][eikra-vc-text-title style=&#8221;style2&#8243; title=&#8221;Carta de S\u00e3o Paulo Impressa&#8221;] Ano 19 \u2013 n\u00ba1 \u2013 2012 [\/eikra-vc-text-title][vc_separator][\/vc_column][\/vc_row][vc_row][vc_column width=&#8221;1\/2&#8243;][vc_single_image image=&#8221;2751&#8243; img_size=&#8221;full&#8221; onclick=&#8221;custom_link&#8221; link=&#8221;http:\/\/ebp.org.br\/sp\/wp-content\/uploads\/2018\/04\/carta-16-no-1-2009.pdf&#8221;][\/vc_column][vc_column width=&#8221;1\/2&#8243;][vc_column_text]7- Editorial: Maria Bernadette Soares de Sant\u2019Ana Pitteri. 11 &#8211; Debate &#8211; Entrevista com Cristina Drummond. ENSINO 15 &#8211; Aliena\u00e7\u00e3o e Separa\u00e7\u00e3o &#8211; Sandra Grostein. 23 &#8211; L\u00f3gica Lacaniana &#8211; Maria Bernadette Soares de Sant\u2019Ana Pitteri.&hellip;<\/p>\n","protected":false},"author":1,"featured_media":0,"parent":2743,"menu_order":0,"comment_status":"closed","ping_status":"closed","template":"","meta":{"footnotes":""},"class_list":["post-5578","page","type-page","status-publish","hentry","entry","no-media"],"aioseo_notices":[],"_links":{"self":[{"href":"https:\/\/ebp.org.br\/sp\/wp-json\/wp\/v2\/pages\/5578","targetHints":{"allow":["GET"]}}],"collection":[{"href":"https:\/\/ebp.org.br\/sp\/wp-json\/wp\/v2\/pages"}],"about":[{"href":"https:\/\/ebp.org.br\/sp\/wp-json\/wp\/v2\/types\/page"}],"author":[{"embeddable":true,"href":"https:\/\/ebp.org.br\/sp\/wp-json\/wp\/v2\/users\/1"}],"replies":[{"embeddable":true,"href":"https:\/\/ebp.org.br\/sp\/wp-json\/wp\/v2\/comments?post=5578"}],"version-history":[{"count":0,"href":"https:\/\/ebp.org.br\/sp\/wp-json\/wp\/v2\/pages\/5578\/revisions"}],"up":[{"embeddable":true,"href":"https:\/\/ebp.org.br\/sp\/wp-json\/wp\/v2\/pages\/2743"}],"wp:attachment":[{"href":"https:\/\/ebp.org.br\/sp\/wp-json\/wp\/v2\/media?parent=5578"}],"curies":[{"name":"wp","href":"https:\/\/api.w.org\/{rel}","templated":true}]}}