{"id":5577,"date":"2021-06-04T10:57:19","date_gmt":"2021-06-04T13:57:19","guid":{"rendered":"https:\/\/ebp.org.br\/sp\/?page_id=5577"},"modified":"2021-06-04T10:57:19","modified_gmt":"2021-06-04T13:57:19","slug":"carta-de-sao-paulo-ano-18-no1-2011","status":"publish","type":"page","link":"https:\/\/ebp.org.br\/sp\/biblioteca\/publicacoes\/carta-sp-impressa\/carta-de-sao-paulo-ano-18-no1-2011\/","title":{"rendered":"Carta de S\u00e3o Paulo Ano 18 \u2013 n\u00ba1 \u2013 2011"},"content":{"rendered":"<section class=\"wpb-content-wrapper\">[vc_row][vc_column][eikra-vc-text-title style=&#8221;style2&#8243; title=&#8221;Carta de S\u00e3o Paulo Impressa&#8221;]\n<h3><span style=\"color: #993300;\">Ano 18 \u2013 n\u00ba1 \u2013 2011<\/span><\/h3>\n[\/eikra-vc-text-title][vc_separator][\/vc_column][\/vc_row][vc_row][vc_column width=&#8221;1\/2&#8243;][vc_single_image image=&#8221;2749&#8243; img_size=&#8221;full&#8221; onclick=&#8221;custom_link&#8221; link=&#8221;http:\/\/ebp.org.br\/sp\/wp-content\/uploads\/2018\/04\/carta-16-no-1-2009.pdf&#8221;][\/vc_column][vc_column width=&#8221;1\/2&#8243;][vc_column_text]<strong>5 &#8211; Editorial<\/strong> &#8211; Luiz Fernando Carrijo da Cunha<\/p>\n<p><strong>7 &#8211; Debate<\/strong> &#8211; Entrevista com Flory Kruger<\/p>\n<p><strong>Ensino<\/strong><br \/>\n11 &#8211; Uma Noite Americana em S\u00e3o Paulo : Maria Bernadette Soares de Sant\u2019Ana Pitteri.<br \/>\n15 &#8211; Nietzsche &#8211; \u201cDel\u00edrio Generalizado\u201d\u00a0 :\u00a0 Maria Bernadette Soares de Sant\u2019Ana Pitteri.<\/p>\n<p><strong>Acontece na EBP-SP<\/strong><br \/>\n21- Semin\u00e1rios de Membros da EBP-SP<br \/>\n22 &#8211; Atividades Semanais da Diretoria e do Conselho<br \/>\n23 &#8211; Coment\u00e1rio sobre Jornadas de Cart\u00e9is da EBP-SP 2011 &#8211; Blanca Musachi<\/p>\n<p><strong>Not\u00edcias da EBP<\/strong><br \/>\n27 &#8211; VIII Congresso da AMP &#8211; Associa\u00e7\u00e3o Mundial de Psican\u00e1lise<br \/>\n29 &#8211; IX Congresso da EBP &#8211; Marizilda Paulino[\/vc_column_text][\/vc_column][\/vc_row]\n<\/section>","protected":false},"excerpt":{"rendered":"<p>[vc_row][vc_column][eikra-vc-text-title style=&#8221;style2&#8243; title=&#8221;Carta de S\u00e3o Paulo Impressa&#8221;] Ano 18 \u2013 n\u00ba1 \u2013 2011 [\/eikra-vc-text-title][vc_separator][\/vc_column][\/vc_row][vc_row][vc_column width=&#8221;1\/2&#8243;][vc_single_image image=&#8221;2749&#8243; img_size=&#8221;full&#8221; onclick=&#8221;custom_link&#8221; link=&#8221;http:\/\/ebp.org.br\/sp\/wp-content\/uploads\/2018\/04\/carta-16-no-1-2009.pdf&#8221;][\/vc_column][vc_column width=&#8221;1\/2&#8243;][vc_column_text]5 &#8211; Editorial &#8211; Luiz Fernando Carrijo da Cunha 7 &#8211; Debate &#8211; Entrevista com Flory Kruger Ensino 11 &#8211; Uma Noite Americana em S\u00e3o Paulo : Maria Bernadette Soares de Sant\u2019Ana Pitteri. 15 &#8211; Nietzsche&hellip;<\/p>\n","protected":false},"author":1,"featured_media":0,"parent":2743,"menu_order":0,"comment_status":"closed","ping_status":"closed","template":"","meta":{"footnotes":""},"class_list":["post-5577","page","type-page","status-publish","hentry","entry","no-media"],"aioseo_notices":[],"_links":{"self":[{"href":"https:\/\/ebp.org.br\/sp\/wp-json\/wp\/v2\/pages\/5577","targetHints":{"allow":["GET"]}}],"collection":[{"href":"https:\/\/ebp.org.br\/sp\/wp-json\/wp\/v2\/pages"}],"about":[{"href":"https:\/\/ebp.org.br\/sp\/wp-json\/wp\/v2\/types\/page"}],"author":[{"embeddable":true,"href":"https:\/\/ebp.org.br\/sp\/wp-json\/wp\/v2\/users\/1"}],"replies":[{"embeddable":true,"href":"https:\/\/ebp.org.br\/sp\/wp-json\/wp\/v2\/comments?post=5577"}],"version-history":[{"count":0,"href":"https:\/\/ebp.org.br\/sp\/wp-json\/wp\/v2\/pages\/5577\/revisions"}],"up":[{"embeddable":true,"href":"https:\/\/ebp.org.br\/sp\/wp-json\/wp\/v2\/pages\/2743"}],"wp:attachment":[{"href":"https:\/\/ebp.org.br\/sp\/wp-json\/wp\/v2\/media?parent=5577"}],"curies":[{"name":"wp","href":"https:\/\/api.w.org\/{rel}","templated":true}]}}