{"id":5568,"date":"2021-06-04T10:44:00","date_gmt":"2021-06-04T13:44:00","guid":{"rendered":"https:\/\/ebp.org.br\/sp\/?page_id=5568"},"modified":"2021-06-04T10:44:00","modified_gmt":"2021-06-04T13:44:00","slug":"carta-de-sao-paulo-ano-16-no1-2009","status":"publish","type":"page","link":"https:\/\/ebp.org.br\/sp\/biblioteca\/publicacoes\/carta-sp-impressa\/carta-de-sao-paulo-ano-16-no1-2009\/","title":{"rendered":"Carta de S\u00e3o Paulo Ano 16 \u2013 n\u00ba1 \u2013 2009"},"content":{"rendered":"<section class=\"wpb-content-wrapper\">[vc_row][vc_column][eikra-vc-text-title style=&#8221;style2&#8243; title=&#8221;Carta de S\u00e3o Paulo Impressa&#8221;]\n<h3><span style=\"color: #993300;\">Ano 16 \u2013 n\u00ba1 \u2013 2009 Edi\u00e7\u00e3o Especial<\/span><\/h3>\n[\/eikra-vc-text-title][vc_separator][\/vc_column][\/vc_row][vc_row][vc_column width=&#8221;1\/2&#8243;][vc_single_image image=&#8221;2747&#8243; img_size=&#8221;full&#8221; onclick=&#8221;custom_link&#8221; link=&#8221;http:\/\/ebp.org.br\/sp\/wp-content\/uploads\/2018\/04\/carta-16-no-1-2009.pdf&#8221;][\/vc_column][vc_column width=&#8221;1\/2&#8243;][vc_column_text]<strong>3 &#8211; Editoriais<\/strong><br \/>\nSandra Arruda Grostein<br \/>\nCarmen Silvia Cervelatti<\/p>\n<p><strong>7 &#8211; Confer\u00eancia<\/strong><br \/>\nAs Utopias Contempor\u00e2neas &#8211; Graciela Brodsky<\/p>\n<p><strong>33 &#8211;\u00a0 Semin\u00e1rio<\/strong><br \/>\nFelicidade :\u00a0 O que esperar da psican\u00e1lise? <em>Da demanda ao analista \u00e0 sa\u00edda da experi\u00eancia<\/em> &#8211; Graciela Brodsky[\/vc_column_text][\/vc_column][\/vc_row]\n<\/section>","protected":false},"excerpt":{"rendered":"<p>[vc_row][vc_column][eikra-vc-text-title style=&#8221;style2&#8243; title=&#8221;Carta de S\u00e3o Paulo Impressa&#8221;] Ano 16 \u2013 n\u00ba1 \u2013 2009 Edi\u00e7\u00e3o Especial [\/eikra-vc-text-title][vc_separator][\/vc_column][\/vc_row][vc_row][vc_column width=&#8221;1\/2&#8243;][vc_single_image image=&#8221;2747&#8243; img_size=&#8221;full&#8221; onclick=&#8221;custom_link&#8221; link=&#8221;http:\/\/ebp.org.br\/sp\/wp-content\/uploads\/2018\/04\/carta-16-no-1-2009.pdf&#8221;][\/vc_column][vc_column width=&#8221;1\/2&#8243;][vc_column_text]3 &#8211; Editoriais Sandra Arruda Grostein Carmen Silvia Cervelatti 7 &#8211; Confer\u00eancia As Utopias Contempor\u00e2neas &#8211; Graciela Brodsky 33 &#8211;\u00a0 Semin\u00e1rio Felicidade :\u00a0 O que esperar da psican\u00e1lise? Da demanda ao analista \u00e0 sa\u00edda&hellip;<\/p>\n","protected":false},"author":1,"featured_media":0,"parent":2743,"menu_order":0,"comment_status":"closed","ping_status":"closed","template":"","meta":{"footnotes":""},"class_list":["post-5568","page","type-page","status-publish","hentry","entry","no-media"],"aioseo_notices":[],"_links":{"self":[{"href":"https:\/\/ebp.org.br\/sp\/wp-json\/wp\/v2\/pages\/5568","targetHints":{"allow":["GET"]}}],"collection":[{"href":"https:\/\/ebp.org.br\/sp\/wp-json\/wp\/v2\/pages"}],"about":[{"href":"https:\/\/ebp.org.br\/sp\/wp-json\/wp\/v2\/types\/page"}],"author":[{"embeddable":true,"href":"https:\/\/ebp.org.br\/sp\/wp-json\/wp\/v2\/users\/1"}],"replies":[{"embeddable":true,"href":"https:\/\/ebp.org.br\/sp\/wp-json\/wp\/v2\/comments?post=5568"}],"version-history":[{"count":0,"href":"https:\/\/ebp.org.br\/sp\/wp-json\/wp\/v2\/pages\/5568\/revisions"}],"up":[{"embeddable":true,"href":"https:\/\/ebp.org.br\/sp\/wp-json\/wp\/v2\/pages\/2743"}],"wp:attachment":[{"href":"https:\/\/ebp.org.br\/sp\/wp-json\/wp\/v2\/media?parent=5568"}],"curies":[{"name":"wp","href":"https:\/\/api.w.org\/{rel}","templated":true}]}}