{"id":5546,"date":"2021-05-24T07:00:56","date_gmt":"2021-05-24T10:00:56","guid":{"rendered":"https:\/\/ebp.org.br\/sp\/?page_id=5546"},"modified":"2025-07-18T13:24:51","modified_gmt":"2025-07-18T16:24:51","slug":"atividades-da-diretoria","status":"publish","type":"page","link":"https:\/\/ebp.org.br\/sp\/ensino\/atividades-da-diretoria\/","title":{"rendered":"Atividades da Diretoria"},"content":{"rendered":"<section class=\"wpb-content-wrapper\">[vc_row][vc_column][vc_column_text]\n<h3><span style=\"color: #993300;\"><strong>Atividades da Diretoria<\/strong><\/span><\/h3>\n<p><span style=\"color: #993300;\"><b>Ler um Sintoma na \u00c9poca em que o Outro N\u00e3o Existe<\/b><\/span><\/p>\n<p>Esse ser\u00e1 o tema de trabalho desta diretoria. Pretendemos nos debru\u00e7ar sobre aquilo que, desde sempre, \u00e9 o cerne da cl\u00ednica e da pol\u00edtica da psican\u00e1lise: o sintoma.<\/p>\n<p>Sabemos que a no\u00e7\u00e3o de sintoma tem percorrido um longo caminho, n\u00e3o apenas na psican\u00e1lise, mas, se esse conceito trouxe algo de original ao tratamento psicanal\u00edtico, \u00e9 que \u00e9 atrav\u00e9s dele que percebemos a rela\u00e7\u00e3o problem\u00e1tica que o sujeito estabelece consigo mesmo.<\/p>\n<p>O sintoma \u00e9 o que nos leva a procurar um analista, sendo inicialmente tomado como algo estrangeiro a n\u00f3s mesmos e que gostar\u00edamos de apagar de nossas vidas. No entanto, para um psicanalista, ele \u00e9 a express\u00e3o de nossa verdade mais \u00edntima e a manifesta\u00e7\u00e3o de nossa cria\u00e7\u00e3o mais singular.<\/p>\n<p>Seguindo a linha de trabalho da diretoria anterior, mantemos nosso interesse na cl\u00ednica contempor\u00e2nea e acreditamos que essa proposta est\u00e1 em continuidade com as quest\u00f5es levantadas nos \u00faltimos dois anos sobre o estatuto do objeto a e o Fantasma.<\/p>\n<p>Partimos das seguintes quest\u00f5es: Como podemos recorrer \u00e0 obra de Lacan na atualidade para interpretar a cl\u00ednica contempor\u00e2nea e a emerg\u00eancia dos novos sintomas que surgem neste contexto? Quais la\u00e7os podemos construir entre pol\u00edtica e psican\u00e1lise a partir de Freud, revisitado por Lacan, para pensar o mal-estar na nossa civiliza\u00e7\u00e3o? Como isso ajuda na nossa pr\u00e1tica cl\u00ednica?<\/p>\n<p>Gostar\u00edamos que essas quest\u00f5es orientassem tamb\u00e9m as nossas atividades de quarta-feira, ou seja, que possamos ter apresenta\u00e7\u00f5es te\u00f3ricas articuladas \u00e0 cl\u00ednica e \u00e0 atualidade.<\/p>\n<h3><span style=\"color: #993300;\">2\u00ba semestre de 2025<\/span><\/h3>\n<ul>\n<li><b>Datas:<\/b>\n<ul>\n<li><b>Agosto: <\/b>6, 13, 20<\/li>\n<li><b>Setembro<\/b>: 10<\/li>\n<li><b>Outubro: <\/b>1, 8, 15, 29<\/li>\n<li><b>Novembro: <\/b>5, 12<\/li>\n<\/ul>\n<\/li>\n<li><strong>Hor\u00e1rio:<\/strong>\u00a020h30<\/li>\n<li><strong>Local:<\/strong>\u00a0sede da EBP \u2013 Se\u00e7\u00e3o SP e online (Zoom)<\/li>\n<li>Atividade gratuita<\/li>\n<li>Presencial: n\u00e3o requer inscri\u00e7\u00e3o pr\u00e9via<\/li>\n<\/ul>\n[\/vc_column_text][\/vc_column][\/vc_row][vc_row][vc_column][vc_column_text]\n<h3><span style=\"color: #993300;\">2022<\/span><\/h3>\n[\/vc_column_text][\/vc_column][\/vc_row][vc_row][vc_column width=&#8221;1\/5&#8243;][vc_single_image image=&#8221;8895&#8243; img_size=&#8221;large&#8221; onclick=&#8221;link_image&#8221;][\/vc_column][vc_column width=&#8221;1\/5&#8243;][vc_single_image image=&#8221;8896&#8243; img_size=&#8221;large&#8221; onclick=&#8221;link_image&#8221;][\/vc_column][vc_column width=&#8221;1\/5&#8243;][vc_single_image image=&#8221;8781&#8243; img_size=&#8221;large&#8221; onclick=&#8221;link_image&#8221;][\/vc_column][vc_column width=&#8221;1\/5&#8243;][vc_single_image image=&#8221;8785&#8243; img_size=&#8221;large&#8221; onclick=&#8221;link_image&#8221;][\/vc_column][vc_column width=&#8221;1\/5&#8243;][vc_single_image image=&#8221;8783&#8243; img_size=&#8221;large&#8221; onclick=&#8221;link_image&#8221;][\/vc_column][\/vc_row][vc_row][vc_column width=&#8221;1\/5&#8243;][vc_single_image image=&#8221;8895&#8243; img_size=&#8221;large&#8221; onclick=&#8221;link_image&#8221;][\/vc_column][vc_column width=&#8221;1\/5&#8243;][vc_single_image image=&#8221;8896&#8243; img_size=&#8221;large&#8221; onclick=&#8221;link_image&#8221;][\/vc_column][vc_column width=&#8221;1\/5&#8243;][\/vc_column][vc_column width=&#8221;1\/5&#8243;][\/vc_column][vc_column width=&#8221;1\/5&#8243;][\/vc_column][\/vc_row][vc_row][vc_column][vc_separator color=&#8221;juicy_pink&#8221; border_width=&#8221;3&#8243;][\/vc_column][\/vc_row][vc_row][vc_column][vc_column_text]\n<h3><span style=\"color: #993300;\">2021<\/span><\/h3>\n[\/vc_column_text][\/vc_column][\/vc_row][vc_row][vc_column width=&#8221;1\/4&#8243;][vc_single_image image=&#8221;9287&#8243; img_size=&#8221;large&#8221; onclick=&#8221;link_image&#8221;][\/vc_column][vc_column width=&#8221;1\/4&#8243;][vc_single_image image=&#8221;8662&#8243; img_size=&#8221;large&#8221; onclick=&#8221;link_image&#8221;][\/vc_column][vc_column width=&#8221;1\/4&#8243;][vc_single_image image=&#8221;8650&#8243; img_size=&#8221;large&#8221; onclick=&#8221;link_image&#8221;][\/vc_column][vc_column width=&#8221;1\/4&#8243;][vc_single_image image=&#8221;8553&#8243; img_size=&#8221;large&#8221; onclick=&#8221;link_image&#8221;][\/vc_column][\/vc_row][vc_row][vc_column width=&#8221;1\/4&#8243;][vc_single_image image=&#8221;8551&#8243; img_size=&#8221;large&#8221; onclick=&#8221;link_image&#8221;][\/vc_column][vc_column width=&#8221;1\/4&#8243;][vc_single_image image=&#8221;8552&#8243; img_size=&#8221;large&#8221; onclick=&#8221;link_image&#8221;][\/vc_column][vc_column width=&#8221;1\/4&#8243;][vc_single_image image=&#8221;8549&#8243; img_size=&#8221;large&#8221; onclick=&#8221;link_image&#8221;][\/vc_column][vc_column width=&#8221;1\/4&#8243;][\/vc_column][\/vc_row][vc_row][vc_column][vc_separator color=&#8221;juicy_pink&#8221; border_width=&#8221;3&#8243;][\/vc_column][\/vc_row][vc_row][vc_column][vc_column_text]<span style=\"color: #993300;\"><strong>Trabalho dos membros da EBP-SP em cart\u00e9is <\/strong><\/span><\/p>\n<p><em>Respons\u00e1vel: Diretoria da Se\u00e7\u00e3o S\u00e3o Paulo <\/em><\/p>\n<p>Conceitos do \u00faltimo Lacan ser\u00e3o trabalhados via cartel, \u00f3rg\u00e3o de base da Escola. O cartel \u00e9 uma estrat\u00e9gia privilegiada na orienta\u00e7\u00e3o lacaniana e comporta uma pol\u00edtica que visa restaurar a psican\u00e1lise nos seus fundamentos mais valiosos. Apostaremos nessa base de trabalho na composi\u00e7\u00e3o de nosso trabalho de diretoria. Aqui, todos os membros da EBP-SP foram convidados a trabalhar nesses cart\u00e9is pr\u00e9-estabelecidos, um trabalho cujo princ\u00edpio \u00e9 o de uma elabora\u00e7\u00e3o sustentada por cada componente. Os mais-um ser\u00e3o os AMEs, estes que, &#8220;reconhecidos como os psicanalistas que comprovaram sua capacidade&#8221;, nomeados via comiss\u00e3o da Garantia, s\u00e3o, para muitos de n\u00f3s, aqueles que perseguem as &#8220;raz\u00f5es&#8221; de sua cl\u00ednica incansavelmente. Apostamos nessa fomenta\u00e7\u00e3o de uma causa decidida, que possam nos inquietar.<\/p>\n<p>Os temas dos cart\u00e9is s\u00e3o: Amor e real do sexo; \u00c9tica, saber e gozo; Ci\u00eancia, pol\u00edtica e civiliza\u00e7\u00e3o; Fantasia e sintomas contempor\u00e2neos; Inconsciente real e interpreta\u00e7\u00e3o; Cl\u00ednica do falasser e Trauma e acontecimento de corpo.<\/p>\n<p>Teremos cinco membros de Escola integrando cada cartel, escolhidos de maneira aleat\u00f3ria pela diretoria. Essa \u00e9 uma aposta de que \u201co ensino da psican\u00e1lise s\u00f3 poder\u00e1 transmitir-se de um sujeito para o outro pelas vias de uma transfer\u00eancia de trabalho\u201d, pautados na causa anal\u00edtica. A partir do segundo semestre de 2021, cada cartel far\u00e1 a apresenta\u00e7\u00e3o do produto de seus cartelizantes.<\/p>\n<ul>\n<li>Datas: 16\/03, 06\/04, 08\/06, 10.08, 31.08, 19.10, 09.11 e 30.11<\/li>\n<li>Hor\u00e1rio: 20h30<\/li>\n<li>Inscri\u00e7\u00f5es:\u00a0<a href=\"mailto:ebpsaopaulo@gmail.com\">ebpsaopaulo@gmail.com<\/a><\/li>\n<\/ul>\n[\/vc_column_text][\/vc_column][\/vc_row][vc_row][vc_column][vc_column_text]\n<h3><span style=\"color: #993300;\">2022<\/span><\/h3>\n[\/vc_column_text][\/vc_column][\/vc_row][vc_row][vc_column width=&#8221;1\/5&#8243;][vc_single_image image=&#8221;8960&#8243; img_size=&#8221;large&#8221; onclick=&#8221;link_image&#8221;][\/vc_column][vc_column width=&#8221;1\/5&#8243;][vc_single_image image=&#8221;8959&#8243; img_size=&#8221;large&#8221; onclick=&#8221;link_image&#8221;][\/vc_column][vc_column width=&#8221;1\/5&#8243;][vc_single_image image=&#8221;8958&#8243; img_size=&#8221;large&#8221; onclick=&#8221;link_image&#8221;][\/vc_column][vc_column width=&#8221;1\/5&#8243;][vc_single_image image=&#8221;8855&#8243; img_size=&#8221;large&#8221; onclick=&#8221;link_image&#8221;][\/vc_column][vc_column width=&#8221;1\/5&#8243;][vc_single_image image=&#8221;8856&#8243; img_size=&#8221;large&#8221; onclick=&#8221;link_image&#8221;][\/vc_column][\/vc_row][vc_row][vc_column width=&#8221;1\/5&#8243;][vc_single_image image=&#8221;8786&#8243; img_size=&#8221;large&#8221; onclick=&#8221;link_image&#8221;][\/vc_column][vc_column width=&#8221;1\/5&#8243;][vc_single_image image=&#8221;8778&#8243; img_size=&#8221;large&#8221; onclick=&#8221;link_image&#8221;][\/vc_column][vc_column width=&#8221;1\/5&#8243;][\/vc_column][vc_column width=&#8221;1\/5&#8243;][\/vc_column][vc_column width=&#8221;1\/5&#8243;][\/vc_column][\/vc_row][vc_row][vc_column][vc_separator color=&#8221;pink&#8221; border_width=&#8221;3&#8243;][\/vc_column][\/vc_row][vc_row][vc_column][vc_column_text]\n<h3><span style=\"color: #993300;\">2021<\/span><\/h3>\n[\/vc_column_text][\/vc_column][\/vc_row][vc_row][vc_column width=&#8221;1\/3&#8243;][vc_single_image image=&#8221;8699&#8243; img_size=&#8221;large&#8221; onclick=&#8221;link_image&#8221;][\/vc_column][vc_column width=&#8221;1\/3&#8243;][vc_single_image image=&#8221;8700&#8243; img_size=&#8221;large&#8221; onclick=&#8221;link_image&#8221;][\/vc_column][vc_column width=&#8221;1\/3&#8243;][\/vc_column][\/vc_row]\n<\/section>","protected":false},"excerpt":{"rendered":"<p>[vc_row][vc_column][vc_column_text] Atividades da Diretoria Ler um Sintoma na \u00c9poca em que o Outro N\u00e3o Existe Esse ser\u00e1 o tema de trabalho desta diretoria. Pretendemos nos debru\u00e7ar sobre aquilo que, desde sempre, \u00e9 o cerne da cl\u00ednica e da pol\u00edtica da psican\u00e1lise: o sintoma. Sabemos que a no\u00e7\u00e3o de sintoma tem percorrido um longo caminho, n\u00e3o&hellip;<\/p>\n","protected":false},"author":1,"featured_media":0,"parent":1539,"menu_order":0,"comment_status":"closed","ping_status":"closed","template":"","meta":{"footnotes":""},"class_list":["post-5546","page","type-page","status-publish","hentry","entry","no-media"],"aioseo_notices":[],"_links":{"self":[{"href":"https:\/\/ebp.org.br\/sp\/wp-json\/wp\/v2\/pages\/5546","targetHints":{"allow":["GET"]}}],"collection":[{"href":"https:\/\/ebp.org.br\/sp\/wp-json\/wp\/v2\/pages"}],"about":[{"href":"https:\/\/ebp.org.br\/sp\/wp-json\/wp\/v2\/types\/page"}],"author":[{"embeddable":true,"href":"https:\/\/ebp.org.br\/sp\/wp-json\/wp\/v2\/users\/1"}],"replies":[{"embeddable":true,"href":"https:\/\/ebp.org.br\/sp\/wp-json\/wp\/v2\/comments?post=5546"}],"version-history":[{"count":6,"href":"https:\/\/ebp.org.br\/sp\/wp-json\/wp\/v2\/pages\/5546\/revisions"}],"predecessor-version":[{"id":9833,"href":"https:\/\/ebp.org.br\/sp\/wp-json\/wp\/v2\/pages\/5546\/revisions\/9833"}],"up":[{"embeddable":true,"href":"https:\/\/ebp.org.br\/sp\/wp-json\/wp\/v2\/pages\/1539"}],"wp:attachment":[{"href":"https:\/\/ebp.org.br\/sp\/wp-json\/wp\/v2\/media?parent=5546"}],"curies":[{"name":"wp","href":"https:\/\/api.w.org\/{rel}","templated":true}]}}