{"id":5445,"date":"2021-02-21T11:20:53","date_gmt":"2021-02-21T14:20:53","guid":{"rendered":"https:\/\/ebp.org.br\/sp\/?page_id=5445"},"modified":"2021-02-21T11:20:53","modified_gmt":"2021-02-21T14:20:53","slug":"pecas-soltas-da-sexualidade","status":"publish","type":"page","link":"https:\/\/ebp.org.br\/sp\/ensino\/seminario\/pecas-soltas-da-sexualidade\/","title":{"rendered":"Pe\u00e7as soltas da sexualidade"},"content":{"rendered":"<h6>Coordena\u00e7\u00e3o : Silvia Sato Psicanalista, membro de EBP\/AMP<\/h6>\n<p>Segundo Lacan, \u201ca vida se estrutura a partir de um n\u00f3\u201d[1] assim, parto das Pe\u00e7as Soltas e localizadas no corpo fragmentado, no Real, Simb\u00f3lico e Imagin\u00e1rio disjuntos, na no\u00e7\u00e3o de sinthoma. Trata-se de \u201cuma pe\u00e7a carente de fun\u00e7\u00e3o\u201d[2], que se separa para disfuncionar e que permitiu Lacan encontrar em Joyce o que se faz de res\u00edduo como eco da linguagem e com suas manobras, construir seu n\u00f3 singular. Se a modernidade evidencia que n\u00e3o h\u00e1 rela\u00e7\u00e3o sexual e se sabe que tudo \u00e9 semblante, n\u00e3o \u00e9 \u00e0 toa que verificamos a insist\u00eancia do retorno do Outro dos mandamentos em contraposi\u00e7\u00e3o ao sinthoma, \u00e0s pe\u00e7as soltas com a qual cabe a cada um encontrar uma fun\u00e7\u00e3o que sustente sua exist\u00eancia. \u00c9 pela via dos n\u00f3s que partiremos n\u00e3o sem rumo e sim pela experi\u00eancia anal\u00edtica, abertos \u00e0 conting\u00eancia para saber algo sobre a quest\u00e3o: De que modo a psican\u00e1lise serve \u00e0 vida? [1] Lacan J.: A terceira, in Op\u00e7\u00e3o Lacaniana 62, dezembro de 2011. [2] Miller, J-A.: Bricolaje, in Piezas Sueltas, Ed Paid\u00f3s, BA, 2013.<\/p>\n<p>Datas do semestre:<\/p>\n<ul>\n<li>05 e 19 de mar\u00e7o<\/li>\n<li>09 e 23 de abril<\/li>\n<li>07 e 21 de maio<\/li>\n<li>04 e 18 de junho<\/li>\n<li>Local plataforma Zoom<\/li>\n<\/ul>\n<p>Inscri\u00e7\u00f5es: <a href=\"mailto:silviasatorp@gmail.com\">silviasatorp@gmail.com<\/a><\/p>\n","protected":false},"excerpt":{"rendered":"<p>Coordena\u00e7\u00e3o : Silvia Sato Psicanalista, membro de EBP\/AMP Segundo Lacan, \u201ca vida se estrutura a partir de um n\u00f3\u201d[1] assim, parto das Pe\u00e7as Soltas e localizadas no corpo fragmentado, no Real, Simb\u00f3lico e Imagin\u00e1rio disjuntos, na no\u00e7\u00e3o de sinthoma. Trata-se de \u201cuma pe\u00e7a carente de fun\u00e7\u00e3o\u201d[2], que se separa para disfuncionar e que permitiu Lacan&hellip;<\/p>\n","protected":false},"author":1,"featured_media":0,"parent":1505,"menu_order":0,"comment_status":"closed","ping_status":"closed","template":"","meta":{"footnotes":""},"class_list":["post-5445","page","type-page","status-publish","hentry","entry","no-media"],"aioseo_notices":[],"_links":{"self":[{"href":"https:\/\/ebp.org.br\/sp\/wp-json\/wp\/v2\/pages\/5445","targetHints":{"allow":["GET"]}}],"collection":[{"href":"https:\/\/ebp.org.br\/sp\/wp-json\/wp\/v2\/pages"}],"about":[{"href":"https:\/\/ebp.org.br\/sp\/wp-json\/wp\/v2\/types\/page"}],"author":[{"embeddable":true,"href":"https:\/\/ebp.org.br\/sp\/wp-json\/wp\/v2\/users\/1"}],"replies":[{"embeddable":true,"href":"https:\/\/ebp.org.br\/sp\/wp-json\/wp\/v2\/comments?post=5445"}],"version-history":[{"count":0,"href":"https:\/\/ebp.org.br\/sp\/wp-json\/wp\/v2\/pages\/5445\/revisions"}],"up":[{"embeddable":true,"href":"https:\/\/ebp.org.br\/sp\/wp-json\/wp\/v2\/pages\/1505"}],"wp:attachment":[{"href":"https:\/\/ebp.org.br\/sp\/wp-json\/wp\/v2\/media?parent=5445"}],"curies":[{"name":"wp","href":"https:\/\/api.w.org\/{rel}","templated":true}]}}