{"id":5440,"date":"2021-02-21T11:17:25","date_gmt":"2021-02-21T14:17:25","guid":{"rendered":"https:\/\/ebp.org.br\/sp\/?page_id=5440"},"modified":"2026-03-11T17:40:37","modified_gmt":"2026-03-11T20:40:37","slug":"seminario-a-construcao-do-caso-clinico","status":"publish","type":"page","link":"https:\/\/ebp.org.br\/sp\/ensino\/seminario\/seminario-a-construcao-do-caso-clinico\/","title":{"rendered":"Semin\u00e1rio A Constru\u00e7\u00e3o do Caso Cl\u00ednico"},"content":{"rendered":"<h6>Coordena\u00e7\u00e3o: Blanca Musachi Psicanalista, membro da Escola Brasileira de Psican\u00e1lise e da Associa\u00e7\u00e3o Mundial de Psican\u00e1lise<\/h6>\n<p>Trata-se de um espa\u00e7o para argumentar tudo o que podemos considerar obvio: Como se contr\u00f3i um caso? Por que e para que haveria de construir-se um caso? Quem constr\u00f3i o caso? Da hist\u00f3ria \u00e0 l\u00f3gica. A crise do relato de caso em psican\u00e1lise: Falsas oposi\u00e7\u00f5es; falsos dilemas. Fun\u00e7\u00e3o da supervis\u00e3o, dos semin\u00e1rios cl\u00ednicos, da apresenta\u00e7\u00e3o de pacientes. Dos dois tipos de sequ\u00eancias nas constru\u00e7\u00f5es de caso: As do in\u00edcio do tratamento; As do final. Os testemunhos de pase fazem parte da constru\u00e7\u00e3o de um caso cl\u00ednico? Essas e outras quest\u00f5es cl\u00ednico-epist\u00eamicas ser\u00e3o abordadas no semin\u00e1rio, onde eventualmente contaremos com convidados para apresentar casos e deixar-nos ensinar.<\/p>\n<p>Datas:<\/p>\n<ul>\n<li>19 de mar\u00e7o<\/li>\n<li>16 de abril<\/li>\n<li>21 de maio<\/li>\n<li>18 de junho<\/li>\n<\/ul>\n<p>Dias: quintas-feiras<br \/>\nFreq\u00fc\u00eancia: mensal<br \/>\nHor\u00e1rio: 14h \u00e0s 15:30h<br \/>\nVia zoom<\/p>\n<p>Inscri\u00e7\u00f5es: <a href=\"mailto:seminario.construcao.casoclinico@gmail.com\">seminario.construcao.casoclinico@gmail.com<\/a><\/p>\n","protected":false},"excerpt":{"rendered":"<p>Coordena\u00e7\u00e3o: Blanca Musachi Psicanalista, membro da Escola Brasileira de Psican\u00e1lise e da Associa\u00e7\u00e3o Mundial de Psican\u00e1lise Trata-se de um espa\u00e7o para argumentar tudo o que podemos considerar obvio: Como se contr\u00f3i um caso? Por que e para que haveria de construir-se um caso? Quem constr\u00f3i o caso? Da hist\u00f3ria \u00e0 l\u00f3gica. A crise do relato&hellip;<\/p>\n","protected":false},"author":1,"featured_media":0,"parent":1505,"menu_order":0,"comment_status":"closed","ping_status":"closed","template":"","meta":{"footnotes":""},"class_list":["post-5440","page","type-page","status-publish","hentry","entry","no-media"],"aioseo_notices":[],"_links":{"self":[{"href":"https:\/\/ebp.org.br\/sp\/wp-json\/wp\/v2\/pages\/5440","targetHints":{"allow":["GET"]}}],"collection":[{"href":"https:\/\/ebp.org.br\/sp\/wp-json\/wp\/v2\/pages"}],"about":[{"href":"https:\/\/ebp.org.br\/sp\/wp-json\/wp\/v2\/types\/page"}],"author":[{"embeddable":true,"href":"https:\/\/ebp.org.br\/sp\/wp-json\/wp\/v2\/users\/1"}],"replies":[{"embeddable":true,"href":"https:\/\/ebp.org.br\/sp\/wp-json\/wp\/v2\/comments?post=5440"}],"version-history":[{"count":5,"href":"https:\/\/ebp.org.br\/sp\/wp-json\/wp\/v2\/pages\/5440\/revisions"}],"predecessor-version":[{"id":10043,"href":"https:\/\/ebp.org.br\/sp\/wp-json\/wp\/v2\/pages\/5440\/revisions\/10043"}],"up":[{"embeddable":true,"href":"https:\/\/ebp.org.br\/sp\/wp-json\/wp\/v2\/pages\/1505"}],"wp:attachment":[{"href":"https:\/\/ebp.org.br\/sp\/wp-json\/wp\/v2\/media?parent=5440"}],"curies":[{"name":"wp","href":"https:\/\/api.w.org\/{rel}","templated":true}]}}