{"id":4619,"date":"2020-08-12T18:40:17","date_gmt":"2020-08-12T21:40:17","guid":{"rendered":"http:\/\/ebp.org.br\/sp\/?page_id=4619"},"modified":"2020-08-12T18:40:17","modified_gmt":"2020-08-12T21:40:17","slug":"notas-sobre-carteis","status":"publish","type":"page","link":"https:\/\/ebp.org.br\/sp\/jornadas\/jornadas-fora-se-serie-subversoes\/notas-sobre-carteis\/","title":{"rendered":"Jornadas (Fora da s\u00e9rie) \u2013 Notas sobre Cart\u00e9is"},"content":{"rendered":"<section class=\"wpb-content-wrapper\">[vc_row][vc_column][vc_single_image image=&#8221;4375&#8243; img_size=&#8221;large&#8221; alignment=&#8221;center&#8221; onclick=&#8221;custom_link&#8221; link=&#8221;http:\/\/ebp.org.br\/sp\/jornadas\/ix-jornadas\/apresentacao-ix-jornadas\/&#8221;][vc_column_text]<span style=\"color: #3366ff;\"><strong>Sobre os Cart\u00e9is em torno das Jornadas EBP-SP 2020<\/strong><\/span><\/p>\n<figure id=\"attachment_4462\" aria-describedby=\"caption-attachment-4462\" style=\"width: 200px\" class=\"wp-caption alignright\"><img loading=\"lazy\" decoding=\"async\" class=\"wp-image-4462 size-full\" src=\"https:\/\/ebp.org.br\/new\/sp\/wp-content\/uploads\/2020\/07\/boletim_fora_da_serie_001_carteis-1.jpg\" alt=\"\" width=\"200\" height=\"200\" srcset=\"https:\/\/ebp.org.br\/sp\/wp-content\/uploads\/2020\/07\/boletim_fora_da_serie_001_carteis-1.jpg 200w, https:\/\/ebp.org.br\/sp\/wp-content\/uploads\/2020\/07\/boletim_fora_da_serie_001_carteis-1-150x150.jpg 150w\" sizes=\"auto, (max-width: 200px) 100vw, 200px\" \/><figcaption id=\"caption-attachment-4462\" class=\"wp-caption-text\">Imagem: Pixabay<\/figcaption><\/figure>\n<p>O dispositivo de cartel em psican\u00e1lise \u00e9, desde sua cria\u00e7\u00e3o, uma\u00a0subvers\u00e3o\u00a0na\u00a0l\u00f3gica do funcionamento dos\u00a0pequenos\u00a0grupos. Nada mais apropriado do que esta maneira de trabalhar\u00a0 para se engajar\u00a0no tema de nossas Jornadas\u00a0fora da s\u00e9rie.<\/p>\n<p>O componente real impl\u00edcito no funcionamento do cartel, pela sua pr\u00f3pria estrutura e pela fun\u00e7\u00e3o do &#8220;mais-um&#8221;, possibilita um movimento e um la\u00e7o de trabalho que sustenta de modo vivo a causa anal\u00edtica.<\/p>\n<p>Em torno de um tema pr\u00e9-definido, os cart\u00e9is chamados de\u00a0fulgurantes\u00a0provocam a investiga\u00e7\u00e3o de cada um de seus integrantes e s\u00e3o um meio facilitador de uma produ\u00e7\u00e3o que, embora passe pelo coletivo, comporta o singular de cada um.<\/p>\n<p>As vers\u00f5es dessas Jornadas 2020 da EBP-SP propostas pela Comiss\u00e3o de Orienta\u00e7\u00e3o s\u00e3o norteadoras do trabalho a ser desenvolvido por todos os interessados. Trazem uma primeira organiza\u00e7\u00e3o dos eixos fundamentais que ir\u00e3o compor esta temporada de estudo.<\/p>\n<p>Para formar seu cartel fulgurante em torno desse tema &#8211; Subvers\u00f5es &#8211; cada um pode buscar seus colegas de trabalho ou se dirigir \u00e0 nossa Comiss\u00e3o de Cart\u00e9is pelo e-mail abaixo, preferencialmente com um eixo escolhido. Tentaremos operar como facilitadores na composi\u00e7\u00e3o de seu grupo, futuro cartel, cujo &#8220;mais-um&#8221; ser\u00e1 de escolha dos integrantes de cada cartel.<\/p>\n<p>Aguardamos o entusiasmo de cada um para que possamos juntos nos lan\u00e7ar mais uma vez na experi\u00eancia, que dessa vez ter\u00e1 o formato inusitado do exclusivamente virtual, respeitando nossa posi\u00e7\u00e3o pol\u00edtica e social e, ao mesmo tempo, que nossa \u00e9tica diante da investiga\u00e7\u00e3o anal\u00edtica permanente .<\/p>\n<h6>email: cartelebpsp2019@gmail.com<\/h6>\n<h6>Marilsa Basso (EBP\/AMP)<br \/>\nDiretora de Interc\u00e2mbio e Cart\u00e9is<\/h6>\n[\/vc_column_text][\/vc_column][\/vc_row]\n<\/section>","protected":false},"excerpt":{"rendered":"<p>[vc_row][vc_column][vc_single_image image=&#8221;4375&#8243; img_size=&#8221;large&#8221; alignment=&#8221;center&#8221; onclick=&#8221;custom_link&#8221; link=&#8221;http:\/\/ebp.org.br\/sp\/jornadas\/ix-jornadas\/apresentacao-ix-jornadas\/&#8221;][vc_column_text]Sobre os Cart\u00e9is em torno das Jornadas EBP-SP 2020 O dispositivo de cartel em psican\u00e1lise \u00e9, desde sua cria\u00e7\u00e3o, uma\u00a0subvers\u00e3o\u00a0na\u00a0l\u00f3gica do funcionamento dos\u00a0pequenos\u00a0grupos. Nada mais apropriado do que esta maneira de trabalhar\u00a0 para se engajar\u00a0no tema de nossas Jornadas\u00a0fora da s\u00e9rie. O componente real impl\u00edcito no funcionamento do cartel, pela&hellip;<\/p>\n","protected":false},"author":1,"featured_media":0,"parent":4377,"menu_order":0,"comment_status":"closed","ping_status":"closed","template":"","meta":{"footnotes":""},"class_list":["post-4619","page","type-page","status-publish","hentry","entry","no-media"],"aioseo_notices":[],"_links":{"self":[{"href":"https:\/\/ebp.org.br\/sp\/wp-json\/wp\/v2\/pages\/4619","targetHints":{"allow":["GET"]}}],"collection":[{"href":"https:\/\/ebp.org.br\/sp\/wp-json\/wp\/v2\/pages"}],"about":[{"href":"https:\/\/ebp.org.br\/sp\/wp-json\/wp\/v2\/types\/page"}],"author":[{"embeddable":true,"href":"https:\/\/ebp.org.br\/sp\/wp-json\/wp\/v2\/users\/1"}],"replies":[{"embeddable":true,"href":"https:\/\/ebp.org.br\/sp\/wp-json\/wp\/v2\/comments?post=4619"}],"version-history":[{"count":0,"href":"https:\/\/ebp.org.br\/sp\/wp-json\/wp\/v2\/pages\/4619\/revisions"}],"up":[{"embeddable":true,"href":"https:\/\/ebp.org.br\/sp\/wp-json\/wp\/v2\/pages\/4377"}],"wp:attachment":[{"href":"https:\/\/ebp.org.br\/sp\/wp-json\/wp\/v2\/media?parent=4619"}],"curies":[{"name":"wp","href":"https:\/\/api.w.org\/{rel}","templated":true}]}}