{"id":4425,"date":"2020-07-27T17:51:23","date_gmt":"2020-07-27T20:51:23","guid":{"rendered":"http:\/\/ebp.org.br\/sp\/?page_id=4425"},"modified":"2020-07-27T17:51:23","modified_gmt":"2020-07-27T20:51:23","slug":"jornadas-fora-se-serie-inscricoes","status":"publish","type":"page","link":"https:\/\/ebp.org.br\/sp\/jornadas\/jornadas-fora-se-serie-subversoes\/jornadas-fora-se-serie-inscricoes\/","title":{"rendered":"Jornadas (Fora da s\u00e9rie) \u2013 Inscri\u00e7\u00f5es"},"content":{"rendered":"<section class=\"wpb-content-wrapper\">[vc_row][vc_column][vc_single_image image=&#8221;4375&#8243; img_size=&#8221;large&#8221; alignment=&#8221;center&#8221; onclick=&#8221;custom_link&#8221; link=&#8221;http:\/\/ebp.org.br\/sp\/jornadas\/ix-jornadas\/apresentacao-ix-jornadas\/&#8221;][vc_column_text]\n<h3><span style=\"color: #3366ff;\"><strong>INSCRI\u00c7\u00d5ES JORNADAS (FORA DA S\u00c9RIE) EBP\u2013SP: \u201cSUBVERS\u00d5ES\u201d<\/strong><\/span><\/h3>\n<p>Passo-a-passo de como se inscrever:<\/p>\n<figure id=\"attachment_4477\" aria-describedby=\"caption-attachment-4477\" style=\"width: 200px\" class=\"wp-caption alignright\"><img loading=\"lazy\" decoding=\"async\" class=\"wp-image-4477 size-full\" src=\"http:\/\/ebp.org.br\/sp\/wp-content\/uploads\/2020\/07\/boletim_fora_da_serie_001_mini_inscricoes.png\" alt=\"\" width=\"200\" height=\"200\" \/><figcaption id=\"caption-attachment-4477\" class=\"wp-caption-text\">Imagem: Pixabay<\/figcaption><\/figure>\n<p><strong><span style=\"color: #3366ff;\"><em>Passo 1:<\/em><\/span><\/strong><\/p>\n<p>Deposite o valor de R$ 150,00 (cento e cinquenta reais) em:<\/p>\n<ul>\n<li>Escola Brasileira de Psican\u00e1lise \u2013 SP<\/li>\n<li>Banco Ita\u00fa<\/li>\n<li>Ag\u00eancia: 0188<\/li>\n<li>Conta corrente: 65666-4<\/li>\n<li>CNPJ: 02.252.068\/0001-93<\/li>\n<\/ul>\n<p>Obs.: valor \u00fanico para todas as categorias (membros da EBP, profissionais e estudantes), n\u00e3o parcel\u00e1vel e independente da data de inscri\u00e7\u00e3o.<\/p>\n<p><strong><span style=\"color: #3366ff;\"><em>Passo 2:<\/em><\/span><\/strong><\/p>\n<p>Envie o comprovante de dep\u00f3sito, seu nome completo e e-mail para o contato da secretaria: jornadas.ebpsp@gmail.com<\/p>\n<p><strong><span style=\"color: #3366ff;\"><em>Passo 3:<\/em><\/span><\/strong><\/p>\n<p>Voc\u00ea receber\u00e1 em at\u00e9 7 dias a confirma\u00e7\u00e3o de pagamento. No dia de cada atividade, voc\u00ea receber\u00e1 o link (Zoom) atrav\u00e9s do e-mail enviado.<\/p>\n<p>ATEN\u00c7\u00c3O: para garantir a participa\u00e7\u00e3o em todas as atividades, recomenda-se fazer a inscri\u00e7\u00e3o com anteced\u00eancia, uma vez que a confirma\u00e7\u00e3o est\u00e1 sujeita \u00e0 verifica\u00e7\u00e3o do valor depositado, o que pode levar alguns dias.<\/p>\n<p><span style=\"color: #3366ff;\"><strong><em>Passo 4:<\/em><\/strong><\/span><\/p>\n<p>As atividades acontecer\u00e3o sempre pela plataforma Zoom. No dia de cada atividade, voc\u00ea receber\u00e1 um novo link por e-mail uma hora antes. Este \u00e9 individual e intransfer\u00edvel.<\/p>\n<p>Ao acessar o link, \u00e9 importante identificar-se com o nome completo para ser aceito pelo anfitri\u00e3o. Recomenda-se instalar e configurar o Zoom para evitar atrasos no dia.<\/p>\n<p>Boas Jornadas![\/vc_column_text][\/vc_column][\/vc_row]\n<\/section>","protected":false},"excerpt":{"rendered":"<p>[vc_row][vc_column][vc_single_image image=&#8221;4375&#8243; img_size=&#8221;large&#8221; alignment=&#8221;center&#8221; onclick=&#8221;custom_link&#8221; link=&#8221;http:\/\/ebp.org.br\/sp\/jornadas\/ix-jornadas\/apresentacao-ix-jornadas\/&#8221;][vc_column_text] INSCRI\u00c7\u00d5ES JORNADAS (FORA DA S\u00c9RIE) EBP\u2013SP: \u201cSUBVERS\u00d5ES\u201d Passo-a-passo de como se inscrever: Passo 1: Deposite o valor de R$ 150,00 (cento e cinquenta reais) em: Escola Brasileira de Psican\u00e1lise \u2013 SP Banco Ita\u00fa Ag\u00eancia: 0188 Conta corrente: 65666-4 CNPJ: 02.252.068\/0001-93 Obs.: valor \u00fanico para todas as categorias (membros da&hellip;<\/p>\n","protected":false},"author":1,"featured_media":0,"parent":4377,"menu_order":0,"comment_status":"closed","ping_status":"closed","template":"","meta":{"footnotes":""},"class_list":["post-4425","page","type-page","status-publish","hentry","entry","no-media"],"aioseo_notices":[],"_links":{"self":[{"href":"https:\/\/ebp.org.br\/sp\/wp-json\/wp\/v2\/pages\/4425","targetHints":{"allow":["GET"]}}],"collection":[{"href":"https:\/\/ebp.org.br\/sp\/wp-json\/wp\/v2\/pages"}],"about":[{"href":"https:\/\/ebp.org.br\/sp\/wp-json\/wp\/v2\/types\/page"}],"author":[{"embeddable":true,"href":"https:\/\/ebp.org.br\/sp\/wp-json\/wp\/v2\/users\/1"}],"replies":[{"embeddable":true,"href":"https:\/\/ebp.org.br\/sp\/wp-json\/wp\/v2\/comments?post=4425"}],"version-history":[{"count":0,"href":"https:\/\/ebp.org.br\/sp\/wp-json\/wp\/v2\/pages\/4425\/revisions"}],"up":[{"embeddable":true,"href":"https:\/\/ebp.org.br\/sp\/wp-json\/wp\/v2\/pages\/4377"}],"wp:attachment":[{"href":"https:\/\/ebp.org.br\/sp\/wp-json\/wp\/v2\/media?parent=4425"}],"curies":[{"name":"wp","href":"https:\/\/api.w.org\/{rel}","templated":true}]}}