{"id":4421,"date":"2020-07-27T17:46:01","date_gmt":"2020-07-27T20:46:01","guid":{"rendered":"http:\/\/ebp.org.br\/sp\/?page_id=4421"},"modified":"2020-07-27T17:46:01","modified_gmt":"2020-07-27T20:46:01","slug":"jornadas-fora-se-serie-envio-de-trabalhos","status":"publish","type":"page","link":"https:\/\/ebp.org.br\/sp\/jornadas\/jornadas-fora-se-serie-subversoes\/jornadas-fora-se-serie-envio-de-trabalhos\/","title":{"rendered":"Jornadas (Fora da s\u00e9rie) \u2013 Envio de trabalhos"},"content":{"rendered":"<section class=\"wpb-content-wrapper\">[vc_row][vc_column][vc_single_image image=&#8221;4375&#8243; img_size=&#8221;large&#8221; alignment=&#8221;center&#8221; onclick=&#8221;custom_link&#8221; link=&#8221;http:\/\/ebp.org.br\/sp\/jornadas\/ix-jornadas\/apresentacao-ix-jornadas\/&#8221;][vc_column_text]\n<h3><span style=\"color: #3366ff;\"><strong>ORIENTA\u00c7\u00d5ES PARA ENVIO DE TRABALHOS E VERS\u00d5ES DO TEMA<\/strong><\/span><\/h3>\n<p><span style=\"color: #3366ff;\"><strong>Data limite para envio dos trabalhos: 25 de outubro de 2020.<\/strong><\/span><\/p>\n<figure id=\"attachment_4400\" aria-describedby=\"caption-attachment-4400\" style=\"width: 200px\" class=\"wp-caption alignright\"><img loading=\"lazy\" decoding=\"async\" class=\"size-full wp-image-4400\" src=\"http:\/\/ebp.org.br\/sp\/wp-content\/uploads\/2020\/07\/boletim-fora_de_serie_001_004.png\" alt=\"\" width=\"200\" height=\"200\" \/><figcaption id=\"caption-attachment-4400\" class=\"wp-caption-text\">Imagem: Instagram @brocarles<\/figcaption><\/figure>\n<p>Por se tratar de uma Jornada que ocorrer\u00e1 no meio virtual, n\u00e3o ser\u00e1 poss\u00edvel acolher textos que versem sobre casos cl\u00ednicos, exce\u00e7\u00e3o feita a casos cl\u00ednicos publicados.<\/p>\n<p>Os textos devem ter, no m\u00e1ximo, 6000 caracteres (com refer\u00eancias e espa\u00e7os), escritos em Times New Roman 12. Colocar no Cabe\u00e7alho a Vers\u00e3o do Tema escolhida.<\/p>\n<p>Os textos devem ser enviados em formato Word, colocando como assunto: Jornadas EBP-SP 2020 (Fora da S\u00e9rie) \u2013 Subvers\u00f5es, e o nome do autor. Enviar para: <a href=\"mailto:paolasalinas11@yahoo.com.br\">paolasalinas11@yahoo.com.br<\/a> e <a href=\"mailto:danielacbaffonso@uol.com.br\">danielacbaffonso@uol.com.br<\/a><\/p>\n<p>Para que o trabalho seja recebido \u00e9 necess\u00e1rio estar inscrito nas Jornadas.<\/p>\n<p><span style=\"color: #3366ff;\"><strong>Vers\u00f5es do Tema:<\/strong><\/span><\/p>\n<ol>\n<li>Teoria psicanal\u00edtica: sujeito do inconsciente, puls\u00e3o e gozo.<\/li>\n<li>Ato, interpreta\u00e7\u00e3o e desejo do analista.<\/li>\n<li>\u201cO Inconsciente \u00e9 a pol\u00edtica\u201d.<\/li>\n<li>O feminino e as subvers\u00f5es.<\/li>\n<\/ol>\n[\/vc_column_text][\/vc_column][\/vc_row][vc_row][vc_column][vc_separator border_width=&#8221;3&#8243;][vc_column_text]\n<h3><span style=\"color: #0000ff;\"><strong>CHAMADA \u00c0 ESCRITA<\/strong><\/span><\/h3>\n<h6>Paola Salinas<br \/>\n<em>Coordenadora da Comiss\u00e3o de Orienta\u00e7\u00e3o das Jornadas Subvers\u00f5es (Fora da S\u00e9rie) &#8211; EBP-SP<\/em><\/h6>\n<p>Encerraremos o trabalho destas jornadas nas Mesas Simult\u00e2neas, onde esperamos escutar as elabora\u00e7\u00f5es, quest\u00f5es e avan\u00e7os de cada um que correr o risco de colocar sua palavra.<\/p>\n<p>Esta produ\u00e7\u00e3o pode ser a escrita decantada no decorrer dos encontros que j\u00e1 ocorreram nesta jornada, com os textos publicados nos Boletins, com as P\u00edlulas de Subvers\u00e3o, e a partir da participa\u00e7\u00e3o em cart\u00e9is que tem trabalhado o tema.<\/p>\n<p>Dentro das quatro perspectivas definidas, o que cada um pensa ser uma subvers\u00e3o poss\u00edvel ou mesmo desej\u00e1vel?<\/p>\n<p><a href=\"https:\/\/ebp.org.br\/sp\/subversoes-escritas-aguardadas\/\" target=\"_blank\" rel=\"noopener\">Leia +<\/a>[\/vc_column_text][\/vc_column][\/vc_row]\n<\/section>","protected":false},"excerpt":{"rendered":"<p>[vc_row][vc_column][vc_single_image image=&#8221;4375&#8243; img_size=&#8221;large&#8221; alignment=&#8221;center&#8221; onclick=&#8221;custom_link&#8221; link=&#8221;http:\/\/ebp.org.br\/sp\/jornadas\/ix-jornadas\/apresentacao-ix-jornadas\/&#8221;][vc_column_text] ORIENTA\u00c7\u00d5ES PARA ENVIO DE TRABALHOS E VERS\u00d5ES DO TEMA Data limite para envio dos trabalhos: 25 de outubro de 2020. Por se tratar de uma Jornada que ocorrer\u00e1 no meio virtual, n\u00e3o ser\u00e1 poss\u00edvel acolher textos que versem sobre casos cl\u00ednicos, exce\u00e7\u00e3o feita a casos cl\u00ednicos publicados. Os textos&hellip;<\/p>\n","protected":false},"author":1,"featured_media":0,"parent":4377,"menu_order":0,"comment_status":"closed","ping_status":"closed","template":"","meta":{"footnotes":""},"class_list":["post-4421","page","type-page","status-publish","hentry","entry","no-media"],"aioseo_notices":[],"_links":{"self":[{"href":"https:\/\/ebp.org.br\/sp\/wp-json\/wp\/v2\/pages\/4421","targetHints":{"allow":["GET"]}}],"collection":[{"href":"https:\/\/ebp.org.br\/sp\/wp-json\/wp\/v2\/pages"}],"about":[{"href":"https:\/\/ebp.org.br\/sp\/wp-json\/wp\/v2\/types\/page"}],"author":[{"embeddable":true,"href":"https:\/\/ebp.org.br\/sp\/wp-json\/wp\/v2\/users\/1"}],"replies":[{"embeddable":true,"href":"https:\/\/ebp.org.br\/sp\/wp-json\/wp\/v2\/comments?post=4421"}],"version-history":[{"count":0,"href":"https:\/\/ebp.org.br\/sp\/wp-json\/wp\/v2\/pages\/4421\/revisions"}],"up":[{"embeddable":true,"href":"https:\/\/ebp.org.br\/sp\/wp-json\/wp\/v2\/pages\/4377"}],"wp:attachment":[{"href":"https:\/\/ebp.org.br\/sp\/wp-json\/wp\/v2\/media?parent=4421"}],"curies":[{"name":"wp","href":"https:\/\/api.w.org\/{rel}","templated":true}]}}