{"id":4417,"date":"2020-07-27T17:36:08","date_gmt":"2020-07-27T20:36:08","guid":{"rendered":"http:\/\/ebp.org.br\/sp\/?page_id=4417"},"modified":"2020-07-27T17:36:08","modified_gmt":"2020-07-27T20:36:08","slug":"jornadas-fora-se-serie-programa","status":"publish","type":"page","link":"https:\/\/ebp.org.br\/sp\/jornadas\/jornadas-fora-se-serie-subversoes\/jornadas-fora-se-serie-programa\/","title":{"rendered":"Jornadas (Fora da s\u00e9rie) \u2013 Programa"},"content":{"rendered":"<section class=\"wpb-content-wrapper\">[vc_row][vc_column][vc_single_image image=&#8221;4375&#8243; img_size=&#8221;large&#8221; alignment=&#8221;center&#8221; onclick=&#8221;custom_link&#8221; link=&#8221;http:\/\/ebp.org.br\/sp\/jornadas\/ix-jornadas\/apresentacao-ix-jornadas\/&#8221;][vc_column_text]\n<h3><span style=\"color: #3366ff;\"><strong>PROGRAMA JORNADAS EBP-SP 2020 <\/strong><strong>(FORA DA S<\/strong><strong>\u00c9<\/strong><strong>RIE) <\/strong><strong>\u201cSUBVERS\u00d5<\/strong><strong>ES<\/strong><strong>\u201d<\/strong><\/span><\/h3>\n<p><span style=\"color: #3366ff;\">26\/08\/2020 <strong>PONTUA<\/strong><strong>\u00c7\u00d5ES DA SUBVERS\u00c3<\/strong><strong>O 1<\/strong><\/span><\/p>\n<figure id=\"attachment_4472\" aria-describedby=\"caption-attachment-4472\" style=\"width: 200px\" class=\"wp-caption alignright\"><img loading=\"lazy\" decoding=\"async\" class=\"wp-image-4472 size-full\" src=\"http:\/\/ebp.org.br\/sp\/wp-content\/uploads\/2020\/07\/boletim_fora_da_serie_001_mini_programa.jpg\" alt=\"\" width=\"200\" height=\"200\" \/><figcaption id=\"caption-attachment-4472\" class=\"wp-caption-text\">Imagem: Pixabay<\/figcaption><\/figure>\n<p><strong>Apresenta<\/strong><strong>\u00e7\u00e3<\/strong><strong>o<\/strong>:<\/p>\n<ul>\n<li>Camila Popadiuk (Associada ao Clin-a)<\/li>\n<li>Fabiola Ramon (EBP\/AMP)<\/li>\n<li>Ros\u00e2ngela Santos (EBP\/AMP)<\/li>\n<li>Alessandra Sartorello Pecego (EBP\/AMP)<\/li>\n<\/ul>\n<p><strong>Coordena<\/strong><strong>\u00e7\u00e3<\/strong><strong>o: <\/strong>Cristiana Gallo (EBP\/AMP)<\/p>\n<p><strong>Debate<\/strong>: Luiz Fernando Carrijo da Cunha (AME, membro da EBP\/AMP)<\/p>\n<hr \/>\n<p><span style=\"color: #3366ff;\">02\/09\/2020 <strong>PONTUA<\/strong><strong>\u00c7\u00d5ES DA SUBVERS\u00c3<\/strong><strong>O 2<\/strong><\/span><\/p>\n<p><strong>Apresenta<\/strong><strong>\u00e7\u00e3<\/strong><strong>o<\/strong>:<\/p>\n<ul>\n<li>Raquel Degenszajn (Associada ao Clin-a)<\/li>\n<li>Gustavo Menezes (EBP\/AMP)<\/li>\n<li>Jovita Lima (Associada ao Clin-a)<\/li>\n<li>Ros\u00e2ngela Turim (Associada \u00e0 CLIPP)<\/li>\n<\/ul>\n<p><strong>Coordena<\/strong><strong>\u00e7\u00e3<\/strong><strong>o<\/strong>: Fernando Prota (EBP\/AMP)<\/p>\n<p><strong>Debate<\/strong>: Eliane Costa Dias (EBP\/AMP)<\/p>\n<hr \/>\n<p><span style=\"color: #3366ff;\">23\/09\/2020 \u201c<strong>SUBVERS\u00c3O DO SUJEITO&#8230;\u201d \u2013 <\/strong><strong>DISCIPLINA DO COMENT<\/strong><strong>\u00c1RIO<\/strong><\/span><\/p>\n<ul>\n<li><strong>Apresenta<\/strong><strong>\u00e7\u00e3<\/strong><strong>o<\/strong>: S\u00e9rgio Laia (AME, membro da EBP\/AMP)<\/li>\n<li><strong>Coordena\u00e7\u00e3o<\/strong>: Milena Vicari Crastelo (EBP\/AMP)<\/li>\n<li><strong>Debate<\/strong>: Maria do Carmo Dias Batista (AME, membro da EBP\/AMP)<\/li>\n<\/ul>\n<hr \/>\n<p><span style=\"color: #3366ff;\">30\/09\/2020 <strong>LITERATURA, POL\u00cdTICA E SUBVERS\u00c3O \u2013 A OBRA DE LIMA BARRETO<\/strong><\/span><\/p>\n<ul>\n<li><strong>Apresenta<\/strong><strong>\u00e7\u00e3<\/strong><strong>o<\/strong>: Ricardo Souza de Carvalho (Professor de Literatura Brasileira da USP)<\/li>\n<li><strong>Interlocu\u00e7\u00e3o<\/strong>: Teresinha Natal Meirelles do Prado (EBP\/AMP) e Lucila Darrigo (EBP\/AMP)<\/li>\n<\/ul>\n<hr \/>\n<p><span style=\"color: #3366ff;\">14\/10\/2020 <strong>A POSI\u00c7\u00c3<\/strong><strong>O SUBVERSIVA DO ANALISTA NA <\/strong><strong>\u00c9<\/strong><strong>POCA<\/strong><\/span><\/p>\n<ul>\n<li><strong>Apresenta<\/strong><strong>\u00e7\u00e3<\/strong><strong>o<\/strong>: Clara Maria Holguin (AME, membro da NEL\/AMP)<\/li>\n<li><strong>Coordena<\/strong><strong>\u00e7\u00e3<\/strong><strong>o<\/strong>: Val\u00e9ria Ferranti (EBP\/AMP)<\/li>\n<li><strong>Debate<\/strong>: Angelina Harari (Presidente da AMP; AME, membro da EBP\/AMP)<\/li>\n<\/ul>\n<hr \/>\n<p><span style=\"color: #3366ff;\">28\/10\/2020 <strong>ARTE, POL\u00cdTICA E SUBVERS\u00c3O<\/strong><\/span><\/p>\n<ul>\n<li><strong>Apresenta<\/strong><strong>\u00e7\u00e3<\/strong><strong>o<\/strong>: Rosana Paulino (Artista Visual, Pesquisadora e Educadora)<\/li>\n<li><strong>Interlocu\u00e7\u00e3o: <\/strong>Niraldo de Oliveira Santos (EBP\/AMP) e Patr\u00edcia Badari (EBP\/AMP)<\/li>\n<\/ul>\n<hr \/>\n<p><span style=\"color: #3366ff;\">11\/11\/2020 <strong>A SUBVERS\u00c3O DO DESEJO DO ANALISTA<\/strong><strong><br \/>\nFazer existir a psican\u00e1lise na \u00e9poca neoliberal<\/strong><\/span><\/p>\n<ul>\n<li><strong>Apresenta<\/strong><strong>\u00e7\u00e3<\/strong><strong>o<\/strong>: An\u00edbal Leserre (AME, membro da EOL\/AMP)<\/li>\n<li><strong>Coordena<\/strong><strong>\u00e7\u00e3<\/strong><strong>o: <\/strong>Val\u00e9ria Ferranti (EBP\/AMP)<\/li>\n<li><strong>Debate: <\/strong>Daniela de Camargo Barros Affonso (EBP\/AMP)<\/li>\n<\/ul>\n<hr \/>\n<p><span style=\"color: #3366ff;\">28\/11\/2020 (s\u00e1bado) \u2013<strong>MESAS SIMULT\u00c2NEAS E ENCERRAMENTO<\/strong><\/span><\/p>\n<p><strong><span style=\"color: #3366ff;\">Sala A<\/span><\/strong><\/p>\n<ul>\n<li><span style=\"color: #000080;\">MESA 1A &#8211; <strong>O FEMININO<br \/>\n<\/strong><\/span><strong>9:00 \u2013 10:30 &#8211; <\/strong>Coordena\u00e7\u00e3o e coment\u00e1rios: MARIA JOSEFINA SOTA FUENTES<\/p>\n<ul>\n<li style=\"list-style-type: none;\">\n<ul>\n<li style=\"list-style-type: none;\">\n<ul>\n<li>O n\u00e3o binarismo de g\u00eanero \u00e9 subversivo? &#8211; EDUARDO VALLEJOS<\/li>\n<li>Feminino entre subvers\u00e3o e o (im)poss\u00edvel a suportar &#8211; CLARA OTTONI<\/li>\n<li>Subversivo e desvirilizante &#8211; CYNTHIA GINDRO<\/li>\n<li>Subverter o feminino na mulher \u00e9 encontrar-se Uma? &#8211; NAT\u00c1LIA CASSIM<\/li>\n<\/ul>\n<\/li>\n<\/ul>\n<\/li>\n<\/ul>\n<\/li>\n<li><span style=\"color: #333399;\">MESA 2A &#8211; <strong>A SUBVERS\u00c3O \u00c9 DO SUJEITO<br \/>\n<\/strong><\/span><strong>10:45 \u2013 12:00 &#8211; <\/strong>Coordena\u00e7\u00e3o e coment\u00e1rios: ALESSANDRA PECEGO<\/p>\n<ul>\n<li style=\"list-style-type: none;\">\n<ul>\n<li style=\"list-style-type: none;\">\n<ul>\n<li>Uma psican\u00e1lise no asfalto &#8211; MARCELA MAGALH\u00c3ES<\/li>\n<li>Institui\u00e7\u00e3o, Ato e Escola &#8211; ANDRESSA CONT\u00d3 LUZ<\/li>\n<li>A subvers\u00e3o da psican\u00e1lise em um servi\u00e7o de atendimento \u00e0 popula\u00e7\u00e3o Trans &#8211; ANNA ROG\u00c9RIA NASCIMENTO DE OLIVEIRA<\/li>\n<\/ul>\n<\/li>\n<\/ul>\n<\/li>\n<\/ul>\n<\/li>\n<li><span style=\"color: #333399;\">MESA 3A &#8211; <strong>\u00c9POCA<br \/>\n<\/strong><\/span><strong>12:15 \u2013 13:30 &#8211; <\/strong>Coordena\u00e7\u00e3o e coment\u00e1rios: C\u00c1SSIA GUARDADO<\/p>\n<ul>\n<li style=\"list-style-type: none;\">\n<ul>\n<li style=\"list-style-type: none;\">\n<ul>\n<li>Os fragmentos de uma revolu\u00e7\u00e3o: sobre Junho de 2013, subvers\u00f5es e segrega\u00e7\u00f5es &#8211; ANTONIO ALBERTO PEIXOTO DE ALMEIDA<\/li>\n<li>Voc\u00ea chegou mesmo a viver? Ou paradoxo e hipermodernidade &#8211; JO\u00c3O LUCAS ZANCHI<\/li>\n<li>A pol\u00edtica \u00e9 a pol\u00edtica do sinthoma? &#8211; DANIELLE OMINE<\/li>\n<\/ul>\n<\/li>\n<\/ul>\n<\/li>\n<\/ul>\n<\/li>\n<\/ul>\n<p><span style=\"color: #3366ff;\"><strong>Sala B<\/strong><\/span><\/p>\n<ul>\n<li>MESA 1B &#8211; <strong style=\"color: #333399;\">DESEJO DO ANALISTA<br \/>\n<\/strong><strong>9:00 \u2013 10:30 &#8211; <\/strong>Coordena\u00e7\u00e3o e coment\u00e1rios: VERIDIANA MARUCIO<\/li>\n<\/ul>\n<ul>\n<li style=\"list-style-type: none;\">\n<ul>\n<li style=\"list-style-type: none;\">\n<ul>\n<li style=\"list-style-type: none;\">\n<ul>\n<li>O bicho, meu Deus, era um homem &#8211; WAGNER ARAKAWA<\/li>\n<li>Uma subvers\u00e3o da l\u00f3gica do universal atrav\u00e9s da singularidade do sujeito &#8211; MARIA VERIDIANA S. PAES DE BARROS<\/li>\n<li>Desejo do analista e o analista no lugar de dejeto &#8211; CAMILA COL\u00c1S SABINO DE FREITAS<\/li>\n<li>Servir-se da palavra na cidade em tempos de segrega\u00e7\u00e3o &#8211; EMELICE PRADO BAGNOLA<\/li>\n<\/ul>\n<\/li>\n<\/ul>\n<\/li>\n<\/ul>\n<\/li>\n<li><span style=\"color: #333399;\">MESA 2B &#8211; <strong>PR\u00c1XIS SUBVERSIVA<br \/>\n<\/strong><\/span><strong>10:45 \u2013 12:00 &#8211; <\/strong>Coordena\u00e7\u00e3o e coment\u00e1rios: HELOISA PRADO TELLES<\/p>\n<ul>\n<li style=\"list-style-type: none;\">\n<ul>\n<li style=\"list-style-type: none;\">\n<ul>\n<li>Autismos: subvers\u00e3o da cl\u00ednica psicanal\u00edtica? &#8211; TATIANA VIDOTTI<\/li>\n<li>Considera\u00e7\u00f5es acerca da anorexia &#8211; CAMILLE GAVIOLI<\/li>\n<li>Com Dora. Subvers\u00e3o em tr\u00eas tempos &#8211; FERNANDA TURBAT<\/li>\n<\/ul>\n<\/li>\n<\/ul>\n<\/li>\n<\/ul>\n<\/li>\n<li><span style=\"color: #333399;\">MESA 3B &#8211; <strong>LA\u00c7OS<br \/>\n<\/strong><\/span><strong>12:15 \u2013 13:30 &#8211; <\/strong>Coordena\u00e7\u00e3o e coment\u00e1rios: SANDRA GROSTEIN<\/p>\n<ul>\n<li style=\"list-style-type: none;\">\n<ul>\n<li style=\"list-style-type: none;\">\n<ul>\n<li>Webversiva &#8211; FELIPE ORTOLANI<\/li>\n<li>Do sintoma ao sinthoma: o que cabe ao analista quanto \u00e0 intoler\u00e2ncia nas redes? &#8211; SA\u00da PEREIRA TAVARES DE OLIVEIRA<\/li>\n<li>Os dias virtuosos s\u00f3 cantam o canto do mal-estar &#8211; MIRMILLA MUSSE<\/li>\n<\/ul>\n<\/li>\n<\/ul>\n<\/li>\n<\/ul>\n<\/li>\n<\/ul>\n<p><span style=\"color: #3366ff;\"><strong>Mesa C<\/strong><\/span><\/p>\n<ul>\n<li><span style=\"color: #333399;\">MESA 1C &#8211; <strong>NEOLIBERALISMO, DEMOCRACIA, PSICAN\u00c1LISE<br \/>\n<\/strong><\/span><strong>9:00 \u2013 10:30 &#8211; <\/strong>Coordena\u00e7\u00e3o e coment\u00e1rios: DANIELA DE CAMARGO BARROS AFFONSO<\/p>\n<ul>\n<li style=\"list-style-type: none;\">\n<ul>\n<li style=\"list-style-type: none;\">\n<ul>\n<li>Neoliberalismo e \u201co inconsciente \u00e9 a pol\u00edtica\u201d, um in\u00edcio de conversa &#8211; DIVA RUBIN PARENTONI<\/li>\n<li>Psican\u00e1lise e pol\u00edtica em terras Brazilis &#8211; RUBENS ANT\u00d4NIO FOGASSI BERLITZ<\/li>\n<li>Entre her\u00f3is, desavergonhados e Rainhas &#8211; MAGNO AZEVEDO<\/li>\n<li>O inconsciente \u00e9 a subvers\u00e3o da pol\u00edtica &#8211; ESTANISLAU ALVES DA SILVA FILHO<\/li>\n<\/ul>\n<\/li>\n<\/ul>\n<\/li>\n<\/ul>\n<\/li>\n<li><span style=\"color: #333399;\">MESA 2C &#8211; <strong>ENTRE DISCURSOS<br \/>\n<\/strong><\/span><strong>10:45 \u2013 12:00 &#8211; <\/strong>Coordena\u00e7\u00e3o e coment\u00e1rios: PAOLA SALINAS<\/p>\n<ul>\n<li style=\"list-style-type: none;\">\n<ul>\n<li style=\"list-style-type: none;\">\n<ul>\n<li>Lacan com Agamben: o inconsciente freudiano e o nosso, contempor\u00e2neos &#8211; FABR\u00cdCIO DONIZETE DA COSTA<\/li>\n<li>Subvers\u00f5es de um quadro &#8211; RODRIGO CAMARGO<\/li>\n<li>O inferno de Dante &#8211; F\u00c1TIMA LUZIA<\/li>\n<\/ul>\n<\/li>\n<\/ul>\n<\/li>\n<\/ul>\n<\/li>\n<li><span style=\"color: #333399;\">MESA 3C &#8211; <strong>ESCANS\u00d5ES<br \/>\n<\/strong><\/span><strong>12:15 \u2013 13:30 &#8211; <\/strong>Coordena\u00e7\u00e3o e coment\u00e1rios: MARILSA BASSO<\/p>\n<ul>\n<li style=\"list-style-type: none;\">\n<ul>\n<li style=\"list-style-type: none;\">\n<ul>\n<li>Amor, o semblante subversivo &#8211; K\u00c1TIA RIBEIRO NADEAU<\/li>\n<li>Repeti\u00e7\u00e3o, significante e gozo &#8211; RAQUEL DIAZ DEGENSZAJN<\/li>\n<li>A subvers\u00e3o dos n\u00f3s &#8211; MARIANA GALLETTI FERRETTI<\/li>\n<\/ul>\n<\/li>\n<\/ul>\n<\/li>\n<\/ul>\n<\/li>\n<li><span style=\"color: #000080;\"><strong>13:30 &#8211; <\/strong>ENCERRAMENTO<\/span><\/li>\n<\/ul>\n<p><span style=\"color: #3366ff;\"><strong>Encerramento<\/strong><\/span><\/p>\n<ul>\n<li>Val\u00e9ria Ferranti (EBP\/AMP)<\/li>\n<li>Daniela de Camargo Barros Affonso (EBP\/AMP)<\/li>\n<\/ul>\n<hr \/>\n<h6>As atividades acontecer\u00e3o das 20h30 \u00e0s 22h30.<\/h6>\n<h6>As Mesas Simult\u00e2neas ser\u00e3o realizadas entre 9h e 13h30.<\/h6>\n[\/vc_column_text][\/vc_column][\/vc_row]\n<\/section>","protected":false},"excerpt":{"rendered":"<p>[vc_row][vc_column][vc_single_image image=&#8221;4375&#8243; img_size=&#8221;large&#8221; alignment=&#8221;center&#8221; onclick=&#8221;custom_link&#8221; link=&#8221;http:\/\/ebp.org.br\/sp\/jornadas\/ix-jornadas\/apresentacao-ix-jornadas\/&#8221;][vc_column_text] PROGRAMA JORNADAS EBP-SP 2020 (FORA DA S\u00c9RIE) \u201cSUBVERS\u00d5ES\u201d 26\/08\/2020 PONTUA\u00c7\u00d5ES DA SUBVERS\u00c3O 1 Apresenta\u00e7\u00e3o: Camila Popadiuk (Associada ao Clin-a) Fabiola Ramon (EBP\/AMP) Ros\u00e2ngela Santos (EBP\/AMP) Alessandra Sartorello Pecego (EBP\/AMP) Coordena\u00e7\u00e3o: Cristiana Gallo (EBP\/AMP) Debate: Luiz Fernando Carrijo da Cunha (AME, membro da EBP\/AMP) 02\/09\/2020 PONTUA\u00c7\u00d5ES DA SUBVERS\u00c3O 2 Apresenta\u00e7\u00e3o:&hellip;<\/p>\n","protected":false},"author":1,"featured_media":0,"parent":4377,"menu_order":0,"comment_status":"closed","ping_status":"closed","template":"","meta":{"footnotes":""},"class_list":["post-4417","page","type-page","status-publish","hentry","entry","no-media"],"aioseo_notices":[],"_links":{"self":[{"href":"https:\/\/ebp.org.br\/sp\/wp-json\/wp\/v2\/pages\/4417","targetHints":{"allow":["GET"]}}],"collection":[{"href":"https:\/\/ebp.org.br\/sp\/wp-json\/wp\/v2\/pages"}],"about":[{"href":"https:\/\/ebp.org.br\/sp\/wp-json\/wp\/v2\/types\/page"}],"author":[{"embeddable":true,"href":"https:\/\/ebp.org.br\/sp\/wp-json\/wp\/v2\/users\/1"}],"replies":[{"embeddable":true,"href":"https:\/\/ebp.org.br\/sp\/wp-json\/wp\/v2\/comments?post=4417"}],"version-history":[{"count":0,"href":"https:\/\/ebp.org.br\/sp\/wp-json\/wp\/v2\/pages\/4417\/revisions"}],"up":[{"embeddable":true,"href":"https:\/\/ebp.org.br\/sp\/wp-json\/wp\/v2\/pages\/4377"}],"wp:attachment":[{"href":"https:\/\/ebp.org.br\/sp\/wp-json\/wp\/v2\/media?parent=4417"}],"curies":[{"name":"wp","href":"https:\/\/api.w.org\/{rel}","templated":true}]}}