{"id":4411,"date":"2020-07-27T17:31:50","date_gmt":"2020-07-27T20:31:50","guid":{"rendered":"http:\/\/ebp.org.br\/sp\/?page_id=4411"},"modified":"2020-07-27T17:31:50","modified_gmt":"2020-07-27T20:31:50","slug":"jornadas-fora-se-serie-apresentacao","status":"publish","type":"page","link":"https:\/\/ebp.org.br\/sp\/jornadas\/jornadas-fora-se-serie-subversoes\/jornadas-fora-se-serie-apresentacao\/","title":{"rendered":"Jornadas (Fora da s\u00e9rie) \u2013 Apresenta\u00e7\u00e3o"},"content":{"rendered":"<section class=\"wpb-content-wrapper\">[vc_row][vc_column][vc_single_image image=&#8221;4375&#8243; img_size=&#8221;large&#8221; alignment=&#8221;center&#8221; onclick=&#8221;custom_link&#8221; link=&#8221;http:\/\/ebp.org.br\/sp\/jornadas\/ix-jornadas\/apresentacao-ix-jornadas\/&#8221;][vc_column_text]\n<h2><span style=\"color: #3366ff;\"><strong>APRESENTA\u00c7\u00c3O<\/strong><\/span><\/h2>\n<h6><span style=\"color: #3366ff;\">JORNADAS (FORA DA S\u00c9RIE) DA ESCOLA BRASILEIRA DE PSICAN\u00c1LISE<\/span><\/h6>\n<h6><span style=\"color: #3366ff;\">SE\u00c7\u00c3O S\u00c3O PAULO<\/span><\/h6>\n<h3><strong>SUBVERS\u00d5ES<\/strong><\/h3>\n<h6>Val\u00e9ria Ferranti (EBP\/AMP) &#8211; Diretora da EBP \/ S\u00e3o Paulo<\/h6>\n<figure id=\"attachment_4398\" aria-describedby=\"caption-attachment-4398\" style=\"width: 200px\" class=\"wp-caption alignright\"><img loading=\"lazy\" decoding=\"async\" class=\"size-full wp-image-4398\" src=\"http:\/\/ebp.org.br\/sp\/wp-content\/uploads\/2020\/07\/boletim-fora_de_serie_001_002.png\" alt=\"\" width=\"200\" height=\"200\" \/><figcaption id=\"caption-attachment-4398\" class=\"wp-caption-text\">Imagem: Instagram @globalfotografia_bnw<\/figcaption><\/figure>\n<p>Da pena Freudiana, o inconsciente perdeu seu car\u00e1ter de adjetivo e surge como conceito que abala o narcisismo da humanidade e subverte a certeza cartesiana, afinal o eu n\u00e3o \u00e9 senhor em sua casa. \u201cPenso onde n\u00e3o sou, sou onde n\u00e3o penso\u201d: afirma\u00e7\u00e3o onde localizamos, com Lacan, o sujeito da ci\u00eancia moderna, fruto da revolu\u00e7\u00e3o copernicana, subvertido.<\/p>\n<p>Formalizar rigorosamente o sujeito do inconsciente foi o esfor\u00e7o de Lacan em seu retorno a Freud a fim de que os desvios normativos a que a pr\u00e1xis estava se reduzindo fossem denunciados, e o tema para nossas jornadas nos convoca, uma vez mais, a este trabalho<em>. <\/em><\/p>\n<p><em>Subvers<\/em><em>\u00e3o, <\/em>ainda no singular, abre duas vias: de um lado, revigorar o car\u00e1ter perturbador da descoberta freudiana do inconsciente e, pelo outro, a pol\u00edtica, a pol\u00edtica da psican\u00e1lise no campo freudiano orientada em dire\u00e7\u00e3o ao real. Maurico Tarrab nos lembra que a pol\u00edtica \u00e9 consequ\u00eancia da cl\u00ednica e que ambas mant\u00eam uma rela\u00e7\u00e3o insepar\u00e1vel, atadas em um n\u00f3, onde est\u00e3o inclu\u00eddas as incid\u00eancias da \u00e9poca. No entanto, tal n\u00f3 n\u00e3o est\u00e1 assegurado e \u00e9 fundamental que se possa transmitir como este bordado se faz, como cada n\u00f3 \u00e9 atado, ou n\u00e3o, na experi\u00eancia.<\/p>\n<p>Ano passado, juntos dan\u00e7amos \u201ca dan\u00e7a da solid\u00e3o\u201d, recolhendo ao longo do trabalho as sa\u00eddas frente \u00e0 solid\u00e3o estrutural, a solid\u00e3o do ser, a solid\u00e3o do Um. Onde n\u00e3o h\u00e1 nada, onde h\u00e1 vazio, pode se alojar uma inven\u00e7\u00e3o radicalmente \u00fanica. E \u00e9 aqui que o <em>\u00fanico <\/em>encontra o <em>subversivo <\/em>pois, separar-se das amarras dos significantes mestres, amplia o campo de escolha do sujeito, tornando-o subversivo \u00e0 medida que rompe com o institu\u00eddo pelo discurso do mestre. Subversivo um a um, portanto <em>Subversivos. <\/em>Como nos lembra M. H. Brousse \u201c(\u2026) frente \u00e0 orienta\u00e7\u00e3o segregativa a psican\u00e1lise responde pela subvers\u00e3o, a do gozo pelo desejo, cuja causa aparece desnudada\u201d.<a href=\"#_ftn1\" name=\"_ftnref1\"><sup>[1]<\/sup><\/a><\/p>\n<p>Eis a aposta nestas Jornadas \u2013 que se faz fora da s\u00e9rie das Jornadas da EBP S\u00e3o Paulo, uma vez que precisou ser inventada diante da impossibilidade de nos encontrarmos fisicamente. Com o tema derivado das <em>IX Jornadas Solid\u00e3o<\/em>, iniciamos na comiss\u00e3o de orienta\u00e7\u00e3o a leitura minuciosa de <em>Subvers\u00e3o do Sujeito e dial\u00e9tica do desejo no inconsciente freudiano<\/em><a href=\"#_ftn2\" name=\"_ftnref2\"><em><sup><strong>[2]<\/strong><\/sup><\/em><\/a><em>, <\/em>onde encontramos p\u00e9rolas. Em um segundo tempo, os coordenadores das comiss\u00f5es se juntaram a n\u00f3s e trouxeram sua leitura dos mesmo artigo. Eis aqui nossa primeira subvers\u00e3o: o argumento das Jornadas \u00e9 a soma deste trabalho, o gr\u00e3o de sal de cada um para o tema e que ser\u00e1 apresentado em tr\u00eas encontros: no encontro de hoje, dia 26 de agosto e 02 de setembro. Nada de mestres!!!!<\/p>\n<p>E assim seguiremos escutando colegas da EBP, da NEL e da EOL, Rosana Paulino, artista pl\u00e1stica, Ricardo Souza da Carvalho, professor de literatura brasileira falando de Lima Barreto. A conclus\u00e3o das nossas jornadas fora da s\u00e9rie se dar\u00e1 com as mesas simult\u00e2neas onde poderemos recolher como o trabalho em torno do tema <em>Subvers\u00f5es <\/em>ressoou em cada um. Cabe aqui lembrar que os cart\u00e9is \u2013 esta inven\u00e7\u00e3o de Lacan que nos p\u00f5e \u00e0 trabalho \u2013, s\u00e3o um dispositivo para que cada um se ponha a investigar um aspecto da <em>Subvers\u00e3o<\/em>.<\/p>\n<p>Em torno das perspectivas: Teoria psicanal\u00edtica: sujeito do inconsciente, puls\u00e3o e gozo; Ato, interpreta\u00e7\u00e3o e desejo do analista; \u201cO inconsciente \u00e9 a pol\u00edtica\u201d e O feminino e as subvers\u00f5es, acolheremos os trabalhos enviados, zelando para que a cl\u00ednica apare\u00e7a apenas a partir dos casos da literatura psicanal\u00edtica.<\/p>\n<p>Amanh\u00e3 o primeiro boletim <em>Fora da S\u00e9rie <\/em>ser\u00e1 publicado com todas as informa\u00e7\u00f5es sobre o funcionamento das Jornadas, o programa completo e o procedimento para a inscri\u00e7\u00e3o que ter\u00e1 o valor de R$150,00. Parte deste valor ser\u00e1 usado para cobrir os gastos com a infraestrutura, parte para o caixa da Se\u00e7\u00e3o S\u00e3o Paulo e parte ser\u00e1 doado para o enfrentamento da pandemia.<\/p>\n<p>O entusiasmo, a leveza e o bom humor que marcaram o trabalho at\u00e9 o momento do seu lan\u00e7amento foi um alento para a dureza dos dias que seguem, e s\u00f3 tenho a agradecer aos colegas que aceitaram construir esta proposta conjuntamente. Um trabalho coletivo que traz a marca de cada um que aceitou mergulhar sem saber em que porto ancorar\u00edamos. Mas, uma vez mais, experimentamos que deixar aberta as vias da transfer\u00eancia de trabalho nos leva \u00e0 Escola, ao vivo da Escola!<\/p>\n<hr \/>\n<h6><a href=\"#_ftnref1\" name=\"_ftn1\"><sup>[1]<\/sup><\/a>BROUSSE. M-H. \u201cO inconsciente \u00e9 a politica\u201d. S\u00e3o Paulo. Escola Brasileira de Psican\u00e1lise, 2018.<\/h6>\n<h6><a href=\"#_ftnref2\" name=\"_ftn2\"><sup>[2]<\/sup><\/a>LACAN. Jacques. \u201cSubvers\u00e3o do sujeito e dial\u00e9tica do desejo no inconsciente freudiano.\u201dIn: <em>Escritos. <\/em>RJ, Jorge Zahar Editor, 1998.<\/h6>\n[\/vc_column_text][\/vc_column][\/vc_row]\n<\/section>","protected":false},"excerpt":{"rendered":"<p>[vc_row][vc_column][vc_single_image image=&#8221;4375&#8243; img_size=&#8221;large&#8221; alignment=&#8221;center&#8221; onclick=&#8221;custom_link&#8221; link=&#8221;http:\/\/ebp.org.br\/sp\/jornadas\/ix-jornadas\/apresentacao-ix-jornadas\/&#8221;][vc_column_text] APRESENTA\u00c7\u00c3O JORNADAS (FORA DA S\u00c9RIE) DA ESCOLA BRASILEIRA DE PSICAN\u00c1LISE SE\u00c7\u00c3O S\u00c3O PAULO SUBVERS\u00d5ES Val\u00e9ria Ferranti (EBP\/AMP) &#8211; Diretora da EBP \/ S\u00e3o Paulo Da pena Freudiana, o inconsciente perdeu seu car\u00e1ter de adjetivo e surge como conceito que abala o narcisismo da humanidade e subverte a certeza cartesiana,&hellip;<\/p>\n","protected":false},"author":1,"featured_media":0,"parent":4377,"menu_order":0,"comment_status":"closed","ping_status":"closed","template":"","meta":{"footnotes":""},"class_list":["post-4411","page","type-page","status-publish","hentry","entry","no-media"],"aioseo_notices":[],"_links":{"self":[{"href":"https:\/\/ebp.org.br\/sp\/wp-json\/wp\/v2\/pages\/4411","targetHints":{"allow":["GET"]}}],"collection":[{"href":"https:\/\/ebp.org.br\/sp\/wp-json\/wp\/v2\/pages"}],"about":[{"href":"https:\/\/ebp.org.br\/sp\/wp-json\/wp\/v2\/types\/page"}],"author":[{"embeddable":true,"href":"https:\/\/ebp.org.br\/sp\/wp-json\/wp\/v2\/users\/1"}],"replies":[{"embeddable":true,"href":"https:\/\/ebp.org.br\/sp\/wp-json\/wp\/v2\/comments?post=4411"}],"version-history":[{"count":0,"href":"https:\/\/ebp.org.br\/sp\/wp-json\/wp\/v2\/pages\/4411\/revisions"}],"up":[{"embeddable":true,"href":"https:\/\/ebp.org.br\/sp\/wp-json\/wp\/v2\/pages\/4377"}],"wp:attachment":[{"href":"https:\/\/ebp.org.br\/sp\/wp-json\/wp\/v2\/media?parent=4411"}],"curies":[{"name":"wp","href":"https:\/\/api.w.org\/{rel}","templated":true}]}}