{"id":4200,"date":"2019-10-14T08:21:10","date_gmt":"2019-10-14T11:21:10","guid":{"rendered":"http:\/\/ebp.org.br\/sp\/?page_id=4200"},"modified":"2019-10-14T08:21:10","modified_gmt":"2019-10-14T11:21:10","slug":"boletim-tracos-07","status":"publish","type":"page","link":"https:\/\/ebp.org.br\/sp\/jornadas\/ix-jornadas\/boletim-tracos-ix-jornadas\/boletim-tracos-07\/","title":{"rendered":"Boletim Tra\u00e7os #07"},"content":{"rendered":"<section class=\"wpb-content-wrapper\">[vc_row][vc_column][vc_single_image image=&#8221;4168&#8243; img_size=&#8221;full&#8221; alignment=&#8221;center&#8221;][\/vc_column][\/vc_row][vc_row][vc_column width=&#8221;5\/6&#8243;][vc_column_text]\n<h3><span style=\"color: #003366;\">EDITORIAL<\/span><\/h3>\n<h6><span style=\"color: #003366;\">Por Niraldo de Oliveira Santos<\/span><br \/>\n<span style=\"color: #003366;\">EBP\/AMP<\/span><\/h6>\n<p>\u201cAlguns sendo singulares, se ajuntam, e podem ser colocados em s\u00e9rie porque s\u00e3o, cada um, o que eles s\u00e3o\u201d. Come\u00e7o este editorial com esta frase de Guilherme de Ockham, fil\u00f3sofo e te\u00f3logo ingl\u00eas, pois acredito que com ela \u00e9 poss\u00edvel mostrar que o trabalho de organiza\u00e7\u00e3o das IX Jornadas da EBP-SP: \u201cSolid\u00e3o\u201d tornou-se\u00a0 poss\u00edvel em fun\u00e7\u00e3o desse ajuntamento de desejos em torno do tema e da causa anal\u00edtica, condi\u00e7\u00f5es estas que nos permitiram trabalhar em equipes, sem deixarmos de lado o tra\u00e7o de cada um.[\/vc_column_text][vc_btn title=&#8221;Leia mais&#8221; color=&#8221;blue&#8221; link=&#8221;url:http%3A%2F%2Febp.org.br%2Fsp%2Feditorial-boletim-tracos-07%2F|||&#8221;][\/vc_column][vc_column width=&#8221;1\/6&#8243;][vc_single_image image=&#8221;4162&#8243; add_caption=&#8221;yes&#8221; alignment=&#8221;right&#8221;][\/vc_column][\/vc_row][vc_row][vc_column][vc_separator color=&#8221;blue&#8221; border_width=&#8221;4&#8243;][\/vc_column][\/vc_row][vc_row][vc_column][vc_column_text]\n<h2><span style=\"color: #003366;\">UNS TRA\u00c7OS<\/span><\/h2>\n[\/vc_column_text][\/vc_column][\/vc_row][vc_row][vc_column width=&#8221;5\/6&#8243;][vc_column_text]\n<h3><span style=\"color: #003366;\">A solid\u00e3o e as solu\u00e7\u00f5es do falasser<\/span><\/h3>\n<h6><span style=\"color: #003366;\">Por Eliane Costa Dias<\/span><br \/>\n<span style=\"color: #003366;\">EBP\/AMP<\/span><\/h6>\n<p><em>\u201cQuem fala s\u00f3 tem a ver com a solid\u00e3o\u201d (Lacan, 1972-73).<\/em><br \/>\n<em>\u201cA solid\u00e3o \u00e9 uma ilus\u00e3o\u201d (Brousse, 2019).<\/em><\/p>\n<p>Como conciliar essas duas afirma\u00e7\u00f5es, aparentemente contradit\u00f3rias? Como falar em solid\u00e3o do sujeito quando n\u00e3o h\u00e1 sujeito sem o Outro?<\/p>\n<p>No trabalho cl\u00ednico e epist\u00eamico preparat\u00f3rio \u00e0s IX Jornadas da EBP-SP nos deparamos com diversos sintagmas: solid\u00e3o-queixa que se ouve na cl\u00ednica, solid\u00e3o-sintoma nas diferentes estruturas cl\u00ednicas, solid\u00e3o-posi\u00e7\u00e3o no la\u00e7o social, solid\u00e3o-efeito da \u00e9poca, solid\u00e3o-ato, solid\u00e3o-desejo do analista, solid\u00e3o-Escola. Como afirma Miquel Bassols, \u201ch\u00e1 diversas solid\u00f5es, diversas maneiras de estar s\u00f3\u201d.[\/vc_column_text][vc_btn title=&#8221;Leia mais&#8221; color=&#8221;blue&#8221; link=&#8221;url:http%3A%2F%2Febp.org.br%2Fsp%2Fa-solidao-e-as-solucoes-do-falasser%2F|||&#8221;][\/vc_column][vc_column width=&#8221;1\/6&#8243;][vc_single_image image=&#8221;4163&#8243; add_caption=&#8221;yes&#8221; alignment=&#8221;right&#8221;][\/vc_column][\/vc_row][vc_row][vc_column][vc_separator color=&#8221;blue&#8221;][\/vc_column][\/vc_row][vc_row][vc_column width=&#8221;5\/6&#8243;][vc_column_text]\n<h3><span style=\"color: #003366;\">Pascal Quignard: entre o que escapa e o que n\u00e3o se realiza \u2013 a solid\u00e3o na ponta da l\u00edngua<\/span><\/h3>\n<h6><span style=\"color: #003366;\">Por Teresinha N. Meirelles do Prado<\/span><br \/>\n<span style=\"color: #003366;\">EBP\/AMP<\/span><\/h6>\n<p>\u201cMuitas vezes, mais vale n\u00e3o compreender para pensar, e \u00e9 poss\u00edvel percorrer l\u00e9guas compreendendo sem que disso resulte o menor pensamento\u201d.<\/p>\n<p>Pascal Quignard possui uma obra vasta. Seu procedimento \u00e9 por ele identificado \u00e0 linhagem da ret\u00f3rica especulativa, por ele definida como o resgate de uma: \u201ctradi\u00e7\u00e3o antiga, marginal, recalcitrante, perseguida, para a qual a letra da linguagem deve ser tomada \u00e0 la littera. Essa tradi\u00e7\u00e3o esquecida \u00e9 a viol\u00eancia da literatura\u201d.[\/vc_column_text][vc_btn title=&#8221;Leia mais&#8221; color=&#8221;blue&#8221; link=&#8221;url:http%3A%2F%2Febp.org.br%2Fsp%2Fpascal-quignard-entre-o-que-escapa-e-o-que-nao-se-realiza-a-solidao-na-ponta-da-lingua%2F|||&#8221;][\/vc_column][vc_column width=&#8221;1\/6&#8243;][vc_single_image image=&#8221;4164&#8243; add_caption=&#8221;yes&#8221; alignment=&#8221;right&#8221;][\/vc_column][\/vc_row][vc_row][vc_column][vc_separator color=&#8221;blue&#8221;][\/vc_column][\/vc_row][vc_row full_width=&#8221;stretch_row&#8221;][vc_column width=&#8221;5\/6&#8243;][vc_column_text]\n<h3><span style=\"color: #003366;\">Plat\u00e3o e Lacan: encontro da verdade na solid\u00e3o<\/span><\/h3>\n<h6><span style=\"color: #003366;\">Maria Bernadette Soares de Sant\u00b4Ana Pitteri<\/span><br \/>\n<span style=\"color: #003366;\">EBP\/AMP<\/span><\/h6>\n<p>Solid\u00e3o, enquanto conceito, est\u00e1 mais para a filosofia (desde seus prim\u00f3rdios), do que para a psican\u00e1lise, embora queixas constantes n\u00e3o deixem de pulular nos consult\u00f3rios psicanal\u00edticos. Do que se queixa aquele que se diz solit\u00e1rio?[\/vc_column_text][vc_btn title=&#8221;Leia mais&#8221; color=&#8221;blue&#8221; link=&#8221;url:http%3A%2F%2Febp.org.br%2Fsp%2Fplatao-e-lacan-encontro-da-verdade-na-solidao%2F|||&#8221;][\/vc_column][vc_column width=&#8221;1\/6&#8243;][vc_single_image image=&#8221;4165&#8243; add_caption=&#8221;yes&#8221; alignment=&#8221;right&#8221;][\/vc_column][\/vc_row][vc_row][vc_column][vc_separator color=&#8221;blue&#8221;][\/vc_column][\/vc_row][vc_row][vc_column][vc_column_text]\n<h2><span style=\"color: #003366;\">PROGRAMA\u00c7\u00c3O<\/span><\/h2>\n[\/vc_column_text][\/vc_column][\/vc_row][vc_row][vc_column width=&#8221;5\/6&#8243;][vc_column_text]Confira a programa\u00e7\u00e3o geral das Jornadas e fique atento(a) aos hor\u00e1rios![\/vc_column_text][vc_btn title=&#8221;Leia mais&#8221; color=&#8221;blue&#8221; link=&#8221;url:http%3A%2F%2Febp.org.br%2Fsp%2Fjornadas%2Fix-jornadas%2Fprograma-ix-jornadas%2F|||&#8221;][\/vc_column][vc_column width=&#8221;1\/6&#8243;][vc_single_image image=&#8221;4166&#8243; add_caption=&#8221;yes&#8221; alignment=&#8221;right&#8221;][\/vc_column][\/vc_row][vc_row][vc_column][vc_separator color=&#8221;blue&#8221; border_width=&#8221;4&#8243;][\/vc_column][\/vc_row][vc_row][vc_column][vc_column_text]\n<h2><span style=\"color: #003366;\">LIVRARIA<\/span><\/h2>\n[\/vc_column_text][\/vc_column][\/vc_row][vc_row][vc_column width=&#8221;5\/6&#8243;][vc_column_text]\n<h3><span style=\"color: #003366;\">Livraria das IX Jornadas da EBP-SP<\/span><\/h3>\n<h6><span style=\"color: #003366;\">Por K\u00e1tia Ribeiro Nadeau <\/span><br \/>\n<span style=\"color: #003366;\">Comiss\u00e3o de Livraria<\/span><\/h6>\n<p>A Livraria das IX Jornadas da EBP-SP \u2013 \u201cSolid\u00e3o\u201d contar\u00e1 com t\u00edtulos imperd\u00edveis! Dentre estes, destacamos alguns lan\u00e7amentos que certamente ir\u00e3o promover excelentes leituras.<\/p>\n<p>Aguardamos sua visita! (Confira os lan\u00e7amentos)[\/vc_column_text][vc_btn title=&#8221;Leia mais&#8221; color=&#8221;blue&#8221; link=&#8221;url:http%3A%2F%2Febp.org.br%2Fsp%2Flivraria-das-ix-jornadas-da-ebp-sp%2F|||&#8221;][\/vc_column][vc_column width=&#8221;1\/6&#8243;][vc_single_image image=&#8221;4167&#8243; add_caption=&#8221;yes&#8221; alignment=&#8221;right&#8221;][\/vc_column][\/vc_row][vc_row][vc_column][vc_separator color=&#8221;blue&#8221; border_width=&#8221;4&#8243;][\/vc_column][\/vc_row][vc_row][vc_column][vc_column_text]\n<h2><span style=\"color: #003366;\">LA\u00c7OS EM SAMPA<\/span><\/h2>\n[\/vc_column_text][\/vc_column][\/vc_row][vc_row][vc_column width=&#8221;5\/6&#8243;][vc_column_text]<span style=\"color: #003366;\">1- Dicas de Restaurantes, Caf\u00e9s e Servi\u00e7os<\/span><\/p>\n<h6>Por Eliana Machado Figueiredo<br \/>\nComiss\u00e3o de Secretaria, Infraestrutura e Acolhimento<\/h6>\n<p>Confira as sugest\u00f5es de restaurantes e servi\u00e7os cuidadosamente elaborada pela Comiss\u00e3o de acolhimento.[\/vc_column_text][vc_btn title=&#8221;Leia mais&#8221; color=&#8221;blue&#8221; link=&#8221;url:http%3A%2F%2Febp.org.br%2Fsp%2Flacos-em-sampa-6%2F|||&#8221;][\/vc_column][vc_column width=&#8221;1\/6&#8243;][vc_single_image image=&#8221;4196&#8243; add_caption=&#8221;yes&#8221; alignment=&#8221;right&#8221;][\/vc_column][\/vc_row][vc_row][vc_column width=&#8221;5\/6&#8243;][vc_column_text]<span style=\"color: #003366;\">2- Teatro<\/span><\/p>\n<p>\u201cH\u00e1 dias que n\u00e3o morro\u201d &#8211; SESC Pompeia<\/p>\n<p>A companhia\u00a0Academia de Palha\u00e7os\u00a0d\u00e1 in\u00edcio a uma nova fase de pesquisa e passa a se chamar\u00a0ultraVioleta_s. Para marcar essa transi\u00e7\u00e3o, o grupo estreou\u00a0H\u00e1 Dias Que N\u00e3o Morro\u00a0no dia 3 de outubro no Espa\u00e7o C\u00eanico do Sesc Pompeia.[\/vc_column_text][vc_btn title=&#8221;Leia mais&#8221; color=&#8221;blue&#8221; link=&#8221;url:http%3A%2F%2Febp.org.br%2Fsp%2Flacos-em-sampa-6%2F|||&#8221;][\/vc_column][vc_column width=&#8221;1\/6&#8243;][vc_single_image image=&#8221;4197&#8243; add_caption=&#8221;yes&#8221; alignment=&#8221;right&#8221;][\/vc_column][\/vc_row][vc_row][vc_column width=&#8221;5\/6&#8243;][vc_column_text]<span style=\"color: #003366;\">3- Exposi\u00e7\u00e3o<\/span><\/p>\n<p>Batman 80, a exposi\u00e7\u00e3o<\/p>\n<p>S\u00e3o Paulo recebe uma exposi\u00e7\u00e3o totalmente imersiva para comemorar os 80 anos do homem-morcego. A exposi\u00e7\u00e3o \u00e9 uma viagem por cen\u00e1rios famosos de Gotham City, acervo de quadrinhos e itens raros do Batman.[\/vc_column_text][vc_btn title=&#8221;Leia mais&#8221; color=&#8221;blue&#8221; link=&#8221;url:http%3A%2F%2Febp.org.br%2Fsp%2Flacos-em-sampa-6%2F|||&#8221;][\/vc_column][vc_column width=&#8221;1\/6&#8243;][vc_single_image image=&#8221;4198&#8243; add_caption=&#8221;yes&#8221; alignment=&#8221;right&#8221;][\/vc_column][\/vc_row][vc_row][vc_column width=&#8221;5\/6&#8243;][vc_column_text]<span style=\"color: #003366;\">4- Gastronomia<\/span><\/p>\n<p>Viva! It\u00e1lia \u2013 Museu da Imigra\u00e7\u00e3o<\/p>\n<p>O jardim do Museu da Imigra\u00e7\u00e3o vai receber a segunda edi\u00e7\u00e3o do Viva! It\u00e1lia \u2013 uma celebra\u00e7\u00e3o da cultura e culin\u00e1ria italiana em parceria com o Consulado Geral da It\u00e1lia em S\u00e3o Paulo.[\/vc_column_text][vc_btn title=&#8221;Leia mais&#8221; color=&#8221;blue&#8221; link=&#8221;url:http%3A%2F%2Febp.org.br%2Fsp%2Flacos-em-sampa-6%2F|||&#8221;][\/vc_column][vc_column width=&#8221;1\/6&#8243;][vc_single_image image=&#8221;4199&#8243; add_caption=&#8221;yes&#8221; alignment=&#8221;right&#8221;][\/vc_column][\/vc_row][vc_row][vc_column][vc_separator color=&#8221;blue&#8221;][\/vc_column][\/vc_row][vc_row][vc_column][vc_single_image image=&#8221;4146&#8243; img_size=&#8221;full&#8221; alignment=&#8221;center&#8221; onclick=&#8221;custom_link&#8221; link=&#8221;http:\/\/ebp.org.br\/sp\/jornadas\/ix-jornadas\/programa-ix-jornadas\/&#8221;][\/vc_column][\/vc_row][vc_row][vc_column][vc_separator color=&#8221;blue&#8221;][\/vc_column][\/vc_row][vc_row][vc_column][vc_single_image image=&#8221;3855&#8243; img_size=&#8221;full&#8221; alignment=&#8221;center&#8221;][\/vc_column][\/vc_row][vc_row][vc_column][vc_separator color=&#8221;blue&#8221;][\/vc_column][\/vc_row][vc_row][vc_column][vc_single_image image=&#8221;3905&#8243; img_size=&#8221;full&#8221; alignment=&#8221;center&#8221; onclick=&#8221;custom_link&#8221; link=&#8221;http:\/\/ebp.org.br\/sp\/jornadas\/ix-jornadas\/inscricoes-ix-jornadas\/&#8221;][\/vc_column][\/vc_row][vc_row][vc_column][vc_single_image image=&#8221;3812&#8243; img_size=&#8221;full&#8221; alignment=&#8221;center&#8221; onclick=&#8221;custom_link&#8221;][vc_column_text]\n<h6 style=\"text-align: center;\"><strong><span style=\"color: #003366;\">Comiss\u00e3o de Boletim e Divulga\u00e7\u00e3o:<\/span><\/strong><br \/>\n<span style=\"color: #003366;\">Niraldo de Oliveira Santos (Coordenador), Camila Popadiuk, Cybele Lobo , Eduardo C\u00e9sar Benedicto , Gabriela Malvezzi,<\/span><br \/>\n<span style=\"color: #003366;\">Gustavo Oliveira Menezes, Jo\u00e3o Lucas Zanchi, Jo\u00e3o Paulo Desconci , Jovita Carneiro de Lima, Marcella Pereira de Oliveira,<\/span><br \/>\n<span style=\"color: #003366;\">Maria Marta Ferreira, Ros\u00e2ngela Castro Turim<\/span><\/h6>\n<h6 style=\"text-align: center;\"><span style=\"color: #000080;\">Nova Sede da EBP\/SP &#8211; Rua Teodoro Sampaio, 1020, 16\u00ba andar &#8211; Pinheiros, S\u00e3o Paulo<\/span><\/h6>\n<h6 style=\"text-align: center;\"><span style=\"color: #003366;\">Webdesigner: Bruno Senna<\/span><\/h6>\n[\/vc_column_text][\/vc_column][\/vc_row]\n<\/section>","protected":false},"excerpt":{"rendered":"<p>[vc_row][vc_column][vc_single_image image=&#8221;4168&#8243; img_size=&#8221;full&#8221; alignment=&#8221;center&#8221;][\/vc_column][\/vc_row][vc_row][vc_column width=&#8221;5\/6&#8243;][vc_column_text] EDITORIAL Por Niraldo de Oliveira Santos EBP\/AMP \u201cAlguns sendo singulares, se ajuntam, e podem ser colocados em s\u00e9rie porque s\u00e3o, cada um, o que eles s\u00e3o\u201d. Come\u00e7o este editorial com esta frase de Guilherme de Ockham, fil\u00f3sofo e te\u00f3logo ingl\u00eas, pois acredito que com ela \u00e9 poss\u00edvel mostrar que o&hellip;<\/p>\n","protected":false},"author":1,"featured_media":0,"parent":3876,"menu_order":0,"comment_status":"closed","ping_status":"closed","template":"","meta":{"footnotes":""},"class_list":["post-4200","page","type-page","status-publish","hentry","entry","no-media"],"aioseo_notices":[],"_links":{"self":[{"href":"https:\/\/ebp.org.br\/sp\/wp-json\/wp\/v2\/pages\/4200","targetHints":{"allow":["GET"]}}],"collection":[{"href":"https:\/\/ebp.org.br\/sp\/wp-json\/wp\/v2\/pages"}],"about":[{"href":"https:\/\/ebp.org.br\/sp\/wp-json\/wp\/v2\/types\/page"}],"author":[{"embeddable":true,"href":"https:\/\/ebp.org.br\/sp\/wp-json\/wp\/v2\/users\/1"}],"replies":[{"embeddable":true,"href":"https:\/\/ebp.org.br\/sp\/wp-json\/wp\/v2\/comments?post=4200"}],"version-history":[{"count":0,"href":"https:\/\/ebp.org.br\/sp\/wp-json\/wp\/v2\/pages\/4200\/revisions"}],"up":[{"embeddable":true,"href":"https:\/\/ebp.org.br\/sp\/wp-json\/wp\/v2\/pages\/3876"}],"wp:attachment":[{"href":"https:\/\/ebp.org.br\/sp\/wp-json\/wp\/v2\/media?parent=4200"}],"curies":[{"name":"wp","href":"https:\/\/api.w.org\/{rel}","templated":true}]}}