{"id":4143,"date":"2019-10-07T08:39:44","date_gmt":"2019-10-07T11:39:44","guid":{"rendered":"http:\/\/ebp.org.br\/sp\/?page_id=4143"},"modified":"2019-10-07T08:39:44","modified_gmt":"2019-10-07T11:39:44","slug":"programa-ix-jornadas","status":"publish","type":"page","link":"https:\/\/ebp.org.br\/sp\/jornadas\/ix-jornadas\/programa-ix-jornadas\/","title":{"rendered":"Programa \u2013 IX Jornadas"},"content":{"rendered":"<section class=\"wpb-content-wrapper\">[vc_row][vc_column][eikra-vc-text-title style=&#8221;style2&#8243; title=&#8221;Programa das IX Jornadas da EBP \u2013 Se\u00e7\u00e3o S\u00e3o Paulo&#8221;][\/eikra-vc-text-title][vc_column_text]\n<h3><span style=\"color: #003366;\">SEXTA 18\/10<\/span><\/h3>\n<p><strong><span style=\"color: #003366;\">9h30 Credenciamento<\/span><\/strong><\/p>\n<p><strong><span style=\"color: #003366;\">10h Abertura<\/span><\/strong><br \/>\n<em>Lucila Darrigo (EBP\/AMP)<\/em><br \/>\n<em>Val\u00e9ria Ferranti (EBP\/AMP)<\/em><br \/>\n<em>Angelina Harari (AME EBP\/AMP)<\/em><\/p>\n<p><strong><span style=\"color: #003366;\">10h30 Mulheres desejantes<\/span><\/strong><br \/>\n<em>Apresenta: Marie-H\u00e9l\u00e8ne Brousse (AME ECF\/AMP)<\/em><br \/>\n<em>Coordena: Cynthia de Freitas Farias (EBP\/AMP)<\/em><\/p>\n<p><strong><span style=\"color: #003366;\">12h Almo\u00e7o<\/span><\/strong><\/p>\n<p><strong><span style=\"color: #003366;\">14h Clarice Lispector e a solid\u00e3o radical<\/span><\/strong><br \/>\n<em>Apresenta: Jos\u00e9 Miguel Wisnik<\/em><br \/>\n<em>Comenta: Teresinha N. Meirelles do Prado (EBP\/AMP)<\/em><\/p>\n<p><strong><span style=\"color: #003366;\">15h30 Solid\u00e3o e ato na pr\u00e1tica lacaniana<\/span><\/strong><br \/>\n<em>Apresentam: Luiz Fernando Carrijo da Cunha (AME EBP\/AMP)<\/em><br \/>\n<em>Maria do Carmo Dias Batista (AME EBP\/AMP )<\/em><br \/>\n<em>Comenta: J\u00e9sus Santiago (AME EBP\/AMP)<\/em><br \/>\n<em>Coordena: Marilsa Basso (EBP\/AMP)<\/em><\/p>\n<p><strong><span style=\"color: #003366;\">16h45 Intervalo<\/span><\/strong><\/p>\n<p><strong><span style=\"color: #003366;\">17h30 Solid\u00e3o e final de an\u00e1lise<\/span><\/strong><br \/>\n<em>Testemunhos de passe: Sandra Grostein (AE e AME EBP\/AMP)<\/em><br \/>\n<em>Maria Josefina Fuentes (AE EBP\/AMP)<\/em><br \/>\n<em>Comenta: Marie-H\u00e9l\u00e8ne Brousse (AME ECF\/AMP)<\/em><br \/>\n<em>Coordena: Milena Vicari Crastelo (EBP\/AMP)<\/em><\/p>\n<hr \/>\n<h3><span style=\"color: #003366;\">S\u00c1BADO 19\/10<\/span><\/h3>\n<p><strong><span style=\"color: #003366;\">8h-12h30 Mesas simult\u00e2neas<\/span><\/strong><\/p>\n<p><strong><span style=\"color: #003366;\">12h30 Almo\u00e7o<\/span><\/strong><\/p>\n<p><strong><span style=\"color: #003366;\">14h Uns tra\u00e7os<\/span><\/strong><br \/>\n<em>Apresentam: Fab\u00edola Ramon<\/em><br \/>\n<em>Fabr\u00edcio Donizete da Costa<\/em><br \/>\n<em>Comentam: Daniela de C. B. Affonso (EBP\/AMP)<\/em><br \/>\n<em>Niraldo de Oliveira Santos (EBP\/AMP)<\/em><br \/>\n<em>Coordena: Eliana M. Figueiredo (EBP\/AMP<\/em>)<\/p>\n<p><strong><span style=\"color: #003366;\">15h30 Solid\u00e3o e ato na pr\u00e1tica lacaniana<\/span><\/strong><br \/>\n<em>Apresentam: Jorge Forbes (AME EBP\/AMP)<\/em><br \/>\n<em>Maria Cec\u00edlia Galletti Ferretti (AME EBP\/AMP)<\/em><br \/>\n<em>R\u00f4mulo Ferreira da Silva (AME EBP\/AMP)<\/em><br \/>\n<em>Comenta: Clara Mar\u00eda Holgu\u00edn (AME NEL\/AMP)<\/em><br \/>\n<em>Coordena: Paola Salinas (EBP\/AMP)<\/em><\/p>\n<p><strong><span style=\"color: #003366;\">17h Intervalo<\/span><\/strong><\/p>\n<p><strong><span style=\"color: #003366;\">17h30 O amor no feminino<\/span><\/strong><br \/>\n<em>Apresenta: Marie-H\u00e9l\u00e8ne Brousse (AME ECF\/AMP)<\/em><br \/>\n<em>Coordena: Carmen Silvia Cervelatti (EBP\/AMP)<\/em><\/p>\n<p><strong><span style=\"color: #003366;\">19h Encerramento<\/span><\/strong><br \/>\n<em>Carmen Silvia Cervelatti (EBP\/AMP)<\/em>[\/vc_column_text][vc_separator border_width=&#8221;3&#8243;][vc_column_text]\n<h3 class=\"p1\"><span style=\"color: #003366;\">Mesas simult\u00e2neas &#8211; 8h \u00e0s 12h30<\/span><\/h3>\n<p class=\"p3\">As IX Jornadas da EBP-SP prop\u00f5em uma nova maneira de funcionamento nas mesas simult\u00e2neas: cada uma das cinco salas de trabalho ter\u00e1 tr\u00eas mesas com dois trabalhos em cada uma e os mesmos comentadores promover\u00e3o o debate nas tr\u00eas mesas.<span class=\"Apple-converted-space\">\u00a0 <\/span>A ideia \u00e9 manter uma continuidade na discuss\u00e3o entre as mesas e construir a conversa\u00e7\u00e3o. Todos est\u00e3o convidados a participar! Ap\u00f3s a sequ\u00eancia das tr\u00eas mesas, haver\u00e1 um breve momento de conclus\u00e3o com um flash de cada um dos comentadores a partir do que os trabalhos puderam ensinar sobre o tema.<span class=\"Apple-converted-space\">\u00a0 <\/span>Para tanto, sugerimos que permane\u00e7am na mesma sala do in\u00edcio ao fim. Desejamos um trabalho prof\u00edcuo e entusiasmado.<\/p>\n<hr \/>\n<h3 class=\"p1\"><span style=\"color: #003366;\">SALA CEAR\u00c1<\/span><\/h3>\n<p class=\"p4\"><b>Coordena\u00e7\u00e3o e Coment\u00e1rios:<\/b><\/p>\n<p class=\"p4\"><em>Paula Caio de Carvalho, Lucila M. Darrigo e S\u00edlvia Sato<\/em><\/p>\n<p class=\"p4\"><b>8h &#8211;\u00a0<\/b><strong>O absolutamente singular que faz la\u00e7o<\/strong><\/p>\n<ul>\n<li class=\"p5\"><b>A solid\u00e3o do artista: resson\u00e2ncias de um encontro com o tema<br \/>\n<\/b><em>Marisa Nubile<\/em><\/li>\n<li class=\"p5\"><b>A solid\u00e3o do escrito(r): sobre Am\u00f3s Oz e as palavras<br \/>\n<\/b><em>Antonio Alberto Peixoto de Almeida<\/em><\/li>\n<\/ul>\n<p class=\"p4\"><strong>9h30 &#8211;\u00a0<\/strong><strong>Falar com, sob transfer\u00eancia<\/strong><\/p>\n<ul>\n<li class=\"p5\"><b>Lais na Sala do Al\u00edvio<br \/>\n<\/b><em>B\u00e1rbara Elen Vargas Silva<\/em><\/li>\n<li class=\"p5\"><b>Solid\u00e3o e suic\u00eddio: constru\u00e7\u00e3o da adolesc\u00eancia sob transfer\u00eancia<br \/>\n<\/b><em>Emelice Prado Bagnola<\/em><\/li>\n<\/ul>\n<p class=\"p4\"><strong>11h &#8211;\u00a0<\/strong><strong>Histeria, devasta\u00e7\u00e3o e posi\u00e7\u00e3o feminina<\/strong><\/p>\n<ul>\n<li class=\"p5\"><b>Uma solid\u00e3o que devasta<br \/>\n<\/b><em>Pauleska Asevedo N\u00f3brega<\/em><\/li>\n<li class=\"p5\"><b>Histeria e feminilidade: tra\u00e7os da solid\u00e3o<br \/>\n<\/b><em>Mariana Galletti Ferretti<\/em><\/li>\n<\/ul>\n<p class=\"p4\"><strong>12h15 &#8211;<em>\u00a0<\/em><\/strong><em><strong>Flash<\/strong><\/em><\/p>\n<hr \/>\n<h3 class=\"p1\"><span style=\"color: #003366;\">SALA PERNAMBUCO<\/span><\/h3>\n<p class=\"p4\"><b>Coordena\u00e7\u00e3o e Coment\u00e1rios:<\/b><\/p>\n<p class=\"p4\"><em>Cristiana Gallo, Alessandra Pecego e Val\u00e9ria Ferranti<\/em><\/p>\n<p class=\"p4\"><strong>8h &#8211; Consentir com o inconsciente<\/strong><\/p>\n<ul>\n<li class=\"p5\"><b>Da dor ao so-zinha<br \/>\n<\/b><em>Camille Gavioli<\/em><\/li>\n<li class=\"p5\"><b>Do isolamento ao encontro com a analista: um caso de anorexia mental<br \/>\n<\/b><em>Camila Col\u00e1s Sabino de Freitas<\/em><\/li>\n<\/ul>\n<p class=\"p4\"><strong>9h30 &#8211; Rimas e esquisitices linguageiras<\/strong><\/p>\n<ul>\n<li class=\"p4\"><b>Do mais \u00edntimo do meu \u00edntimo <i>(<\/i><em>Intimior intimo meo<\/em><i>)<br \/>\n<\/i><\/b><em>Carmen Silvia Cervelatti<\/em><\/li>\n<li class=\"p5\"><b>Poemas sem rima: escrita e solid\u00e3o<br \/>\n<\/b><em>Marcela Ulh\u00f4a Borges Magalh\u00e3es<\/em><\/li>\n<\/ul>\n<p class=\"p4\"><strong>11h\u00a0&#8211; Existe solid\u00e3o frente \u00e0 inexist\u00eancia do Outro?<\/strong><\/p>\n<ul>\n<li class=\"p5\"><b>A ironia da inexist\u00eancia do Outro<br \/>\n<\/b><em>Rodrigo Camargo<\/em><\/li>\n<li class=\"p5\"><b>A solid\u00e3o de quem fala: a l\u00edngua \u201camputada\u201d<br \/>\n<\/b><em>Janaina de Paula Costa Ver\u00edssimo<\/em><\/li>\n<\/ul>\n<p class=\"p4\"><strong>12h15 &#8211;\u00a0<em>Flash<\/em><\/strong><\/p>\n<hr \/>\n<h3 class=\"p1\"><span style=\"color: #003366;\">SALA PARAN\u00c1<\/span><\/h3>\n<p class=\"p4\"><b>Coordena\u00e7\u00e3o e Coment\u00e1rios:<\/b><\/p>\n<p class=\"p4\"><em>Heloisa Telles, Niraldo de Oliveira Santos e Paola Salinas<\/em><\/p>\n<p class=\"p4\"><strong>8h &#8211;\u00a0<\/strong><strong>Subjetividade da \u00e9poca: mais solit\u00e1rios, mais solid\u00e3o?<\/strong><\/p>\n<ul>\n<li class=\"p5\"><b>Da solid\u00e3o-sem \u00e0 solid\u00e3o-mais<br \/>\n<\/b><em>Veridiana Marucio<\/em><\/li>\n<li class=\"p5\"><b>Da solid\u00e3o ao isolamento: e uma aposta no encontro com o analista<br \/>\n<\/b><em>Nattasha Magalh\u00e3es Silva<\/em><\/li>\n<\/ul>\n<p class=\"p4\"><strong>9h30 &#8211;\u00a0<\/strong><strong>Amor e solid\u00e3o<\/strong><\/p>\n<ul>\n<li class=\"p5\"><b>Solid\u00e3o e acolhimento do sujeito<br \/>\n<\/b><em>Helena Maria Daquanno Martins Testi<\/em><\/li>\n<li class=\"p5\"><b>\u201c\u00c0 beira desta separa\u00e7\u00e3o angustiante\u201d<br \/>\n<\/b><em>Ruth Gorenberg<\/em><\/li>\n<\/ul>\n<p class=\"p4\"><strong>11h &#8211;\u00a0<\/strong><strong>Err\u00e2ncia, solid\u00e3o e os poetas<\/strong><\/p>\n<ul>\n<li class=\"p5\"><b>O barco embriagado de Rimbaud- solid\u00e3o e err\u00e2ncia do poeta<br \/>\n<\/b><em>Ros\u00e2ngela C. Castro Turim<\/em><\/li>\n<li class=\"p5\"><b>A solid\u00e3o da poeta Plath<br \/>\n<\/b><em>Caroline Cabral Quixabeira<\/em><\/li>\n<\/ul>\n<p class=\"p4\"><strong>12h15 &#8211;\u00a0<em>Flash<\/em><\/strong><\/p>\n<hr \/>\n<h3 class=\"p1\"><span style=\"color: #003366;\">SALA SANTA CATARINA<\/span><\/h3>\n<p class=\"p4\"><b>Coordena\u00e7\u00e3o e Coment\u00e1rios:<\/b><\/p>\n<p class=\"p4\"><em>Maria de Lourdes Mattos, C\u00e1ssia Guardado e Eliane Costa Dias<\/em><\/p>\n<p class=\"p4\"><strong>8h &#8211;\u00a0<\/strong><strong>A fronteira entre solid\u00e3o e isolamento<\/strong><\/p>\n<ul>\n<li class=\"p5\"><span class=\"s1\"><b>A solid\u00e3o dos n\u00fameros primos de Paolo Giordano<\/b><\/span><b><br \/>\n<\/b><em>Rosangela A. dos Santos<\/em><\/li>\n<li class=\"p5\"><b>Solid\u00e3o e autismo<br \/>\n<\/b><em>Paula Catunda<\/em><\/li>\n<\/ul>\n<p class=\"p4\"><strong>9h30 &#8211;\u00a0<\/strong><strong>N\u00e3o sem os objetos<\/strong><\/p>\n<ul>\n<li class=\"p5\"><b>Solid\u00e3o Ph\u00e1rmakon<br \/>\n<\/b><em>Guilherme Pimentel Jord\u00e3o<\/em><\/li>\n<li class=\"p5\"><b>Psican\u00e1lise, sociedade, isolamento e solid\u00e3o<br \/>\n<\/b><em>Leny Magalh\u00e3es Mrech<\/em><\/li>\n<\/ul>\n<p class=\"p4\"><strong>11h &#8211;\u00a0<\/strong><strong>O Um que n\u00e3o faz dois<\/strong><\/p>\n<ul>\n<li class=\"p5\"><b>A solid\u00e3o do Um<br \/>\n<\/b><em>Alberto Murta<\/em><\/li>\n<li class=\"p5\"><b>O que n\u00e3o engana: \u201cAgir \u00e9 arrancar da ang\u00fastia a pr\u00f3pria certeza\u201d<br \/>\n<\/b><em>Laura Mansin de Oliveira Espagnoli<\/em><\/li>\n<\/ul>\n<p class=\"p4\"><strong>12h15 &#8211;\u00a0<em>Flash<\/em><\/strong><\/p>\n<hr \/>\n<h3 class=\"p1\"><span style=\"color: #003366;\">SALA RIO GRANDE<\/span><\/h3>\n<p class=\"p4\"><b>Coordena\u00e7\u00e3o e Coment\u00e1rios:<\/b><\/p>\n<p class=\"p4\"><em>Daniela de Camargo Barros Affonso, Helenice de Castro e Patr\u00edcia Badari<\/em><\/p>\n<p class=\"p4\"><strong>8h &#8211;\u00a0<\/strong><strong>O virtual, o ref\u00fagio, o engodo<\/strong><\/p>\n<ul>\n<li class=\"p5\"><b>Sem Outro. Aus\u00eancia de olhar no mundo virtual e retorno<br \/>\n<\/b><em>Fernando Prota<\/em><\/li>\n<li class=\"p5\"><b>O solit\u00e1rio quer n\u00e3osolid\u00e3o<br \/>\n<\/b><em>Jovita Carneiro de Lima<\/em><\/li>\n<\/ul>\n<p class=\"p4\"><strong>9h30 &#8211;\u00a0<\/strong><strong>Tempos de solid\u00e3o na experi\u00eancia anal\u00edtica<\/strong><\/p>\n<ul>\n<li class=\"p5\"><b>Tempo de solid\u00e3o<br \/>\n<\/b><em>Gustavo Oliveira Menezes<\/em><\/li>\n<li class=\"p5\"><b>Navegar pela solid\u00e3o no percurso de uma an\u00e1lise<br \/>\n<\/b><em>Tatiane da Costa Souza<\/em><\/li>\n<\/ul>\n<p class=\"p4\"><strong>11h &#8211;\u00a0<\/strong><strong>Inven\u00e7\u00f5es diante do isolamento e da segrega\u00e7\u00e3o<\/strong><\/p>\n<ul>\n<li class=\"p5\"><b>A solid\u00e3o de um ato interpretativo em uma institui\u00e7\u00e3o escolar<br \/>\n<\/b><em>Eduardo Vallejos da Rocha<\/em><\/li>\n<li class=\"p5\"><b>Solid\u00e3o fracassada<br \/>\n<\/b><em>Maria Noemi de Araujo<\/em><\/li>\n<\/ul>\n<p class=\"p4\"><strong>12h15 &#8211;\u00a0<\/strong><em><strong>Flash<\/strong><\/em><\/p>\n[\/vc_column_text][\/vc_column][\/vc_row]\n<\/section>","protected":false},"excerpt":{"rendered":"<p>[vc_row][vc_column][eikra-vc-text-title style=&#8221;style2&#8243; title=&#8221;Programa das IX Jornadas da EBP \u2013 Se\u00e7\u00e3o S\u00e3o Paulo&#8221;][\/eikra-vc-text-title][vc_column_text] SEXTA 18\/10 9h30 Credenciamento 10h Abertura Lucila Darrigo (EBP\/AMP) Val\u00e9ria Ferranti (EBP\/AMP) Angelina Harari (AME EBP\/AMP) 10h30 Mulheres desejantes Apresenta: Marie-H\u00e9l\u00e8ne Brousse (AME ECF\/AMP) Coordena: Cynthia de Freitas Farias (EBP\/AMP) 12h Almo\u00e7o 14h Clarice Lispector e a solid\u00e3o radical Apresenta: Jos\u00e9 Miguel Wisnik&hellip;<\/p>\n","protected":false},"author":1,"featured_media":0,"parent":3802,"menu_order":0,"comment_status":"closed","ping_status":"closed","template":"","meta":{"footnotes":""},"class_list":["post-4143","page","type-page","status-publish","hentry","entry","no-media"],"aioseo_notices":[],"_links":{"self":[{"href":"https:\/\/ebp.org.br\/sp\/wp-json\/wp\/v2\/pages\/4143","targetHints":{"allow":["GET"]}}],"collection":[{"href":"https:\/\/ebp.org.br\/sp\/wp-json\/wp\/v2\/pages"}],"about":[{"href":"https:\/\/ebp.org.br\/sp\/wp-json\/wp\/v2\/types\/page"}],"author":[{"embeddable":true,"href":"https:\/\/ebp.org.br\/sp\/wp-json\/wp\/v2\/users\/1"}],"replies":[{"embeddable":true,"href":"https:\/\/ebp.org.br\/sp\/wp-json\/wp\/v2\/comments?post=4143"}],"version-history":[{"count":0,"href":"https:\/\/ebp.org.br\/sp\/wp-json\/wp\/v2\/pages\/4143\/revisions"}],"up":[{"embeddable":true,"href":"https:\/\/ebp.org.br\/sp\/wp-json\/wp\/v2\/pages\/3802"}],"wp:attachment":[{"href":"https:\/\/ebp.org.br\/sp\/wp-json\/wp\/v2\/media?parent=4143"}],"curies":[{"name":"wp","href":"https:\/\/api.w.org\/{rel}","templated":true}]}}