{"id":4141,"date":"2019-10-07T08:34:58","date_gmt":"2019-10-07T11:34:58","guid":{"rendered":"http:\/\/ebp.org.br\/sp\/?page_id=4141"},"modified":"2019-10-07T08:34:58","modified_gmt":"2019-10-07T11:34:58","slug":"boletim-tracos-06","status":"publish","type":"page","link":"https:\/\/ebp.org.br\/sp\/jornadas\/ix-jornadas\/boletim-tracos-ix-jornadas\/boletim-tracos-06\/","title":{"rendered":"Boletim Tra\u00e7os #06"},"content":{"rendered":"<section class=\"wpb-content-wrapper\">[vc_row][vc_column][vc_single_image image=&#8221;4139&#8243; img_size=&#8221;full&#8221; alignment=&#8221;center&#8221;][\/vc_column][\/vc_row][vc_row][vc_column width=&#8221;5\/6&#8243;][vc_column_text]\n<h3><strong><span style=\"color: #003366;\">EDITORIAL<br \/>\n<\/span><\/strong><strong><span style=\"color: #003366;\">Solid\u00f5es<\/span><\/strong><\/h3>\n<h6><span style=\"color: #003366;\">Por Heloisa Prado Rodrigues da Silva Telles<\/span><br \/>\n<span style=\"color: #003366;\">Comiss\u00e3o de Orienta\u00e7\u00e3o das IX Jornadas<\/span><br \/>\n<span style=\"color: #003366;\">EBP\/AMP<\/span><\/h6>\n<p>Se no l\u00e9xico, solid\u00e3o, ou solitude, equivale a abandono, isolamento, desamparo, no campo que nos concerne h\u00e1, notadamente, uma distin\u00e7\u00e3o entre estes termos &#8211; em psican\u00e1lise, trata-se de formalizar aquilo que se engendra a partir de uma pr\u00e1xis. Depois de transcorrido este lapso de tempo \u2013 entre o lan\u00e7amento do tema das nossas Jornadas e a precipita\u00e7\u00e3o de sua realiza\u00e7\u00e3o &#8211; podemos dizer que temos muitas cartas nas m\u00e3os, mas certamente estamos no in\u00edcio da partida![\/vc_column_text][vc_btn title=&#8221;Leia mais&#8221; color=&#8221;blue&#8221; link=&#8221;url:http%3A%2F%2Febp.org.br%2Fsp%2Feditorial-boletim-tracos-no6-solidoes%2F|||&#8221;][\/vc_column][vc_column width=&#8221;1\/6&#8243;][vc_single_image image=&#8221;4110&#8243; add_caption=&#8221;yes&#8221; alignment=&#8221;right&#8221;][\/vc_column][\/vc_row][vc_row][vc_column][vc_separator color=&#8221;blue&#8221; border_width=&#8221;4&#8243;][\/vc_column][\/vc_row][vc_row][vc_column][vc_column_text]\n<h2><span style=\"color: #003366;\">UNS TRA\u00c7OS<\/span><\/h2>\n[\/vc_column_text][\/vc_column][\/vc_row][vc_row][vc_column width=&#8221;5\/6&#8243;][vc_column_text]\n<h3><span style=\"color: #003366;\">\u00d4 Solitude &#8211; Catherine Millot<\/span><\/h3>\n<h6><span style=\"color: #003366;\">Por Veridiana Marucio<\/span><br \/>\n<span style=\"color: #003366;\">EBP\/AMP<\/span><\/h6>\n<p><em>\u201cA felicidade de viver sozinha,<\/em><br \/>\n<em>\u00a0quando a leveza que a acompanha vai at\u00e9 ao apagamento de si<\/em><br \/>\n<em>\u00a0na alegria contemplativa\u201d<\/em><\/p>\n<p>A solid\u00e3o, abordada nesse livro &#8211; que se situa entre um ensaio e um romance &#8211; nos \u00e9 apresentada de uma maneira \u00fanica. N\u00e3o se trata de uma fic\u00e7\u00e3o rom\u00e2ntica, muito menos de uma simples anamnese, mas sim da rela\u00e7\u00e3o da hist\u00f3ria da autora, do que chamamos em psican\u00e1lise de seu pr\u00f3prio caso, imbricada \u00e0 hist\u00f3ria da solid\u00e3o em suas m\u00faltiplas encarna\u00e7\u00f5es.[\/vc_column_text][vc_btn title=&#8221;Leia mais&#8221; color=&#8221;blue&#8221; link=&#8221;url:http%3A%2F%2Febp.org.br%2Fsp%2Fo-solitude-catherine-millot%2F|||&#8221;][\/vc_column][vc_column width=&#8221;1\/6&#8243;][vc_single_image image=&#8221;4111&#8243; add_caption=&#8221;yes&#8221; alignment=&#8221;right&#8221;][\/vc_column][\/vc_row][vc_row][vc_column][vc_separator color=&#8221;blue&#8221;][\/vc_column][\/vc_row][vc_row][vc_column width=&#8221;5\/6&#8243;][vc_column_text]\n<h3><span style=\"color: #003366;\">A solid\u00e3o de um ato<\/span><\/h3>\n<h6><span style=\"color: #003366;\">Por Patricia Badari<\/span><br \/>\n<span style=\"color: #003366;\">EBP\/AMP<\/span><\/h6>\n<p>Era uma vez&#8230; Era uma vez&#8230; Era uma vez&#8230; Durante mil e uma noites. Assim, um reino da lenda persa, saiu de sua maldi\u00e7\u00e3o. Aquela que poderia ter sido mais uma esposa a ser morta ap\u00f3s a noite de n\u00fapcias, toma a palavra e o rei Shariar deixa-se iludir; se encanta com as hist\u00f3rias de Sherazade, essa que toca algo da causa de seu desejo e lhe abre a possibilidade de escolher uma outra sa\u00edda para si e para seu reino.[\/vc_column_text][vc_btn title=&#8221;Leia mais&#8221; color=&#8221;blue&#8221; link=&#8221;url:http%3A%2F%2Febp.org.br%2Fsp%2Fa-solidao-de-um-ato%2F|||&#8221;][\/vc_column][vc_column width=&#8221;1\/6&#8243;][vc_single_image image=&#8221;4112&#8243; add_caption=&#8221;yes&#8221; alignment=&#8221;right&#8221;][\/vc_column][\/vc_row][vc_row][vc_column][vc_separator color=&#8221;blue&#8221;][\/vc_column][\/vc_row][vc_row full_width=&#8221;stretch_row&#8221;][vc_column width=&#8221;5\/6&#8243;][vc_column_text]\n<h3><span style=\"color: #003366;\">O Koan e a solid\u00e3o do Sinthoma<\/span><\/h3>\n<h6><span style=\"color: #003366;\">Por F\u00e1tima Pinheiro<\/span><br \/>\n<span style=\"color: #003366;\">EBP\/AMP<\/span><\/h6>\n<p>A psican\u00e1lise \u00e9 uma pr\u00e1tica que implica um modo inovador de habitar a linguagem. Lacan aponta que a dire\u00e7\u00e3o da cura requer que o analista se oriente rumo \u00e0 poesia, ao situar a interpreta\u00e7\u00e3o como po\u00e9tica, tendo como efeito o despertar. Na aula de 19 de abril de 1977, Lacan diz: \u201cSe voc\u00eas s\u00e3o analistas, ver\u00e3o que \u00e9 o for\u00e7amento por onde um psicanalista pode fazer soar outra coisa que o sentido. O sentido \u00e9 o que ressoa com a ajuda do significante, mas o que ressoa, isso n\u00e3o vai longe, \u00e9 mais frouxo.[\/vc_column_text][vc_btn title=&#8221;Leia mais&#8221; color=&#8221;blue&#8221; link=&#8221;url:http%3A%2F%2Febp.org.br%2Fsp%2Fo-koan-e-a-solidao-do-sinthoma%2F|||&#8221;][\/vc_column][vc_column width=&#8221;1\/6&#8243;][vc_single_image image=&#8221;4113&#8243; add_caption=&#8221;yes&#8221; alignment=&#8221;right&#8221;][\/vc_column][\/vc_row][vc_row][vc_column][vc_separator color=&#8221;blue&#8221;][\/vc_column][\/vc_row][vc_row][vc_column width=&#8221;5\/6&#8243;][vc_column_text]\n<h3><span style=\"color: #003366;\">Do ser \u00e0 solid\u00e3o da exist\u00eancia<\/span><\/h3>\n<h6><span style=\"color: #003366;\">Por S\u00edlvia Sato<\/span><br \/>\n<span style=\"color: #003366;\">EBP\/AMP<\/span><\/h6>\n<p>Uma das perspectivas que a comiss\u00e3o de orienta\u00e7\u00e3o dessas Jornadas prop\u00f4s diz respeito \u00e0 solid\u00e3o referida ao falasser, para quem o efeito da aus\u00eancia do Outro \u00e9 \u201cuma ruptura do saber\u201d e a solid\u00e3o d\u00e1 acesso ao \u201cimposs\u00edvel de intercambiar, comunicar, ao que n\u00e3o se pode falar\u201d.[\/vc_column_text][vc_btn title=&#8221;Leia mais&#8221; color=&#8221;blue&#8221; link=&#8221;url:http%3A%2F%2Febp.org.br%2Fsp%2Fdo-ser-a-solidao-da-existencia%2F|||&#8221;][\/vc_column][vc_column width=&#8221;1\/6&#8243;][vc_single_image image=&#8221;4122&#8243; add_caption=&#8221;yes&#8221; alignment=&#8221;right&#8221;][\/vc_column][\/vc_row][vc_row][vc_column][vc_separator color=&#8221;blue&#8221; border_width=&#8221;4&#8243;][\/vc_column][\/vc_row][vc_row][vc_column][vc_column_text]\n<h2><span style=\"color: #003366;\">LA\u00c7OS EM SAMPA<\/span><\/h2>\n[\/vc_column_text][\/vc_column][\/vc_row][vc_row][vc_column width=&#8221;5\/6&#8243;][vc_column_text]\n<h6><span style=\"color: #003366;\">Por Jovita Carneiro de Lima<\/span><br \/>\n<span style=\"color: #003366;\">Associada ao CLIN-a<\/span><\/h6>\n<p>1. Canaille Bar<br \/>\n2. Mostra \u201cEntrevendo\u201d re\u00fane 150 obras de Cildo Meireles no SESC Pompeia<br \/>\n3. Teatro \u2013 Musical: Dona Ivone Lara \u2013 Um Sorriso Negro[\/vc_column_text][vc_btn title=&#8221;Leia mais&#8221; color=&#8221;blue&#8221; link=&#8221;url:http%3A%2F%2Febp.org.br%2Fsp%2Flacos-em-sampa-5%2F|||&#8221;][\/vc_column][vc_column width=&#8221;1\/6&#8243;][vc_single_image image=&#8221;4140&#8243; add_caption=&#8221;yes&#8221; alignment=&#8221;right&#8221;][\/vc_column][\/vc_row][vc_row][vc_column][vc_separator color=&#8221;blue&#8221;][\/vc_column][\/vc_row][vc_row][vc_column][vc_single_image image=&#8221;4146&#8243; img_size=&#8221;full&#8221; alignment=&#8221;center&#8221; onclick=&#8221;custom_link&#8221; link=&#8221;http:\/\/ebp.org.br\/sp\/jornadas\/ix-jornadas\/programa-ix-jornadas\/&#8221;][\/vc_column][\/vc_row][vc_row][vc_column][vc_separator color=&#8221;blue&#8221;][\/vc_column][\/vc_row][vc_row][vc_column][vc_single_image image=&#8221;3855&#8243; img_size=&#8221;full&#8221; alignment=&#8221;center&#8221;][\/vc_column][\/vc_row][vc_row][vc_column][vc_separator color=&#8221;blue&#8221;][\/vc_column][\/vc_row][vc_row][vc_column][vc_single_image image=&#8221;3905&#8243; img_size=&#8221;full&#8221; alignment=&#8221;center&#8221; onclick=&#8221;custom_link&#8221; link=&#8221;http:\/\/ebp.org.br\/sp\/jornadas\/ix-jornadas\/inscricoes-ix-jornadas\/&#8221;][\/vc_column][\/vc_row][vc_row][vc_column][vc_single_image image=&#8221;3812&#8243; img_size=&#8221;full&#8221; alignment=&#8221;center&#8221; onclick=&#8221;custom_link&#8221;][vc_column_text]\n<h6 style=\"text-align: center;\"><strong><span style=\"color: #003366;\">Comiss\u00e3o de Boletim e Divulga\u00e7\u00e3o:<\/span><\/strong><br \/>\n<span style=\"color: #003366;\">Niraldo de Oliveira Santos (Coordenador), Camila Popadiuk, Cybele Lobo , Eduardo C\u00e9sar Benedicto , Gabriela Malvezzi,<\/span><br \/>\n<span style=\"color: #003366;\">Gustavo Oliveira Menezes, Jo\u00e3o Lucas Zanchi, Jo\u00e3o Paulo Desconci , Jovita Carneiro de Lima, Marcella Pereira de Oliveira,<\/span><br \/>\n<span style=\"color: #003366;\">Maria Marta Ferreira, Ros\u00e2ngela Castro Turim<\/span><\/h6>\n<h6 style=\"text-align: center;\"><span style=\"color: #000080;\">Nova Sede da EBP\/SP &#8211; Rua Teodoro Sampaio, 1020, 16\u00ba andar &#8211; Pinheiros, S\u00e3o Paulo<\/span><\/h6>\n<h6 style=\"text-align: center;\"><span style=\"color: #003366;\">Webdesigner: Bruno Senna<\/span><\/h6>\n[\/vc_column_text][\/vc_column][\/vc_row]\n<\/section>","protected":false},"excerpt":{"rendered":"<p>[vc_row][vc_column][vc_single_image image=&#8221;4139&#8243; img_size=&#8221;full&#8221; alignment=&#8221;center&#8221;][\/vc_column][\/vc_row][vc_row][vc_column width=&#8221;5\/6&#8243;][vc_column_text] EDITORIAL Solid\u00f5es Por Heloisa Prado Rodrigues da Silva Telles Comiss\u00e3o de Orienta\u00e7\u00e3o das IX Jornadas EBP\/AMP Se no l\u00e9xico, solid\u00e3o, ou solitude, equivale a abandono, isolamento, desamparo, no campo que nos concerne h\u00e1, notadamente, uma distin\u00e7\u00e3o entre estes termos &#8211; em psican\u00e1lise, trata-se de formalizar aquilo que se engendra a&hellip;<\/p>\n","protected":false},"author":1,"featured_media":0,"parent":3876,"menu_order":0,"comment_status":"closed","ping_status":"closed","template":"","meta":{"footnotes":""},"class_list":["post-4141","page","type-page","status-publish","hentry","entry","no-media"],"aioseo_notices":[],"_links":{"self":[{"href":"https:\/\/ebp.org.br\/sp\/wp-json\/wp\/v2\/pages\/4141","targetHints":{"allow":["GET"]}}],"collection":[{"href":"https:\/\/ebp.org.br\/sp\/wp-json\/wp\/v2\/pages"}],"about":[{"href":"https:\/\/ebp.org.br\/sp\/wp-json\/wp\/v2\/types\/page"}],"author":[{"embeddable":true,"href":"https:\/\/ebp.org.br\/sp\/wp-json\/wp\/v2\/users\/1"}],"replies":[{"embeddable":true,"href":"https:\/\/ebp.org.br\/sp\/wp-json\/wp\/v2\/comments?post=4141"}],"version-history":[{"count":0,"href":"https:\/\/ebp.org.br\/sp\/wp-json\/wp\/v2\/pages\/4141\/revisions"}],"up":[{"embeddable":true,"href":"https:\/\/ebp.org.br\/sp\/wp-json\/wp\/v2\/pages\/3876"}],"wp:attachment":[{"href":"https:\/\/ebp.org.br\/sp\/wp-json\/wp\/v2\/media?parent=4141"}],"curies":[{"name":"wp","href":"https:\/\/api.w.org\/{rel}","templated":true}]}}