{"id":4053,"date":"2019-09-09T13:58:30","date_gmt":"2019-09-09T16:58:30","guid":{"rendered":"http:\/\/ebp.org.br\/sp\/?page_id=4053"},"modified":"2019-09-09T13:58:30","modified_gmt":"2019-09-09T16:58:30","slug":"boletim-tracos-05","status":"publish","type":"page","link":"https:\/\/ebp.org.br\/sp\/jornadas\/ix-jornadas\/boletim-tracos-ix-jornadas\/boletim-tracos-05\/","title":{"rendered":"Boletim Tra\u00e7os #05"},"content":{"rendered":"<section class=\"wpb-content-wrapper\">[vc_row][vc_column][vc_single_image image=&#8221;4055&#8243; img_size=&#8221;full&#8221; alignment=&#8221;center&#8221;][\/vc_column][\/vc_row][vc_row][vc_column width=&#8221;5\/6&#8243;][vc_column_text]\n<h3><span style=\"color: #000080;\">EDITORIAL<\/span><\/h3>\n<h6><span style=\"color: #000080;\">Por Veridiana Marucio<br \/>\n(EBP\/AMP)<\/span><\/h6>\n<p>Espelho da evolu\u00e7\u00e3o social, a solid\u00e3o \u00e9 um tema universal e uma marca na hist\u00f3ria da humanidade. Idealizada, fantasiada, uma ilus\u00e3o do ser falante, inspirou e ainda inspira in\u00fameros trabalhos liter\u00e1rios e art\u00edsticos, como pudemos acompanhar a elabora\u00e7\u00e3o de nossos colegas nos boletins anteriores rumo \u00e0 IX Jornadas da EBP-SP.<\/p>\n<p>Agora apresento a voc\u00eas o boletim Tra\u00e7os n\u00famero 5! Composto por quatro textos que abordam o tema da Solid\u00e3o de maneira diversa e que se servem tamb\u00e9m da literatura e de temas candentes, esta edi\u00e7\u00e3o nos orienta em dire\u00e7\u00e3o ao nosso encontro j\u00e1 muito esperado![\/vc_column_text][vc_btn title=&#8221;Leia mais&#8221; color=&#8221;blue&#8221; link=&#8221;url:http%3A%2F%2Febp.org.br%2Fsp%2Feditorial-boletim-tracos-05%2F|||&#8221;][\/vc_column][vc_column width=&#8221;1\/6&#8243;][vc_single_image image=&#8221;4056&#8243; add_caption=&#8221;yes&#8221; alignment=&#8221;right&#8221;][\/vc_column][\/vc_row][vc_row][vc_column][vc_separator color=&#8221;blue&#8221; border_width=&#8221;4&#8243;][\/vc_column][\/vc_row][vc_row][vc_column][vc_column_text]\n<h2><span style=\"color: #003366;\">UNS TRA\u00c7OS<\/span><\/h2>\n[\/vc_column_text][\/vc_column][\/vc_row][vc_row][vc_column width=&#8221;5\/6&#8243;][vc_column_text]\n<h3><span style=\"color: #000080;\">Recusa do n\u00e3o-lugar: a constru\u00e7\u00e3o de uma solid\u00e3o fecunda<\/span><\/h3>\n<h6><span style=\"color: #000080;\">Por Bianca Coutinho Dias<br \/>\n(psicanalista e cr\u00edtica de arte)<\/span><\/h6>\n<p>Juliano Garcia Pessanha \u00e9 um escritor \u00e0 margem de qualquer classifica\u00e7\u00e3o, que mistura di\u00e1rios, teoria liter\u00e1ria, filosofia, poesia e todo o embara\u00e7o de uma escrita assombrada. Escreveu livros que s\u00e3o puro desenraizamento, esp\u00e9cie de despertencimento radical, com uma escrita brilhante, feita com o pr\u00f3prio corpo \u00e0 beira do abismo[\/vc_column_text][vc_btn title=&#8221;Leia mais&#8221; color=&#8221;blue&#8221; link=&#8221;url:http%3A%2F%2Febp.org.br%2Fsp%2Frecusa-do-nao-lugar-a-construcao-de-uma-solidao-fecunda%2F|||&#8221;][\/vc_column][vc_column width=&#8221;1\/6&#8243;][vc_single_image image=&#8221;4057&#8243; add_caption=&#8221;yes&#8221; alignment=&#8221;right&#8221;][\/vc_column][\/vc_row][vc_row][vc_column][vc_separator color=&#8221;blue&#8221;][\/vc_column][\/vc_row][vc_row][vc_column width=&#8221;5\/6&#8243;][vc_column_text]\n<h3><span style=\"color: #000080;\">Dona Flor, a solid\u00e3o entre dois<\/span><\/h3>\n<h6><span style=\"color: #000080;\">Por Fernanda Otoni Brisset<br \/>\n(EBP\/AMP)<\/span><\/h6>\n<p>Flor\u00edpedes Vargas fez de \u201cdois mais um\u201d seu sintoma de vida amorosa.<\/p>\n<p>\u00c9 o que ensina o romance, de Jorge Amado, \u201cDona Flor e seus dois maridos\u201d, cuja ousadia est\u00e1 em bem dizer como o tumulto da solid\u00e3o do gozo de uma mulher pode se arranjar com o imposs\u00edvel de um casal, ap\u00f3s dois casamentos.[\/vc_column_text][vc_btn title=&#8221;Leia mais&#8221; color=&#8221;blue&#8221; link=&#8221;url:http%3A%2F%2Febp.org.br%2Fsp%2Fdona-flor-a-solidao-entre-doisi%2F|||&#8221;][\/vc_column][vc_column width=&#8221;1\/6&#8243;][vc_single_image image=&#8221;4058&#8243; add_caption=&#8221;yes&#8221; alignment=&#8221;right&#8221;][\/vc_column][\/vc_row][vc_row][vc_column][vc_separator color=&#8221;blue&#8221;][\/vc_column][\/vc_row][vc_row full_width=&#8221;stretch_row&#8221;][vc_column width=&#8221;5\/6&#8243;][vc_column_text]\n<h3><span style=\"color: #000080;\">A n\u00e3o-solid\u00e3o de Bolsonaro<\/span><\/h3>\n<h6><span style=\"color: #000080;\">Por Ariel Bogochvol<br \/>\n(EBP\/AMP)<\/span><\/h6>\n<p>Em culto evang\u00e9lico realizado em 21 de julho na Igreja Sara Nossa Terra, Jair Bolsonaro, chamado para discursar, disse que n\u00e3o sentia a chamada \u201csolid\u00e3o do poder\u201d, sensa\u00e7\u00e3o descrita por governantes no exerc\u00edcio de suas fun\u00e7\u00f5es. Dirigindo-se \u00e0 plateia de fi\u00e9is afirmou: \u201couvi dos que me antecederam que logo nas primeiras semanas que assumiram o cargo come\u00e7aram sentir a solid\u00e3o no poder\u201d. Diferente dos outros, o exerc\u00edcio do poder n\u00e3o suscitava, em Bolsonaro, solid\u00e3o.[\/vc_column_text][vc_btn title=&#8221;Leia mais&#8221; color=&#8221;blue&#8221; link=&#8221;url:http%3A%2F%2Febp.org.br%2Fsp%2Fa-nao-solidao-de-bolsonaro%2F|||&#8221;][\/vc_column][vc_column width=&#8221;1\/6&#8243;][vc_single_image image=&#8221;4059&#8243; add_caption=&#8221;yes&#8221; alignment=&#8221;right&#8221;][\/vc_column][\/vc_row][vc_row][vc_column][vc_separator color=&#8221;blue&#8221;][\/vc_column][\/vc_row][vc_row][vc_column width=&#8221;5\/6&#8243;][vc_column_text]\n<h3><span style=\"color: #000080;\">O campo da transfer\u00eancia hoje<\/span><\/h3>\n<h6><span style=\"color: #000080;\">Por Maria Helena Barbosa<br \/>\n(EBP\/AMP)<\/span><\/h6>\n<p>No argumento elaborado para as Jornadas da EBP-SP, Daniela Affonso apresentou uma das perspectivas poss\u00edveis do tema na topologia que d\u00e1 conta da constitui\u00e7\u00e3o do sujeito \u2013 \u00c9 tamb\u00e9m da dimens\u00e3o estrutural da solid\u00e3o que se trata na pr\u00f3pria constitui\u00e7\u00e3o do sujeito.<\/p>\n<p>Aliena\u00e7\u00e3o e separa\u00e7\u00e3o s\u00e3o as duas opera\u00e7\u00f5es, em rela\u00e7\u00e3o a dois campos \u2013 do sujeito e do Outro, essencialmente envolvidas na constitui\u00e7\u00e3o subjetiva.[\/vc_column_text][vc_btn title=&#8221;Leia mais&#8221; color=&#8221;blue&#8221; link=&#8221;url:http%3A%2F%2Febp.org.br%2Fsp%2Fo-campo-da-transferencia-hoje%2F|||&#8221;][\/vc_column][vc_column width=&#8221;1\/6&#8243;][vc_single_image image=&#8221;4060&#8243; add_caption=&#8221;yes&#8221; alignment=&#8221;right&#8221;][\/vc_column][\/vc_row][vc_row][vc_column][vc_separator color=&#8221;blue&#8221; border_width=&#8221;4&#8243;][\/vc_column][\/vc_row][vc_row][vc_column][vc_column_text]\n<h2><span style=\"color: #003366;\">LA\u00c7OS EM SAMPA<\/span><\/h2>\n[\/vc_column_text][\/vc_column][\/vc_row][vc_row][vc_column width=&#8221;5\/6&#8243;][vc_column_text]\n<h6><span style=\"color: #000080;\">Por Gustavo Oliveira Menezes<br \/>\n(Associado ao CLIN-a)<\/span><\/h6>\n<p>1. Bar Balc\u00e3o<br \/>\n2. Indica\u00e7\u00e3o de leitura: \u201cO cora\u00e7\u00e3o \u00e9 um ca\u00e7ador solit\u00e1rio\u201d,<\/p>\n<p>de Carson McCullert[\/vc_column_text][vc_btn title=&#8221;Leia mais&#8221; color=&#8221;blue&#8221; link=&#8221;url:http%3A%2F%2Febp.org.br%2Fsp%2Flacos-em-sampa-4%2F|||&#8221;][\/vc_column][vc_column width=&#8221;1\/6&#8243;][vc_single_image image=&#8221;4086&#8243; add_caption=&#8221;yes&#8221; alignment=&#8221;right&#8221;][\/vc_column][\/vc_row][vc_row][vc_column][vc_separator color=&#8221;blue&#8221;][\/vc_column][\/vc_row][vc_row][vc_column][vc_single_image image=&#8221;3855&#8243; img_size=&#8221;full&#8221; alignment=&#8221;center&#8221;][\/vc_column][\/vc_row][vc_row][vc_column][vc_separator color=&#8221;blue&#8221;][\/vc_column][\/vc_row][vc_row][vc_column][vc_single_image image=&#8221;3905&#8243; img_size=&#8221;full&#8221; alignment=&#8221;center&#8221; onclick=&#8221;custom_link&#8221; link=&#8221;http:\/\/ebp.org.br\/sp\/jornadas\/ix-jornadas\/inscricoes-ix-jornadas\/&#8221;][\/vc_column][\/vc_row][vc_row][vc_column][vc_single_image image=&#8221;3812&#8243; img_size=&#8221;full&#8221; alignment=&#8221;center&#8221; onclick=&#8221;custom_link&#8221;][vc_column_text]\n<h6 style=\"text-align: center;\"><strong><span style=\"color: #003366;\">Comiss\u00e3o de Boletim e Divulga\u00e7\u00e3o:<\/span><\/strong><br \/>\n<span style=\"color: #003366;\">Niraldo de Oliveira Santos (Coordenador), Camila Popadiuk, Cybele Lobo , Eduardo C\u00e9sar Benedicto , Gabriela Malvezzi,<\/span><br \/>\n<span style=\"color: #003366;\">Gustavo Oliveira Menezes, Jo\u00e3o Lucas Zanchi, Jo\u00e3o Paulo Desconci , Jovita Carneiro de Lima, Marcella Pereira de Oliveira,<\/span><br \/>\n<span style=\"color: #003366;\">Maria Marta Ferreira, Ros\u00e2ngela Castro Turim<\/span><\/h6>\n<h6 style=\"text-align: center;\"><span style=\"color: #000080;\">Nova Sede da EBP\/SP &#8211; Rua Teodoro Sampaio, 1020, 16\u00ba andar &#8211; Pinheiros, S\u00e3o Paulo<\/span><\/h6>\n<h6 style=\"text-align: center;\"><span style=\"color: #003366;\">Webdesigner: Bruno Senna<\/span><\/h6>\n[\/vc_column_text][\/vc_column][\/vc_row]\n<\/section>","protected":false},"excerpt":{"rendered":"<p>[vc_row][vc_column][vc_single_image image=&#8221;4055&#8243; img_size=&#8221;full&#8221; alignment=&#8221;center&#8221;][\/vc_column][\/vc_row][vc_row][vc_column width=&#8221;5\/6&#8243;][vc_column_text] EDITORIAL Por Veridiana Marucio (EBP\/AMP) Espelho da evolu\u00e7\u00e3o social, a solid\u00e3o \u00e9 um tema universal e uma marca na hist\u00f3ria da humanidade. Idealizada, fantasiada, uma ilus\u00e3o do ser falante, inspirou e ainda inspira in\u00fameros trabalhos liter\u00e1rios e art\u00edsticos, como pudemos acompanhar a elabora\u00e7\u00e3o de nossos colegas nos boletins anteriores rumo&hellip;<\/p>\n","protected":false},"author":1,"featured_media":0,"parent":3876,"menu_order":0,"comment_status":"closed","ping_status":"closed","template":"","meta":{"footnotes":""},"class_list":["post-4053","page","type-page","status-publish","hentry","entry","no-media"],"aioseo_notices":[],"_links":{"self":[{"href":"https:\/\/ebp.org.br\/sp\/wp-json\/wp\/v2\/pages\/4053","targetHints":{"allow":["GET"]}}],"collection":[{"href":"https:\/\/ebp.org.br\/sp\/wp-json\/wp\/v2\/pages"}],"about":[{"href":"https:\/\/ebp.org.br\/sp\/wp-json\/wp\/v2\/types\/page"}],"author":[{"embeddable":true,"href":"https:\/\/ebp.org.br\/sp\/wp-json\/wp\/v2\/users\/1"}],"replies":[{"embeddable":true,"href":"https:\/\/ebp.org.br\/sp\/wp-json\/wp\/v2\/comments?post=4053"}],"version-history":[{"count":0,"href":"https:\/\/ebp.org.br\/sp\/wp-json\/wp\/v2\/pages\/4053\/revisions"}],"up":[{"embeddable":true,"href":"https:\/\/ebp.org.br\/sp\/wp-json\/wp\/v2\/pages\/3876"}],"wp:attachment":[{"href":"https:\/\/ebp.org.br\/sp\/wp-json\/wp\/v2\/media?parent=4053"}],"curies":[{"name":"wp","href":"https:\/\/api.w.org\/{rel}","templated":true}]}}